{"id":9715,"date":"2026-03-21T08:27:51","date_gmt":"2026-03-21T07:27:51","guid":{"rendered":"https:\/\/www.svratka.cz\/?page_id=9715"},"modified":"2026-03-30T11:08:26","modified_gmt":"2026-03-30T09:08:26","slug":"vedeni-mesta","status":"publish","type":"page","link":"https:\/\/www.svratka.cz\/?page_id=9715","title":{"rendered":"Org\u00e1ny m\u011bsta"},"content":{"rendered":"<div class=\"wpb-content-wrapper\"><p>[vc_row][vc_column][vc_tta_tabs][vc_tta_section title=&#8220;Veden\u00ed m\u011bsta&#8220; tab_id=&#8220;1774078162513-17d1bd35-2cc5&#8243;]\n            <div class=\"widget shortcode-widget lsvr_person-list-widget lsvr_person-list-widget--shortcode\"><div class=\"widget__inner\"><h3 class=\"widget__title\">M\u011bsto<\/h3>\n<div class=\"widget__content\">\n\n\t\n\t\t<ul class=\"lsvr_person-list-widget__list\">\n\n    \t\t\n    \t\t\t<li class=\"lsvr_person-list-widget__item\">\n    \t\t\t\t<div class=\"lsvr_person-list-widget__item-inner\">\n\n\t        \t\t\t\n\t        \t\t\t<h4 class=\"lsvr_person-list-widget__item-title\">\n\t        \t\t\t\t<a href=\"https:\/\/www.svratka.cz\/?lsvr_person=xxx\" class=\"lsvr_person-list-widget__item-title-link\">\n\t        \t\t\t\t\tIng. Petr \u0158\u00e1dek\t        \t\t\t\t<\/a>\n\t        \t\t\t<\/h4>\n\n\t        \t\t\t\n\t        \t\t\t\t<p class=\"lsvr_person-list-widget__item-subtitle\">\n\t\t\t\t\t\t\t\tstarosta\t        \t\t\t\t<\/p>\n\n\t        \t\t\t\n\t\t\t\t\t\t\n\t\t\t\t\t<\/div>\n    \t\t\t<\/li>\n\n    \t\t\n    \t\t\t<li class=\"lsvr_person-list-widget__item\">\n    \t\t\t\t<div class=\"lsvr_person-list-widget__item-inner\">\n\n\t        \t\t\t\n\t        \t\t\t<h4 class=\"lsvr_person-list-widget__item-title\">\n\t        \t\t\t\t<a href=\"https:\/\/www.svratka.cz\/?lsvr_person=frantisek-mladek\" class=\"lsvr_person-list-widget__item-title-link\">\n\t        \t\t\t\t\tFranti\u0161ek Ml\u00e1dek\t        \t\t\t\t<\/a>\n\t        \t\t\t<\/h4>\n\n\t        \t\t\t\n\t        \t\t\t\t<p class=\"lsvr_person-list-widget__item-subtitle\">\n\t\t\t\t\t\t\t\tm\u00edstostarosta\t        \t\t\t\t<\/p>\n\n\t        \t\t\t\n\t\t\t\t\t\t\n\t\t\t\t\t<\/div>\n    \t\t\t<\/li>\n\n    \t\t\n    \t\t\t<li class=\"lsvr_person-list-widget__item\">\n    \t\t\t\t<div class=\"lsvr_person-list-widget__item-inner\">\n\n\t        \t\t\t\n\t        \t\t\t<h4 class=\"lsvr_person-list-widget__item-title\">\n\t        \t\t\t\t<a href=\"https:\/\/www.svratka.cz\/?lsvr_person=bc-michaela-sadovska\" class=\"lsvr_person-list-widget__item-title-link\">\n\t        \t\t\t\t\tBc. Michaela S\u00e1dovsk\u00e1\t        \t\t\t\t<\/a>\n\t        \t\t\t<\/h4>\n\n\t        \t\t\t\n\t        \t\t\t\t<p class=\"lsvr_person-list-widget__item-subtitle\">\n\t\t\t\t\t\t\t\tasistentka, mzdov\u00e1 \u00fa\u010detn\u00ed, evidence poplatk\u016f (odpady, hroby, pes)\t        \t\t\t\t<\/p>\n\n\t        \t\t\t\n\t\t\t\t\t\t\n\t\t\t\t\t<\/div>\n    \t\t\t<\/li>\n\n    \t\t\n    \t\t\t<li class=\"lsvr_person-list-widget__item\">\n    \t\t\t\t<div class=\"lsvr_person-list-widget__item-inner\">\n\n\t        \t\t\t\n\t        \t\t\t<h4 class=\"lsvr_person-list-widget__item-title\">\n\t        \t\t\t\t<a href=\"https:\/\/www.svratka.cz\/?lsvr_person=ing-vena-kovarikova\" class=\"lsvr_person-list-widget__item-title-link\">\n\t        \t\t\t\t\tIng. V\u011bna Kova\u0159\u00edkov\u00e1\t        \t\t\t\t<\/a>\n\t        \t\t\t<\/h4>\n\n\t        \t\t\t\n\t        \t\t\t\t<p class=\"lsvr_person-list-widget__item-subtitle\">\n\t\t\t\t\t\t\t\tmatrika, \u00fa\u010detn\u00ed, evidence obyvatel, hl\u00e1\u0161en\u00ed rozhlasem\t        \t\t\t\t<\/p>\n\n\t        \t\t\t\n\t\t\t\t\t\t\n\t\t\t\t\t<\/div>\n    \t\t\t<\/li>\n\n    \t\t\n    \t\t\t<li class=\"lsvr_person-list-widget__item\">\n    \t\t\t\t<div class=\"lsvr_person-list-widget__item-inner\">\n\n\t        \t\t\t\n\t        \t\t\t<h4 class=\"lsvr_person-list-widget__item-title\">\n\t        \t\t\t\t<a href=\"https:\/\/www.svratka.cz\/?lsvr_person=marie-polakova\" class=\"lsvr_person-list-widget__item-title-link\">\n\t        \t\t\t\t\tMarie Pol\u00e1kov\u00e1\t        \t\t\t\t<\/a>\n\t        \t\t\t<\/h4>\n\n\t        \t\t\t\n\t        \t\t\t\t<p class=\"lsvr_person-list-widget__item-subtitle\">\n\t\t\t\t\t\t\t\tDPS, knihovna\t        \t\t\t\t<\/p>\n\n\t        \t\t\t\n\t\t\t\t\t\t\n\t\t\t\t\t<\/div>\n    \t\t\t<\/li>\n\n    \t\t\n    \t\t\t<li class=\"lsvr_person-list-widget__item\">\n    \t\t\t\t<div class=\"lsvr_person-list-widget__item-inner\">\n\n\t        \t\t\t\n\t        \t\t\t<h4 class=\"lsvr_person-list-widget__item-title\">\n\t        \t\t\t\t<a href=\"https:\/\/www.svratka.cz\/?lsvr_person=ing-bohumil-buchta\" class=\"lsvr_person-list-widget__item-title-link\">\n\t        \t\t\t\t\tIng. Bohumil Buchta\t        \t\t\t\t<\/a>\n\t        \t\t\t<\/h4>\n\n\t        \t\t\t\n\t        \t\t\t\t<p class=\"lsvr_person-list-widget__item-subtitle\">\n\t\t\t\t\t\t\t\tlesn\u00ed hospod\u00e1\u0159\t        \t\t\t\t<\/p>\n\n\t        \t\t\t\n\t\t\t\t\t\t\n\t\t\t\t\t<\/div>\n    \t\t\t<\/li>\n\n    \t\t\n\t\t<\/ul>\n\n\t\t\n\t\n<\/div>\n\n<\/div><\/div>\n            [\/vc_tta_section][vc_tta_section title=&#8220;Zastupitelstvo&#8220; tab_id=&#8220;1774078162517-8f9fd25e-cc45&#8243;]\n            <div class=\"widget shortcode-widget lsvr_person-list-widget lsvr_person-list-widget--shortcode\"><div class=\"widget__inner\"><h3 class=\"widget__title\">Zastupitelstvo<\/h3>\n<div class=\"widget__content\">\n\n\t\n\t\t<ul class=\"lsvr_person-list-widget__list\">\n\n    \t\t\n    \t\t\t<li class=\"lsvr_person-list-widget__item\">\n    \t\t\t\t<div class=\"lsvr_person-list-widget__item-inner\">\n\n\t        \t\t\t\n\t        \t\t\t<h4 class=\"lsvr_person-list-widget__item-title\">\n\t        \t\t\t\t<a href=\"https:\/\/www.svratka.cz\/?lsvr_person=xxx\" class=\"lsvr_person-list-widget__item-title-link\">\n\t        \t\t\t\t\tIng. Petr \u0158\u00e1dek\t        \t\t\t\t<\/a>\n\t        \t\t\t<\/h4>\n\n\t        \t\t\t\n\t        \t\t\t\t<p class=\"lsvr_person-list-widget__item-subtitle\">\n\t\t\t\t\t\t\t\tstarosta\t        \t\t\t\t<\/p>\n\n\t        \t\t\t\n\t\t\t\t\t\t\n\t\t\t\t\t<\/div>\n    \t\t\t<\/li>\n\n    \t\t\n    \t\t\t<li class=\"lsvr_person-list-widget__item\">\n    \t\t\t\t<div class=\"lsvr_person-list-widget__item-inner\">\n\n\t        \t\t\t\n\t        \t\t\t<h4 class=\"lsvr_person-list-widget__item-title\">\n\t        \t\t\t\t<a href=\"https:\/\/www.svratka.cz\/?lsvr_person=frantisek-mladek\" class=\"lsvr_person-list-widget__item-title-link\">\n\t        \t\t\t\t\tFranti\u0161ek Ml\u00e1dek\t        \t\t\t\t<\/a>\n\t        \t\t\t<\/h4>\n\n\t        \t\t\t\n\t        \t\t\t\t<p class=\"lsvr_person-list-widget__item-subtitle\">\n\t\t\t\t\t\t\t\tm\u00edstostarosta\t        \t\t\t\t<\/p>\n\n\t        \t\t\t\n\t\t\t\t\t\t\n\t\t\t\t\t<\/div>\n    \t\t\t<\/li>\n\n    \t\t\n    \t\t\t<li class=\"lsvr_person-list-widget__item\">\n    \t\t\t\t<div class=\"lsvr_person-list-widget__item-inner\">\n\n\t        \t\t\t\n\t        \t\t\t<h4 class=\"lsvr_person-list-widget__item-title\">\n\t        \t\t\t\t<a href=\"https:\/\/www.svratka.cz\/?lsvr_person=mgr-pavel-makovsky\" class=\"lsvr_person-list-widget__item-title-link\">\n\t        \t\t\t\t\tMgr. Pavel Makovsk\u00fd\t        \t\t\t\t<\/a>\n\t        \t\t\t<\/h4>\n\n\t        \t\t\t\n\t        \t\t\t\t<p class=\"lsvr_person-list-widget__item-subtitle\">\n\t\t\t\t\t\t\t\t\u010dlen rady\t        \t\t\t\t<\/p>\n\n\t        \t\t\t\n\t\t\t\t\t\t\n\t\t\t\t\t<\/div>\n    \t\t\t<\/li>\n\n    \t\t\n    \t\t\t<li class=\"lsvr_person-list-widget__item\">\n    \t\t\t\t<div class=\"lsvr_person-list-widget__item-inner\">\n\n\t        \t\t\t\n\t        \t\t\t<h4 class=\"lsvr_person-list-widget__item-title\">\n\t        \t\t\t\t<a href=\"https:\/\/www.svratka.cz\/?lsvr_person=zdenek-vojta\" class=\"lsvr_person-list-widget__item-title-link\">\n\t        \t\t\t\t\tZden\u011bk Vojta\t        \t\t\t\t<\/a>\n\t        \t\t\t<\/h4>\n\n\t        \t\t\t\n\t        \t\t\t\t<p class=\"lsvr_person-list-widget__item-subtitle\">\n\t\t\t\t\t\t\t\t\u010dlen rady, p\u0159edseda finan\u010dn\u00edho v\u00fdboru\t        \t\t\t\t<\/p>\n\n\t        \t\t\t\n\t\t\t\t\t\t\n\t\t\t\t\t<\/div>\n    \t\t\t<\/li>\n\n    \t\t\n    \t\t\t<li class=\"lsvr_person-list-widget__item\">\n    \t\t\t\t<div class=\"lsvr_person-list-widget__item-inner\">\n\n\t        \t\t\t\n\t        \t\t\t<h4 class=\"lsvr_person-list-widget__item-title\">\n\t        \t\t\t\t<a href=\"https:\/\/www.svratka.cz\/?lsvr_person=jan-mladek\" class=\"lsvr_person-list-widget__item-title-link\">\n\t        \t\t\t\t\tJan Ml\u00e1dek\t        \t\t\t\t<\/a>\n\t        \t\t\t<\/h4>\n\n\t        \t\t\t\n\t        \t\t\t\t<p class=\"lsvr_person-list-widget__item-subtitle\">\n\t\t\t\t\t\t\t\t\u010dlen rady, p\u0159edseda komise \u017eivotn\u00edho prost\u0159ed\u00ed\t        \t\t\t\t<\/p>\n\n\t        \t\t\t\n\t\t\t\t\t\t\n\t\t\t\t\t<\/div>\n    \t\t\t<\/li>\n\n    \t\t\n    \t\t\t<li class=\"lsvr_person-list-widget__item\">\n    \t\t\t\t<div class=\"lsvr_person-list-widget__item-inner\">\n\n\t        \t\t\t\n\t        \t\t\t<h4 class=\"lsvr_person-list-widget__item-title\">\n\t        \t\t\t\t<a href=\"https:\/\/www.svratka.cz\/?lsvr_person=petr-bures\" class=\"lsvr_person-list-widget__item-title-link\">\n\t        \t\t\t\t\tPetr Bure\u0161\t        \t\t\t\t<\/a>\n\t        \t\t\t<\/h4>\n\n\t        \t\t\t\n\t        \t\t\t\t<p class=\"lsvr_person-list-widget__item-subtitle\">\n\t\t\t\t\t\t\t\tzastupitel\t        \t\t\t\t<\/p>\n\n\t        \t\t\t\n\t\t\t\t\t\t\n\t\t\t\t\t<\/div>\n    \t\t\t<\/li>\n\n    \t\t\n    \t\t\t<li class=\"lsvr_person-list-widget__item\">\n    \t\t\t\t<div class=\"lsvr_person-list-widget__item-inner\">\n\n\t        \t\t\t\n\t        \t\t\t<h4 class=\"lsvr_person-list-widget__item-title\">\n\t        \t\t\t\t<a href=\"https:\/\/www.svratka.cz\/?lsvr_person=vit-ehrenberger\" class=\"lsvr_person-list-widget__item-title-link\">\n\t        \t\t\t\t\tV\u00edt Ehrenberger\t        \t\t\t\t<\/a>\n\t        \t\t\t<\/h4>\n\n\t        \t\t\t\n\t        \t\t\t\t<p class=\"lsvr_person-list-widget__item-subtitle\">\n\t\t\t\t\t\t\t\tzastupitel\t        \t\t\t\t<\/p>\n\n\t        \t\t\t\n\t\t\t\t\t\t\n\t\t\t\t\t<\/div>\n    \t\t\t<\/li>\n\n    \t\t\n    \t\t\t<li class=\"lsvr_person-list-widget__item\">\n    \t\t\t\t<div class=\"lsvr_person-list-widget__item-inner\">\n\n\t        \t\t\t\n\t        \t\t\t<h4 class=\"lsvr_person-list-widget__item-title\">\n\t        \t\t\t\t<a href=\"https:\/\/www.svratka.cz\/?lsvr_person=ing-igor-fiala\" class=\"lsvr_person-list-widget__item-title-link\">\n\t        \t\t\t\t\tIng. Igor Fiala\t        \t\t\t\t<\/a>\n\t        \t\t\t<\/h4>\n\n\t        \t\t\t\n\t        \t\t\t\t<p class=\"lsvr_person-list-widget__item-subtitle\">\n\t\t\t\t\t\t\t\tzastupitel\t        \t\t\t\t<\/p>\n\n\t        \t\t\t\n\t\t\t\t\t\t\n\t\t\t\t\t<\/div>\n    \t\t\t<\/li>\n\n    \t\t\n    \t\t\t<li class=\"lsvr_person-list-widget__item\">\n    \t\t\t\t<div class=\"lsvr_person-list-widget__item-inner\">\n\n\t        \t\t\t\n\t        \t\t\t<h4 class=\"lsvr_person-list-widget__item-title\">\n\t        \t\t\t\t<a href=\"https:\/\/www.svratka.cz\/?lsvr_person=jan-gregor\" class=\"lsvr_person-list-widget__item-title-link\">\n\t        \t\t\t\t\tJan Gregor\t        \t\t\t\t<\/a>\n\t        \t\t\t<\/h4>\n\n\t        \t\t\t\n\t        \t\t\t\t<p class=\"lsvr_person-list-widget__item-subtitle\">\n\t\t\t\t\t\t\t\tzastupitel\t        \t\t\t\t<\/p>\n\n\t        \t\t\t\n\t\t\t\t\t\t\n\t\t\t\t\t<\/div>\n    \t\t\t<\/li>\n\n    \t\t\n    \t\t\t<li class=\"lsvr_person-list-widget__item\">\n    \t\t\t\t<div class=\"lsvr_person-list-widget__item-inner\">\n\n\t        \t\t\t\n\t        \t\t\t<h4 class=\"lsvr_person-list-widget__item-title\">\n\t        \t\t\t\t<a href=\"https:\/\/www.svratka.cz\/?lsvr_person=ludmila-mayerova\" class=\"lsvr_person-list-widget__item-title-link\">\n\t        \t\t\t\t\tLudmila Mayerov\u00e1\t        \t\t\t\t<\/a>\n\t        \t\t\t<\/h4>\n\n\t        \t\t\t\n\t        \t\t\t\t<p class=\"lsvr_person-list-widget__item-subtitle\">\n\t\t\t\t\t\t\t\tzastupitelka, p\u0159edsedkyn\u011b kontroln\u00edho v\u00fdboru\t        \t\t\t\t<\/p>\n\n\t        \t\t\t\n\t\t\t\t\t\t\n\t\t\t\t\t<\/div>\n    \t\t\t<\/li>\n\n    \t\t\n    \t\t\t<li class=\"lsvr_person-list-widget__item\">\n    \t\t\t\t<div class=\"lsvr_person-list-widget__item-inner\">\n\n\t        \t\t\t\n\t        \t\t\t<h4 class=\"lsvr_person-list-widget__item-title\">\n\t        \t\t\t\t<a href=\"https:\/\/www.svratka.cz\/?lsvr_person=ing-michal-moucka\" class=\"lsvr_person-list-widget__item-title-link\">\n\t        \t\t\t\t\tIng. Michal Mou\u010dka\t        \t\t\t\t<\/a>\n\t        \t\t\t<\/h4>\n\n\t        \t\t\t\n\t        \t\t\t\t<p class=\"lsvr_person-list-widget__item-subtitle\">\n\t\t\t\t\t\t\t\tzastupitel\t        \t\t\t\t<\/p>\n\n\t        \t\t\t\n\t\t\t\t\t\t\n\t\t\t\t\t<\/div>\n    \t\t\t<\/li>\n\n    \t\t\n    \t\t\t<li class=\"lsvr_person-list-widget__item\">\n    \t\t\t\t<div class=\"lsvr_person-list-widget__item-inner\">\n\n\t        \t\t\t\n\t        \t\t\t<h4 class=\"lsvr_person-list-widget__item-title\">\n\t        \t\t\t\t<a href=\"https:\/\/www.svratka.cz\/?lsvr_person=mgr-martin-mudroch\" class=\"lsvr_person-list-widget__item-title-link\">\n\t        \t\t\t\t\tMgr. Martin Mudroch\t        \t\t\t\t<\/a>\n\t        \t\t\t<\/h4>\n\n\t        \t\t\t\n\t        \t\t\t\t<p class=\"lsvr_person-list-widget__item-subtitle\">\n\t\t\t\t\t\t\t\tzastupitel, p\u0159edseda kulturn\u00ed komise\t        \t\t\t\t<\/p>\n\n\t        \t\t\t\n\t\t\t\t\t\t\n\t\t\t\t\t<\/div>\n    \t\t\t<\/li>\n\n    \t\t\n    \t\t\t<li class=\"lsvr_person-list-widget__item\">\n    \t\t\t\t<div class=\"lsvr_person-list-widget__item-inner\">\n\n\t        \t\t\t\n\t        \t\t\t<h4 class=\"lsvr_person-list-widget__item-title\">\n\t        \t\t\t\t<a href=\"https:\/\/www.svratka.cz\/?lsvr_person=irena-radkova\" class=\"lsvr_person-list-widget__item-title-link\">\n\t        \t\t\t\t\tIrena \u0158\u00e1dkov\u00e1\t        \t\t\t\t<\/a>\n\t        \t\t\t<\/h4>\n\n\t        \t\t\t\n\t        \t\t\t\t<p class=\"lsvr_person-list-widget__item-subtitle\">\n\t\t\t\t\t\t\t\tzastupitelka\t        \t\t\t\t<\/p>\n\n\t        \t\t\t\n\t\t\t\t\t\t\n\t\t\t\t\t<\/div>\n    \t\t\t<\/li>\n\n    \t\t\n    \t\t\t<li class=\"lsvr_person-list-widget__item\">\n    \t\t\t\t<div class=\"lsvr_person-list-widget__item-inner\">\n\n\t        \t\t\t\n\t        \t\t\t<h4 class=\"lsvr_person-list-widget__item-title\">\n\t        \t\t\t\t<a href=\"https:\/\/www.svratka.cz\/?lsvr_person=blanka-sadovska\" class=\"lsvr_person-list-widget__item-title-link\">\n\t        \t\t\t\t\tBlanka S\u00e1dovsk\u00e1\t        \t\t\t\t<\/a>\n\t        \t\t\t<\/h4>\n\n\t        \t\t\t\n\t        \t\t\t\t<p class=\"lsvr_person-list-widget__item-subtitle\">\n\t\t\t\t\t\t\t\tzastupitelka\t        \t\t\t\t<\/p>\n\n\t        \t\t\t\n\t\t\t\t\t\t\n\t\t\t\t\t<\/div>\n    \t\t\t<\/li>\n\n    \t\t\n    \t\t\t<li class=\"lsvr_person-list-widget__item\">\n    \t\t\t\t<div class=\"lsvr_person-list-widget__item-inner\">\n\n\t        \t\t\t\n\t        \t\t\t<h4 class=\"lsvr_person-list-widget__item-title\">\n\t        \t\t\t\t<a href=\"https:\/\/www.svratka.cz\/?lsvr_person=ing-jan-vitek\" class=\"lsvr_person-list-widget__item-title-link\">\n\t        \t\t\t\t\tIng. Jan V\u00edtek\t        \t\t\t\t<\/a>\n\t        \t\t\t<\/h4>\n\n\t        \t\t\t\n\t        \t\t\t\t<p class=\"lsvr_person-list-widget__item-subtitle\">\n\t\t\t\t\t\t\t\tzastupitel\t        \t\t\t\t<\/p>\n\n\t        \t\t\t\n\t\t\t\t\t\t\n\t\t\t\t\t<\/div>\n    \t\t\t<\/li>\n\n    \t\t\n\t\t<\/ul>\n\n\t\t\n\t\n<\/div>\n\n<\/div><\/div>\n            [\/vc_tta_section][\/vc_tta_tabs][\/vc_column][\/vc_row]\n<\/div>","protected":false},"excerpt":{"rendered":"<p>[vc_row][vc_column][vc_tta_tabs][vc_tta_section title=&#8220;Veden\u00ed m\u011bsta&#8220; tab_id=&#8220;1774078162513-17d1bd35-2cc5&#8243;][\/vc_tta_section][vc_tta_section title=&#8220;Zastupitelstvo&#8220; tab_id=&#8220;1774078162517-8f9fd25e-cc45&#8243;][\/vc_tta_section][\/vc_tta_tabs][\/vc_column][\/vc_row]<\/p>\n","protected":false},"author":1,"featured_media":0,"parent":0,"menu_order":0,"comment_status":"closed","ping_status":"closed","template":"page-templates\/sidebar-right.php","meta":{"footnotes":""},"class_list":["post-9715","page","type-page","status-publish","hentry"],"_links":{"self":[{"href":"https:\/\/www.svratka.cz\/index.php?rest_route=\/wp\/v2\/pages\/9715","targetHints":{"allow":["GET"]}}],"collection":[{"href":"https:\/\/www.svratka.cz\/index.php?rest_route=\/wp\/v2\/pages"}],"about":[{"href":"https:\/\/www.svratka.cz\/index.php?rest_route=\/wp\/v2\/types\/page"}],"author":[{"embeddable":true,"href":"https:\/\/www.svratka.cz\/index.php?rest_route=\/wp\/v2\/users\/1"}],"replies":[{"embeddable":true,"href":"https:\/\/www.svratka.cz\/index.php?rest_route=%2Fwp%2Fv2%2Fcomments&post=9715"}],"version-history":[{"count":4,"href":"https:\/\/www.svratka.cz\/index.php?rest_route=\/wp\/v2\/pages\/9715\/revisions"}],"predecessor-version":[{"id":10098,"href":"https:\/\/www.svratka.cz\/index.php?rest_route=\/wp\/v2\/pages\/9715\/revisions\/10098"}],"wp:attachment":[{"href":"https:\/\/www.svratka.cz\/index.php?rest_route=%2Fwp%2Fv2%2Fmedia&parent=9715"}],"curies":[{"name":"wp","href":"https:\/\/api.w.org\/{rel}","templated":true}]}}