{"id":9163,"date":"2015-05-14T11:49:03","date_gmt":"2015-05-14T15:49:03","guid":{"rendered":"http:\/\/demos.volovar.net\/townpress.wp\/demo\/?page_id=197"},"modified":"2026-03-24T20:28:27","modified_gmt":"2026-03-24T19:28:27","slug":"mestsky-urad-svratka","status":"publish","type":"page","link":"https:\/\/www.svratka.cz\/?page_id=9163","title":{"rendered":"M\u011bstsk\u00fd \u00fa\u0159ad Svratka"},"content":{"rendered":"<div class=\"wpb-content-wrapper\"><p>[vc_row][vc_column width=&#8220;2\/3&#8243;][vc_column_text css=&#8220;&#8220;]\n<h2><strong>M\u011bsto Svratka<\/strong><\/h2>\n<p>Palack\u00e9ho 30,\u00a059202<\/p>\n<ul>\n<li>I\u010cO: 00295531<\/li>\n<li>DI\u010c: CZ00295531<\/li>\n<li>\u010c\u00edslo \u00fa\u010dtu KB 2227751\/0100<\/li>\n<li>ID datov\u00e9 schr\u00e1nky: <span style=\"font-family: 'Calibri','sans-serif'; font-size: 11pt;\">ekhba4k<\/span><\/li>\n<\/ul>\n<p><strong>\u00da\u0159edn\u00ed hodiny:<\/strong><\/p>\n<ul>\n<li>Pond\u011bl\u00ed 8:00 &#8211; 11:30\u00a0 \u00a012:30 &#8211;\u00a015:00<\/li>\n<li>St\u0159eda\u00a0 8:00 &#8211; 11:30\u00a0\u00a0\u00a012:30 &#8211; 16:00<\/li>\n<\/ul>\n<p><strong>Kontakty:<\/strong><\/p>\n<p>Telefon: 566 662 330<\/p>\n<p>E-mail: mesto@svratka.cz<\/p>\n<p>www:\u00a0<a href=\"https:\/\/www.svratka.cz\">https:\/\/www.svratka.cz<\/a><\/p>\n<p>&nbsp;<\/p>\n<p>[\/vc_column_text][\/vc_column][vc_column width=&#8220;1\/3&#8243;]\n            <div class=\"widget shortcode-widget lsvr_person-list-widget lsvr_person-list-widget--shortcode\"><div class=\"widget__inner\">\n<div class=\"widget__content\">\n\n\t\n\t\t<ul class=\"lsvr_person-list-widget__list\">\n\n    \t\t\n    \t\t\t<li class=\"lsvr_person-list-widget__item\">\n    \t\t\t\t<div class=\"lsvr_person-list-widget__item-inner\">\n\n\t        \t\t\t\n\t        \t\t\t<h4 class=\"lsvr_person-list-widget__item-title\">\n\t        \t\t\t\t<a href=\"https:\/\/www.svratka.cz\/?lsvr_person=xxx\" class=\"lsvr_person-list-widget__item-title-link\">\n\t        \t\t\t\t\tIng. Petr \u0158\u00e1dek\t        \t\t\t\t<\/a>\n\t        \t\t\t<\/h4>\n\n\t        \t\t\t\n\t        \t\t\t\t<p class=\"lsvr_person-list-widget__item-subtitle\">\n\t\t\t\t\t\t\t\tstarosta\t        \t\t\t\t<\/p>\n\n\t        \t\t\t\n\t\t\t\t\t\t\n\t\t\t\t\t<\/div>\n    \t\t\t<\/li>\n\n    \t\t\n    \t\t\t<li class=\"lsvr_person-list-widget__item\">\n    \t\t\t\t<div class=\"lsvr_person-list-widget__item-inner\">\n\n\t        \t\t\t\n\t        \t\t\t<h4 class=\"lsvr_person-list-widget__item-title\">\n\t        \t\t\t\t<a href=\"https:\/\/www.svratka.cz\/?lsvr_person=frantisek-mladek\" class=\"lsvr_person-list-widget__item-title-link\">\n\t        \t\t\t\t\tFranti\u0161ek Ml\u00e1dek\t        \t\t\t\t<\/a>\n\t        \t\t\t<\/h4>\n\n\t        \t\t\t\n\t        \t\t\t\t<p class=\"lsvr_person-list-widget__item-subtitle\">\n\t\t\t\t\t\t\t\tm\u00edstostarosta\t        \t\t\t\t<\/p>\n\n\t        \t\t\t\n\t\t\t\t\t\t\n\t\t\t\t\t<\/div>\n    \t\t\t<\/li>\n\n    \t\t\n    \t\t\t<li class=\"lsvr_person-list-widget__item\">\n    \t\t\t\t<div class=\"lsvr_person-list-widget__item-inner\">\n\n\t        \t\t\t\n\t        \t\t\t<h4 class=\"lsvr_person-list-widget__item-title\">\n\t        \t\t\t\t<a href=\"https:\/\/www.svratka.cz\/?lsvr_person=bc-michaela-sadovska\" class=\"lsvr_person-list-widget__item-title-link\">\n\t        \t\t\t\t\tBc. Michaela S\u00e1dovsk\u00e1\t        \t\t\t\t<\/a>\n\t        \t\t\t<\/h4>\n\n\t        \t\t\t\n\t        \t\t\t\t<p class=\"lsvr_person-list-widget__item-subtitle\">\n\t\t\t\t\t\t\t\tasistentka, mzdov\u00e1 \u00fa\u010detn\u00ed, evidence poplatk\u016f (odpady, hroby, pes)\t        \t\t\t\t<\/p>\n\n\t        \t\t\t\n\t\t\t\t\t\t\n\t\t\t\t\t<\/div>\n    \t\t\t<\/li>\n\n    \t\t\n    \t\t\t<li class=\"lsvr_person-list-widget__item\">\n    \t\t\t\t<div class=\"lsvr_person-list-widget__item-inner\">\n\n\t        \t\t\t\n\t        \t\t\t<h4 class=\"lsvr_person-list-widget__item-title\">\n\t        \t\t\t\t<a href=\"https:\/\/www.svratka.cz\/?lsvr_person=ing-vena-kovarikova\" class=\"lsvr_person-list-widget__item-title-link\">\n\t        \t\t\t\t\tIng. V\u011bna Kova\u0159\u00edkov\u00e1\t        \t\t\t\t<\/a>\n\t        \t\t\t<\/h4>\n\n\t        \t\t\t\n\t        \t\t\t\t<p class=\"lsvr_person-list-widget__item-subtitle\">\n\t\t\t\t\t\t\t\tmatrika, \u00fa\u010detn\u00ed, evidence obyvatel, hl\u00e1\u0161en\u00ed rozhlasem\t        \t\t\t\t<\/p>\n\n\t        \t\t\t\n\t\t\t\t\t\t\n\t\t\t\t\t<\/div>\n    \t\t\t<\/li>\n\n    \t\t\n    \t\t\t<li class=\"lsvr_person-list-widget__item\">\n    \t\t\t\t<div class=\"lsvr_person-list-widget__item-inner\">\n\n\t        \t\t\t\n\t        \t\t\t<h4 class=\"lsvr_person-list-widget__item-title\">\n\t        \t\t\t\t<a href=\"https:\/\/www.svratka.cz\/?lsvr_person=marie-polakova\" class=\"lsvr_person-list-widget__item-title-link\">\n\t        \t\t\t\t\tMarie Pol\u00e1kov\u00e1\t        \t\t\t\t<\/a>\n\t        \t\t\t<\/h4>\n\n\t        \t\t\t\n\t        \t\t\t\t<p class=\"lsvr_person-list-widget__item-subtitle\">\n\t\t\t\t\t\t\t\tDPS, knihovna\t        \t\t\t\t<\/p>\n\n\t        \t\t\t\n\t\t\t\t\t\t\n\t\t\t\t\t<\/div>\n    \t\t\t<\/li>\n\n    \t\t\n    \t\t\t<li class=\"lsvr_person-list-widget__item\">\n    \t\t\t\t<div class=\"lsvr_person-list-widget__item-inner\">\n\n\t        \t\t\t\n\t        \t\t\t<h4 class=\"lsvr_person-list-widget__item-title\">\n\t        \t\t\t\t<a href=\"https:\/\/www.svratka.cz\/?lsvr_person=ing-bohumil-buchta\" class=\"lsvr_person-list-widget__item-title-link\">\n\t        \t\t\t\t\tIng. Bohumil Buchta\t        \t\t\t\t<\/a>\n\t        \t\t\t<\/h4>\n\n\t        \t\t\t\n\t        \t\t\t\t<p class=\"lsvr_person-list-widget__item-subtitle\">\n\t\t\t\t\t\t\t\tlesn\u00ed hospod\u00e1\u0159\t        \t\t\t\t<\/p>\n\n\t        \t\t\t\n\t\t\t\t\t\t\n\t\t\t\t\t<\/div>\n    \t\t\t<\/li>\n\n    \t\t\n\t\t<\/ul>\n\n\t\t\n\t\n<\/div>\n\n<\/div><\/div>\n            [vc_goo_maps location=&#8220;Palack\u00e9ho 27, Svratka&#8220; height=&#8220;250&#8243; zoom=&#8220;15&#8243; css=&#8220;&#8220;][\/vc_column][\/vc_row]\n<\/div>","protected":false},"excerpt":{"rendered":"<p>[vc_row][vc_column width=&#8220;2\/3&#8243;][vc_column_text css=&#8220;&#8220;] M\u011bsto Svratka Palack\u00e9ho 30,\u00a059202 I\u010cO: 00295531 DI\u010c: CZ00295531 \u010c\u00edslo \u00fa\u010dtu KB 2227751\/0100 ID datov\u00e9 schr\u00e1nky: ekhba4k \u00da\u0159edn\u00ed hodiny: Pond\u011bl\u00ed 8:00 &#8211; 11:30\u00a0 \u00a012:30 &#8211;\u00a015:00 St\u0159eda\u00a0 8:00 &#8211; 11:30\u00a0\u00a0\u00a012:30 &#8211; 16:00 Kontakty: Telefon: 566 662 330 E-mail: mesto@svratka.cz www:\u00a0https:\/\/www.svratka.cz &nbsp; [\/vc_column_text][\/vc_column][vc_column width=&#8220;1\/3&#8243;][vc_goo_maps location=&#8220;Palack\u00e9ho 27, Svratka&#8220; height=&#8220;250&#8243; zoom=&#8220;15&#8243; css=&#8220;&#8220;][\/vc_column][\/vc_row]<\/p>\n","protected":false},"author":1,"featured_media":0,"parent":0,"menu_order":0,"comment_status":"closed","ping_status":"closed","template":"","meta":{"footnotes":""},"class_list":["post-9163","page","type-page","status-publish","hentry"],"_links":{"self":[{"href":"https:\/\/www.svratka.cz\/index.php?rest_route=\/wp\/v2\/pages\/9163","targetHints":{"allow":["GET"]}}],"collection":[{"href":"https:\/\/www.svratka.cz\/index.php?rest_route=\/wp\/v2\/pages"}],"about":[{"href":"https:\/\/www.svratka.cz\/index.php?rest_route=\/wp\/v2\/types\/page"}],"author":[{"embeddable":true,"href":"https:\/\/www.svratka.cz\/index.php?rest_route=\/wp\/v2\/users\/1"}],"replies":[{"embeddable":true,"href":"https:\/\/www.svratka.cz\/index.php?rest_route=%2Fwp%2Fv2%2Fcomments&post=9163"}],"version-history":[{"count":16,"href":"https:\/\/www.svratka.cz\/index.php?rest_route=\/wp\/v2\/pages\/9163\/revisions"}],"predecessor-version":[{"id":9949,"href":"https:\/\/www.svratka.cz\/index.php?rest_route=\/wp\/v2\/pages\/9163\/revisions\/9949"}],"wp:attachment":[{"href":"https:\/\/www.svratka.cz\/index.php?rest_route=%2Fwp%2Fv2%2Fmedia&parent=9163"}],"curies":[{"name":"wp","href":"https:\/\/api.w.org\/{rel}","templated":true}]}}