{"id":7937,"date":"2025-02-25T17:39:54","date_gmt":"2025-02-25T16:39:54","guid":{"rendered":"https:\/\/www.svratka.cz\/?page_id=7937"},"modified":"2026-03-24T20:29:59","modified_gmt":"2026-03-24T19:29:59","slug":"informace-dle-zakona-106-1999-sb","status":"publish","type":"page","link":"https:\/\/www.svratka.cz\/?page_id=7937","title":{"rendered":"Informace dle z\u00e1kona 106\/1999 Sb."},"content":{"rendered":"<div class=\"wpb-content-wrapper\"><p>[vc_row][vc_column width=&#8220;2\/3&#8243;][vc_column_text css=&#8220;&#8220;]\n<h2>Z\u00e1kon o\u00a0svobodn\u00e9m p\u0159\u00edstupu k\u00a0informac\u00edm<\/h2>\n<p>Svobodn\u00fd p\u0159\u00edstup k\u00a0informac\u00edm poskytovan\u00fdch dle z\u00e1kona 106\/1999 Sb.<\/p>\n<p>Z\u00e1kon \u010d.\u00a0106\/1999\u00a0Sb., o\u00a0svobodn\u00e9m p\u0159\u00edstupu k\u00a0informac\u00edm, stanovuje obci povinnost poskytnout fyzick\u00fdm i\u00a0pr\u00e1vnick\u00fdm osob\u00e1m na\u00a0\u017e\u00e1dost informace vztahuj\u00edc\u00ed se\u00a0k\u00a0jeho p\u016fsobnosti.<br \/>\nInformac\u00ed\u00a0se\u00a0pro\u00a0\u00fa\u010dely tohoto z\u00e1kona rozum\u00ed jak\u00fdkoliv obsah nebo jeho \u010d\u00e1st v\u00a0jak\u00e9koliv podob\u011b, zaznamenan\u00fd na\u00a0jak\u00e9mkoliv nosi\u010di, zejm\u00e9na obsah p\u00edsemn\u00e9ho z\u00e1znamu na\u00a0listin\u011b, z\u00e1znamu ulo\u017een\u00e9ho v\u00a0elektronick\u00e9 podob\u011b nebo z\u00e1znamu zvukov\u00e9ho, obrazov\u00e9ho nebo audiovizu\u00e1ln\u00edho.<br \/>\nPovinnost poskytovat informace\u00a0se\u00a0net\u00fdk\u00e1 dotaz\u016f na\u00a0n\u00e1zory, budouc\u00ed rozhodnut\u00ed a\u00a0vytv\u00e1\u0159en\u00ed nov\u00fdch informac\u00ed.<\/p>\n<p>Kdo a\u00a0za\u00a0jak\u00fdch podm\u00ednek<\/p>\n<p>\u017d\u00e1dat o\u00a0informace m\u016f\u017ee ka\u017ed\u00e1 fyzick\u00e1 i\u00a0pr\u00e1vnick\u00e1 osoba.<br \/>\n\u017d\u00e1dost o\u00a0informaci\u00a0se\u00a0pod\u00e1v\u00e1 povinn\u00e9mu subjektu, v\u00a0jeho\u017e p\u016fsobnosti je dan\u00e1 informace. V\u00a0p\u0159\u00edpad\u011b, \u017ee\u00a0se\u00a0\u017e\u00e1dost dot\u00fdk\u00e1 pr\u00e1v t\u0159et\u00edch osob, budou \u017e\u00e1dost a\u00a0z\u00e1kladn\u00ed \u00fadaje o\u00a0\u017eadateli poskytnuty t\u00e9to osob\u011b k\u00a0mo\u017enosti uplatn\u011bn\u00ed jej\u00edch pr\u00e1v.<\/p>\n<h3>Jak a\u00a0kam se\u00a0obr\u00e1tit<\/h3>\n<p>\u017d\u00e1dost o\u00a0informaci se\u00a0pod\u00e1v\u00e1 \u00fastn\u011b, p\u00edsemn\u011b \u010di prost\u0159ednictv\u00edm s\u00edt\u011b nebo slu\u017eby elektronick\u00fdch komunikac\u00ed p\u0159\u00edslu\u0161n\u00e9mu povinn\u00e9mu subjektu.<\/p>\n<p>Mo\u017en\u00e9 zp\u016fsoby zasl\u00e1n\u00ed \u017e\u00e1dosti<\/p>\n<div>\n<ul>\n<li>\u00a0na adresu \u00fa\u0159adu<\/li>\n<li>\u00a0emailem na adresu \u00fa\u0159adu mesto@svratka.cz<\/li>\n<li>datovou schr\u00e1nkou<\/li>\n<\/ul>\n<\/div>\n<p>&nbsp;<\/p>\n<h3>V\u00fdro\u010dn\u00ed zpr\u00e1vy<\/h3>\n<div>\n<ul>\n<li><a href=\"https:\/\/www.svratka.cz\/wp-content\/uploads\/2025\/03\/vz2024-1.pdf\">V\u00fdro\u010dn\u00ed zpr\u00e1va za rok 2024<\/a><\/li>\n<\/ul>\n<\/div>\n<p>[\/vc_column_text][\/vc_column][vc_column width=&#8220;1\/3&#8243;][vc_goo_maps location=&#8220;Palack\u00e9ho 27, Svratka&#8220; height=&#8220;250&#8243; zoom=&#8220;15&#8243; css=&#8220;&#8220;][\/vc_column][\/vc_row]\n<\/div>","protected":false},"excerpt":{"rendered":"<p>[vc_row][vc_column width=&#8220;2\/3&#8243;][vc_column_text css=&#8220;&#8220;] Z\u00e1kon o\u00a0svobodn\u00e9m p\u0159\u00edstupu k\u00a0informac\u00edm Svobodn\u00fd p\u0159\u00edstup k\u00a0informac\u00edm poskytovan\u00fdch dle z\u00e1kona 106\/1999 Sb. Z\u00e1kon \u010d.\u00a0106\/1999\u00a0Sb., o\u00a0svobodn\u00e9m p\u0159\u00edstupu k\u00a0informac\u00edm, stanovuje obci povinnost poskytnout fyzick\u00fdm i\u00a0pr\u00e1vnick\u00fdm osob\u00e1m na\u00a0\u017e\u00e1dost informace vztahuj\u00edc\u00ed se\u00a0k\u00a0jeho p\u016fsobnosti. Informac\u00ed\u00a0se\u00a0pro\u00a0\u00fa\u010dely tohoto z\u00e1kona rozum\u00ed jak\u00fdkoliv obsah nebo jeho \u010d\u00e1st v\u00a0jak\u00e9koliv podob\u011b, zaznamenan\u00fd na\u00a0jak\u00e9mkoliv nosi\u010di, zejm\u00e9na obsah p\u00edsemn\u00e9ho z\u00e1znamu na\u00a0listin\u011b, z\u00e1znamu ulo\u017een\u00e9ho v\u00a0elektronick\u00e9 podob\u011b [&hellip;]<\/p>\n","protected":false},"author":1,"featured_media":0,"parent":0,"menu_order":0,"comment_status":"closed","ping_status":"closed","template":"","meta":{"footnotes":""},"class_list":["post-7937","page","type-page","status-publish","hentry"],"_links":{"self":[{"href":"https:\/\/www.svratka.cz\/index.php?rest_route=\/wp\/v2\/pages\/7937","targetHints":{"allow":["GET"]}}],"collection":[{"href":"https:\/\/www.svratka.cz\/index.php?rest_route=\/wp\/v2\/pages"}],"about":[{"href":"https:\/\/www.svratka.cz\/index.php?rest_route=\/wp\/v2\/types\/page"}],"author":[{"embeddable":true,"href":"https:\/\/www.svratka.cz\/index.php?rest_route=\/wp\/v2\/users\/1"}],"replies":[{"embeddable":true,"href":"https:\/\/www.svratka.cz\/index.php?rest_route=%2Fwp%2Fv2%2Fcomments&post=7937"}],"version-history":[{"count":2,"href":"https:\/\/www.svratka.cz\/index.php?rest_route=\/wp\/v2\/pages\/7937\/revisions"}],"predecessor-version":[{"id":9955,"href":"https:\/\/www.svratka.cz\/index.php?rest_route=\/wp\/v2\/pages\/7937\/revisions\/9955"}],"wp:attachment":[{"href":"https:\/\/www.svratka.cz\/index.php?rest_route=%2Fwp%2Fv2%2Fmedia&parent=7937"}],"curies":[{"name":"wp","href":"https:\/\/api.w.org\/{rel}","templated":true}]}}