{"id":7372,"date":"2024-07-31T14:29:22","date_gmt":"2024-07-31T13:29:22","guid":{"rendered":"https:\/\/www.svratka.cz\/?page_id=7372"},"modified":"2024-07-31T14:29:22","modified_gmt":"2024-07-31T13:29:22","slug":"naucna-stezka-svratka-jeji-historie-a-priroda","status":"publish","type":"page","link":"https:\/\/www.svratka.cz\/?page_id=7372","title":{"rendered":"Nau\u010dn\u00e1 stezka Svratka, jej\u00ed historie a p\u0159\u00edroda"},"content":{"rendered":"<p>Vhodn\u00e1 pro v\u0161echny, kdo se chce n\u011bco dozv\u011bd\u011bt o historii Svratky, typick\u00fdch zdej\u0161\u00edch \u0159emeslech a p\u0159\u00edrod\u011b.<\/p>\n<section id=\"zakladni\">\n<h2>Informace o nau\u010dn\u00e9 stezce<\/h2>\n<table summary=\"Z\u00e1kladn\u00ed \u00fadaje o nau\u010dn\u00e9 stezce, jako za\u010d\u00e1tek, konec, d\u00e9lka trasy apod.\">\n<tbody>\n<tr>\n<th scope=\"row\">\u00dazemn\u00ed za\u0159azen\u00ed<\/th>\n<td class=\"region\"><a href=\"https:\/\/www.naucne-stezky.cz\/ns\/kraj-vysocina\/\" rel=\"category tag\">Kraj Vyso\u010dina<\/a>,\u00a0<a href=\"https:\/\/www.naucne-stezky.cz\/ns\/kraj-vysocina\/okres-zdar-nad-sazavou\/\" rel=\"category tag\">okres \u017d\u010f\u00e1r nad S\u00e1zavou<\/a><\/td>\n<\/tr>\n<tr>\n<th scope=\"row\">Tematick\u00e9 za\u0159azen\u00ed<\/th>\n<td><a href=\"https:\/\/www.naucne-stezky.cz\/stitky\/chko-zdarske-vrchy\/\" rel=\"tag\">CHKO \u017d\u010f\u00e1rsk\u00e9 vrchy<\/a>,\u00a0<a href=\"https:\/\/www.naucne-stezky.cz\/stitky\/historie\/\" rel=\"tag\">historie a m\u00edstopis<\/a>,\u00a0<a href=\"https:\/\/www.naucne-stezky.cz\/stitky\/naucne-stezky-po-mestskych-pamatkach\/\" rel=\"tag\">m\u011bstsk\u00e9 stezky po pam\u00e1tk\u00e1ch<\/a>,\u00a0<a href=\"https:\/\/www.naucne-stezky.cz\/stitky\/priroda-a-krajina\/\" rel=\"tag\">p\u0159\u00edroda a krajina<\/a><\/td>\n<\/tr>\n<tr>\n<th scope=\"row\">Za\u010d\u00e1tek nau\u010dn\u00e9 stezky<\/th>\n<td>Svratka &#8211; n\u00e1m\u011bst\u00ed 9. kv\u011btna<\/td>\n<\/tr>\n<tr>\n<th scope=\"row\">P\u0159ibli\u017en\u00e9 sou\u0159adnice v\u00fdchoz\u00edho m\u00edsta<\/th>\n<td>49.7117,16.0352<\/td>\n<\/tr>\n<tr>\n<th scope=\"row\">Konec nau\u010dn\u00e9 stezky<\/th>\n<td>tamt\u00e9\u017e (okruh)<\/td>\n<\/tr>\n<tr>\n<th scope=\"row\">D\u00e9lka trasy<\/th>\n<td>3,35 km<\/td>\n<\/tr>\n<tr>\n<th scope=\"row\">N\u00e1ro\u010dnost trasy<\/th>\n<td>lehk\u00e1<\/td>\n<\/tr>\n<tr>\n<th scope=\"row\">Stru\u010dn\u00fd popis trasy<\/th>\n<td>okruh m\u011bstem<\/td>\n<\/tr>\n<tr>\n<th scope=\"row\">Zna\u010den\u00ed trasy<\/th>\n<td>zelen\u00e9 zna\u010den\u00ed<\/td>\n<\/tr>\n<tr>\n<th scope=\"row\">Vhodn\u00e1 doba k n\u00e1v\u0161t\u011bv\u011b<\/th>\n<td>celoro\u010dn\u011b s ohledem na ro\u010dn\u00ed dobu a po\u010das\u00ed<\/td>\n<\/tr>\n<tr>\n<th scope=\"row\">Po\u010det zast\u00e1vek<\/th>\n<td>12<\/td>\n<\/tr>\n<tr>\n<th scope=\"row\">Forma p\u0159ed\u00e1v\u00e1n\u00ed informac\u00ed<\/th>\n<td>informa\u010dn\u00ed panely<\/td>\n<\/tr>\n<tr>\n<th scope=\"row\">Zam\u011b\u0159en\u00ed nau\u010dn\u00e9 stezky<\/th>\n<td>historie, m\u00edstopis, p\u0159\u00edroda<\/td>\n<\/tr>\n<tr>\n<th scope=\"row\">Ti\u0161t\u011bn\u00fd pr\u016fvodce<\/th>\n<td><a href=\"https:\/\/www.korunavysociny.cz\/images\/stories\/Naucne_stezky_Svratka.pdf\">https:\/\/www.korunavysociny.cz\/images\/stories\/Naucne_stezky_Svratka.pdf<\/a><\/td>\n<\/tr>\n<tr>\n<th scope=\"row\">Vznikla<\/th>\n<td>srpen 2023<\/td>\n<\/tr>\n<tr>\n<th scope=\"row\">Tv\u016frce nebo z\u0159izovatel nau\u010dn\u00e9 stezky<\/th>\n<td>M\u011bsto Svratka, Martin Mudroch a kolektiv<\/td>\n<\/tr>\n<\/tbody>\n<\/table>\n<p style=\"text-align: center;\"><strong><u>Svratka, jej\u00ed historie a p\u0159\u00edroda<\/u><\/strong><\/p>\n<p><u>Popis trasy<\/u>: z\u00a0n\u00e1m\u011bst\u00ed 9. kv\u011btna (<strong>zastaven\u00ed \u010d. 1 &#8211; n\u00e1m\u011bst\u00ed 9. kv\u011btna<\/strong>), ulic\u00ed Palack\u00e9ho, za mostem odbo\u010dte do ulice Na N\u00e1b\u0159e\u017e\u00ed (<strong>zastaven\u00ed \u010d. 2 &#8211; Ra\u010dana<\/strong>).<\/p>\n<p>\u00a0\u00a0\u00a0\u00a0 Projd\u011bte touto ulic\u00ed a odbo\u010dte vlevo do ulice \u017di\u017ekovy, kterou projdete a\u017e na jej\u00ed konec a odbo\u010d\u00edte vpravo do ulice Komensk\u00e9ho.<\/p>\n<p>\u00a0\u00a0\u00a0\u00a0\u00a0 Na prvn\u00edm k\u0159\u00ed\u017een\u00ed ulic odbo\u010d\u00edte doleva ke zvonici (<strong>zastaven\u00ed \u010d. 3 &#8211; kostel a zvonice<\/strong>).<\/p>\n<p>\u00a0\u00a0\u00a0\u00a0\u00a0 Od tohoto zastaven\u00ed se vydejte ulic\u00ed Kosteln\u00ed dol\u016f k\u00a0n\u00e1m\u011bst\u00ed N\u00e1rodn\u00edho povst\u00e1n\u00ed (<strong>zastaven\u00ed \u010d. 4 \u2013 n\u00e1m\u011bst\u00ed N\u00e1rodn\u00edho povst\u00e1n\u00ed<\/strong>).<\/p>\n<p>\u00a0\u00a0\u00a0\u00a0\u00a0 Z\u00a0n\u00e1m\u011bst\u00ed pokra\u010dujte ulic\u00ed Partyz\u00e1nskou k are\u00e1lu \u0161koly, d\u00e1le doleva do ulice Dru\u017estevn\u00ed a touto ulic\u00ed doprava ke stadionu. U stadionu se vydejte doleva do ulice Na N\u00e1hon\u011b (<strong>zastaven\u00ed \u010d. 5 \u2013 rychlobruslen\u00ed<\/strong>).<\/p>\n<p>\u00a0\u00a0\u00a0\u00a0\u00a0 V\u00a0polovin\u011b ulice Na N\u00e1hon\u011b odbo\u010dte vpravo k\u00a0\u0159ece Svratce do ulice Hlavn\u00ed, p\u0159es most \u201eSuez\u201c kolem so\u0161ky Mal\u00e9ho Bob\u0161e na Moravskou Svratku (<strong>zastaven\u00ed \u010d. 6 \u2013 Moravsk\u00e1 Svratka<\/strong>).<\/p>\n<p>\u00a0\u00a0\u00a0\u00a0\u00a0 Na k\u0159i\u017eovatce n\u011bkolika ulic se d\u00e1te vlevo do ulice Plevovy a pot\u00e9 op\u011bt vlevo do ulice Na \u00davoze a t\u00edm se op\u011bt vr\u00e1t\u00edte k\u00a0\u0159ece Svratce. Po l\u00e1vce pokra\u010dujte po cest\u011b pro p\u011b\u0161\u00ed (<strong>zastaven\u00ed \u010d. 7 \u2013 \u0159eka Svratka<\/strong>).<\/p>\n<p>\u00a0\u00a0\u00a0\u00a0\u00a0\u00a0 Pot\u00e9 p\u0159ejd\u011bte p\u0159es mostek nad potokem \u0158ivn\u00e1\u010d a parkem u sokolovny k\u00a0budov\u011b muzea (zastaven\u00ed <strong>\u010d. 8 \u2013sokolovna a muzeum<\/strong>).<\/p>\n<p>\u00a0\u00a0\u00a0\u00a0 Od muzea se d\u00e1te op\u011bt sm\u011brem k\u00a0\u0159ece ulic\u00ed U Zbrojnice a u plynov\u00e9 stanice odbo\u010d\u00edte na stezku, vedouc\u00ed k\u00a0\u0159ece Svratce. L\u00e1vku, kterou uvid\u00edte, nebudete p\u0159ekra\u010dovat a d\u00e1te se vlevo od n\u00ed kousek pod\u00e9l \u0159eky a znovu doleva do obnoven\u00e9 nivy \u0159eky Svratky (<strong>zastaven\u00ed \u010d. 9 \u2013 Niva Svratky<\/strong>).<\/p>\n<p>\u00a0\u00a0\u00a0\u00a0 Nivu Svratky projdete po stezk\u00e1ch a d\u0159ev\u011bn\u00e9m chodn\u00edku a na jej\u00edm konci prudce odbo\u010d\u00edte doleva a kolem pumptrackov\u00e9 dr\u00e1hy p\u0159ijdete do ulice Libu\u0161ina (<strong>zastaven\u00ed \u010d. 10 \u2013 klemp\u00ed\u0159stv\u00ed<\/strong>). V\u00a0tomto cel\u00e9m \u00faseku je nutn\u00e1 zv\u00fd\u0161en\u00e1 pozornost a mohou zde b\u00fdt po de\u0161ti zhor\u0161en\u00e9 ter\u00e9nn\u00ed podm\u00ednky.<\/p>\n<p>\u00a0\u00a0\u00a0\u00a0 Od zastaven\u00ed \u010d. 10, p\u0159i vstupu do ulice Libu\u0161iny, se dejte touto ulic\u00ed doleva, sm\u011brem do centra Svratky. Po cca 200 metrech odbo\u010d\u00edte vpravo do ulice Pod\u011bbradovy (<strong>zastaven\u00ed \u010d. 11 \u2013 hrn\u010d\u00ed\u0159stv\u00ed<\/strong>).<\/p>\n<p>\u00a0\u00a0 \u00a0\u00a0\u00a0Projd\u011bte do kopce celou Pod\u011bbradovu ulici a pot\u00e9 pokra\u010duje nau\u010dn\u00e1 stezka vlevo do ulice \u010cs. arm\u00e1dy. Vyd\u00e1te se ulic\u00ed dol\u016f kolem b\u00fdval\u00e9ho hotelu M\u00e1nes a\u017e k\u00a0posledn\u00edmu zastaven\u00ed (<strong>\u010d. 12 \u2013 hotel M\u00e1nes<\/strong>). Odtud je to ji\u017e 100 m do centra m\u011bsta, na n\u00e1m\u011bst\u00ed 9. kv\u011btna, kde tato okru\u017en\u00ed nau\u010dn\u00e1 stezka za\u010dala.<\/p>\n<\/section>\n","protected":false},"excerpt":{"rendered":"<p>Vhodn\u00e1 pro v\u0161echny, kdo se chce n\u011bco dozv\u011bd\u011bt o historii Svratky, typick\u00fdch zdej\u0161\u00edch \u0159emeslech a p\u0159\u00edrod\u011b. Informace o nau\u010dn\u00e9 stezce \u00dazemn\u00ed za\u0159azen\u00ed Kraj Vyso\u010dina,\u00a0okres \u017d\u010f\u00e1r nad S\u00e1zavou Tematick\u00e9 za\u0159azen\u00ed CHKO \u017d\u010f\u00e1rsk\u00e9 vrchy,\u00a0historie a m\u00edstopis,\u00a0m\u011bstsk\u00e9 stezky po pam\u00e1tk\u00e1ch,\u00a0p\u0159\u00edroda a krajina Za\u010d\u00e1tek nau\u010dn\u00e9 stezky Svratka &#8211; n\u00e1m\u011bst\u00ed 9. kv\u011btna P\u0159ibli\u017en\u00e9 sou\u0159adnice v\u00fdchoz\u00edho m\u00edsta 49.7117,16.0352 Konec nau\u010dn\u00e9 stezky [&hellip;]<\/p>\n","protected":false},"author":1,"featured_media":0,"parent":0,"menu_order":0,"comment_status":"closed","ping_status":"closed","template":"","meta":{"footnotes":""},"class_list":["post-7372","page","type-page","status-publish","hentry"],"_links":{"self":[{"href":"https:\/\/www.svratka.cz\/index.php?rest_route=\/wp\/v2\/pages\/7372","targetHints":{"allow":["GET"]}}],"collection":[{"href":"https:\/\/www.svratka.cz\/index.php?rest_route=\/wp\/v2\/pages"}],"about":[{"href":"https:\/\/www.svratka.cz\/index.php?rest_route=\/wp\/v2\/types\/page"}],"author":[{"embeddable":true,"href":"https:\/\/www.svratka.cz\/index.php?rest_route=\/wp\/v2\/users\/1"}],"replies":[{"embeddable":true,"href":"https:\/\/www.svratka.cz\/index.php?rest_route=%2Fwp%2Fv2%2Fcomments&post=7372"}],"version-history":[{"count":0,"href":"https:\/\/www.svratka.cz\/index.php?rest_route=\/wp\/v2\/pages\/7372\/revisions"}],"wp:attachment":[{"href":"https:\/\/www.svratka.cz\/index.php?rest_route=%2Fwp%2Fv2%2Fmedia&parent=7372"}],"curies":[{"name":"wp","href":"https:\/\/api.w.org\/{rel}","templated":true}]}}