{"id":7370,"date":"2024-07-31T14:28:13","date_gmt":"2024-07-31T13:28:13","guid":{"rendered":"https:\/\/www.svratka.cz\/?page_id=7370"},"modified":"2024-07-31T14:28:13","modified_gmt":"2024-07-31T13:28:13","slug":"malirska-stezka-kolem-svratky","status":"publish","type":"page","link":"https:\/\/www.svratka.cz\/?page_id=7370","title":{"rendered":"Mal\u00ed\u0159sk\u00e1 stezka kolem Svratky"},"content":{"rendered":"<p>Svratka a jej\u00ed n\u00e1dhern\u00e9 okol\u00ed je ji\u017e dlouh\u00e1 l\u00e9ta vyhled\u00e1van\u00e9 pro svou kr\u00e1su mal\u00ed\u0159i \u2013 krajin\u00e1\u0159i. Mnoho z\u00a0nich n\u00e1\u0161 kraj sv\u00fdmi d\u00edly proslavilo. Poj\u010fme se vydat po m\u00edstech, kter\u00e1 mal\u00ed\u0159i zachytili ve sv\u00fdch d\u00edlech a uchovali jejich r\u00e1z do dne\u0161n\u00edch \u010das\u016f. Obrazy m\u016f\u017eete porovnat se sou\u010dasn\u00fdm stavem m\u00edsta a posoudit zm\u011bny, kter\u00e9 se zde ud\u00e1ly za uplynul\u00e1 l\u00e9ta od vzniku obrazu.<\/p>\n<section id=\"zakladni\">\n<h2>Informace o nau\u010dn\u00e9 stezce<\/h2>\n<table summary=\"Z\u00e1kladn\u00ed \u00fadaje o nau\u010dn\u00e9 stezce, jako za\u010d\u00e1tek, konec, d\u00e9lka trasy apod.\">\n<tbody>\n<tr>\n<th scope=\"row\">\u00dazemn\u00ed za\u0159azen\u00ed<\/th>\n<td class=\"region\"><a href=\"https:\/\/www.naucne-stezky.cz\/ns\/kraj-vysocina\/\" rel=\"category tag\">Kraj Vyso\u010dina<\/a>,\u00a0<a href=\"https:\/\/www.naucne-stezky.cz\/ns\/kraj-vysocina\/okres-zdar-nad-sazavou\/\" rel=\"category tag\">okres \u017d\u010f\u00e1r nad S\u00e1zavou<\/a><\/td>\n<\/tr>\n<tr>\n<th scope=\"row\">Tematick\u00e9 za\u0159azen\u00ed<\/th>\n<td><a href=\"https:\/\/www.naucne-stezky.cz\/stitky\/chko-zdarske-vrchy\/\" rel=\"tag\">CHKO \u017d\u010f\u00e1rsk\u00e9 vrchy<\/a>,\u00a0<a href=\"https:\/\/www.naucne-stezky.cz\/stitky\/historie\/\" rel=\"tag\">historie a m\u00edstopis<\/a>,\u00a0<a href=\"https:\/\/www.naucne-stezky.cz\/stitky\/malirstvi\/\" rel=\"tag\">mal\u00ed\u0159stv\u00ed<\/a>,\u00a0<a href=\"https:\/\/www.naucne-stezky.cz\/stitky\/vyznamne-osobnosti\/\" rel=\"tag\">v\u00fdznamn\u00e9 osobnosti<\/a><\/td>\n<\/tr>\n<tr>\n<th scope=\"row\">Za\u010d\u00e1tek nau\u010dn\u00e9 stezky<\/th>\n<td>Svratka &#8211; ulice U Zbrojnice, u muzea<\/td>\n<\/tr>\n<tr>\n<th scope=\"row\">P\u0159ibli\u017en\u00e9 sou\u0159adnice v\u00fdchoz\u00edho m\u00edsta<\/th>\n<td>49.7100,16.0352<\/td>\n<\/tr>\n<tr>\n<th scope=\"row\">Konec nau\u010dn\u00e9 stezky<\/th>\n<td>ul. Chochol\u00e1\u010dova<\/td>\n<\/tr>\n<tr>\n<th scope=\"row\">D\u00e9lka trasy<\/th>\n<td>10 km<\/td>\n<\/tr>\n<tr>\n<th scope=\"row\">N\u00e1ro\u010dnost trasy<\/th>\n<td>st\u0159edn\u00ed<\/td>\n<\/tr>\n<tr>\n<th scope=\"row\">Stru\u010dn\u00fd popis trasy<\/th>\n<td>okruh m\u011bstem a jeho jihoz\u00e1padn\u00edm a severov\u00fdchodn\u00edm okol\u00edm<\/td>\n<\/tr>\n<tr>\n<th scope=\"row\">Hlavn\u00ed zaj\u00edmavosti na trase<\/th>\n<td>chr\u00e1n\u011bn\u00e1 krajinn\u00e1 oblast \u017d\u010f\u00e1rsk\u00e9 vrchy<\/td>\n<\/tr>\n<tr>\n<th scope=\"row\">Zna\u010den\u00ed trasy<\/th>\n<td>oran\u017eov\u00e9 zna\u010den\u00ed<\/td>\n<\/tr>\n<tr>\n<th scope=\"row\">Vhodn\u00e1 doba k n\u00e1v\u0161t\u011bv\u011b<\/th>\n<td>celoro\u010dn\u011b s ohledem na ro\u010dn\u00ed dobu a po\u010das\u00ed<\/td>\n<\/tr>\n<tr>\n<th scope=\"row\">Po\u010det zast\u00e1vek<\/th>\n<td>17<\/td>\n<\/tr>\n<tr>\n<th scope=\"row\">Forma p\u0159ed\u00e1v\u00e1n\u00ed informac\u00ed<\/th>\n<td>informa\u010dn\u00ed panely<\/td>\n<\/tr>\n<tr>\n<th scope=\"row\">Zam\u011b\u0159en\u00ed nau\u010dn\u00e9 stezky<\/th>\n<td>mal\u00ed\u0159stv\u00ed, historie, m\u00edstopis<\/td>\n<\/tr>\n<tr>\n<th scope=\"row\">Ti\u0161t\u011bn\u00fd pr\u016fvodce<\/th>\n<td><a href=\"https:\/\/www.korunavysociny.cz\/images\/stories\/Naucne_stezky_Svratka.pdf\">https:\/\/www.korunavysociny.cz\/images\/stories\/Naucne_stezky_Svratka.pdf<\/a><\/td>\n<\/tr>\n<tr>\n<th scope=\"row\">Vznikla<\/th>\n<td>srpen 2023<\/td>\n<\/tr>\n<tr>\n<th scope=\"row\">Tv\u016frce nebo z\u0159izovatel nau\u010dn\u00e9 stezky<\/th>\n<td>M\u011bsto Svratka, Martin Mudroch a kolektiv<\/td>\n<\/tr>\n<\/tbody>\n<\/table>\n<p>Trasa p\u0159ekon\u00e1v\u00e1 v\u011bt\u0161\u00ed p\u0159ev\u00fd\u0161en\u00ed, vede nejen po asfaltov\u00fdch ulic\u00edch m\u011bsta, ale tak\u00e9 po pra\u0161n\u00fdch cest\u00e1ch a travnat\u00fdch p\u011b\u0161in\u00e1ch kolem Svratky. Trasu lze rozd\u011blit na dv\u011b \u010d\u00e1sti, panely na sebe nenavazuj\u00ed.<\/p>\n<p><u>Popis trasy<\/u>:<\/p>\n<p>z\u00a0ulice U Zbrojnice p\u0159ed muzeem (<strong>zastaven\u00ed \u010d. 1 \u2013 \u00favod stezky<\/strong>) se vydejte parkem p\u0159ed sokolovnu (<strong>zastaven\u00ed \u010d. 2 \u2013 Jind\u0159ich Buben\u00ed\u010dek<\/strong>).<\/p>\n<p>\u00a0\u00a0\u00a0 Odtud pokra\u010dujte k mostu, d\u00e1le doleva do ulice Palack\u00e9ho a po 100 metrech odbo\u010dte do ulice Pion\u00fdrsk\u00e9, kterou projd\u011bte a\u017e ke k\u0159\u00ed\u017een\u00ed s ulic\u00ed \u017di\u017ekovou (<strong>zastaven\u00ed \u010d. 3 \u2013 Jind\u0159ich Hlav\u00edn<\/strong>).<\/p>\n<p>\u00a0\u00a0\u00a0\u00a0 Jd\u011bte d\u00e1l ulic\u00ed Pion\u00fdrskou a na dal\u0161\u00ed k\u0159i\u017eovatce se vydejte doleva kolem budovy DPS a knihovny nahoru a\u017e ke k\u0159\u00ed\u017een\u00ed s\u00a0ulic\u00ed Komensk\u00e9ho. K\u0159i\u017eovatku projd\u011bte rovn\u011b ke k\u0159\u00ed\u017een\u00ed ulic u h\u0159bitova (<strong>zastaven\u00ed \u010d. 4 \u2013 Jan Odv\u00e1rka<\/strong>).<\/p>\n<p>\u00a0\u00a0\u00a0\u00a0 Od tohoto zastaven\u00ed pokra\u010dujte 100 metr\u016f ulic\u00ed Kosteln\u00ed ke zvonici (<strong>zastaven\u00ed \u010d. 5 \u2013Rudolf Hanych<\/strong>).<\/p>\n<p>\u00a0\u00a0\u00a0\u00a0 Odtud p\u016fjdete soub\u011b\u017en\u011b s\u00a0nau\u010dnou stezkou \u201eSvratka, jej\u00ed historie a p\u0159\u00edroda\u201c a\u017e na n\u00e1m\u011bst\u00ed N\u00e1rodn\u00edho povst\u00e1n\u00ed (<strong>zastaven\u00ed \u010d. 6 \u2013 Josef Fiala<\/strong>).<\/p>\n<p>\u00a0\u00a0\u00a0\u00a0 Nyn\u00ed se vr\u00e1t\u00edte po n\u00e1m\u011bst\u00ed nahoru sm\u011brem do ulice Kosteln\u00ed, ale hned odbo\u010dte vlevo, do prudk\u00e9ho kopce, do ulice Nad \u0160kolou (<strong>zastaven\u00ed \u010d. 7 \u2013 Fedor Anton\u00edn Krac\u00edk<\/strong>).<\/p>\n<p>\u00a0\u00a0\u00a0\u00a0\u00a0 P\u0159ed \u0159adov\u00fdmi domy se vydejte z\u00a0kopce dol\u016f do ulice Partyz\u00e1nsk\u00e9, kde na prostranstv\u00ed u k\u0159\u00ed\u017eku v\u00e1s \u010dek\u00e1 dal\u0161\u00ed zastaven\u00ed\u00a0 (<strong>\u010d. 8 \u2013 Marta Kova\u0159\u00edkov\u00e1<\/strong>).<\/p>\n<p>\u00a0\u00a0\u00a0\u00a0 Pokra\u010dujte ulic\u00ed Partyz\u00e1nskou, op\u011bt soub\u011b\u017en\u011b s nau\u010dnou stezkou \u201eSvratka, jej\u00ed historie a p\u0159\u00edroda\u201c, kolem \u0161koly do ulice Dru\u017estevn\u00ed a ke stadionu do ulice Na N\u00e1hon\u011b (<strong>zastaven\u00ed \u010d. 9 \u2013 Franti\u0161ek Emler<\/strong>).<\/p>\n<p>\u00a0\u00a0\u00a0\u00a0 Pokra\u010dujte ulic\u00ed d\u00e1l a\u017e k\u00a0odbo\u010dce do ulice Hlavn\u00ed (<strong>zastaven\u00ed \u010d. 10 \u2013 Karel Bal\u00ed\u010dek<\/strong>).<\/p>\n<p>\u00a0\u00a0\u00a0\u00a0 Odtud vede nau\u010dn\u00e1 stezka ulic\u00ed Hlavn\u00ed na Moravskou Svratku, kde na k\u0159i\u017eovatce n\u011bkolika ulic je dal\u0161\u00ed zastaven\u00ed (<strong>\u010d. 11 \u2013Bohuslav Kub\u00edk<\/strong>).<\/p>\n<p>\u00a0\u00a0\u00a0\u00a0 Pot\u00e9 se vydejte vpravo do ulice Rekrea\u010dn\u00ed, kolem rodn\u00e9ho domu spisovatele Josefa V\u011brom\u00edra Plevy (\u010dp. 31), na kraj lesa Bo\u0159ina. Nyn\u00ed v\u00e1s \u010dek\u00e1 k dal\u0161\u00edmu panelu 1,6 km dlouh\u00e1, ale p\u0159\u00edjemn\u00e1 proch\u00e1zka lesem a loukami a\u017e na H\u016fry \u2013 rozpt\u00fdlen\u00e9 skupin\u011b dom\u016f v\u00a0kopc\u00edch nad Svratkou. T\u00e9m\u011b\u0159 na konci H\u016fr na v\u00e1s \u010dek\u00e1 dal\u0161\u00ed zastaven\u00ed (<strong>\u010d. 12 \u2013 Ludv\u00edk P\u0159\u00edhoda<\/strong>).<\/p>\n<p>\u00a0\u00a0\u00a0\u00a0\u00a0 Od tohoto zastaven\u00ed k\u00a0dal\u0161\u00edmu (\u010d. 13) je vzd\u00e1lenost 3,5 km. Pokra\u010dujte po cest\u011b a travnat\u00e9 stezce a\u017e na kraj lesa a kolem lesa pak na Zadn\u00ed H\u016fru, co\u017e je skupina dal\u0161\u00edch t\u0159\u00ed dom\u016f na druh\u00e9 stran\u011b kopce. I v\u00a0tomto \u00faseku je nutn\u00e1 zv\u00fd\u0161en\u00e1 pozornost a mohou zde b\u00fdt po de\u0161ti zhor\u0161en\u00e9 ter\u00e9nn\u00ed podm\u00ednky. Odm\u011bnou v\u00e1m m\u016f\u017ee b\u00fdt kr\u00e1sn\u00fd pohled na Svratku, Svratouch a cel\u00e9 okol\u00ed. Od chalup Zadn\u00edch H\u016fr se vr\u00e1t\u00edte cestou z\u00a0kopce dol\u016f zp\u011bt do m\u011bsta.<\/p>\n<p>\u00a0\u00a0\u00a0\u00a0\u00a0 Projd\u011bte ulic\u00ed Hlavn\u00ed a na k\u0159i\u017eovatce ulic (u zastaven\u00ed \u010d. 11 t\u00e9to stezky) se d\u00e1te vpravo do ulice Plevovy, op\u011bt soub\u011b\u017en\u011b s nau\u010dnou stezkou \u201eSvratka, jej\u00ed historie a p\u0159\u00edroda\u201c, ulic\u00ed Na \u00davoze p\u0159es l\u00e1vku p\u0159es \u0159eku Svratku do parku u sokolovny, kde za\u010d\u00ednala Mal\u00ed\u0159sk\u00e1 stezka.<\/p>\n<p>\u00a0\u00a0\u00a0\u00a0 Odtud budete pokra\u010dovat ulic\u00ed U Zbrojnice, <em>\u00a0do ulice Revolu\u010dn\u00ed a Ohradsk\u00e1 a\u017e do v\u00fdjezdu do Libu\u0161iny ulice.<\/em> Libu\u0161inou ulic\u00ed se vyd\u00e1te vpravo a\u017e do ulice Pl\u00e1\u0148ava, kde zhruba uprost\u0159ed t\u00e9to ulice bude dal\u0161\u00ed zastaven\u00ed (<strong>\u010d. 13 &#8211;\u00a0 Franti\u0161ek Sadovsk\u00fd<\/strong>). Tento jedin\u00fd panel v\u00e1m neuk\u00e1\u017ee stejn\u00e9 m\u00edsto z\u00a0obrazu v\u00a0sou\u010dasnosti, ale obl\u00edben\u00e9 motivy tudy prot\u00e9kaj\u00edc\u00ed \u0159eky Svratky.<\/p>\n<p>\u00a0\u00a0\u00a0\u00a0\u00a0 Pl\u00e1\u0148avami budete pokra\u010dovat d\u00e1l do m\u00edstn\u00ed \u010d\u00e1sti \u010cesk\u00e1 Cik\u00e1nka, kde z\u00a0hlavn\u00ed silnice odbo\u010d\u00edte vlevo, do kopce k\u00a0hotelu Svratka, do ulice Na Vyhl\u00eddce (<strong>zastaven\u00ed \u010d. 14 \u2013 Ota Buben\u00ed\u010dek<\/strong>).<\/p>\n<p>\u00a0\u00a0\u00a0\u00a0\u00a0 Odtud se vydejte d\u00e1l do kopce, kolem hotelu a klubovny Golf klubu po asfaltov\u00e9 a pot\u00e9 kamenit\u00e9 cest\u011b kolem chat a\u017e k\u00a0horn\u00ed \u010d\u00e1sti golfov\u00e9ho h\u0159i\u0161t\u011b. Tam se bude va\u0161e cesta k\u0159\u00ed\u017eit se stezkou ze Svratky k\u00a0loveck\u00e9mu z\u00e1me\u010dku Karl\u0161tejn, zna\u010denou \u010derven\u011b jako turistick\u00e1 trasa (<strong>zastaven\u00ed \u010d. 15 \u2013 Josef Jambor<\/strong>).<\/p>\n<p>\u00a0\u00a0\u00a0\u00a0\u00a0 Cestou, vedouc\u00ed p\u0159es golfov\u00e9 h\u0159i\u0161t\u011b jd\u011bte zp\u011bt do Svratky, za golfov\u00fdm h\u0159i\u0161t\u011bm bude ter\u00e9n prudce klesat. Odtud jsou p\u011bkn\u00e9 v\u00fdhledy jak na Svratku, tak na sousedn\u00ed Svratouch. Kolem b\u00fdval\u00e9ho lomu dojdete ke k\u0159\u00ed\u017ei nad ulic\u00ed \u010cs. arm\u00e1dy (<strong>zastaven\u00ed \u010d. 16 \u2013 Franti\u0161ek Kav\u00e1n<\/strong>).<\/p>\n<p>\u00a0\u00a0\u00a0\u00a0 Od k\u0159\u00ed\u017ee se d\u00e1te pod\u00e9l star\u00e9 \u00favozov\u00e9 cesty zkratkou p\u0159es louku do nov\u00fdch ulic Slunn\u00fd vrch a Chochol\u00e1\u010dova (<strong>zastaven\u00ed \u010d. 17 \u2013 Franti\u0161ek C\u00edna Jel\u00ednek<\/strong>). Tady nau\u010dn\u00e1 stezka kon\u010d\u00ed, m\u016f\u017eete pokra\u010dovat z\u00a0kopce dol\u016f do centra Svratky (500 metr\u016f).<\/p>\n<p style=\"text-align: center;\"><strong><u>Prodlou\u017een\u00ed Mal\u00ed\u0159sk\u00e9 stezky &#8211; C\u00ednova cesta<\/u><\/strong><\/p>\n<p><u>D\u00e9lka \/ \u010das<\/u>: 3.6 km \/ 1-1,5 hodiny<\/p>\n<p><u>V\u00fdchoz\u00ed m\u00edsto<\/u>: Odbo\u010dka do lesa nad klubovnou Golf klubu \u00a0<\/p>\n<p>\u00a0\u00a0\u00a0\u00a0\u00a0\u00a0\u00a0 C\u00ednova cesta, pojmenovan\u00e1 podle mal\u00ed\u0159e Franti\u0161ka C\u00edny Jel\u00ednka, je mnoh\u00fdm zn\u00e1m\u00e1 sv\u00fdmi malovan\u00fdmi kameny. Jejich v\u00fdzdobu u\u017e p\u0159ed mnoha lety provedl ji\u017e zm\u00edn\u011bn\u00fd Franti\u0161ek C\u00edna Jel\u00ednek spolu s\u00a0mal\u00ed\u0159em a a u\u010ditelem svrateck\u00e9 \u0161koly Karlem Bal\u00ed\u010dkem a p\u0159ed 40 lety pro\u0161ly kameny v\u00fdraznou obnovou pro d\u011btsk\u00fd den d\u00edky u\u010ditelk\u00e1m mate\u0159sk\u00e9 \u0161koly. Od t\u00e9 doby n\u011bkter\u00e9 malovan\u00e9 kameny pokryl mech nebo se je n\u011bkdo v\u00edce \u010di m\u00e9n\u011b \u00fasp\u011b\u0161n\u011b sna\u017eil op\u011bt domalov\u00e1vat. V\u00a0roce 2024 bylo 13 kamen\u016f obnoveno partou nad\u0161enc\u016f ze svrateck\u00e9 z\u00e1kladn\u00ed \u0161koly.<\/p>\n<p>\u00a0\u00a0\u00a0\u00a0 C\u00ednova cesta nab\u00edz\u00ed p\u0159\u00edjemnou proch\u00e1zku lesem a\u017e pod Zkamen\u011bl\u00fd z\u00e1mek, kde kon\u010d\u00ed a odtud se pak m\u016f\u017eete vydat k z\u00e1me\u010dku Karl\u0161tejn a zp\u011bt na golfov\u00e9 h\u0159i\u0161t\u011b, kde se op\u011bt napoj\u00edte na Mal\u00ed\u0159skou stezku.<\/p>\n<p>\u00a0\u00a0\u00a0\u00a0 <strong>Na C\u00ednovu cestu se napoj\u00edte z\u00a0Mal\u00ed\u0159sk\u00e9 stezky mezi zastaven\u00edmi \u010d. 14 a 15<\/strong>, kdy odbo\u010d\u00edte nad klubovnou Golf klubu a budete sledovat \u017elutou barvu nau\u010dn\u00e9 stezky. Po cca 200 metrech projdete p\u0159es sjezdovku a zde za\u010d\u00edn\u00e1 zhruba kilometrov\u00fd \u00fasek, lemovan\u00fd malovan\u00fdmi kameny.<\/p>\n<p>\u00a0\u00a0\u00a0\u00a0 Cel\u00e1 C\u00ednova cesta m\u011b\u0159\u00ed 1.8 km, na jej\u00edm konci je rozcest\u00ed, odkud se m\u016f\u017eete d\u00e1t vpravo po modr\u00e9 turistick\u00e9 zna\u010dce na Zkamen\u011bl\u00fd z\u00e1mek ( necel\u00fd 1 kilometr). Na\u0161e cesta pokra\u010duje vlevo po \u017elut\u00e9 nau\u010dn\u00e9 stezce a modr\u00e9 a \u010derven\u00e9 turistick\u00e9 zna\u010dce ke Karl\u0161tejnu, kde je informa\u010dn\u00ed panel o zdej\u0161\u00edm z\u00e1me\u010dku. D\u00e1le p\u016fjdeme po \u017elut\u00e9 nau\u010dn\u00e9 a \u010derven\u00e9 turistick\u00e9 sm\u011brem do Svratky, po 500 metrech je dal\u0161\u00ed informa\u010dn\u00ed panel, tentokr\u00e1t o osad\u011b Karl\u0161tejn. Po sestupu z\u00a0prudk\u00e9ho kopce po dal\u0161\u00edch 500 metrech se napoj\u00edte zp\u011bt na Mal\u00ed\u0159skou stezku u zastaven\u00ed \u010d. 15.<\/p>\n[lsvr_gallery images=&#8220;7394&#8243; items_per_row=&#8220;4&#8243; masonry=&#8220;yes&#8220; click_action=&#8220;lightbox&#8220;]\n<\/section>\n","protected":false},"excerpt":{"rendered":"<p>Svratka a jej\u00ed n\u00e1dhern\u00e9 okol\u00ed je ji\u017e dlouh\u00e1 l\u00e9ta vyhled\u00e1van\u00e9 pro svou kr\u00e1su mal\u00ed\u0159i \u2013 krajin\u00e1\u0159i. Mnoho z\u00a0nich n\u00e1\u0161 kraj sv\u00fdmi d\u00edly proslavilo. Poj\u010fme se vydat po m\u00edstech, kter\u00e1 mal\u00ed\u0159i zachytili ve sv\u00fdch d\u00edlech a uchovali jejich r\u00e1z do dne\u0161n\u00edch \u010das\u016f. Obrazy m\u016f\u017eete porovnat se sou\u010dasn\u00fdm stavem m\u00edsta a posoudit zm\u011bny, kter\u00e9 se zde ud\u00e1ly [&hellip;]<\/p>\n","protected":false},"author":1,"featured_media":0,"parent":0,"menu_order":0,"comment_status":"closed","ping_status":"closed","template":"","meta":{"footnotes":""},"class_list":["post-7370","page","type-page","status-publish","hentry"],"_links":{"self":[{"href":"https:\/\/www.svratka.cz\/index.php?rest_route=\/wp\/v2\/pages\/7370","targetHints":{"allow":["GET"]}}],"collection":[{"href":"https:\/\/www.svratka.cz\/index.php?rest_route=\/wp\/v2\/pages"}],"about":[{"href":"https:\/\/www.svratka.cz\/index.php?rest_route=\/wp\/v2\/types\/page"}],"author":[{"embeddable":true,"href":"https:\/\/www.svratka.cz\/index.php?rest_route=\/wp\/v2\/users\/1"}],"replies":[{"embeddable":true,"href":"https:\/\/www.svratka.cz\/index.php?rest_route=%2Fwp%2Fv2%2Fcomments&post=7370"}],"version-history":[{"count":0,"href":"https:\/\/www.svratka.cz\/index.php?rest_route=\/wp\/v2\/pages\/7370\/revisions"}],"wp:attachment":[{"href":"https:\/\/www.svratka.cz\/index.php?rest_route=%2Fwp%2Fv2%2Fmedia&parent=7370"}],"curies":[{"name":"wp","href":"https:\/\/api.w.org\/{rel}","templated":true}]}}