{"id":7368,"date":"2024-07-31T14:27:26","date_gmt":"2024-07-31T13:27:26","guid":{"rendered":"https:\/\/www.svratka.cz\/?page_id=7368"},"modified":"2026-03-24T20:12:35","modified_gmt":"2026-03-24T19:12:35","slug":"naucne-stezky-ve-svratce","status":"publish","type":"page","link":"https:\/\/www.svratka.cz\/?page_id=7368","title":{"rendered":"Nau\u010dn\u00e9 stezky ve Svratce"},"content":{"rendered":"<div class=\"wpb-content-wrapper\"><p>[vc_row][vc_column][vc_column_text css=&#8220;&#8220;]\n<ul>\n<li id=\"nadpis\">Mal\u00ed\u0159sk\u00e1 stezka kolem Svratky<\/li>\n<li><span style=\"font-size: 16px;\">Nau\u010dn\u00e1 stezka Svratka, jej\u00ed historie a p\u0159\u00edroda<\/span><\/li>\n<\/ul>\n<p><a href=\"https:\/\/www.svratka.cz\/wp-content\/uploads\/2024\/08\/stezka_letak-1.pdf\">stezka_let\u00e1k<\/a> (.pdf)<\/p>\n<p><a href=\"https:\/\/www.svratka.cz\/wp-content\/uploads\/2024\/08\/stezka_letak-str-2-1.pdf\">stezka_let\u00e1k str 2<\/a> (.pdf)[\/vc_column_text][\/vc_column][\/vc_row]\n<\/div>","protected":false},"excerpt":{"rendered":"<p>[vc_row][vc_column][vc_column_text css=&#8220;&#8220;] Mal\u00ed\u0159sk\u00e1 stezka kolem Svratky Nau\u010dn\u00e1 stezka Svratka, jej\u00ed historie a p\u0159\u00edroda stezka_let\u00e1k (.pdf) stezka_let\u00e1k str 2 (.pdf)[\/vc_column_text][\/vc_column][\/vc_row]<\/p>\n","protected":false},"author":1,"featured_media":0,"parent":0,"menu_order":0,"comment_status":"closed","ping_status":"closed","template":"","meta":{"footnotes":""},"class_list":["post-7368","page","type-page","status-publish","hentry"],"_links":{"self":[{"href":"https:\/\/www.svratka.cz\/index.php?rest_route=\/wp\/v2\/pages\/7368","targetHints":{"allow":["GET"]}}],"collection":[{"href":"https:\/\/www.svratka.cz\/index.php?rest_route=\/wp\/v2\/pages"}],"about":[{"href":"https:\/\/www.svratka.cz\/index.php?rest_route=\/wp\/v2\/types\/page"}],"author":[{"embeddable":true,"href":"https:\/\/www.svratka.cz\/index.php?rest_route=\/wp\/v2\/users\/1"}],"replies":[{"embeddable":true,"href":"https:\/\/www.svratka.cz\/index.php?rest_route=%2Fwp%2Fv2%2Fcomments&post=7368"}],"version-history":[{"count":1,"href":"https:\/\/www.svratka.cz\/index.php?rest_route=\/wp\/v2\/pages\/7368\/revisions"}],"predecessor-version":[{"id":9918,"href":"https:\/\/www.svratka.cz\/index.php?rest_route=\/wp\/v2\/pages\/7368\/revisions\/9918"}],"wp:attachment":[{"href":"https:\/\/www.svratka.cz\/index.php?rest_route=%2Fwp%2Fv2%2Fmedia&parent=7368"}],"curies":[{"name":"wp","href":"https:\/\/api.w.org\/{rel}","templated":true}]}}