{"id":5389,"date":"2022-06-30T11:25:33","date_gmt":"2022-06-30T10:25:33","guid":{"rendered":"https:\/\/www.svratka.cz\/?page_id=5389"},"modified":"2022-06-30T11:25:33","modified_gmt":"2022-06-30T10:25:33","slug":"cena-pozemku","status":"publish","type":"page","link":"https:\/\/www.svratka.cz\/?page_id=5389","title":{"rendered":"Cena pozemk\u016f"},"content":{"rendered":"<p><span style=\"text-decoration: underline;\">Ceny, platn\u00e9 od 1.7.2022:<\/span><\/p>\n<p>Pozemky do 200 m2 prod\u00e1v\u00e1 m\u011bsto za \u010d\u00e1stku 150.-K\u010d\/m2.<\/p>\n<p>U pozemk\u016f nad 200 m2\u00a0 bude cena stanovovan\u00e1 individu\u00e1ln\u011b (nap\u0159. znaleck\u00fdm posudkem). Tato cena se net\u00fdk\u00e1 pozemk\u016f, ur\u010den\u00fdch k v\u00fdstavb\u011b.<\/p>\n","protected":false},"excerpt":{"rendered":"<p>Ceny, platn\u00e9 od 1.7.2022: Pozemky do 200 m2 prod\u00e1v\u00e1 m\u011bsto za \u010d\u00e1stku 150.-K\u010d\/m2. U pozemk\u016f nad 200 m2\u00a0 bude cena stanovovan\u00e1 individu\u00e1ln\u011b (nap\u0159. znaleck\u00fdm posudkem). Tato cena se net\u00fdk\u00e1 pozemk\u016f, ur\u010den\u00fdch k v\u00fdstavb\u011b.<\/p>\n","protected":false},"author":2,"featured_media":0,"parent":9163,"menu_order":0,"comment_status":"closed","ping_status":"closed","template":"","meta":{"footnotes":""},"class_list":["post-5389","page","type-page","status-publish","hentry"],"_links":{"self":[{"href":"https:\/\/www.svratka.cz\/index.php?rest_route=\/wp\/v2\/pages\/5389","targetHints":{"allow":["GET"]}}],"collection":[{"href":"https:\/\/www.svratka.cz\/index.php?rest_route=\/wp\/v2\/pages"}],"about":[{"href":"https:\/\/www.svratka.cz\/index.php?rest_route=\/wp\/v2\/types\/page"}],"author":[{"embeddable":true,"href":"https:\/\/www.svratka.cz\/index.php?rest_route=\/wp\/v2\/users\/2"}],"replies":[{"embeddable":true,"href":"https:\/\/www.svratka.cz\/index.php?rest_route=%2Fwp%2Fv2%2Fcomments&post=5389"}],"version-history":[{"count":0,"href":"https:\/\/www.svratka.cz\/index.php?rest_route=\/wp\/v2\/pages\/5389\/revisions"}],"up":[{"embeddable":true,"href":"https:\/\/www.svratka.cz\/index.php?rest_route=\/wp\/v2\/pages\/9163"}],"wp:attachment":[{"href":"https:\/\/www.svratka.cz\/index.php?rest_route=%2Fwp%2Fv2%2Fmedia&parent=5389"}],"curies":[{"name":"wp","href":"https:\/\/api.w.org\/{rel}","templated":true}]}}