{"id":437,"date":"2015-11-10T16:27:38","date_gmt":"2015-11-10T15:27:38","guid":{"rendered":"http:\/\/w2.svratouch.cz\/?page_id=437"},"modified":"2015-11-10T16:27:38","modified_gmt":"2015-11-10T15:27:38","slug":"firmy-v-obci","status":"publish","type":"page","link":"https:\/\/www.svratka.cz\/?page_id=437","title":{"rendered":"Obchodn\u00ed s\u00ed\u0165 a slu\u017eby"},"content":{"rendered":"<p><span style=\"text-decoration: underline;\"><strong>Po\u0161ta Svratka<\/strong><\/span><\/p>\n<p>9. kv\u011btna 250, PS\u010c: 592 02<\/p>\n<p><span style=\"text-decoration: underline;\">otev\u00edrac\u00ed doba: <\/span><\/p>\n<p>po, st: 11-12 \/ 13-18<\/p>\n<p>\u00fat, \u010dt, p\u00e1: 8-12 \/ 13-15<\/p>\n<p><span style=\"text-decoration: underline;\"><strong>\u00daklid dom\u00e1cnosti, rekrea\u010dn\u00edch objekt\u016f a komer\u010dn\u00edch budov<\/strong><\/span><\/p>\n<p>Alena Loubov\u00e1, loubovaalena@seznam.cz, tel.: 728 854 543<\/p>\n<p><strong><a title=\"Potraviny\" name=\"Potraviny\"><\/a><u>Prodejny potravin<\/u><\/strong><\/p>\n<p>COOP Diskont Jednota Hlinsko, samoobsluha, n\u00e1m\u011bst\u00ed N\u00e1rodn\u00edho povst\u00e1n\u00ed 92, ned\u011bln\u00ed prodej<\/p>\n<p>Qanto market, n\u00e1m\u011bst\u00ed 9. kv\u011btna 51, ve v\u0161edn\u00ed dny 6-18, ned\u011bln\u00ed prodej<\/p>\n<p>Potraviny TRUST, Libu\u0161ina 113, samoobsluha, otev\u0159eno denn\u011b 6-20<\/p>\n<p>Minimarket, n\u00e1m\u011bst\u00ed N\u00e1rodn\u00edho povst\u00e1n\u00ed 11, otev\u0159eno denn\u011b do 20.30<\/p>\n<p><strong><a title=\"Ovoce-zelenina\" name=\"Ovoce-zelenina\"><\/a><u>Ovoce-zelenina<\/u><\/strong><\/p>\n<p>ve v\u0161ech potravin\u00e1\u0159sk\u00fdch prodejn\u00e1ch<\/p>\n<p><strong><a title=\"Maso-uzeniny\" name=\"Maso-uzeniny\"><\/a><u>Maso-uzeniny<\/u><\/strong><\/p>\n<p>Maso-uzeniny \u010cesk\u00fd dv\u016fr, Libu\u0161ina 43<\/p>\n<p><strong><a title=\"pekar\" name=\"pekar\"><\/a><u>Peka\u0159stv\u00ed<\/u><\/strong><\/p>\n<p>Pek\u00e1rna Zden\u011bk Klivar, Libu\u0161ina 105<\/p>\n<p>Pek\u00e1rna Borov\u00e1, n\u00e1m. 9. kv\u011btna 47, tel.: 777 764 003<\/p>\n<p><strong><a title=\"cukr\" name=\"cukr\"><\/a><u>Cukr\u00e1rna-cukr\u00e1\u0159sk\u00e9 v\u00fdrobky<\/u><\/strong><\/p>\n<p>Cukr\u00e1rna Na r\u016f\u017eku, Mark\u00e9ta Holick\u00e1, n\u00e1m\u011bst\u00ed 9. kv\u011btna 51 &#8211; cukrov\u00ed, zmrzlina, ob\u010derstven\u00ed<\/p>\n<p>Kav\u00e1rna &#8222;Jako doma&#8220;, n\u00e1m\u011bst\u00ed N\u00e1r.povst. 18<\/p>\n<p>Petra Kub\u00ed\u010dkov\u00e1, Na Kope\u010dku 2 &#8211; pe\u010den\u00ed dort\u016f, cukrov\u00ed<\/p>\n<p><strong><u><a title=\"Vinot\u00e9ka\" name=\"Vinot\u00e9ka\"><\/a>Vinot\u00e9ka<\/u><\/strong><\/p>\n<p>Vinot\u00e9ka a kv\u011btiny Lada Fouskov\u00e1, Palack\u00e9ho 27<\/p>\n<p><strong><a title=\"Lekarna\" name=\"Lekarna\"><\/a><u>L\u00e9k\u00e1rna<\/u><\/strong><\/p>\n<p>L\u00e9k\u00e1rna Svratka s.r.o., Ohradsk\u00e1 184<\/p>\n<p><em>l\u00e9k\u00e1rna je v sobotu uzav\u0159ena<\/em><\/p>\n<p><strong><a title=\"Dom\u00e1c\u00ed pot\u0159eby a elektro\" name=\"Dom\u00e1c\u00ed pot\u0159eby a elektro\"><\/a><u>Dom\u00e1c\u00ed pot\u0159eby a elektro<\/u><\/strong><\/p>\n<p>Vladim\u00edra Bure\u0161ov\u00e1, Libu\u0161ina 112<\/p>\n<p><strong><a title=\"Drogerie \" name=\"Drogerie \"><\/a><u>Drogerie a hra\u010dky<\/u><\/strong><\/p>\n<p>Drogerie TOP, n\u00e1m\u011bst\u00ed 9. kv\u011btna 51, drogerie, barvy-laky<\/p>\n<p><strong><a title=\"tisk\" name=\"tisk\"><\/a><\/strong><b><u><strong>Denn\u00ed tisk, tab\u00e1k<\/strong> <\/u><\/b><\/p>\n<p>Qanto market, n\u00e1m\u011bst\u00ed 9. kv\u011btna 51<\/p>\n<p><strong><a title=\"Obuv\" name=\"Obuv\"><\/a><u>Obuv<\/u><\/strong><\/p>\n<p>Obuv-textil Linda, Libu\u0161ina 32<\/p>\n<p>Minimarket, n\u00e1m\u011bst\u00ed N\u00e1rodn\u00edho povst\u00e1n\u00ed 11, otev\u0159eno denn\u011b do 20.30<\/p>\n<p><strong><a title=\"Textil\" name=\"Textil\"><\/a><u>Textil<\/u><\/strong><\/p>\n<p>Kl\u00e1ra, obchod d\u011btsk\u00fdm zbo\u017e\u00edm do 6 let, Partyz\u00e1nsk\u00e1 7<\/p>\n<p>Textil-obuv Linda, Libu\u0161ina 32<\/p>\n<p>Minimarket, n\u00e1m\u011bst\u00ed N\u00e1rodn\u00edho povst\u00e1n\u00ed 11, otev\u0159eno denn\u011b do 20.30<\/p>\n<p><strong><u><a title=\"secondhand\" name=\"secondhand\"><\/a>Levn\u00fd textil<\/u><\/strong><\/p>\n<p>Levn\u00fd textil, n\u00e1m\u011bst\u00ed N\u00e1rodn\u00edho povst\u00e1n\u00ed 92<\/p>\n<p><strong><a title=\"papirnictvi\" name=\"papirnictvi\"><\/a><u>Chovatelsk\u00e9 pot\u0159eby<\/u><\/strong><\/p>\n<p>Vil\u00e9m Netolick\u00fd &#8211; provozovna: 9. kv\u011btna 267, Svratka, tel. 732\u00a0951\u00a0945, e-mail: vilem.netolicky@seznam.cz<\/p>\n<p><strong><a title=\"zahrada\" name=\"zahrada\"><\/a><u>Zahradnick\u00e9 pot\u0159eby, kv\u011btiny <\/u><\/strong><\/p>\n<p>Vinot\u00e9ka a kv\u011btiny Lada Fouskov\u00e1, Palack\u00e9ho 27<\/p>\n<p>Zahr\u00e1dk\u00e1\u0159sk\u00e9 pot\u0159eby, Vladim\u00edra Bure\u0161ov\u00e1, Libu\u0161ina 112<\/p>\n<p><strong><a title=\"Stavebniny\" name=\"Stavebniny\"><\/a><u>Stavebniny<\/u><\/strong><\/p>\n<p>Stavebniny Izomat , Partyz\u00e1nsk\u00e1 354,<\/p>\n<p>Richter+Frenzel, Partyz\u00e1nsk\u00e1 354, <a href=\"https:\/\/www.r-f.cz\/svratka\" target=\"_blank\" rel=\"noopener\">www.r-f.cz\/svratka<\/a> , prodej instala\u010dn\u00edch materi\u00e1l\u016f, v\u011bc\u00ed pro topen\u00ed, rozvody vody,\u00a0\u00a0sanit\u00e1rn\u00ed technika<\/p>\n<p><strong><a title=\"Kosmetika \" name=\"Kosmetika \"><\/a><u>Kosmetika a podobn\u00e9 slu\u017eby<\/u><\/strong><\/p>\n<p>Kosmetika Blanka S\u00e1dovsk\u00e1, Palack\u00e9ho 103<\/p>\n<p>Kosmetika Zdenka Gregorov\u00e1 a Nela Gregorov\u00e1, Moravsk\u00e1 22 &#8211; kosmetika, p\u00e9\u010de o ple\u0165, pedik\u00fara, manik\u00fara<\/p>\n<p>Pohoda, mas\u00e9rsk\u00e9 slu\u017eby u Kr\u00e1l\u016f, n\u00e1m\u011bst\u00ed N\u00e1rodn\u00edho povst\u00e1n\u00ed 83, tel. 566 522 560, 734 428 331, 732 362 094, <a href=\"mailto:pohoda.masaze@seznam.cz\">pohoda.masaze@seznam.cz<\/a><\/p>\n<p><strong><u><a title=\"Zabezpe\u010dovac\u00ed a kamerov\u00e9 syst\u00e9my\" name=\"Zabezpe\u010dovac\u00ed a kamerov\u00e9 syst\u00e9my\"><\/a><\/u><\/strong><strong><u>Kamerov\u00e9 syst\u00e9my, alarmy JABLOTRON, kompletn\u00ed slaboproud\u00e9 instalace <\/u><\/strong><\/p>\n<p>MIPO alarms s.r.o. &#8211; Bc.Miroslav Pol\u00e1k, \u010cSA 316, alarmy a automatizace JABLOTRON, kamerov\u00e9 dohledov\u00e9 syst\u00e9my se z\u00e1znamem, kompletn\u00ed slaboproud\u00e9 instalace Va\u0161ich staveb, servis a poradenstv\u00ed, <a href=\"mailto:info@mpolak.cz\">info@mpolak.cz<\/a>, <a href=\"https:\/\/www.mpolak.cz\">www.mpolak.cz<\/a>, tel. 731\u00a0199\u00a0190<\/p>\n<p><strong><u><a title=\"optik\" name=\"optik\"><\/a>Optik<\/u><\/strong><\/p>\n<p>Optika Dagmar Nevolov\u00e1, Libu\u0161ina 42<\/p>\n<p><strong><u><a title=\"holic\" name=\"holic\"><\/a>Kade\u0159nictv\u00ed, holi\u010dstv\u00ed<\/u><\/strong><\/p>\n<p>Kade\u0159nictv\u00ed Gabriela \u0158\u00e1dkov\u00e1, Palack\u00e9ho 54<\/p>\n<p>Kade\u0159nictv\u00ed Bodl\u00e1kov\u00e1-Ma\u0161tal\u00ed\u0159sk\u00e1, Libu\u0161ina 173, tel. 731 086 920<\/p>\n<p><strong><a title=\"post\" name=\"post\"><\/a><u>Po\u0161ta, pen\u011b\u017en\u00ed slu\u017eby<\/u><\/strong><\/p>\n<p>\u010cesk\u00e1 po\u0161ta, 9. kv\u011btna 250-po\u0161ta a Po\u0161tovn\u00ed spo\u0159itelna<\/p>\n<p><a title=\"benzin\" name=\"benzin\"><\/a><b><u>Benzinov\u00e9 pumpy<\/u><\/b><\/p>\n<p>EuroOil, Partyz\u00e1nsk\u00e1 ul., denn\u011b 6-19 hodin<\/p>\n<p><a title=\"Autoopravna\" name=\"Autoopravna\"><\/a><strong><u>Autoopravna a autolakovna<\/u><\/strong><\/p>\n<p>Autoopravna Pavel Barto\u0161, are\u00e1l Technick\u00fdch slu\u017eeb Svratka (b\u00fdv. \u010cSAD), Dopravn\u00ed 38<\/p>\n<p>Autolakovna Sobotka, U Koupali\u0161t\u011b 434, tel. 721184071, <a href=\"https:\/\/www.autolakovnasobotka.cz\">www.autolakovnasobotka.cz<\/a><\/p>\n<p>Autoopravna Odv\u00e1rka, Pion\u00fdrsk\u00e1 67<\/p>\n<p>Autoopravna BB Trans\u00a0 Libu\u0161ina 10, servis n\u00e1kladn\u00edch vozidel<\/p>\n<p><a title=\"Sklenar\" name=\"Sklenar\"><\/a><strong><u>Sklen\u00e1\u0159stv\u00ed a r\u00e1mov\u00e1n\u00ed<\/u><\/strong><\/p>\n<p>Ji\u0159\u00ed Kor\u00e1b a Josef Chmel\u00edk\u00a0, \u010cSA 264, sklen\u00e1\u0159stv\u00ed a r\u00e1mov\u00e1n\u00ed<\/p>\n<p>B+B.Kul\u00edkovi, Na \u00davoze II\/3, sklen\u00e1\u0159stv\u00ed a r\u00e1mov\u00e1n\u00ed, <a href=\"https:\/\/www.ramy-kulikovi.cz\/\" target=\"_blank\" rel=\"noopener\">www.ramy-kulikovi.cz<\/a><\/p>\n<p><a title=\"Reklama\" name=\"Reklama\"><\/a><strong><u>Reklamn\u00ed agentura<\/u><\/strong><\/p>\n<p>IDEA Grafik, Iva Hauptmanov\u00e1, Palack\u00e9ho 30 (budova M\u011b\u00da v prostor\u00e1ch infocentra), tel. 724 996 735, <a href=\"mailto:idea-grafik@seznam.cz\">idea-grafik@seznam.cz<\/a><\/p>\n<p>Naja Scent s.r.o., s\u00eddlo firmy-Libu\u0161ina 43<\/p>\n<p><a title=\"ck\" name=\"ck\"><\/a><strong><u>Cestovn\u00ed kancel\u00e1\u0159<\/u><\/strong><\/p>\n<p>Cestovn\u00ed agentura Sv\u00edt\u00e1n\u00ed, Hana S\u00e1dovsk\u00e1, Libu\u0161ina 156, tel. 605 459 764,<\/p>\n<p>CK Velma, Jan Vel\u00edk, Komensk\u00e9ho 367, <a href=\"https:\/\/www.velma.cz\/\" target=\"_blank\" rel=\"noopener\">www.velma.cz<\/a><\/p>\n<p><a title=\"galerie\" name=\"galerie\"><\/a><strong><u>Galerie obraz\u016f<\/u><\/strong><\/p>\n<p>Galerie Albert, Libu\u0161ina 45<\/p>\n<p>Obrazy Milo\u0161 Novotn\u00fd,\u00a0Palack\u00e9ho 31\u00a0, <a href=\"https:\/\/www.novotnyart.com\/\" target=\"_blank\" rel=\"noopener\">https:\/\/www.novotnyart.com<\/a><\/p>\n<p><strong><u>Realitn\u00ed makl\u00e9\u0159<\/u><\/strong><\/p>\n<p>Petra Modr\u00e1\u010dkov\u00e1, Reality Jebav\u00e1 s.r.o. Tel.: 773 228 374,<\/p>\n<p><a title=\"kovani\" name=\"kovani\"><\/a><strong><u>Velkoobchod kov\u00e1n\u00ed<\/u><\/strong><\/p>\n<p>KNK CZ, 9. kv\u011btna 126, <a href=\"https:\/\/www.knk.cz\/\" target=\"_blank\" rel=\"noopener\">www.knk.cz <\/a><\/p>\n<p><a title=\"nabytek\" name=\"nabytek\"><\/a><strong><u>V\u00fdroba n\u00e1bytku<\/u><\/strong><\/p>\n<p>CZ Lipa, Libu\u0161ina 201, <a href=\"http:\/\/www.czlipa.cz\/\" target=\"_blank\" rel=\"noopener\">www.czlipa.cz<\/a><\/p>\n<p>Truhl\u00e1\u0159stv\u00ed Jan Pe\u0161ek, Partyz\u00e1nsk\u00e1 305, <a href=\"https:\/\/tpesek.cz\">https:\/\/tpesek.cz<\/a>;\u00a0<a href=\"mailto:nabytekpeskova@seznam.cz\">nabytekpeskova@seznam.cz<\/a><\/p>\n<p><a title=\"drevo\" name=\"drevo\"><\/a><strong><u>D\u0159evov\u00fdroba<\/u><\/strong><\/p>\n<p>Delta Svratka s.r.o., Partyz\u00e1nsk\u00e1 411, v\u00fdroba zahradn\u00edch domk\u016f a chatek, <a href=\"https:\/\/www.deltasvratka.cz\/\" target=\"_blank\" rel=\"noopener\">www.deltasvratka.cz <\/a><\/p>\n<p>Truhl\u00e1\u0159stv\u00ed Ehrenberger, Partyz\u00e1nsk\u00e1 333, v\u00fdroba sportovn\u00edho n\u00e1\u0159ad\u00ed<\/p>\n<p>Swerd Miroslav Ku\u010dera, Partyz\u00e1nsk\u00e1 14, v\u00fdroba hokejov\u00fdch hol\u00ed, <a href=\"http:\/\/www.swerd.cz\/\" target=\"_blank\" rel=\"noopener\">www.swerd.cz<\/a><\/p>\n<p>Tohos Svratka, Cikaneck\u00e1 III\/18, v\u00fdroba hokejov\u00fdch hol\u00ed<\/p>\n<p><a title=\"kovo\" name=\"kovo\"><\/a><strong><u>Kovov\u00fdroba a pr\u00e1ce s kovem<\/u><\/strong><\/p>\n<p>Mars Svratka a.s., Libu\u0161ina 194, <a href=\"https:\/\/www.mars-svratka.cz\/\" target=\"_blank\" rel=\"noopener\">www.mars-svratka.cz <\/a><\/p>\n<p>Kovo HB s.r.o., Nad \u0160kolou 302, <a href=\"https:\/\/www.kovohb.cz\/\" target=\"_blank\" rel=\"noopener\">www.kovohb.cz<\/a><\/p>\n<p>Imont Press, U Koupali\u0161t\u011b 355, <a href=\"https:\/\/www.imontpress.cz\/\" target=\"_blank\" rel=\"noopener\"><span class=\"a\">www.<b>imont<\/b><b>press<\/b>.cz<\/span><\/a><\/p>\n<p>WF Metal, s.r.o., U Koupali\u0161t\u011b 447, <a href=\"https:\/\/www.wfmetal.cz\/\">www.wfmetal.cz<\/a> &#8211; Va\u0161e \u017eelezn\u00e1 opora pro 5G s\u00edt\u011b!,<\/p>\n<p><a href=\"https:\/\/www.prihradovystozar.cz\/\">www.prihradovystozar.cz<\/a>\u00a0\u00a0 <a href=\"https:\/\/www.drzakanteny.cz\/\">www.drzakanteny.cz<\/a><\/p>\n<p>Kov\u00e1\u0159, Petr Netolick\u00fd, Libu\u0161ina 167, <a href=\"https:\/\/www.kuldakovar.estranky.cz\/\" target=\"_blank\" rel=\"noopener\">https:\/\/www.kuldakovar.estranky.cz\/<\/a><\/p>\n<p>Kov\u00e1\u0159, V\u00e1clav Pe\u0161l, Pl\u00e1\u0148ava 111<\/p>\n<p><a title=\"formicky\" name=\"formicky\"><\/a><strong><u>V\u00fdroba formi\u010dek a vykrajova\u010dek<\/u><\/strong><\/p>\n<p>V\u00e1clav Smol\u00edk, Kosteln\u00ed 135 (provozovna Svratouch), v\u00fdroba vykrajova\u010dek, <a href=\"http:\/\/www.vykrajovacky-smolik.cz\/\" target=\"_blank\" rel=\"noopener\">www.vykrajovacky-smolik.cz<\/a><\/p>\n<p>Kovo HB s.r.o., Nad \u0160kolou 302, v\u00fdroba formi\u010dek, <a href=\"https:\/\/www.kovohb.cz\/\" target=\"_blank\" rel=\"noopener\">www.kovohb.cz<\/a><\/p>\n<p><a title=\"topeni\" name=\"topeni\"><\/a><strong><u>Topen\u00e1\u0159sk\u00e9 a instalat\u00e9rsk\u00e9 pr\u00e1ce<\/u><\/strong><\/p>\n<p>Ji\u0159\u00ed Mudroch,\u00a0 T\u00e1borsk\u00e1 515, <a href=\"https:\/\/www.mudrochinstalace.cz\/\" target=\"_self\" rel=\"noopener\">https:\/\/www.mudrochinstalace.cz\/<\/a><\/p>\n<p>Karel Kvintus, Pion\u00fdrsk\u00e1 433<\/p>\n<p>Jarom\u00edr Kaval\u00edr, Nad \u0160kolou 451<\/p>\n<p>Sauto s.r.o., T\u00e1borsk\u00e1 241, <a href=\"https:\/\/www.sauto.info\/\" target=\"_blank\" rel=\"noopener\">https:\/\/www.sauto.info<\/a><\/p>\n<p><a title=\"elektromotory\" name=\"elektromotory\"><\/a><strong><u>Servis elektromotor\u016f<\/u><\/strong><\/p>\n<p>Miroslav Hlavsa-p\u0159ev\u00edjen\u00ed elektromotor\u016f, T\u00e1borsk\u00e1 160<\/p>\n<p><u><a title=\"pracky\" name=\"pracky\"><\/a>Servis pra\u010dek<\/u><\/p>\n<p>Jarom\u00edr Popilka, Pion\u00fdrsk\u00e1 362<\/p>\n<p><a title=\"stavebni\" name=\"stavebni\"><\/a><strong><u>Stavebn\u00ed firmy<\/u><\/strong><\/p>\n<p>Stavebn\u00ed firma Kub\u00ed\u010dek, Na Kope\u010dku IV\/2, <a href=\"https:\/\/www.stavbykubicek.cz\/\" target=\"_blank\" rel=\"noopener\">www.stavbykubicek.cz<\/a><\/p>\n<p><a title=\"zprostredkovatel\" name=\"zprostredkovatel\"><\/a><strong><u>\u0160it\u00ed od\u011bv\u016f<br \/>\n<\/u><\/strong><\/p>\n<p>Hana Bur\u00fd\u0161kov\u00e1-HB-\u0160it\u00ed, Komensk\u00e9ho 367, tel. 775 206 500, e-mail: hanaburyskovaa@email.cz<\/p>\n<p><strong><u><a title=\"Geodetick\u00e9 pr\u00e1ce\" name=\"Geodetick\u00e9 pr\u00e1ce\"><\/a>Geodetick\u00e9 pr\u00e1ce<\/u><\/strong><\/p>\n<p>ing.Igor Fiala-geodetick\u00e9 pr\u00e1ce(zam\u011b\u0159ov\u00e1n\u00ed novostaveb,rozd\u011blen\u00ed pozemk\u016f,vyty\u010den\u00ed vlastnick\u00fdch hranic,polohopisn\u00e9 a v\u00fd\u0161kopisn\u00e9 podklady atd.) , Hlavn\u00ed II\/38 , tel. 603872016 , mail: <u> <\/u><u><a href=\"mailto:igor.fiala@gmail.com\">igor.fiala@gmail.com<\/a>\u00a0<\/u><\/p>\n<p><strong><u>Farma U Huberta<\/u><\/strong><\/p>\n<p>Mgr. Ludmila Kov\u00e1\u0159\u00edkov\u00e1, Horn\u00ed 15, tel. 603 355 581<\/p>\n<p>&nbsp;<\/p>\n","protected":false},"excerpt":{"rendered":"<p>Po\u0161ta Svratka 9. kv\u011btna 250, PS\u010c: 592 02 otev\u00edrac\u00ed doba: po, st: 11-12 \/ 13-18 \u00fat, \u010dt, p\u00e1: 8-12 \/ 13-15 \u00daklid dom\u00e1cnosti, rekrea\u010dn\u00edch objekt\u016f a komer\u010dn\u00edch budov Alena Loubov\u00e1, loubovaalena@seznam.cz, tel.: 728 854 543 Prodejny potravin COOP Diskont Jednota Hlinsko, samoobsluha, n\u00e1m\u011bst\u00ed N\u00e1rodn\u00edho povst\u00e1n\u00ed 92, ned\u011bln\u00ed prodej Qanto market, n\u00e1m\u011bst\u00ed 9. kv\u011btna 51, ve [&hellip;]<\/p>\n","protected":false},"author":1,"featured_media":0,"parent":0,"menu_order":0,"comment_status":"closed","ping_status":"closed","template":"","meta":{"footnotes":""},"class_list":["post-437","page","type-page","status-publish","hentry"],"_links":{"self":[{"href":"https:\/\/www.svratka.cz\/index.php?rest_route=\/wp\/v2\/pages\/437","targetHints":{"allow":["GET"]}}],"collection":[{"href":"https:\/\/www.svratka.cz\/index.php?rest_route=\/wp\/v2\/pages"}],"about":[{"href":"https:\/\/www.svratka.cz\/index.php?rest_route=\/wp\/v2\/types\/page"}],"author":[{"embeddable":true,"href":"https:\/\/www.svratka.cz\/index.php?rest_route=\/wp\/v2\/users\/1"}],"replies":[{"embeddable":true,"href":"https:\/\/www.svratka.cz\/index.php?rest_route=%2Fwp%2Fv2%2Fcomments&post=437"}],"version-history":[{"count":0,"href":"https:\/\/www.svratka.cz\/index.php?rest_route=\/wp\/v2\/pages\/437\/revisions"}],"wp:attachment":[{"href":"https:\/\/www.svratka.cz\/index.php?rest_route=%2Fwp%2Fv2%2Fmedia&parent=437"}],"curies":[{"name":"wp","href":"https:\/\/api.w.org\/{rel}","templated":true}]}}