{"id":413,"date":"2015-11-10T15:43:03","date_gmt":"2015-11-10T14:43:03","guid":{"rendered":"http:\/\/w2.svratouch.cz\/?page_id=413"},"modified":"2026-03-23T11:39:22","modified_gmt":"2026-03-23T10:39:22","slug":"odkazy","status":"publish","type":"page","link":"https:\/\/www.svratka.cz\/?page_id=413","title":{"rendered":"Odkazy"},"content":{"rendered":"<div class=\"wpb-content-wrapper\"><p>[vc_row][vc_column][vc_column_text css=&#8220;&#8220;]\n<h3><strong><u>Str\u00e1nky sousedn\u00edch obc\u00ed<\/u><\/strong><\/h3>\n<ul>\n<li>str\u00e1nky obce Svratouch: <a href=\"http:\/\/www.svratouch.cz\/\" target=\"_blank\" rel=\"noopener\">www.svratouch.cz<\/a><\/li>\n<li>str\u00e1nky obce K\u0159i\u017e\u00e1nky: <a href=\"http:\/\/www.obeckrizanky.cz\/\" target=\"_blank\" rel=\"noopener\"><span class=\"a\">www.obeckrizanky.cz<\/span><\/a><\/li>\n<li>str\u00e1nky obce Chlum\u011bt\u00edn: <a href=\"http:\/\/www.chlumetin.cz\/\" target=\"_blank\" rel=\"noopener\">www.chlumetin.cz<\/a><\/li>\n<li>str\u00e1nky obce Her\u00e1lec: <a href=\"http:\/\/www.obecheralec.cz\/\" target=\"_blank\" rel=\"noopener\">www.obecheralec.cz<\/a><\/li>\n<li>str\u00e1nky obce Cikh\u00e1j: <a href=\"http:\/\/www.cikhaj.cz\/\" target=\"_blank\" rel=\"noopener\">www.cikhaj.cz<\/a><\/li>\n<li>str\u00e1nky obce Kameni\u010dky: <a href=\"http:\/\/www.obec-kamenicky.cz\/\" target=\"_blank\" rel=\"noopener\">www.obec-kamenicky.cz<\/a><\/li>\n<li>str\u00e1nky obce Krouna: <a href=\"http:\/\/www.krouna.cz\/\" target=\"_blank\" rel=\"noopener\">www.krouna.cz<\/a><\/li>\n<li>str\u00e1nky m\u011bstysu Sn\u011b\u017en\u00e9: <a href=\"http:\/\/www.snezne.cz\/\" target=\"_blank\" rel=\"noopener\">www.snezne.cz<\/a><\/li>\n<li>str\u00e1nky obce B\u0159eziny: <a href=\"http:\/\/www.breziny.net\/\" target=\"_blank\" rel=\"noopener\">www.breziny.net<\/a><\/li>\n<li>str\u00e1nky obce Pust\u00e1 Rybn\u00e1: <a href=\"http:\/\/www.pustarybna.cz\/\" target=\"_blank\" rel=\"noopener\">www.pustarybna.cz<\/a><\/li>\n<\/ul>\n<h3><strong><u>Str\u00e1nky sousedn\u00edch m\u011bst<\/u><\/strong><\/h3>\n<ul>\n<li>str\u00e1nky m\u011bsta Hlinska: <a href=\"http:\/\/www.hlinsko.cz\/\" target=\"_blank\" rel=\"noopener\">www.hlinsko.cz<\/a><\/li>\n<li>str\u00e1nky m\u011bsta \u017d\u010f\u00e1ru nad S\u00e1zavou: <a href=\"http:\/\/www.zdarns.cz\/\" target=\"_blank\" rel=\"noopener\">www.zdarns.cz<\/a><\/li>\n<li>str\u00e1nky m\u011bsta Nov\u00e9 M\u011bsto na Morav\u011b: <a href=\"http:\/\/www.nmnm.cz\/\" target=\"_blank\" rel=\"noopener\">www.nmnm.cz<\/a><\/li>\n<li>str\u00e1nky m\u011bsta Poli\u010dka: <a href=\"http:\/\/www.policka-mesto.cz\/\" target=\"_blank\" rel=\"noopener\"><span class=\"a\">www.policka-mesto.cz<\/span><\/a><\/li>\n<li>str\u00e1nky m\u011bsta Skute\u010d: <a href=\"http:\/\/www.skutec.cz\/\" target=\"_blank\" rel=\"noopener\">www.skutec.cz<\/a><\/li>\n<li>str\u00e1nky m\u011bsta Prose\u010d: <a href=\"http:\/\/www.prosec.cz\/\" target=\"_blank\" rel=\"noopener\">www.prosec.cz<\/a><\/li>\n<li>str\u00e1nky m\u011bstysu Jimramov: <a href=\"http:\/\/www.jimramov.cz\/\" target=\"_blank\" rel=\"noopener\">www.jimramov.cz<\/a><\/li>\n<\/ul>\n<h3><u><b>Str\u00e1nky o regionu<\/b><\/u><\/h3>\n<ul>\n<li>str\u00e1nky o regionu Vyso\u010diny: <a href=\"http:\/\/www.e-vysocina.cz\/\" target=\"_blank\" rel=\"noopener\">www.e-vysocina.cz<\/a><\/li>\n<li>str\u00e1nky kraje Vyso\u010dina: <a href=\"http:\/\/www.kr-vysocina.cz\/\" target=\"_blank\" rel=\"noopener\">www.kr-vysocina.cz <\/a><\/li>\n<li>str\u00e1nky o \u017d\u010f\u00e1rsk\u00fdch vr\u0161\u00edch: <a href=\"http:\/\/www.zdarskevrchy.cz\/\" target=\"_blank\" rel=\"noopener\">www.zdarskevrchy.cz<\/a><\/li>\n<\/ul>\n<h3><u><b>Kulturn\u00ed a p\u0159\u00edrodn\u00ed pam\u00e1tky<\/b><\/u><\/h3>\n<ul>\n<li>skanzen Vesel\u00fd Kopec a Betl\u00e9m v Hlinsku: <a href=\"http:\/\/www.vesely-kopec.cz\/\" target=\"_blank\" rel=\"noopener\">www.vesely-kopec.cz<\/a><\/li>\n<li>z\u00e1mek \u017d\u010f\u00e1r nad S\u00e1zavou: <a href=\"http:\/\/www.zamekzdar.cz\/\" target=\"_blank\" rel=\"noopener\">www.zamekzdar.cz <\/a><\/li>\n<li>Hor\u00e1ck\u00e9 muzeum v Nov\u00e9m M\u011bst\u011b na Morav\u011b: <a href=\"http:\/\/www.hm.nmnm.cz\/\" target=\"_blank\" rel=\"noopener\">www.hm.nmnm.cz <\/a><\/li>\n<li>Hor\u00e1ck\u00e1 galerie v Nov\u00e9m M\u011bst\u011b na Morav\u011b: <a href=\"http:\/\/www.hg.nmnm.cz\/\" target=\"_blank\" rel=\"noopener\">www.hg.nmnm.cz <\/a><\/li>\n<\/ul>\n<p>[\/vc_column_text][\/vc_column][\/vc_row]\n<\/div>","protected":false},"excerpt":{"rendered":"<p>[vc_row][vc_column][vc_column_text css=&#8220;&#8220;] Str\u00e1nky sousedn\u00edch obc\u00ed str\u00e1nky obce Svratouch: www.svratouch.cz str\u00e1nky obce K\u0159i\u017e\u00e1nky: www.obeckrizanky.cz str\u00e1nky obce Chlum\u011bt\u00edn: www.chlumetin.cz str\u00e1nky obce Her\u00e1lec: www.obecheralec.cz str\u00e1nky obce Cikh\u00e1j: www.cikhaj.cz str\u00e1nky obce Kameni\u010dky: www.obec-kamenicky.cz str\u00e1nky obce Krouna: www.krouna.cz str\u00e1nky m\u011bstysu Sn\u011b\u017en\u00e9: www.snezne.cz str\u00e1nky obce B\u0159eziny: www.breziny.net str\u00e1nky obce Pust\u00e1 Rybn\u00e1: www.pustarybna.cz Str\u00e1nky sousedn\u00edch m\u011bst str\u00e1nky m\u011bsta Hlinska: www.hlinsko.cz str\u00e1nky m\u011bsta [&hellip;]<\/p>\n","protected":false},"author":1,"featured_media":0,"parent":0,"menu_order":0,"comment_status":"closed","ping_status":"closed","template":"page-templates\/sidebar-right.php","meta":{"footnotes":""},"class_list":["post-413","page","type-page","status-publish","hentry"],"_links":{"self":[{"href":"https:\/\/www.svratka.cz\/index.php?rest_route=\/wp\/v2\/pages\/413","targetHints":{"allow":["GET"]}}],"collection":[{"href":"https:\/\/www.svratka.cz\/index.php?rest_route=\/wp\/v2\/pages"}],"about":[{"href":"https:\/\/www.svratka.cz\/index.php?rest_route=\/wp\/v2\/types\/page"}],"author":[{"embeddable":true,"href":"https:\/\/www.svratka.cz\/index.php?rest_route=\/wp\/v2\/users\/1"}],"replies":[{"embeddable":true,"href":"https:\/\/www.svratka.cz\/index.php?rest_route=%2Fwp%2Fv2%2Fcomments&post=413"}],"version-history":[{"count":2,"href":"https:\/\/www.svratka.cz\/index.php?rest_route=\/wp\/v2\/pages\/413\/revisions"}],"predecessor-version":[{"id":9815,"href":"https:\/\/www.svratka.cz\/index.php?rest_route=\/wp\/v2\/pages\/413\/revisions\/9815"}],"wp:attachment":[{"href":"https:\/\/www.svratka.cz\/index.php?rest_route=%2Fwp%2Fv2%2Fmedia&parent=413"}],"curies":[{"name":"wp","href":"https:\/\/api.w.org\/{rel}","templated":true}]}}