{"id":4030,"date":"2019-04-30T13:24:34","date_gmt":"2019-04-30T12:24:34","guid":{"rendered":"http:\/\/www.svratka.cz\/?page_id=4030"},"modified":"2019-04-30T13:24:34","modified_gmt":"2019-04-30T12:24:34","slug":"podporene-projekty","status":"publish","type":"page","link":"https:\/\/www.svratka.cz\/?page_id=4030","title":{"rendered":"Podpo\u0159en\u00e9 projekty"},"content":{"rendered":"<p style=\"text-align: center;\"><span style=\"font-size: 18pt;\">PODPO\u0158EN\u00c9 PROJEKTY <\/span><span style=\"font-size: 18pt;\">SF\u017dP\/M\u017dP\/fondy EU<\/span><\/p>\n<p><a href=\"https:\/\/www.svratka.cz\/podporene-projekty\/zmena-c-iv-uzemniho-planu\/\" rel=\"attachment wp-att-9047\"><img loading=\"lazy\" decoding=\"async\" class=\"size-full wp-image-9047 alignleft\" src=\"https:\/\/www.svratka.cz\/wp-content\/uploads\/2026\/02\/Zmena-c.-IV-UZEMNIHO-PLANU-1-1.png\" alt=\"\" width=\"322\" height=\"453\" \/><\/a><\/p>\n<p>&nbsp;<\/p>\n<p>&nbsp;<\/p>\n<p>&nbsp;<\/p>\n<p>&nbsp;<\/p>\n<p>&nbsp;<\/p>\n<p>&nbsp;<\/p>\n<p>&nbsp;<\/p>\n<p>&nbsp;<\/p>\n<p>&nbsp;<\/p>\n<p>&nbsp;<\/p>\n<p>&nbsp;<\/p>\n<p>&nbsp;<\/p>\n<p>&nbsp;<\/p>\n<p><strong>Jedn\u00e1 se o celkovou obnovu budovy, kdy zp\u016fsobil\u00e9 v\u00fddaje jsou: <\/strong><\/p>\n<p><strong>zateplen\u00ed podlah, v\u00fdm\u011bna v\u00fdpln\u00ed otvor\u016f a v\u00fdm\u011bna zdroje vyt\u00e1p\u011bn\u00ed<\/strong><\/p>\n<p><a href=\"https:\/\/www.svratka.cz\/podporene-projekty\/obnova-pamatkove-chranene-budovy\/\" rel=\"attachment wp-att-9004\"><img loading=\"lazy\" decoding=\"async\" class=\"wp-image-9004 alignleft\" src=\"https:\/\/www.svratka.cz\/wp-content\/uploads\/2026\/01\/Obnova-pamatkove-chranene-budovy-1-1.png\" alt=\"\" width=\"413\" height=\"564\" \/><\/a><\/p>\n<p>&nbsp;<\/p>\n<p>&nbsp;<\/p>\n<p>&nbsp;<\/p>\n<p>&nbsp;<\/p>\n<p>&nbsp;<\/p>\n<p>&nbsp;<\/p>\n<p>&nbsp;<\/p>\n<p>&nbsp;<\/p>\n<p>&nbsp;<\/p>\n<p>&nbsp;<\/p>\n<p>&nbsp;<\/p>\n<p>&nbsp;<\/p>\n<p>&nbsp;<\/p>\n<p class=\"Default\">\u00a0<\/p>\n<p>&nbsp;<\/p>\n<p><span style=\"font-size: 18pt;\"><strong><a href=\"https:\/\/www.svratka.cz\/wp-content\/uploads\/2024\/05\/svratkaeu-2-1-1-1.png\"><img loading=\"lazy\" decoding=\"async\" class=\" wp-image-7232 alignleft\" src=\"https:\/\/www.svratka.cz\/wp-content\/uploads\/2024\/05\/svratkaeu-2-1-1-353x480.png\" alt=\"\" width=\"441\" height=\"600\" \/><\/a><\/strong><\/span><\/p>\n<p>&nbsp;<\/p>\n<p>&nbsp;<\/p>\n<p>&nbsp;<\/p>\n<p>&nbsp;<\/p>\n<p>&nbsp;<\/p>\n<p>&nbsp;<\/p>\n<p>&nbsp;<\/p>\n<p>&nbsp;<\/p>\n<p>&nbsp;<\/p>\n<p>&nbsp;<\/p>\n<p>&nbsp;<\/p>\n<p>&nbsp;<\/p>\n<p>&nbsp;<\/p>\n<p>&nbsp;<\/p>\n<p>&nbsp;<\/p>\n<p><span style=\"font-size: 18pt;\"><strong><a href=\"https:\/\/www.svratka.cz\/podporene-projekty\/euprojekt\/\" rel=\"attachment wp-att-7152\"><img loading=\"lazy\" decoding=\"async\" class=\"size-full wp-image-7152 alignleft\" src=\"https:\/\/www.svratka.cz\/wp-content\/uploads\/2024\/04\/euprojekt-1-1.png\" alt=\"\" width=\"540\" height=\"412\" \/><\/a><\/strong><\/span><\/p>\n<p>&nbsp;<\/p>\n<p>&nbsp;<\/p>\n<p>&nbsp;<\/p>\n<p>&nbsp;<\/p>\n<p>&nbsp;<\/p>\n<p>&nbsp;<\/p>\n<p>&nbsp;<\/p>\n<p>&nbsp;<\/p>\n<p>&nbsp;<\/p>\n<p>&nbsp;<\/p>\n<p>&nbsp;<\/p>\n<p><span style=\"font-size: 18pt;\"><strong>IROP<\/strong><\/span><\/p>\n<p><img loading=\"lazy\" decoding=\"async\" class=\"wp-image-4186 alignleft\" src=\"https:\/\/www.svratka.cz\/wp-content\/uploads\/2019\/08\/Logo-IROP-1-1.jpg\" alt=\"\" width=\"695\" height=\"114\" \/><\/p>\n<p>&nbsp;<\/p>\n<p>&nbsp;<\/p>\n<p>&nbsp;<\/p>\n<p>&nbsp;<\/p>\n<p>2019 &#8211; Dopravn\u00ed automobil (1 091 837.-)<\/p>\n[lsvr_gallery images=&#8220;4187&#8243; items_per_row=&#8220;4&#8243; masonry=&#8220;yes&#8220; click_action=&#8220;lightbox&#8220;]\n<p>&nbsp;<\/p>\n<p>&nbsp;<\/p>\n<p><strong><span style=\"font-size: 18pt;\">Ministerstvo zem\u011bd\u011blstv\u00ed<\/span><\/strong><\/p>\n<p><strong><span style=\"font-size: 18pt;\">\u00a0\u00a0<\/span><\/strong><img loading=\"lazy\" decoding=\"async\" class=\"alignnone wp-image-4044\" src=\"https:\/\/www.svratka.cz\/wp-content\/uploads\/2019\/04\/MZe-1-480x308.jpg\" alt=\"\" width=\"174\" height=\"112\" \/><\/p>\n<p>2012-13 &#8211; II. etapa kanalizace (81 000 tis.)<\/p>\n<p>2018 &#8211; oprava t\u0159\u00ed k\u0159\u00ed\u017ek\u016f v katastru m\u011bsta (99 tis.)<\/p>\n<p>2020 &#8211; po\u0159\u00edzen\u00ed traktoru, \u010deln\u00edho naklada\u010de a rampova\u010de (1 937 000.-K\u010d bez DPH)<\/p>\n[lsvr_gallery images=&#8220;4792&#8243; items_per_row=&#8220;4&#8243; masonry=&#8220;yes&#8220; click_action=&#8220;lightbox&#8220;]\n<p><strong><span style=\"font-size: 18pt;\">Ministerstvo pro m\u00edstn\u00ed rozvoj<\/span><\/strong><\/p>\n<p><img loading=\"lazy\" decoding=\"async\" class=\"alignnone wp-image-4041\" src=\"https:\/\/www.svratka.cz\/wp-content\/uploads\/2019\/04\/MMR-1-480x176.png\" alt=\"\" width=\"330\" height=\"121\" \/><\/p>\n<p>2009 &#8211; Oprava drobn\u00fdch sakr\u00e1ln\u00edch staveb a sochy sv. V\u00e1clava<\/p>\n<p>2012-13 &#8211; Multifunk\u010dn\u00ed d\u016fm \u010dp. 370 (4 900 tis.)<\/p>\n<p>2015 &#8211; Oprava m\u00edstn\u00edch komunikac\u00ed po povodni (1 427 tis.)<\/p>\n<p>2019 &#8211; Stavebn\u00ed \u00fapravy l\u00e1vky pro chodce p\u0159es \u0159eku Svratku (436 575 K\u010d)<\/p>\n[lsvr_gallery images=&#8220;4245&#8243; items_per_row=&#8220;4&#8243; masonry=&#8220;yes&#8220; click_action=&#8220;lightbox&#8220;]\n<p>2020 &#8211; V\u00fdstavba workoutov\u00e9ho h\u0159i\u0161t\u011b ve m\u011bst\u011b Svratka (507 420 K\u010d)<\/p>\n<p><span style=\"font-size: 18pt;\"><strong>Ministerstvo vnitra<\/strong><\/span><\/p>\n<p><img loading=\"lazy\" decoding=\"async\" class=\"alignnone wp-image-4045\" src=\"https:\/\/www.svratka.cz\/wp-content\/uploads\/2019\/04\/MV-%C4%8CR-480x212.jpg\" alt=\"\" width=\"245\" height=\"108\" \/><\/p>\n<p>2017-18 &#8211; Nov\u00e1 CAS (2 500 tis.)<\/p>\n<p><strong><span style=\"font-size: 18pt;\">Ministerstvo kultury<\/span><\/strong><\/p>\n<p><img loading=\"lazy\" decoding=\"async\" class=\"alignnone wp-image-4046\" src=\"https:\/\/www.svratka.cz\/wp-content\/uploads\/2019\/04\/MK-%C4%8CR.jpg\" alt=\"\" width=\"215\" height=\"72\" \/><\/p>\n<p>2013 &#8211; Oprava n\u00e1hrobku rodiny Conrathovy (100 tis.)<\/p>\n<p><strong><span style=\"font-size: 18pt;\">Ministerstvo obrany<\/span><\/strong><\/p>\n<p><img loading=\"lazy\" decoding=\"async\" class=\"alignnone wp-image-4047\" src=\"https:\/\/www.svratka.cz\/wp-content\/uploads\/2019\/04\/MO-%C4%8CR.jpg\" alt=\"\" width=\"207\" height=\"77\" \/><\/p>\n<p>2013 &#8211; Oprava pomn\u00edku ob\u011btem 2. sv\u011btov\u00e9 v\u00e1lky (75 tis.)<\/p>\n<p><strong><span style=\"font-size: 18pt;\">SZIF<\/span><\/strong><\/p>\n<p><img loading=\"lazy\" decoding=\"async\" class=\"alignnone wp-image-4048\" src=\"https:\/\/www.svratka.cz\/wp-content\/uploads\/2019\/04\/SZIF_logo-1-480x174.jpg\" alt=\"\" width=\"212\" height=\"77\" \/><\/p>\n<p>2010-11 &#8211; Rekonstrukce cest v obecn\u00edm lese (4 mil.)<\/p>\n<p>2019-20 &#8211; 6 .kolo Programu rozvoje venkova &#8211; operace 4.3.2 Lesnick\u00e1 infrastruktura, LC Hrn\u010d\u00ed\u0159sk\u00e1 (3 527 293 K\u010d)<\/p>\n<p>2020 &#8211; Operace Technika a technologie pro lesn\u00ed hospod\u00e1\u0159stv\u00ed, Nov\u00e1 lesnick\u00e1 technika &#8211; po\u0159\u00edzen\u00ed traktoru (968 500 K\u010d)<\/p>\n[lsvr_gallery images=&#8220;4715&#8243; items_per_row=&#8220;4&#8243; masonry=&#8220;yes&#8220; click_action=&#8220;lightbox&#8220;]\n<p>2021 &#8211; Vybaven\u00ed M\u011bstsk\u00e9 knihovny ve Svratce (229 560.-K\u010d)<\/p>\n<p>Z\u00edsk\u00e1n\u00edm dotace do\u0161lo k v\u00fdrazn\u00e9mu zlep\u0161en\u00ed prost\u0159ed\u00ed knihovny, byly po\u0159\u00edzen nov\u00fd mobili\u00e1\u0159, modernizov\u00e1no technick\u00e9 vybaven\u00ed, v\u0161e napomohlo k celkov\u00e9 modernizaci knihovny.<\/p>\n[lsvr_gallery images=&#8220;5380&#8243; items_per_row=&#8220;4&#8243; masonry=&#8220;yes&#8220; click_action=&#8220;lightbox&#8220;]\n<p><strong><span style=\"font-size: 18pt;\">Kraj Vyso\u010dina\/Fond Vyso\u010diny<\/span><\/strong><\/p>\n<div><img loading=\"lazy\" decoding=\"async\" class=\"alignnone size-medium wp-image-4037\" src=\"https:\/\/www.svratka.cz\/wp-content\/uploads\/2019\/04\/podpo%C5%99il-Kraj-Vyso%C4%8Dina.png\" alt=\"\" width=\"298\" height=\"100\" \/><\/div>\n<div>2003 &#8211; \u010cist\u00e1 voda 2003 &#8211; M\u011bsto Svratka, kanalizace a \u010cOV (170 tis.)<\/div>\n<div>2003 &#8211; Webov\u00e9 str\u00e1nky m\u011bst a obc\u00ed &#8211; M\u011bsto Svratka, anglick\u00e1 a n\u011bmeck\u00e1 verze webov\u00fdch str\u00e1nek m\u011bsta<\/div>\n<div>\u00a0\u00a0\u00a0\u00a0\u00a0 \u00a0 \u00a0\u00a0 ( 9 tis.)<\/div>\n<div>2003 &#8211; Bydlete na venkov\u011b 2003 &#8211; P\u0159estupn\u00ed byty pro mlad\u00e9 rodiny (29 tis.)<\/div>\n<div>2004 &#8211; Klenotnice Vyso\u010diny &#8211; M\u011bstsk\u00e9 muzeum Svratka (77 tis.)<\/div>\n<div>2004 &#8211; Syst\u00e9m sb\u011bru a t\u0159\u00edd\u011bn\u00ed odpadu 2004 &#8211; Nav\u00fd\u0161en\u00ed a zkvalitn\u011bn\u00ed syst\u00e9mu t\u0159\u00edd\u011bn\u00ed recyklovan\u00e9ho<\/div>\n<div>\u00a0\u00a0\u00a0\u00a0\u00a0\u00a0\u00a0\u00a0 komun\u00e1ln\u00edho odpadu ( 41 890 K\u010d)<\/div>\n<div>2005 &#8211; Bydlete na venkov\u011b 2005 &#8211; Dokumentace pro \u00fazemn\u00ed rozhodnut\u00ed &#8211; obytn\u00fd soubor RD v lokalit\u011b<\/div>\n<div>\u00a0\u00a0\u00a0\u00a0\u00a0\u00a0\u00a0\u00a0 T\u00e1bor (100 tis.)<\/div>\n<div>2005 &#8211; Webov\u00e9 str\u00e1nky m\u011bst a obc\u00ed III. &#8211; www str\u00e1nky m\u011bsta Svratky (15 tis.)<\/div>\n<div>2006 &#8211; Syst\u00e9m sb\u011bru a t\u0159\u00edd\u011bn\u00ed odpadu 2006 &#8211; Roz\u0161\u00ed\u0159en\u00ed kapacity sb\u011brn\u00e9 s\u00edt\u011b t\u0159\u00edd\u011bn\u00e9ho odpadu ve Svratce<\/div>\n<div>\u00a0\u00a0\u00a0\u00a0\u00a0\u00a0\u00a0\u00a0\u00a0 (28 220 K\u010d)<\/div>\n<div>2006 &#8211; Sportovi\u0161t\u011b 2006 &#8211; \u00dadr\u017eba are\u00e1lu\u00a0koupali\u0161t\u011b ve Svratce (14 tis.)<\/div>\n<div>2006 &#8211; Klenotnice Vyso\u010diny 2006 &#8211; Obrazov\u00e1 galerie Svratka (31 840 K\u010d)<\/div>\n<div>2006 &#8211; \u010cist\u00e1 voda 2006 &#8211; Kanalizace Svratka, II. etapa (400 tis.)<\/div>\n<div>2007 &#8211; L\u00edb\u00ed se n\u00e1m v knihovn\u011b &#8211; Knihovna, tradi\u010dn\u00ed zdroj pozn\u00e1n\u00ed (40 tis.)<\/div>\n<div>2008 &#8211; Klenotnice Vyso\u010diny &#8211; Zlep\u0161en\u00ed prezentace sb\u00edrkov\u00e9ho fondu ve svrateck\u00e9m muzeu (30 tis.)<\/div>\n<div>2009 &#8211; Sportovi\u0161t\u011b 2009 &#8211; Rekonstrukce st\u0159e\u0161n\u00ed krytiny na t\u011blocvi\u010dn\u011b Z\u0160 Svratka (100 tis.)<\/div>\n<div>2010 &#8211; Bioodpady 2010 &#8211; Zaji\u0161t\u011bn\u00ed sb\u011bru bioodpad\u016f ve Svratce (30 tis.)<\/div>\n<div>2013 &#8211; Po\u0159\u00edzen\u00ed nov\u00e9ho \u00fazemn\u00edho pl\u00e1nu m\u011bsta Svratky<\/div>\n<div>2013 &#8211; Oprava n\u00e1hrobku rodiny Conrathovy (134 tis.)<\/div>\n<div>2014 &#8211; P\u0159\u00edrodn\u00ed zahrada Svratka (80 tis.)<\/div>\n<div>2017-18 &#8211; Nov\u00e1 CAS (500 tis.)<\/div>\n<div>2018 &#8211; Cyklostezka Her\u00e1lec-Svratka &#8211; PD (114 950,-)<\/div>\n<div>2018- \u010dp. 23 -p\u0159edprojektov\u00e1 dokumentace obnovy kulturn\u00ed pam\u00e1tky (30 tis.)<\/div>\n<div>2019 &#8211; Zlep\u0161en\u00ed technick\u00e9ho stavu \u010d\u00e1sti cyklotrasy \u010d. 4120 z programu &#8222;Cyklodoprava a cykloturistika 2019&#8220; (500 tis. K\u010d.)<\/div>\n<div>2020 &#8211; Cyklostezka Her\u00e1lec-Svratka z programu Cyklodoprava a cykloturistika 2020 (242 370 K\u010d)<\/div>\n<p><strong><span style=\"font-size: 18pt;\">Program obnovy venkova<\/span><\/strong><\/p>\n<p><img loading=\"lazy\" decoding=\"async\" class=\"alignnone wp-image-4049\" src=\"https:\/\/www.svratka.cz\/wp-content\/uploads\/2019\/04\/POV-1-480x160.jpg\" alt=\"\" width=\"297\" height=\"99\" \/><\/p>\n<p>2009 &#8211; Ulo\u017een\u00ed veden\u00ed rozhlasu, rekonstrukce ve\u0159ejn\u00e9ho osv\u011btlen\u00ed na n\u00e1m\u011bst\u00ed<\/p>\n<p>2010 &#8211; Oprava chodn\u00edk\u016f v Palack\u00e9ho a Libu\u0161in\u011b ulici<\/p>\n<p>2011 &#8211; Opravy v budov\u011b M\u011b\u00da<\/p>\n<p>2012 &#8211; V\u00fdstavba chodn\u00edku v Partyz\u00e1nsk\u00e9 ulici (kolem koupali\u0161t\u011b)<\/p>\n<p>2013 &#8211; Chodn\u00edk v parku u sokolovny<\/p>\n<p>2014 &#8211; Chodn\u00edk k Moravsk\u00e9 Svratce<\/p>\n<p>2015 &#8211; L\u00e1vka do Boroviny<\/p>\n<p>2016 &#8211; Opravy z\u00e1zem\u00ed tribuny<\/p>\n<p>2017 &#8211; Oprava chodn\u00edku v ulici Partyz\u00e1nsk\u00e9, I. etapa<\/p>\n<p>2018 &#8211; V\u00fdm\u011bna vrat a zateplen\u00ed budovy TESS<\/p>\n<p>2019 &#8211; Chodn\u00edk ul. Partyz\u00e1nsk\u00e1 &#8211; 2. etapa<\/p>\n<p>2020 &#8211; Oprava m\u00edstn\u00ed komunikace v ulici Nad \u0160kolou<\/p>\n[lsvr_gallery images=&#8220;4210&#8243; items_per_row=&#8220;4&#8243; masonry=&#8220;yes&#8220; click_action=&#8220;lightbox&#8220;]\n<p>&nbsp;<\/p>\n<p><strong><span style=\"font-size: 18pt;\">OP\u017dP<\/span><\/strong><\/p>\n<p><img loading=\"lazy\" decoding=\"async\" class=\"alignnone wp-image-4043\" src=\"https:\/\/www.svratka.cz\/wp-content\/uploads\/2019\/04\/opzp-1-1.png\" alt=\"\" width=\"351\" height=\"77\" \/><\/p>\n<p>2005-06 &#8211; V\u00fdstavba \u010cOV a I. etapy kanalizace<\/p>\n<p>2012 &#8211; Protipovod\u0148ov\u00e1 opat\u0159en\u00ed a z\u0159\u00edzen\u00ed bezdr\u00e1tov\u00e9ho rozhlasu (2 102 tis.)<\/p>\n<p>2012-13 &#8211; Revitalizace budovy Z\u0160 a M\u0160 ( 12 895 tis.)<\/p>\n<p>2015 &#8211; Sv\u00e1\u017e\u00edme bioodpad z m\u011bsta Svratky (2 644 tis.)<\/p>\n<p>2015 &#8211; Revitalizace domu \u010dp. 347 (1 791 tis.)<\/p>\n<p>2022-23 &#8211; Revitalizace rybn\u00edka Svratka (II) (25 743 tis.)<\/p>\n[lsvr_gallery images=&#8220;5356&#8243; items_per_row=&#8220;4&#8243; masonry=&#8220;yes&#8220; click_action=&#8220;lightbox&#8220;]\n<p><span style=\"font-size: 18pt;\">I<\/span><\/p>\n","protected":false},"excerpt":{"rendered":"<p>PODPO\u0158EN\u00c9 PROJEKTY SF\u017dP\/M\u017dP\/fondy EU &nbsp; &nbsp; &nbsp; &nbsp; &nbsp; &nbsp; &nbsp; &nbsp; &nbsp; &nbsp; &nbsp; &nbsp; &nbsp; Jedn\u00e1 se o celkovou obnovu budovy, kdy zp\u016fsobil\u00e9 v\u00fddaje jsou: zateplen\u00ed podlah, v\u00fdm\u011bna v\u00fdpln\u00ed otvor\u016f a v\u00fdm\u011bna zdroje vyt\u00e1p\u011bn\u00ed &nbsp; &nbsp; &nbsp; &nbsp; &nbsp; &nbsp; &nbsp; &nbsp; &nbsp; &nbsp; &nbsp; &nbsp; &nbsp; \u00a0 &nbsp; &nbsp; &nbsp; &nbsp; &nbsp; [&hellip;]<\/p>\n","protected":false},"author":2,"featured_media":0,"parent":0,"menu_order":0,"comment_status":"closed","ping_status":"closed","template":"","meta":{"footnotes":""},"class_list":["post-4030","page","type-page","status-publish","hentry"],"_links":{"self":[{"href":"https:\/\/www.svratka.cz\/index.php?rest_route=\/wp\/v2\/pages\/4030","targetHints":{"allow":["GET"]}}],"collection":[{"href":"https:\/\/www.svratka.cz\/index.php?rest_route=\/wp\/v2\/pages"}],"about":[{"href":"https:\/\/www.svratka.cz\/index.php?rest_route=\/wp\/v2\/types\/page"}],"author":[{"embeddable":true,"href":"https:\/\/www.svratka.cz\/index.php?rest_route=\/wp\/v2\/users\/2"}],"replies":[{"embeddable":true,"href":"https:\/\/www.svratka.cz\/index.php?rest_route=%2Fwp%2Fv2%2Fcomments&post=4030"}],"version-history":[{"count":0,"href":"https:\/\/www.svratka.cz\/index.php?rest_route=\/wp\/v2\/pages\/4030\/revisions"}],"wp:attachment":[{"href":"https:\/\/www.svratka.cz\/index.php?rest_route=%2Fwp%2Fv2%2Fmedia&parent=4030"}],"curies":[{"name":"wp","href":"https:\/\/api.w.org\/{rel}","templated":true}]}}