{"id":3685,"date":"2018-05-24T11:42:45","date_gmt":"2018-05-24T10:42:45","guid":{"rendered":"http:\/\/www.svratka.cz\/?page_id=3685"},"modified":"2018-05-24T11:42:45","modified_gmt":"2018-05-24T10:42:45","slug":"formulare-gdpr","status":"publish","type":"page","link":"https:\/\/www.svratka.cz\/?page_id=3685","title":{"rendered":"GDPR &#8211; ochrana osobn\u00edch \u00fadaj\u016f"},"content":{"rendered":"<p><strong>Pov\u011b\u0159enec pro ochranu osobn\u00edch \u00fadaj\u016f :<\/strong><\/p>\n<p>Mgr. et Bc. Lubo\u0161 Kliment, advok\u00e1t a pov\u011b\u0159enec pro ochranu osobn\u00edch \u00fadaj\u016f,\u00a0<\/p>\n<p>I\u010c: 71461884, ev. \u010d. osv\u011bd\u010den\u00ed \u010cAK 11300,\u00a0<\/p>\n<p>mobil: 776 233 879,\u00a0<\/p>\n<p>email: <a href=\"mailto:GDPR@akkliment.cz\">GDPR@akkliment.cz<\/a>, ID datov\u00e9 schr\u00e1nky ideg93s<\/p>\n<p>&nbsp;<\/p>\n<p>Dokumenty ke sta\u017een\u00ed:<\/p>\n<ul>\n<li><a href=\"https:\/\/www.svratka.cz\/wp-content\/uploads\/2024\/01\/ZASADY-OCHRANY-A-INFORMACE-O-ZPRACOVANI-OSOBNICH-UDAJU-Svratka-1.pdf\">Z\u00c1SADY OCHRANY A INFORMACE O ZPRACOV\u00c1N\u00cd OSOBN\u00cdCH \u00daDAJ\u016e &#8211; M\u011bsto Svratka<\/a><\/li>\n<li><a href=\"https:\/\/www.svratka.cz\/wp-content\/uploads\/2024\/01\/ZADOST-SUBJEKTU-UDAJU-DLE-GDPR-1.docx\">\u017d\u00c1DOST SUBJEKTU \u00daDAJ\u016e DLE GDPR<\/a><\/li>\n<\/ul>\n","protected":false},"excerpt":{"rendered":"<p>Pov\u011b\u0159enec pro ochranu osobn\u00edch \u00fadaj\u016f : Mgr. et Bc. Lubo\u0161 Kliment, advok\u00e1t a pov\u011b\u0159enec pro ochranu osobn\u00edch \u00fadaj\u016f,\u00a0 I\u010c: 71461884, ev. \u010d. osv\u011bd\u010den\u00ed \u010cAK 11300,\u00a0 mobil: 776 233 879,\u00a0 email: GDPR@akkliment.cz, ID datov\u00e9 schr\u00e1nky ideg93s &nbsp; Dokumenty ke sta\u017een\u00ed: Z\u00c1SADY OCHRANY A INFORMACE O ZPRACOV\u00c1N\u00cd OSOBN\u00cdCH \u00daDAJ\u016e &#8211; M\u011bsto Svratka \u017d\u00c1DOST SUBJEKTU \u00daDAJ\u016e DLE GDPR<\/p>\n","protected":false},"author":2,"featured_media":0,"parent":0,"menu_order":0,"comment_status":"closed","ping_status":"closed","template":"","meta":{"footnotes":""},"class_list":["post-3685","page","type-page","status-publish","hentry"],"_links":{"self":[{"href":"https:\/\/www.svratka.cz\/index.php?rest_route=\/wp\/v2\/pages\/3685","targetHints":{"allow":["GET"]}}],"collection":[{"href":"https:\/\/www.svratka.cz\/index.php?rest_route=\/wp\/v2\/pages"}],"about":[{"href":"https:\/\/www.svratka.cz\/index.php?rest_route=\/wp\/v2\/types\/page"}],"author":[{"embeddable":true,"href":"https:\/\/www.svratka.cz\/index.php?rest_route=\/wp\/v2\/users\/2"}],"replies":[{"embeddable":true,"href":"https:\/\/www.svratka.cz\/index.php?rest_route=%2Fwp%2Fv2%2Fcomments&post=3685"}],"version-history":[{"count":0,"href":"https:\/\/www.svratka.cz\/index.php?rest_route=\/wp\/v2\/pages\/3685\/revisions"}],"wp:attachment":[{"href":"https:\/\/www.svratka.cz\/index.php?rest_route=%2Fwp%2Fv2%2Fmedia&parent=3685"}],"curies":[{"name":"wp","href":"https:\/\/api.w.org\/{rel}","templated":true}]}}