{"id":3552,"date":"2018-03-19T09:41:47","date_gmt":"2018-03-19T08:41:47","guid":{"rendered":"http:\/\/www.svratka.cz\/?page_id=3552"},"modified":"2018-03-19T09:41:47","modified_gmt":"2018-03-19T08:41:47","slug":"obradni-sin-mesta-svratky","status":"publish","type":"page","link":"https:\/\/www.svratka.cz\/?page_id=3552","title":{"rendered":"Ob\u0159adn\u00ed s\u00ed\u0148 M\u011bsta Svratky"},"content":{"rendered":"<p><span style=\"font-size: 12pt;\"><strong>Nov\u00e1 ob\u0159adn\u00ed s\u00ed\u0148 M\u011bsta Svratky se nach\u00e1z\u00ed v budov\u011b multifunk\u010dn\u00edho domu &#8222;U \u0158ivn\u00e1\u010de&#8220; a m\u011bstsk\u00e9 knihovny &#8211; v ulici Pion\u00fdrsk\u00e1 370.<\/strong><\/span><\/p>\n<p>&nbsp;<\/p>\n<p><span style=\"font-size: 12pt;\">Budova b\u00fdval\u00e9 mate\u0159sk\u00e9 \u0161koly pro\u0161la kompletn\u00ed rekonstrukc\u00ed v roce 2014 a ob\u0159adn\u00ed s\u00ed\u0148 sem byla p\u0159esunuta z men\u0161\u00edch nevyhovuj\u00edch prostor v roce 2016.<\/span><\/p>\n<p><span style=\"font-size: 12pt;\">M\u011bsto tak z\u00edskalo mnohem reprezentativn\u011bj\u0161\u00ed prostory pro svatebn\u00ed ob\u0159ady a dal\u0161\u00ed oslavy.<\/span><\/p>\n<p>&nbsp;<\/p>\n<p><img loading=\"lazy\" decoding=\"async\" class=\"wp-image-3567 aligncenter\" src=\"https:\/\/www.svratka.cz\/wp-content\/uploads\/2018\/03\/NWJ4983-1-1.jpg\" alt=\"\" width=\"580\" height=\"333\" \/><\/p>\n<hr \/>\n<p>Pohled do ob\u0159adn\u00ed m\u00edstnosti:<\/p>\n[lsvr_gallery images=&#8220;3555,3556,3554,3558,3557&#8243; items_per_row=&#8220;5&#8243; masonry=&#8220;yes&#8220; click_action=&#8220;lightbox&#8220;]\n<hr \/>\n<p>Z\u00e1zem\u00ed ob\u0159adn\u00ed m\u00edstnosti a pohled na budovu:<\/p>\n[lsvr_gallery images=&#8220;3567,3572,3573,3574&#8243; items_per_row=&#8220;4&#8243; masonry=&#8220;yes&#8220; click_action=&#8220;lightbox&#8220;]\n<hr \/>\n<p>Svatebn\u00ed ob\u0159ad 2017<\/p>\n<ul>\n<li><a href=\"https:\/\/www.svratka.cz\/galleries\/obrady-2017\/\">Fotogalerie zde (uve\u0159ejn\u011bno se souhlasem dot\u010den\u00fdch osob)<\/a><\/li>\n<\/ul>\n<p>&nbsp;<\/p>\n<hr \/>\n[lsvr_gmap address=&#8220;Pion\u00fdrsk\u00e1 370, Svratka,CZ&#8220; type=&#8220;satellite&#8220; zoom=&#8220;18&#8243; height=&#8220;400&#8243;]\n","protected":false},"excerpt":{"rendered":"<p>Nov\u00e1 ob\u0159adn\u00ed s\u00ed\u0148 M\u011bsta Svratky se nach\u00e1z\u00ed v budov\u011b multifunk\u010dn\u00edho domu &#8222;U \u0158ivn\u00e1\u010de&#8220; a m\u011bstsk\u00e9 knihovny &#8211; v ulici Pion\u00fdrsk\u00e1 370. &nbsp; Budova b\u00fdval\u00e9 mate\u0159sk\u00e9 \u0161koly pro\u0161la kompletn\u00ed rekonstrukc\u00ed v roce 2014 a ob\u0159adn\u00ed s\u00ed\u0148 sem byla p\u0159esunuta z men\u0161\u00edch nevyhovuj\u00edch prostor v roce 2016. M\u011bsto tak z\u00edskalo mnohem reprezentativn\u011bj\u0161\u00ed prostory pro svatebn\u00ed ob\u0159ady a [&hellip;]<\/p>\n","protected":false},"author":1,"featured_media":0,"parent":0,"menu_order":0,"comment_status":"closed","ping_status":"closed","template":"","meta":{"footnotes":""},"class_list":["post-3552","page","type-page","status-publish","hentry"],"_links":{"self":[{"href":"https:\/\/www.svratka.cz\/index.php?rest_route=\/wp\/v2\/pages\/3552","targetHints":{"allow":["GET"]}}],"collection":[{"href":"https:\/\/www.svratka.cz\/index.php?rest_route=\/wp\/v2\/pages"}],"about":[{"href":"https:\/\/www.svratka.cz\/index.php?rest_route=\/wp\/v2\/types\/page"}],"author":[{"embeddable":true,"href":"https:\/\/www.svratka.cz\/index.php?rest_route=\/wp\/v2\/users\/1"}],"replies":[{"embeddable":true,"href":"https:\/\/www.svratka.cz\/index.php?rest_route=%2Fwp%2Fv2%2Fcomments&post=3552"}],"version-history":[{"count":0,"href":"https:\/\/www.svratka.cz\/index.php?rest_route=\/wp\/v2\/pages\/3552\/revisions"}],"wp:attachment":[{"href":"https:\/\/www.svratka.cz\/index.php?rest_route=%2Fwp%2Fv2%2Fmedia&parent=3552"}],"curies":[{"name":"wp","href":"https:\/\/api.w.org\/{rel}","templated":true}]}}