{"id":2376,"date":"2016-03-24T13:32:00","date_gmt":"2016-03-24T12:32:00","guid":{"rendered":"http:\/\/www.svratka.cz\/?page_id=2376"},"modified":"2026-03-23T19:43:14","modified_gmt":"2026-03-23T18:43:14","slug":"sberny-dvur-ve-svratce","status":"publish","type":"page","link":"https:\/\/www.svratka.cz\/?page_id=2376","title":{"rendered":"Syst\u00e9m sb\u011bru a t\u0159\u00edd\u011bn\u00ed odpad\u016f, sb\u011brn\u00fd dv\u016fr"},"content":{"rendered":"<div class=\"wpb-content-wrapper\"><p>[vc_row][vc_column][vc_tta_tabs][vc_tta_section title=&#8220;Vyhl\u00e1\u0161ky m\u011bsta&#8220; tab_id=&#8220;1774290900018-3fd5b89a-df56&#8243;][vc_column_text css=&#8220;&#8220;]\n<h3>Vyhl\u00e1\u0161ky m\u011bsta, t\u00fdkaj\u00edc\u00ed se syst\u00e9mu sb\u011bru a t\u0159\u00edd\u011bn\u00ed odpad\u016f a poplatk\u016f:<\/h3>\n<ul>\n<li><span style=\"font-size: 10pt;\"><a href=\"https:\/\/www.svratka.cz\/wp-content\/uploads\/2023\/11\/2023_09_13-OZV-OSOH-01-2024-1.pdf\">Obecn\u011b z\u00e1vazn\u00e1 vyhl\u00e1\u0161ka m\u011bsta Svratky o m\u00edstn\u00edm poplatku za obecn\u00ed syst\u00e9m odpadov\u00e9ho hospod\u00e1\u0159stv\u00ed\u00a0 (platn\u00e1 1.1.2024 )<\/a><\/span><\/li>\n<li><a style=\"font-size: 10pt;\" href=\"https:\/\/www.svratka.cz\/wp-content\/uploads\/2022\/08\/OZV-odpady-2022-1.pdf\">Obecn\u011b z\u00e1vazn\u00e1 vyhl\u00e1\u0161ka \u010d.1\/2022 o m\u00edstn\u00edm poplatku za obecn\u00ed syst\u00e9m odpadov\u00e9ho hospod\u00e1\u0159stv\u00ed (platn\u00e1 od 1.1.2022)<\/a><\/li>\n<li><a style=\"font-size: 10pt;\" href=\"https:\/\/www.svratka.cz\/wp-content\/uploads\/2021\/12\/OZV-2-21-o-stanoven%C3%AD-obecn%C3%ADho-syst%C3%A9mu-odpadov%C3%A9ho-hospod%C3%A1%C5%99stv%C3%AD.pdf\">Obecn\u011b z\u00e1vazn\u00e1 vyhl\u00e1\u0161ka \u010d. 2\/2021 o stanoven\u00ed obecn\u00edho syst\u00e9mu odpadov\u00e9ho hospod\u00e1\u0159stv\u00ed (platn\u00e1 od 1.1.2022)<\/a><\/li>\n<\/ul>\n<p><strong>Zve\u0159ejn\u011bn\u00ed povinn\u00fdch informac\u00ed o odpadov\u00e9m hospod\u00e1\u0159stv\u00ed M\u011bsta Svratka dle paragrafu 60 odst.4 z\u00e1kona 541\/2020 Sb., o odpadech ve zn\u011bn\u00ed pozd\u011bj\u0161\u00edch p\u0159edpis\u016f:\u00a0<\/strong><\/p>\n<p>&nbsp;<\/p>\n<table style=\"border-collapse: collapse; width: 100%; height: 72px;\">\n<tbody>\n<tr style=\"height: 24px;\">\n<td style=\"width: 33.3333%; height: 24px;\"><\/td>\n<td style=\"width: 33.3333%; height: 24px;\"><strong>N\u00e1klady<\/strong><\/td>\n<td style=\"width: 33.3333%; height: 24px;\"><strong>P\u0159\u00edjmy\u00a0\u00a0\u00a0<\/strong><\/td>\n<\/tr>\n<tr style=\"height: 24px;\">\n<td style=\"width: 33.3333%; height: 24px;\"><strong>ROK 2025<\/strong><\/p>\n<p><strong>ROK 2024<\/strong><\/p>\n<p><strong>ROK 2023<\/strong><\/td>\n<td style=\"width: 33.3333%; height: 24px;\"><strong>2 405 136 K\u010d<\/strong><\/p>\n<p><strong>2 362 818 K\u010d<\/strong><\/p>\n<p><strong>2 070 151 K\u010d<\/strong><\/td>\n<td style=\"width: 33.3333%; height: 24px;\"><strong>2 036 033 K\u010d<\/strong><\/p>\n<p><strong>1 940 120 K\u010d<\/strong><\/p>\n<p><strong>1\u00a0425 025 K\u010d<\/strong><\/td>\n<\/tr>\n<tr style=\"height: 24px;\">\n<td style=\"width: 33.3333%; height: 24px;\"><strong>ROK 2022<\/strong><\/td>\n<td style=\"width: 33.3333%; height: 24px;\"><strong> 1\u00a0789\u00a0778 K\u010d<\/strong><\/td>\n<td style=\"width: 33.3333%; height: 24px;\"><strong>1 371 141 K\u010d<\/strong><\/td>\n<\/tr>\n<\/tbody>\n<\/table>\n<p><strong>\u00a0 \u00a0<\/strong>[\/vc_column_text][\/vc_tta_section][vc_tta_section title=&#8220;Stanovi\u0161t\u011b&#8220; tab_id=&#8220;1774290900025-37b3099d-4e28&#8243;][vc_column_text css=&#8220;&#8220;]\n<h3>Stanovi\u0161t\u011b, kde jsou um\u00edst\u011bny zvl\u00e1\u0161tn\u00ed sb\u011brn\u00e9 n\u00e1doby:<\/h3>\n<ol>\n<li>Sb\u011brn\u00fd dv\u016fr Svratka, Dopravn\u00ed 38<\/li>\n<li>ulice Nad \u0160kolou, parc.\u010d. 846\/7, k.\u00fa. Svratka (plasty, pap\u00edr, sklo)<\/li>\n<li>ulice Komensk\u00e9ho, parc.\u010d. 1110\/15, k.\u00fa.Svratka (plasty, pap\u00edr, sklo)<\/li>\n<li>ulice Hlavn\u00ed, parc.\u010d. 1222\/2, k.\u00fa.Svratka (plasty, pap\u00edr, sklo)<\/li>\n<li>ulice Na Vyhl\u00eddce, parc.\u010d. 240\/1, k.\u00fa. \u010cesk\u00e1 Cik\u00e1nka (plasty, pap\u00edr, sklo)<\/li>\n<\/ol>\n<p>[\/vc_column_text][\/vc_tta_section][vc_tta_section title=&#8220;Sb\u011brn\u00fd dv\u016fr&#8220; tab_id=&#8220;1774291146980-cf4750f4-ed00&#8243;][vc_column_text css=&#8220;&#8220;]\n<h3>Sb\u011brn\u00fd dv\u016fr\u00a0 funguje na adrese: Dopravn\u00ed 38, are\u00e1l Technick\u00fdch slu\u017eeb Svratka (b\u00fdv. gar\u00e1\u017ee \u010cSAD)<\/h3>\n<p>Ke vstupu do p\u0159edn\u00ed \u010d\u00e1sti sb\u011brn\u00e9ho dvora (plasty, pap\u00edr, sklo, sm\u011bsn\u00fd odpad) je nutn\u00fd \u010dip k otev\u0159en\u00ed br\u00e1ny (pouze pro obyvatele Svratky a majitele nemovitost\u00ed ve Svratce). \u010cip je k vyzvednut\u00ed v Informa\u010dn\u00edm centru Svratka za poplatek 100.-K\u010d.<\/p>\n<p>Zadn\u00ed \u010d\u00e1st sb\u011brn\u00e9ho dvora je p\u0159\u00edstupn\u00e1 pouze v \u0159\u00e1dn\u00e9 provozn\u00ed dob\u011b.<\/p>\n<p><strong><u>PROVOZN\u00cd DOBA OD 1.1.2025:<\/u><\/strong><\/p>\n<p>Pond\u011bl\u00ed 14,30 \u2013 16,30 \u2013 pouze obyvatel\u00e9 K\u0159i\u017e\u00e1nek<\/p>\n<p>St\u0159eda 14,30 \u2013 16,30 \u2013 pouze obyvatel\u00e9 Svratky<\/p>\n<p>Sobota 8,30 \u2013 10,00 \u2013 pouze obyvatel\u00e9 Svratky<\/p>\n<p>Sobota 10,00 \u2013 11,30 \u2013 pouze obyvatel\u00e9 K\u0159i\u017e\u00e1nek<\/p>\n<p>\u017d\u00e1d\u00e1me n\u00e1v\u0161t\u011bvn\u00edky, aby respektovali a dodr\u017eovali dobu p\u0159\u00edslu\u0161nou pro jejich obec.<\/p>\n<p>Provozovatel: AVE Vyso\u010dina, n\u00e1m. Republiky 61, \u017d\u010f\u00e1r nad S\u00e1zavou<\/p>\n<p>Odpov\u011bdn\u00fd vedouc\u00ed: Ji\u0159\u00ed Jebas<\/p>\n<p><a href=\"https:\/\/www.svratka.cz\/wp-content\/uploads\/2022\/06\/provozni-rad-SD-1.pdf\">provozn\u00ed \u0159\u00e1d sb\u011brn\u00e9ho dvora (.pdf)<\/a>[\/vc_column_text][\/vc_tta_section][vc_tta_section title=&#8220;\u00dahrady&#8220; tab_id=&#8220;1774291184243-eeb1c354-8c81&#8243;][vc_column_text css=&#8220;&#8220;]\n<h3>V\u00fd\u0161e \u00fahrady pro pr\u00e1vnick\u00e9 a podnikaj\u00edc\u00ed fyzick\u00e9 osoby za zapojen\u00ed do obecn\u00edho syst\u00e9mu odpadov\u00e9ho hospod\u00e1\u0159stv\u00ed (platn\u00e1 od 1.1.2024)<\/h3>\n<p>1) potravin\u00e1\u0159sk\u00e9 prodejny \u2013 7 000,-K\u010d bez DPH za rok.<\/p>\n<p>2) nepotravin\u00e1\u0159sk\u00e9 prodejny do 5 zam\u011bstnanc\u016f \/ nad 5 zam\u011bstnanc\u016f \u2013 2 000,-K\u010d bez DPH za rok \/ 3 200,-K\u010d bez DPH za rok.<\/p>\n<p>3) restaurace, bary a pohostinstv\u00ed \u2013 \u010d\u00e1stka za 1 m2 obslu\u017en\u00e9 plochy \u2013 65,-K\u010d bez DPH za 1m2 podlahov\u00e9 plochy a rok.<\/p>\n<p>4) \u0159emesln\u00edci (nev\u00fdrobn\u00ed) a slu\u017eby \u2013 1 400,-K\u010d bez DPH za rok.<\/p>\n<p>5) ubytov\u00e1n\u00ed \u2013 dle po\u010dtu l\u016f\u017eek \u2013 200,-K\u010d bez DPH za l\u016f\u017eko za rok.<\/p>\n<p>6) l\u00e9ka\u0159i \u2013 1 000,-K\u010d bez DPH za rok.<\/p>\n<p>[\/vc_column_text][\/vc_tta_section][vc_tta_section title=&#8220;Spr\u00e1vn\u00e9 t\u0159\u00edd\u011bn\u00ed&#8220; tab_id=&#8220;1774291283145-dbd17d5f-b919&#8243;][vc_column_text css=&#8220;&#8220;]\n<h3>Jak spr\u00e1vn\u011b t\u0159\u00eddit odpady?<\/h3>\n<p><a href=\"https:\/\/jaktridit.cz\/cz\/rady-a-tipy\/otazky-a-odpovedi\/kam-patri\">https:\/\/jaktridit.cz\/cz\/rady-a-tipy\/otazky-a-odpovedi\/kam-patri<\/a><\/p>\n<p><img loading=\"lazy\" decoding=\"async\" class=\"alignnone size-medium wp-image-5119\" src=\"https:\/\/www.svratka.cz\/wp-content\/uploads\/2021\/12\/vystrizek-tabulka-trideni-20180604-112049-20180629-143337-1-480x335.jpg\" alt=\"\" width=\"480\" height=\"335\" \/><img loading=\"lazy\" decoding=\"async\" class=\"alignnone size-medium wp-image-5112\" src=\"https:\/\/www.svratka.cz\/wp-content\/uploads\/2021\/12\/bioodpad-1-346x480.jpg\" alt=\"\" width=\"346\" height=\"480\" \/><img loading=\"lazy\" decoding=\"async\" class=\"alignnone size-medium wp-image-5117\" src=\"https:\/\/www.svratka.cz\/wp-content\/uploads\/2021\/12\/sklo-1-343x480.jpg\" alt=\"\" width=\"343\" height=\"480\" \/><img loading=\"lazy\" decoding=\"async\" class=\"alignnone size-medium wp-image-5113\" src=\"https:\/\/www.svratka.cz\/wp-content\/uploads\/2021\/12\/n%C3%A1pojov%C3%A9-kartony-344x480.jpg\" alt=\"\" width=\"344\" height=\"480\" \/><img loading=\"lazy\" decoding=\"async\" class=\"alignnone size-medium wp-image-5115\" src=\"https:\/\/www.svratka.cz\/wp-content\/uploads\/2021\/12\/pap%C3%ADr-343x480.jpg\" alt=\"\" width=\"343\" height=\"480\" \/><img loading=\"lazy\" decoding=\"async\" class=\"alignnone size-medium wp-image-5114\" src=\"https:\/\/www.svratka.cz\/wp-content\/uploads\/2021\/12\/oleje-1-347x480.jpg\" alt=\"\" width=\"347\" height=\"480\" \/><img loading=\"lazy\" decoding=\"async\" class=\"alignnone size-medium wp-image-5118\" src=\"https:\/\/www.svratka.cz\/wp-content\/uploads\/2021\/12\/sm%C4%9Bsn%C3%BD-344x480.jpg\" alt=\"\" width=\"344\" height=\"480\" \/>[\/vc_column_text][\/vc_tta_section][\/vc_tta_tabs][\/vc_column][\/vc_row]\n<\/div>","protected":false},"excerpt":{"rendered":"<p>[vc_row][vc_column][vc_tta_tabs][vc_tta_section title=&#8220;Vyhl\u00e1\u0161ky m\u011bsta&#8220; tab_id=&#8220;1774290900018-3fd5b89a-df56&#8243;][vc_column_text css=&#8220;&#8220;] Vyhl\u00e1\u0161ky m\u011bsta, t\u00fdkaj\u00edc\u00ed se syst\u00e9mu sb\u011bru a t\u0159\u00edd\u011bn\u00ed odpad\u016f a poplatk\u016f: Obecn\u011b z\u00e1vazn\u00e1 vyhl\u00e1\u0161ka m\u011bsta Svratky o m\u00edstn\u00edm poplatku za obecn\u00ed syst\u00e9m odpadov\u00e9ho hospod\u00e1\u0159stv\u00ed\u00a0 (platn\u00e1 1.1.2024 ) Obecn\u011b z\u00e1vazn\u00e1 vyhl\u00e1\u0161ka \u010d.1\/2022 o m\u00edstn\u00edm poplatku za obecn\u00ed syst\u00e9m odpadov\u00e9ho hospod\u00e1\u0159stv\u00ed (platn\u00e1 od 1.1.2022) Obecn\u011b z\u00e1vazn\u00e1 vyhl\u00e1\u0161ka \u010d. 2\/2021 o stanoven\u00ed obecn\u00edho [&hellip;]<\/p>\n","protected":false},"author":1,"featured_media":0,"parent":0,"menu_order":0,"comment_status":"closed","ping_status":"closed","template":"page-templates\/sidebar-right.php","meta":{"footnotes":""},"class_list":["post-2376","page","type-page","status-publish","hentry"],"_links":{"self":[{"href":"https:\/\/www.svratka.cz\/index.php?rest_route=\/wp\/v2\/pages\/2376","targetHints":{"allow":["GET"]}}],"collection":[{"href":"https:\/\/www.svratka.cz\/index.php?rest_route=\/wp\/v2\/pages"}],"about":[{"href":"https:\/\/www.svratka.cz\/index.php?rest_route=\/wp\/v2\/types\/page"}],"author":[{"embeddable":true,"href":"https:\/\/www.svratka.cz\/index.php?rest_route=\/wp\/v2\/users\/1"}],"replies":[{"embeddable":true,"href":"https:\/\/www.svratka.cz\/index.php?rest_route=%2Fwp%2Fv2%2Fcomments&post=2376"}],"version-history":[{"count":4,"href":"https:\/\/www.svratka.cz\/index.php?rest_route=\/wp\/v2\/pages\/2376\/revisions"}],"predecessor-version":[{"id":9847,"href":"https:\/\/www.svratka.cz\/index.php?rest_route=\/wp\/v2\/pages\/2376\/revisions\/9847"}],"wp:attachment":[{"href":"https:\/\/www.svratka.cz\/index.php?rest_route=%2Fwp%2Fv2%2Fmedia&parent=2376"}],"curies":[{"name":"wp","href":"https:\/\/api.w.org\/{rel}","templated":true}]}}