{"id":2360,"date":"2016-03-21T13:54:19","date_gmt":"2016-03-21T12:54:19","guid":{"rendered":"http:\/\/www.svratka.cz\/?page_id=2360"},"modified":"2016-03-21T13:54:19","modified_gmt":"2016-03-21T12:54:19","slug":"uzemni-plan","status":"publish","type":"page","link":"https:\/\/www.svratka.cz\/?page_id=2360","title":{"rendered":"\u00dazemn\u00ed pl\u00e1n"},"content":{"rendered":"<p><strong>\u00daP + Zm\u011bna \u010d. I + Zm\u011bna \u010d. II + Zm\u011bna \u010d. III + \u00dapln\u00e9 zn\u011bn\u00ed \u00daP po vyd\u00e1n\u00ed Zm\u011bny \u010d. III<\/strong><\/p>\n<ul>\n<li><a href=\"https:\/\/data.zdarns.cz\/ORP\/up\/00000443.pdf\">1. V\u00fdkres z\u00e1kladn\u00edho \u010dlen\u011bn\u00ed \u00fazem\u00ed<\/a>\u00a0(842,15 kB)<\/li>\n<li><a href=\"https:\/\/data.zdarns.cz\/ORP\/up\/00000444.pdf\">2. Hlavn\u00ed v\u00fdkres<\/a>\u00a0(1,53 MB)<\/li>\n<li><a href=\"https:\/\/data.zdarns.cz\/ORP\/up\/00000445.pdf\">3. Ve\u0159ejn\u011b prosp\u011b\u0161n\u00e9 stavby, opat\u0159en\u00ed, asanace<\/a>\u00a0(912,44 kB)<\/li>\n<li><a href=\"https:\/\/data.zdarns.cz\/ORP\/up\/00000446.pdf\">4. Koordina\u010dn\u00ed v\u00fdkres<\/a>\u00a0(2,36 MB)<\/li>\n<li><a href=\"https:\/\/data.zdarns.cz\/ORP\/up\/00000447.pdf\">5. V\u00fdkres \u0161ir\u0161\u00edch vztah\u016f<\/a>\u00a0(1,47 MB)<\/li>\n<li><a href=\"https:\/\/data.zdarns.cz\/ORP\/up\/00000448.pdf\">6. V\u00fdkres z\u00e1bor\u016f p\u016fdn\u00edho fondu<\/a>\u00a0(1,06 MB)<\/li>\n<li><a href=\"https:\/\/data.zdarns.cz\/ORP\/up\/00000449.pdf\">7. Dopravn\u00ed \u0159e\u0161en\u00ed<\/a>\u00a0(1,24 MB)<\/li>\n<li><a href=\"https:\/\/data.zdarns.cz\/ORP\/up\/00000450.pdf\">8. Z\u00e1sobov\u00e1n\u00ed vodou<\/a>\u00a0(1,15 MB)<\/li>\n<li><a href=\"https:\/\/data.zdarns.cz\/ORP\/up\/00000451.pdf\">9. Kanalizace<\/a>\u00a0(1,07 MB)<\/li>\n<li><a href=\"https:\/\/data.zdarns.cz\/ORP\/up\/00000452.pdf\">10. Energetika, el. komunikace<\/a>\u00a0(1,08 MB)<\/li>\n<li><a href=\"https:\/\/data.zdarns.cz\/ORP\/up\/00000453.pdf\">11. Textov\u00e1 \u010d\u00e1st<\/a>\u00a0(690,08 kB)<\/li>\n<li><a href=\"https:\/\/data.zdarns.cz\/ORP\/up\/00003221.pdf\">12. Zm\u011bna \u010d. I &#8211; V\u00fdkres z\u00e1kladn\u00edho \u010dlen\u011bn\u00ed<\/a>\u00a0(1,03 MB)<\/li>\n<li><a href=\"https:\/\/data.zdarns.cz\/ORP\/up\/00003222.pdf\">13. Zm\u011bna \u010d. I &#8211; Hlavn\u00ed v\u00fdkres<\/a>\u00a0(1,14 MB)<\/li>\n<li><a href=\"https:\/\/data.zdarns.cz\/ORP\/up\/00003223.pdf\">14. Zm\u011bna \u010d. I &#8211; V\u00fdkres ve\u0159ejn\u011b prosp\u011b\u0161n\u00fdch staveb a opat\u0159en\u00ed, asanac\u00ed<\/a>\u00a0(1,18 MB)<\/li>\n<li><a href=\"https:\/\/data.zdarns.cz\/ORP\/up\/00003224.pdf\">15. Zm\u011bna \u010d. I &#8211; Koordina\u010dn\u00ed v\u00fdkres<\/a>\u00a0(2,96 MB)<\/li>\n<li><a href=\"https:\/\/data.zdarns.cz\/ORP\/up\/00003225.pdf\">16. Zm\u011bna \u010d. I &#8211; V\u00fdkres p\u0159edpokl\u00e1dan\u00fdch z\u00e1bor\u016f p\u016fdn\u00edho fondu<\/a>\u00a0(1,26 MB)<\/li>\n<li><a href=\"https:\/\/data.zdarns.cz\/ORP\/up\/00003226.pdf\">17. Zm\u011bna \u010d. I &#8211; Textov\u00e1 \u010d\u00e1st<\/a>\u00a0(447 kB)<\/li>\n<li><a href=\"https:\/\/data.zdarns.cz\/ORP\/up\/00003270.pdf\">18. Zm\u011bna \u010d. II &#8211; V\u00fdkres z\u00e1kladn\u00edho \u010dlen\u011bn\u00ed \u00fazem\u00ed<\/a>\u00a0(723 kB)<\/li>\n<li><a href=\"https:\/\/data.zdarns.cz\/ORP\/up\/00003271.pdf\">19. Zm\u011bna \u010d. II &#8211; Hlavn\u00ed v\u00fdkres<\/a>\u00a0(763 kB)<\/li>\n<li><a href=\"https:\/\/data.zdarns.cz\/ORP\/up\/00003272.pdf\">20. Zm\u011bna \u010d. II &#8211; Koordina\u010dn\u00ed v\u00fdkres<\/a>\u00a0(1,81 MB)<\/li>\n<li><a href=\"https:\/\/data.zdarns.cz\/ORP\/up\/00003273.pdf\">21. Zm\u011bna \u010d. II &#8211; V\u00fdkres p\u0159edpokl\u00e1dan\u00fdch z\u00e1bor\u016f p\u016fdn\u00edho fondu<\/a>\u00a0(909 kB)<\/li>\n<li><a href=\"https:\/\/data.zdarns.cz\/ORP\/up\/00003274.pdf\">22. Zm\u011bna \u010d. II &#8211; Textov\u00e1 \u010d\u00e1st<\/a>\u00a0(371 kB)<\/li>\n<li><a href=\"https:\/\/data.zdarns.cz\/ORP\/up\/00003439.pdf\">23. Zm\u011bna \u010d. III &#8211; V\u00fdkres z\u00e1kladn\u00edho \u010dlen\u011bn\u00ed \u00fazem\u00ed<\/a>\u00a0(671 kB)<\/li>\n<li><a href=\"https:\/\/data.zdarns.cz\/ORP\/up\/00003440.pdf\">24. Zm\u011bna \u010d. III &#8211; Hlavn\u00ed v\u00fdkres<\/a>\u00a0(707 kB)<\/li>\n<li><a href=\"https:\/\/data.zdarns.cz\/ORP\/up\/00003441.pdf\">25. Zm\u011bna \u010d. III &#8211; Koordina\u010dn\u00ed v\u00fdkres<\/a>\u00a0(1,60 MB)<\/li>\n<li><a href=\"https:\/\/data.zdarns.cz\/ORP\/up\/00003442.pdf\">26. Zm\u011bna \u010d. III &#8211; V\u00fdkres p\u0159edpokl\u00e1dan\u00fdch z\u00e1bor\u016f p\u016fdn\u00edho fondu<\/a>\u00a0(775 kB)<\/li>\n<li><a href=\"https:\/\/data.zdarns.cz\/ORP\/up\/00003443.pdf\">27. Zm\u011bna \u010d. III &#8211; Textov\u00e1 \u010d\u00e1st<\/a>\u00a0(424 kB)<\/li>\n<li><a href=\"https:\/\/data.zdarns.cz\/ORP\/up\/00003444.pdf\">28. \u00dapln\u00e9 zn\u011bn\u00ed po vyd\u00e1n\u00ed zm\u011bny \u010d. III &#8211; V\u00fdkres z\u00e1kladn\u00edho \u010dlen\u011bn\u00ed \u00fazem\u00ed<\/a>\u00a0(1,22 MB)<\/li>\n<li><a href=\"https:\/\/data.zdarns.cz\/ORP\/up\/00003445.pdf\">29. \u00dapln\u00e9 zn\u011bn\u00ed po vyd\u00e1n\u00ed zm\u011bny \u010d. III &#8211; Hlavn\u00ed v\u00fdkres<\/a>\u00a0(2,05 MB)<\/li>\n<li><a href=\"https:\/\/data.zdarns.cz\/ORP\/up\/00003446.pdf\">30. \u00dapln\u00e9 zn\u011bn\u00ed po vyd\u00e1n\u00ed zm\u011bny \u010d. III &#8211; V\u00fdkres ve\u0159ejn\u011b prosp\u011b\u0161n\u00fdch staveb<\/a>\u00a0(652 kB)<\/li>\n<li><a href=\"https:\/\/data.zdarns.cz\/ORP\/up\/00003447.pdf\">31. \u00dapln\u00e9 zn\u011bn\u00ed po vyd\u00e1n\u00ed zm\u011bny \u010d. III &#8211; Koordina\u010dn\u00ed v\u00fdkres<\/a>\u00a0(3,19 MB)<\/li>\n<li><a href=\"https:\/\/data.zdarns.cz\/ORP\/up\/00003448.pdf\">32. \u00dapln\u00e9 zn\u011bn\u00ed po vyd\u00e1n\u00ed zm\u011bny \u010d. III &#8211; Textov\u00e1 \u010d\u00e1st<\/a>\u00a0(208 kB)<\/li>\n<\/ul>\n","protected":false},"excerpt":{"rendered":"<p>\u00daP + Zm\u011bna \u010d. I + Zm\u011bna \u010d. II + Zm\u011bna \u010d. III + \u00dapln\u00e9 zn\u011bn\u00ed \u00daP po vyd\u00e1n\u00ed Zm\u011bny \u010d. III 1. V\u00fdkres z\u00e1kladn\u00edho \u010dlen\u011bn\u00ed \u00fazem\u00ed\u00a0(842,15 kB) 2. Hlavn\u00ed v\u00fdkres\u00a0(1,53 MB) 3. Ve\u0159ejn\u011b prosp\u011b\u0161n\u00e9 stavby, opat\u0159en\u00ed, asanace\u00a0(912,44 kB) 4. Koordina\u010dn\u00ed v\u00fdkres\u00a0(2,36 MB) 5. V\u00fdkres \u0161ir\u0161\u00edch vztah\u016f\u00a0(1,47 MB) 6. V\u00fdkres z\u00e1bor\u016f p\u016fdn\u00edho fondu\u00a0(1,06 MB) 7. [&hellip;]<\/p>\n","protected":false},"author":2,"featured_media":0,"parent":0,"menu_order":0,"comment_status":"closed","ping_status":"closed","template":"","meta":{"footnotes":""},"class_list":["post-2360","page","type-page","status-publish","hentry"],"_links":{"self":[{"href":"https:\/\/www.svratka.cz\/index.php?rest_route=\/wp\/v2\/pages\/2360","targetHints":{"allow":["GET"]}}],"collection":[{"href":"https:\/\/www.svratka.cz\/index.php?rest_route=\/wp\/v2\/pages"}],"about":[{"href":"https:\/\/www.svratka.cz\/index.php?rest_route=\/wp\/v2\/types\/page"}],"author":[{"embeddable":true,"href":"https:\/\/www.svratka.cz\/index.php?rest_route=\/wp\/v2\/users\/2"}],"replies":[{"embeddable":true,"href":"https:\/\/www.svratka.cz\/index.php?rest_route=%2Fwp%2Fv2%2Fcomments&post=2360"}],"version-history":[{"count":0,"href":"https:\/\/www.svratka.cz\/index.php?rest_route=\/wp\/v2\/pages\/2360\/revisions"}],"wp:attachment":[{"href":"https:\/\/www.svratka.cz\/index.php?rest_route=%2Fwp%2Fv2%2Fmedia&parent=2360"}],"curies":[{"name":"wp","href":"https:\/\/api.w.org\/{rel}","templated":true}]}}