{"id":211,"date":"2015-05-14T11:53:05","date_gmt":"2015-05-14T15:53:05","guid":{"rendered":"http:\/\/demos.volovar.net\/townpress.wp\/demo\/?page_id=211"},"modified":"2026-03-26T14:20:48","modified_gmt":"2026-03-26T13:20:48","slug":"town-history","status":"publish","type":"page","link":"https:\/\/www.svratka.cz\/?page_id=211","title":{"rendered":"Historie m\u011bsta"},"content":{"rendered":"<div class=\"wpb-content-wrapper\"><p>[vc_row][vc_column width=&#8220;5\/6&#8243;][vc_tta_tabs style=&#8220;flat&#8220; color=&#8220;white&#8220; active_section=&#8220;1&#8243; pagination_style=&#8220;outline-square&#8220; css_animation=&#8220;fadeIn&#8220;][vc_tta_section title=&#8220;P\u016fvod&#8220; tab_id=&#8220;1774260992706-cc0a38c1-a290&#8243;][vc_column_text css=&#8220;&#8220;]Starobyl\u00e1 osada dostala n\u00e1zev podle klikatic\u00ed se \u0159\u00ed\u010dky, jej\u00ed\u017e jm\u00e9no se opakuje v\u00edcekr\u00e1t ve star\u00fdch archivn\u00edch zpr\u00e1v\u00e1ch s r\u016fzn\u00fdmi obm\u011bnami. P\u016fvod a v\u00fdznam jm\u00e9na byl v minulosti r\u016fzn\u011b vykl\u00e1d\u00e1n. P\u0159idr\u017e\u00edme-li se oby\u010deje slovansk\u00e9ho pojmenov\u00e1n\u00ed \u0159ek, pak je nejv\u00fd\u0161 pravd\u011bpodobn\u00e9, \u017ee jm\u00e9no vzniklo od staro\u010desk\u00e9ho slova sworti, tj. vinouti se. Byla to \u0159\u00ed\u010dka vinouc\u00ed se, tj. Swortka. Jazykov\u00fdmi obm\u011bnami pak vze\u0161lo jm\u00e9no Svratka.Koncem 13. stolet\u00ed vzniklo rychmbursk\u00e9 panstv\u00ed, jeho\u017e st\u0159edem se stal nov\u011b zbudovan\u00fd hrad Rychmburk. T\u00edm byly d\u00e1ny pevn\u00e9 z\u00e1klady pro os\u00eddlen\u00ed\u00a0okoln\u00edho kraje.<\/p>\n<p>[\/vc_column_text][\/vc_tta_section][vc_tta_section title=&#8220;Z d\u00e1vn\u00e9 historie&#8220; tab_id=&#8220;1773919354458-e9ace024-7fc4&#8243;][vc_column_text css=&#8220;&#8220;]Nejstar\u0161\u00ed zpr\u00e1va o Svratce je z roku 1350, tehdy pat\u0159ila k rychmbursk\u00e9mu panstv\u00ed. Kdy\u017e v roce 1392 postupoval Smil z Pardubic a Rychmburka panstv\u00ed Otovi z Bergova a Bo\u010dkovi z Pod\u011bbrad , vyjmenoval v postupovac\u00edm z\u00e1pise v\u0161echny obce panstv\u00ed. Mezi nimi je i m\u011bste\u010dko Svratka. A\u017e do bitvy u Lipan byla cel\u00e1 oblast v rukou husit\u016f. V roce 1421 se zastavil Jan \u017di\u017eka p\u0159i sv\u00e9m ta\u017een\u00ed na Moravu u Rychmburku, av\u0161ak hrad nedob\u00fdval. Teprve v roce 1425 jej dobyli sirotci.<\/p>\n<p>V roce 1485 zapsal zemsk\u00fd p\u00edsa\u0159 Martin z Dobron\u00edna do Zemsk\u00fdch desek zbo\u017e\u00ed n\u00e1le\u017eej\u00edc\u00ed k svrateck\u00e9 rycht\u011b: \u201e Svratka, m\u011bste\u010dko cel\u00e9 s rycht\u00fa, ves \u0159e\u010den\u00e1 Swrat\u00fach k t\u00e9\u017ee rycht\u011b p\u0159islu\u0161ej\u00edc\u00ed, Krziankowie, polovice vsi pust\u00e9, Herarcz, ves po \u0159eku Swarczow.\u201c Tehdy n\u00e1le\u017eela Svratce v\u0161echna m\u011bstsk\u00e1 pr\u00e1va. Roku 1558 bylo rychmbursk\u00e9 panstv\u00ed prod\u00e1no nejvy\u0161\u0161\u00edmu sud\u00edmu kr\u00e1lovstv\u00ed a hejtmanu chrudimsk\u00e9ho kraje Zde\u0148ku Berkovi z Dub\u00e9 a Lip\u00e9ho. Za tohoto vlastn\u00edka byl Svratce ud\u011blen znak: p\u016flen\u00fd \u0161t\u00edt, v jeho\u017e lev\u00e9m, zlat\u00e9m poli je \u010dern\u00e1 ostrv o 4 pah\u00fdlech pokosem polo\u017een\u00e1, v prav\u00e9m st\u0159\u00edbrn\u00e9m poli vyvr\u00e1cen\u00e1 zelen\u00e1 l\u00edpa se 7 ko\u0159eny.<\/p>\n<p>Nezda\u0159il\u00e9ho povst\u00e1n\u00ed \u010desk\u00fdch stav\u016f proti kr\u00e1li Ferdinandu I. se z\u00fa\u010dastnil tak\u00e9 dr\u017eitel hradu Vil\u00e9m mlad\u0161\u00ed z Vald\u0161tejna a za trest musel Ferdinandovi postoupit z\u00e1mek i m\u011bste\u010dka Rychmburk, Skute\u010d, Hlinsko, a Svratku, d\u00e1le 60 vesnic a dvor\u016f. Svratka po vyd\u00e1n\u00ed \u201eObnoven\u00e9ho z\u0159\u00edzen\u00ed zemsk\u00e9ho\u201c v roce 1627 zcela ztratila m\u011bstsk\u00e1 pr\u00e1va, v\u00fdsadn\u00ed listiny byly svrateck\u00fdm od\u0148aty.[\/vc_column_text][\/vc_tta_section][vc_tta_section title=&#8220;17., 18. a 19. stolet\u00ed&#8220; tab_id=&#8220;1773919354464-9c98072e-aa67&#8243;][vc_column_text css=&#8220;&#8220;]V t\u0159icetilet\u00e9 v\u00e1lce trp\u011bl cel\u00fd kraj n\u00e1jezdy ciz\u00edch vojsk. V\u00e1lka vyh\u00e1n\u011bla venkovsk\u00fd lid do les\u016f a \u010deskomoravsk\u00fd hvozd se tak stal \u00fato\u010di\u0161t\u011bm t\u011b\u017ece zkou\u0161en\u00fdch psanc\u016f. N\u00e1sledoval i rekatolick\u00fd \u00fatlak.<\/p>\n<p>Od roku 1706 do roku 1823 z\u00edskal rychmbursk\u00e9 panstv\u00ed rod Kinsk\u00fdch. K reversu Karla VI. ze 17. ledna 1729 se \u0159\u00edk\u00e1, \u017ee: \u201eb\u00fdvala v m\u011bstsk\u00e9m stavu obec \u201a\u010cesk\u00e1 Svratka p\u0159ed d\u00e1vn\u00fdmi \u010dasy, ale stav ten beze snadu skrze vojensk\u00fd vp\u00e1dy k zru\u0161en\u00ed jest p\u0159i\u0161el a svrate\u010dt\u00ed nemohouce \u017e\u00e1dn\u00fdch privilegi\u00ed prouk\u00e1zati za sedl\u00e1ky a chalupn\u00edky dr\u017e\u00e1ni b\u00fdti museli.\u201c A tak \u017e\u00e1dali, aby jim zase potvrzeny byly trhy, na n\u011b\u017e obdr\u017eeli v\u00fdsadu ze dne 7.7. 1728. Star\u0161\u00ed privilegia v\u0161ak bu\u010f sho\u0159ela p\u0159ed rokem 1728, nebo si je vrchnosten\u0161t\u00ed p\u00e1ni ofic\u00ed\u0159i p\u016fj\u010dili nav\u017edy.<br \/>\nPanstv\u00ed rychmbursk\u00e9 znovu pak vym\u011bnilo \u0159adu sv\u00fdch p\u00e1n\u016f, z nich\u017e za zm\u00ednku stoj\u00ed uv\u00e9st Filipa Kinsk\u00e9ho, kter\u00fd zalo\u017eil n\u011bkter\u00e9 pr\u016fmyslov\u00e9 z\u00e1vody a za\u010dal na Vyso\u010din\u011b p\u011bstovat len. V letech 1766-1776 dal vybudovat v rokokov\u00e9m stylu nad Svratkou lov\u010d\u00ed z\u00e1me\u010dek Karl\u0161tejn. Panstv\u00ed prodal roku 1823 bavorsk\u00e9mu \u0161lechtici Karlu Alexandru Thurn-Taxisovi.<\/p>\n<p>V roce 1850 byl v Hlinsku z\u0159\u00edzen okresn\u00ed soud a v roce 1855 okresn\u00ed \u00fa\u0159ad, kter\u00fd byl za\u010dlen\u011bn do chrudimsk\u00e9ho hejtmanstv\u00ed. Robotn\u00ed pouta padla, ale starost lidu o uh\u00e1jen\u00ed \u017eivobyt\u00ed nep\u0159est\u00e1vala. Pracovali na drobn\u00fdch pol\u00ed\u010dk\u00e1ch, hlavn\u00ed ob\u017eivou byly brambory a chl\u00e9b.<br \/>\nT\u00e9m\u011b\u0159 p\u011bt stolet\u00ed byla Svratka v dr\u017een\u00ed rychmbursk\u00e9 vrchnosti. P\u00e1ni z Pardubic, z Pod\u011bbrad, Berkov\u00e9 z Dub\u00e9 a Lip\u00e9ho, Kin\u0161t\u00ed z Vchynic a Thurn-Taxisov\u00e9 vl\u00e1dli nad lesy i nad lidmi.[\/vc_column_text][\/vc_tta_section][vc_tta_section title=&#8220;M\u011bsto&#8220; tab_id=&#8220;1773923244320-936e2384-c563&#8243;][vc_column_text css=&#8220;&#8220;]19. stolet\u00ed je charakterizov\u00e1no vznikem a rozvojem pr\u016fmyslu. Prvn\u00edm tov\u00e1rn\u00edm podnikem na Svratecku byla pap\u00edrna Ign\u00e1ce Fischera na Cik\u00e1nce u Svratky, kter\u00e1 nav\u00e1zala na ji\u017e zaniklou \u017eeleznou hu\u0165. Zah\u00e1jila provoz v roce 1804. Roku 1862 vznikla ve Svratce tov\u00e1rn\u00ed v\u00fdroba sirka\u0159sk\u00e1, zalo\u017een\u00e1 Ign\u00e1cem Gebasem.<\/p>\n<p>P\u0159i\u0161el rok 1867 a obec Svratka byla pov\u00fd\u0161ena na m\u011bsto. Stalo se tak p\u0159\u00edpisem tehdej\u0161\u00edho okresn\u00edho \u00fa\u0159adu v Hlinsku, ve kter\u00e9m se oznamovalo: \u201eC\u00edsa\u0159sk\u00fd a kr\u00e1lovsk\u00fd \u00fa\u0159ad v Hlinsku oznamuje t\u00edmto politick\u00e9mu p\u0159edstavenstvu ve Svratce, \u017ee jeho c. k. apo\u0161tolsk\u00e9 veli\u010denstvo, c\u00edsa\u0159 p\u00e1n r\u00e1\u010dil s nejvy\u0161\u0161\u00edm rozhodnut\u00edm ze dne 6. \u010dervence 1867 m\u011bste\u010dko Svratku v okrese Hlinsk\u00e9m, kraji Chrudimsk\u00e9m k m\u011bstu co nejmilostiv\u011bji pov\u00fd\u0161iti\u2026\u201c Na po\u010dest toho byla za 100 zl. zhotovena socha sv. V\u00e1clava a osazena uprost\u0159ed n\u00e1m\u011bst\u00ed. Sochu zhotovil pra\u017esk\u00fd socha\u0159 Ludv\u00edk Wurzl.<br \/>\nPov\u00fd\u0161en\u00ed Svratky na m\u011bsto zm\u011bnilo \u017eivot obyvatel. M\u011bsto se modernizovalo, za\u010dala p\u0159estavba n\u011bkter\u00fdch dom\u016f, otev\u00edraly se nov\u00e9 obchody, \u0159emeslnick\u00e9 d\u00edlny, hostince, bylo zalo\u017eeno n\u011bkolik spolk\u016f: divadeln\u00ed spolek Koll\u00e1r byl zalo\u017een roku 1877. V letech 1868-81 fungoval \u010dten\u00e1\u0159sk\u00fd spolek Svornost, spolek v\u010dela\u0159\u016f, \u0159emeslnick\u00e1 beseda, hasi\u010dsk\u00fd sbor \/1877\/. Roku 1895 byl ustanoven Sokol, 1909 ryb\u00e1\u0159sk\u00fd spolek.<br \/>\nLid na Svratecku \u017eil tvrd\u00fdm \u017eivotem, nebo\u0165 chud\u00e1 a primitivn\u00edm zp\u016fsobem obhospoda\u0159ovan\u00e1 p\u016fda neposkytovala dostate\u010dnou ob\u017eivu. Pot\u0159ebn\u00e9 p\u0159edm\u011bty pro dom\u00e1cnost i pro hospod\u00e1\u0159stv\u00ed si ka\u017ed\u00fd zhotovoval s\u00e1m. \u010casem se n\u011bkte\u0159\u00ed zdokonalili ur\u010dit\u00e9m oboru tak, \u017ee v n\u011bm vynikli. T\u00edm postupn\u011b vznikala \u0159emesla, bu\u010f jako dopln\u011bk ob\u017eivy, nebo jako jej\u00ed hlavn\u00ed zdroj. Neplodn\u00e9 kamenit\u00e9 str\u00e1n\u011b nutily ke zpracov\u00e1n\u00ed materi\u00e1l\u016f, kter\u00fdch tu byl dostatek, a\u0165 u\u017e to byla j\u00edlovit\u00e1 hl\u00edna, k\u00e1men, d\u0159evo apod. Zn\u00e1m\u00fdm odv\u011btv\u00edm ve Svratce bylo hrn\u010d\u00ed\u0159stv\u00ed a pl\u00e1tenictv\u00ed, ko\u017eelu\u017estv\u00ed, obuvnictv\u00ed i \u0159emeslo d\u0159eva\u0159sk\u00e9. V roce 1865 byl zalo\u017een pr\u016fmysl klemp\u00ed\u0159sk\u00fd, z\u00e1klad dne\u0161n\u00edho pod niku Mars.<br \/>\nPo\u010d\u00e1tkem 20. stolet\u00ed nastal rozvoj podnik\u00e1n\u00ed a obdob\u00ed rozmachu \u017eivnost\u00ed. Zm\u011bny zas\u00e1hly i \u0159emeslnou v\u00fdrobu. \u017divnostensk\u00fd \u0159\u00e1d, uz\u00e1kon\u011bn\u00fd v roce 1859, kodifikoval svobodu podnik\u00e1n\u00ed a nadobro zru\u0161il cechovn\u00ed z\u0159\u00edzen\u00ed. Hrn\u010d\u00ed\u0159sk\u00e1 v\u00fdroba ve Svratce byla postupn\u011b nahrazov\u00e1na v\u00fdrobou klemp\u00ed\u0159skou. Od t\u00e9 doby je Svratecko zn\u00e1mo jako kraj klemp\u00ed\u0159\u016f a plechov\u00fdch v\u00fdrobk\u016f. \u00dapln\u011b zanikla v\u00fdroba sirek, tkalcovstv\u00ed se zcela p\u0159esunulo do Hlinska, obuvnictv\u00ed do Skut\u010de. Rozv\u00edjela se i kultura. Velkou a \u00fasp\u011b\u0161nou \u010dinnost\u00ed pokra\u010doval divadeln\u00ed spolek Koll\u00e1r, p\u0159i \u0161kole vznikl v\u011bhlasn\u00fd p\u011bveck\u00fd sbor, zn\u00e1m\u00e1 byla i svrateck\u00e1 kapela. Nejru\u0161n\u011bj\u0161\u00edmi obchodn\u00edmi centry Svratky z\u016fstalo n\u00e1m\u011bst\u00ed, pak ulice Palack\u00e9ho \/z n\u00e1m\u011bst\u00ed na k\u0159i\u017eovatku\/ a Libu\u0161ina \u010di \u201ePodm\u011bst\u00ed\u201c \/z k\u0159i\u017eovatky k Cik\u00e1nce\/. Rozmach v\u00fdroby si vynutil dal\u0161\u00ed rozvoj komunikac\u00ed a v\u00fdstavbu nov\u00fdch dom\u016f.Tehdy ve Svratce \u017eilo p\u0159ibli\u017en\u011b 1400 obyvatel. 1. sv\u011btov\u00e1 v\u00e1lka se vy\u017e\u00e1dala nesmysln\u00e9 ob\u011bti na \u017eivotech. Jm\u00e9na svrateck\u00fdch padl\u00fdch ob\u010dan\u016f jsou vytes\u00e1na do kamene pam\u00e1tn\u00edku na n\u00e1m\u011bst\u00ed.[\/vc_column_text][\/vc_tta_section][vc_tta_section title=&#8220;Za prvn\u00ed republiky&#8220; tab_id=&#8220;1773923325905-6569cc85-7a70&#8243;][vc_column_text css=&#8220;&#8220;]Po vyhl\u00e1\u0161en\u00ed samostatn\u00e9 republiky v roce 1918 dostalo n\u00e1m\u011bst\u00ed nov\u00e9 pojmenov\u00e1n\u00ed-Masarykovo-na po\u010dest prezidenta Osvoboditele. Nad pam\u00e1tn\u00edkem byla vysazena l\u00edpa. Z t\u011b\u017ek\u00e9 doby se zm\u00e1hala i kultura. V roce 1928 se pro ve\u0159ejnost otev\u0159ela m\u00edstn\u00ed sokolovna, na tehdej\u0161\u00ed dobu modern\u00ed budova pro \u00fa\u010dely kulturn\u00ed, t\u011blov\u00fdchovn\u00e9 a spole\u010densk\u00e9. N\u00e1v\u0161t\u011bvn\u00edci mohli zhl\u00e9dnout na jevi\u0161ti oponu, d\u00edlo um\u011blc\u016f Josefa Fialy, Jind\u0159icha Buben\u00ed\u010dka a C\u00edny Jel\u00ednka, obdivovan\u00e9 v\u0161emi, kte\u0159\u00ed rozum\u011bli rozv\u00edjej\u00edc\u00edmu se mal\u00ed\u0159sk\u00e9mu um\u011bn\u00ed Vyso\u010diny. Otev\u00edraly se nov\u00e9 men\u0161\u00ed i v\u011bt\u0161\u00ed obchody a d\u00edlny \u0159emesln\u00edk\u016f. Poprv\u00e9 vyjely autobusy sm\u011brem na Hlinsko, Poli\u010dku, Nov\u00e9 M\u011bsto a k nejbli\u017e\u0161\u00edmu vlakov\u00e9mu n\u00e1dra\u017e\u00ed na \u010cachnov. Rozvoj zaznamenal i podnik Josefa Berounsk\u00e9ho (Mars) a dal\u0161\u00ed klemp\u00ed\u0159sk\u00e9 a pilnik\u00e1\u0159sk\u00e9 d\u00edlny. Byla zalo\u017eena m\u011b\u0161\u0165ansk\u00e1 (1922) a \u017eivnostensk\u00e1 pokra\u010dovac\u00ed \u0161kola (1923), provedena elektrifikace (1920), zaveden telefon (1924), vydl\u00e1\u017ed\u011bna silnice p\u0159es m\u011bsto (1936), postaveny nov\u00e9 \u010dtvrti (Ohrada, domky v Partyz\u00e1nsk\u00e9 ulici a ulic Na N\u00e1hon\u011b).<br \/>\nVe dvac\u00e1t\u00fdch letech nav\u0161t\u00edvil Svratku pra\u017esk\u00fd nakladatel Bed\u0159ich Tu\u010dek a Svratce z\u016fstal v\u011brn\u00fd natrvalo. Pr\u00e1v\u011b on p\u0159il\u00e1kal na Vyso\u010dinu des\u00edtky akademick\u00fdch mal\u00ed\u0159\u016f, kte\u0159\u00ed zde tvo\u0159ili sv\u00e1 v\u00fdznamn\u00e1 d\u00edla. Svratka se tak zanedlouho stala st\u0159ediskem nejen turist\u016f, ale i um\u011blc\u016f. Snad pr\u00e1v\u011b proto zam\u00fd\u0161lel svrateck\u00fd velkoobchodn\u00edk Jind\u0159ich Bure\u0161 vystav\u011bt modern\u00ed hotel. Stavba se o n\u011bkolik let pozdr\u017eela, ale po v\u00e1lce byla dokon\u010dena a jm\u00e9no hotelu-M\u00e1nes- bylo zn\u00e1m\u00e9 v \u0161irok\u00e9m okol\u00ed. V restauraci \u201eU \u0160iller\u016f\u201c(Vyso\u010dina) se ka\u017edoro\u010dn\u011b sch\u00e1zeli v\u011brn\u00ed n\u00e1v\u0161t\u011bvn\u00edci Svratky i v\u00fdznamn\u00e9 osobnosti nejen mal\u00ed\u0159stv\u00ed, ale i liter\u00e1ti, herci, hudebn\u00edci, politici, apod.[\/vc_column_text][\/vc_tta_section][vc_tta_section title=&#8220;V\u00e1lka&#8220; tab_id=&#8220;1773925097409-708c27d9-081e&#8220;][vc_column_text css=&#8220;&#8220;]Obdob\u00ed druh\u00e9 sv\u011btov\u00e9 v\u00e1lky uk\u00e1zalo zdej\u0161\u00ed obyvatele v dobr\u00e9m sv\u011btle. Po cel\u00e9 v\u00e1le\u010dn\u00e9 obdob\u00ed zachovali v\u011brnost rodn\u00e9 zemi. V noci na 26.3.1945 byl na kraji lesa nad Moravskou Svratkou vysazen sov\u011btsk\u00fd partyz\u00e1nsk\u00fd odd\u00edl \u201eVp\u0159ed\u201c pod velen\u00edm majora Nikolaje J. Melni\u010duka- Orla. Tento velitel zorganizoval skupinu \u010desk\u00fdch vlastenc\u016f k boji proti nacist\u016fm a zapsal se v\u00fdznamn\u011b do osvobozovac\u00edch boj\u016f Svratecka. B\u0159ezen, duben a prvn\u00ed kv\u011btnov\u00e9 dny roku 1945 byly lidov\u00fdm ozbrojen\u00fdm vystoupen\u00edm proti okupant\u016fm. N\u011bkolik zdej\u0161\u00edch mu\u017e\u016f ob\u011btovalo sv\u00e9 \u017eivoty za svobodu vlasti. Jejich jm\u00e9na p\u0159ipom\u00edn\u00e1 tak\u00e9 pam\u00e1tn\u00edk na n\u00e1m\u011bst\u00ed. Svratka byla druh\u00fdm m\u011bstem ve v\u00fdchodn\u00edch \u010cech\u00e1ch, kde do\u0161lo 5. kv\u011btna k povst\u00e1n\u00ed. 8.kv\u011btna 1945 N\u011bmecko kapitulovalo a na n\u00e1m\u011bst\u00ed poprv\u00e9 po \u0161esti letech zazn\u011bla na\u0161e hymna. Kdy\u017e 9. kv\u011btna ustupovali N\u011bmci p\u0159es Svratku, bylo sov\u011btsk\u00fdmi letadly bombardov\u00e1no a zap\u00e1leno n\u011bkolik budov \/na jejich m\u00edst\u011b je dnes autobusov\u00e9 n\u00e1dra\u017e\u00ed a n\u00e1m\u011bst\u00ed 9. kv\u011btna\/. 11.kv\u011btna prohl\u00e1sil velitel major Orel \u010dinnost partyz\u00e1n\u016f za skon\u010denou.[\/vc_column_text][\/vc_tta_section][vc_tta_section title=&#8220;Pov\u00e1le\u010dn\u00e1 \u00e9ra&#8220; tab_id=&#8220;1773925157004-ae18b522-507d&#8220;][vc_column_text css=&#8220;&#8220;]Ve volb\u00e1ch v roce 1946 z\u00edskala v\u011bt\u0161inu komunistick\u00e1 strana. S el\u00e1nem se za\u010dalo s pov\u00e1le\u010dnou obnovou. Postavena byla nov\u00e1 \u0161kola (1947-51), koupali\u0161t\u011b a vodovod. V roce 1949 do\u0161lo k \u00fazemn\u00edm zm\u011bn\u00e1m a Svratka byla za\u010dlen\u011bna do nov\u00e9ho okresu Hlinsko. Po dal\u0161\u00edch \u00fazemn\u00edch zm\u011bn\u00e1ch (1960) bylo m\u011bsto p\u0159ipojeno ke \u017e\u010f\u00e1rsk\u00e9mu okresu.<br \/>\nNad hotelem M\u00e1nes vzniklo golfov\u00e9 h\u0159i\u0161t\u011b, jeho\u017e vzhled z velk\u00e9 \u010d\u00e1sti navrhl svrateck\u00fd v\u00fdtvarn\u00edk Alois Chochol\u00e1\u010d. Nov\u00e1 doba v\u0161ak tak\u00e9 vnesla st\u00edn do pov\u00e1le\u010dn\u00e9ho rozkv\u011btu a budov\u00e1n\u00ed. Nastalo obdob\u00ed zest\u00e1t\u0148ov\u00e1n\u00ed drobn\u00fdch \u0159emeslnick\u00fdch d\u00edlen, soukrom\u00fdch obch\u016fdk\u016f, restaurac\u00ed i velk\u00fdch podnik\u016f. Zem\u011bd\u011blci byli nuceni odv\u00e1d\u011bt majetek do velk\u00fdch dru\u017estev. Od roku 1950 se stal Mars n\u00e1rodn\u00edm podnikem.<br \/>\nNa Cik\u00e1nce byl vystav\u011bn kempink s chatkami, dnes \u2013 zna\u010dn\u011b roz\u0161\u00ed\u0159en \u2013 slou\u017e\u00ed jako rekrea\u010dn\u00ed za\u0159\u00edzen\u00ed \u017d\u010fas. Hotel M\u00e1nes se p\u0159i\u0159adil k podniku Interhotely Brno. Svrateck\u00e1 jizba\/mal\u00e9 muzeum o Svratce a jej\u00edm okol\u00ed\/ bohu\u017eel zanikla v roce 1959 \u00famrt\u00edm zakladatelem B. Tu\u010dka, rozpadl se i divadeln\u00ed ochotnick\u00fd soubor Koll\u00e1r\/kolem roku 1976\/.<\/p>\n<p>Na druhou stranu se Svratka v t\u00e9to dob\u011b velmi rozrostla. Rozb\u011bhly se tzv. brig\u00e1dnick\u00e9 stavby v akci Z. Byl postaven stadi\u00f3n (1953), tribuna (1957), budova hasi\u010dsk\u00e9 zbrojnice s kulturn\u00edm st\u0159ediskem (1957-70), budova mate\u0159sk\u00e9 \u0161koly (1977), prodejna Jednota na n\u00e1m\u011bst\u00ed (1974-77), obchodn\u00ed d\u016fm dom\u00e1c\u00edch pot\u0159eb na n\u00e1m\u011bst\u00ed (1976-80), t\u011blocvi\u010dna p\u0159i Z\u0160 (1979-84), nov\u00fd most mezi \u010ceskou a Moravskou Svratkou (1972), vodn\u00ed n\u00e1dr\u017e pod koupali\u0161t\u011bm (1973-83), turistick\u00e1 ubytovna (1987-88), prodejna stavebnin, benz\u00ednov\u00e1 pumpa.<\/p>\n<p>Svratka se roz\u0161i\u0159ovala, vznikaly nov\u00e9 komunikace, rodinn\u00e9 domky (ulice Dru\u017estevn\u00ed, Partyz\u00e1nsk\u00e1, Nad \u0160kolou, Na N\u00e1hon\u011b, Komensk\u00e9ho, T\u00e1borsk\u00e1, \u010cSA, Pl\u00e1\u0148ava, Moravsk\u00e1 Svratka) a tzv. \u201ebytovky\u201c v dru\u017estevn\u00ed v\u00fdstavb\u011b. Uskute\u010dnila se mnoho let pl\u00e1novan\u00e1 dostavba z\u00e1kladn\u00ed \u0161koly (1988-92).<\/p>\n<p>D\u0159\u00edve zak\u00e1zan\u00fd Sokol nalezl sv\u00e9 pokra\u010dovatele v podob\u011b TJ Mars Svratka. Proslulosti dos\u00e1hlo p\u0159edev\u0161\u00edm rychlobruslen\u00ed, kter\u00e9 zde m\u00e1 sv\u00e9 z\u00e1zem\u00ed od 50. let. Velmi \u00fasp\u011b\u0161n\u00ed jsou tak\u00e9 ly\u017ea\u0159i, a to i v celost\u00e1tn\u00edm m\u011b\u0159\u00edtku.[\/vc_column_text][\/vc_tta_section][\/vc_tta_tabs][\/vc_column][vc_column width=&#8220;1\/6&#8243;][vc_column_text css=&#8220;&#8220;]Fotografie[\/vc_column_text][vc_gallery type=&#8220;flexslider_slide&#8220; interval=&#8220;3&#8243; images=&#8220;1641,1617,1616,1615,1614,1613,1612,1611,1610,1609,1608,1606,1604,1602&#8243; img_size=&#8220;600&#215;600&#8243; css=&#8220;&#8220;][\/vc_column][\/vc_row]\n<\/div>","protected":false},"excerpt":{"rendered":"<p>[vc_row][vc_column width=&#8220;5\/6&#8243;][vc_tta_tabs style=&#8220;flat&#8220; color=&#8220;white&#8220; active_section=&#8220;1&#8243; pagination_style=&#8220;outline-square&#8220; css_animation=&#8220;fadeIn&#8220;][vc_tta_section title=&#8220;P\u016fvod&#8220; tab_id=&#8220;1774260992706-cc0a38c1-a290&#8243;][vc_column_text css=&#8220;&#8220;]Starobyl\u00e1 osada dostala n\u00e1zev podle klikatic\u00ed se \u0159\u00ed\u010dky, jej\u00ed\u017e jm\u00e9no se opakuje v\u00edcekr\u00e1t ve star\u00fdch archivn\u00edch zpr\u00e1v\u00e1ch s r\u016fzn\u00fdmi obm\u011bnami. P\u016fvod a v\u00fdznam jm\u00e9na byl v minulosti r\u016fzn\u011b vykl\u00e1d\u00e1n. P\u0159idr\u017e\u00edme-li se oby\u010deje slovansk\u00e9ho pojmenov\u00e1n\u00ed \u0159ek, pak je nejv\u00fd\u0161 pravd\u011bpodobn\u00e9, \u017ee jm\u00e9no vzniklo od staro\u010desk\u00e9ho slova sworti, [&hellip;]<\/p>\n","protected":false},"author":1,"featured_media":0,"parent":0,"menu_order":0,"comment_status":"closed","ping_status":"closed","template":"","meta":{"footnotes":""},"class_list":["post-211","page","type-page","status-publish","hentry"],"_links":{"self":[{"href":"https:\/\/www.svratka.cz\/index.php?rest_route=\/wp\/v2\/pages\/211","targetHints":{"allow":["GET"]}}],"collection":[{"href":"https:\/\/www.svratka.cz\/index.php?rest_route=\/wp\/v2\/pages"}],"about":[{"href":"https:\/\/www.svratka.cz\/index.php?rest_route=\/wp\/v2\/types\/page"}],"author":[{"embeddable":true,"href":"https:\/\/www.svratka.cz\/index.php?rest_route=\/wp\/v2\/users\/1"}],"replies":[{"embeddable":true,"href":"https:\/\/www.svratka.cz\/index.php?rest_route=%2Fwp%2Fv2%2Fcomments&post=211"}],"version-history":[{"count":41,"href":"https:\/\/www.svratka.cz\/index.php?rest_route=\/wp\/v2\/pages\/211\/revisions"}],"predecessor-version":[{"id":10037,"href":"https:\/\/www.svratka.cz\/index.php?rest_route=\/wp\/v2\/pages\/211\/revisions\/10037"}],"wp:attachment":[{"href":"https:\/\/www.svratka.cz\/index.php?rest_route=%2Fwp%2Fv2%2Fmedia&parent=211"}],"curies":[{"name":"wp","href":"https:\/\/api.w.org\/{rel}","templated":true}]}}