{"id":2079,"date":"2016-02-21T12:53:10","date_gmt":"2016-02-21T11:53:10","guid":{"rendered":"http:\/\/www.svratka.cz\/?page_id=2079"},"modified":"2016-02-21T12:53:10","modified_gmt":"2016-02-21T11:53:10","slug":"katerinske-trhy","status":"publish","type":"page","link":"https:\/\/www.svratka.cz\/?page_id=2079","title":{"rendered":"Kate\u0159insk\u00e9 trhy"},"content":{"rendered":"<p>17. Kate\u0159insk\u00e9 trhy ve Svratce se budou konat v sobotu 23.11.2024. P\u0159ihl\u00e1\u0161ky na trhy jsou p\u0159ij\u00edm\u00e1ny pouze e-mailem: <a href=\"mailto:mudroch@svratka.cz\">mudroch@svratka.cz<\/a>\u00a0nebo p\u0159es webtr\u017ei\u0161t\u011b.<\/p>\n<p>&nbsp;<\/p>\n<p><span style=\"font-size: 10pt;\"><strong><u>\u0158\u00e1d Kate\u0159insk\u00fdch trh\u016f ve Svratce<\/u><\/strong><\/span><\/p>\n<p><span style=\"font-size: 10pt;\">1) <strong>Prodejn\u00ed (tr\u017en\u00ed m\u00edsto) ur\u010duje z\u00e1stupce provozovatele trh\u016f (organiz\u00e1tor<\/strong>). Rozm\u00edst\u011bn\u00ed st\u00e1nk\u016f je d\u00e1no pl\u00e1nkem, kter\u00fd m\u00e1 organiz\u00e1tor trh\u016f.<\/span><\/p>\n<p><span style=\"font-size: 10pt;\">2) Prodejn\u00edm m\u00edstem se rozum\u00ed zejm\u00e9na st\u00e1nek, motorov\u00e9 vozidlo, je-li k\u00a0tomu upraveno, n\u00e1v\u011bs nebo p\u0159enosn\u00e9 za\u0159\u00edzen\u00ed \u2013 st\u016fl, lavice apod. Pokud m\u00e1 prodejce vlastn\u00ed prodejn\u00ed za\u0159\u00edzen\u00ed, mus\u00ed b\u00fdt zhotoven\u00e9 ze zdravotn\u011b nez\u00e1vadn\u00e9ho a dob\u0159e \u010distiteln\u00e9ho materi\u00e1lu.<\/span><\/p>\n<p><span style=\"font-size: 10pt;\">3) Prodejn\u00ed m\u00edsto mus\u00ed b\u00fdt na vhodn\u00e9m, trvale viditeln\u00e9m m\u00edst\u011b ozna\u010deno jm\u00e9nem a p\u0159\u00edjmen\u00edm, pop\u0159\u00edpad\u011b obchodn\u00ed firmou provozovatele \u2013 fyzick\u00e9 osoby nebo n\u00e1zvem, pop\u0159\u00edpad\u011b obchodn\u00ed firmou u provozovatele \u2013 pr\u00e1vnick\u00e9 osoby a identifika\u010dn\u00edm \u010d\u00edslem provozovatele.<\/span><\/p>\n<p><span style=\"font-size: 10pt;\">4) <strong>Organiz\u00e1tor je opr\u00e1vn\u011bn nepovolit p\u0159\u00edtomnost na Kate\u0159insk\u00fdch trz\u00edch t\u011bm, kte\u0159\u00ed se nep\u0159ihl\u00e1sili k \u00fa\u010dasti v\u010das a v po\u017eadovan\u00e9m term\u00ednu<\/strong>. Nep\u0159ihl\u00e1\u0161en\u00e9 st\u00e1nky je organiz\u00e1tor opr\u00e1vn\u011bn, ve spolupr\u00e1ci s\u00a0Polici\u00ed \u010cR, vyk\u00e1zat z\u00a0trh\u016f.<\/span><\/p>\n<p><span style=\"font-size: 10pt;\">5) Kone\u010dn\u00e9 slovo p\u0159i povolen\u00ed prodeje m\u00e1 v\u017edy provozovatel. <strong>P<\/strong><strong>rodejce je povinen dodr\u017eovat Tr\u017en\u00ed \u0159\u00e1d Kate\u0159insk\u00fdch trh\u016f a obsadit pouze takov\u00e9 prodejn\u00ed m\u00edsto (st\u00e1nek), kter\u00e9 mu bylo p\u0159id\u011bleno organiz\u00e1torem.<\/strong><\/span><\/p>\n<p><span style=\"font-size: 10pt;\">6) Prodejn\u00ed doba je stanovena od 8.00 do 15.00 hodin.<\/span><\/p>\n<p><span style=\"font-size: 10pt;\">7) V\u00a0den kon\u00e1n\u00ed trhu lze zah\u00e1jit nav\u00e1\u017een\u00ed zbo\u017e\u00ed nejd\u0159\u00edve v\u00a06.30 hodin, po schv\u00e1len\u00ed m\u00edsta organiz\u00e1torem. Vyklizen\u00ed m\u00edsta je t\u0159eba prov\u00e9st nejpozd\u011bji do 17.00 hodin. V\u00a0prostor\u00e1ch trh\u016f je mo\u017en\u00e9 pouze vylo\u017een\u00ed a nalo\u017een\u00ed zbo\u017e\u00ed. Parkov\u00e1n\u00ed vozidel v\u010detn\u011b p\u0159\u00edv\u011bs\u016f je mo\u017en\u00e9 pouze na parkovi\u0161t\u00edch mimo vlastn\u00ed tr\u017ei\u0161t\u011b.<\/span><\/p>\n<p><span style=\"font-size: 10pt;\">8) <strong>Prodejce je povinen na m\u00edst\u011b setrvat a\u017e do skon\u010den\u00ed prodejn\u00ed doby tedy do 15.00 hodin<\/strong>. V\u00a0p\u0159\u00edpad\u011b vyprod\u00e1n\u00ed z\u00e1sob se prodejce dohodne se spr\u00e1vcem tr\u017ei\u0161t\u011b na jin\u00e9m postupu.<\/span><\/p>\n<p><span style=\"font-size: 10pt;\">9) Pokud si prodejce rezervoval prodejn\u00ed m\u00edsto a neobsad\u00ed jej do 8 hodin, bude poskytnuto jin\u00e9mu prodejci.<\/span><\/p>\n<p><span style=\"font-size: 10pt;\">10) Na Kate\u0159insk\u00fdch trz\u00edch je mo\u017en\u00e9 prod\u00e1vat v\u00fdhradn\u011b zbo\u017e\u00ed, kter\u00e9 tematicky odpov\u00edd\u00e1 charakteru \u0159emesln\u00fdch a farm\u00e1\u0159sk\u00fdch\u00a0trh\u016f. Organiz\u00e1tor up\u0159ednost\u0148uje tradi\u010dn\u00ed \u0159emesla s\u00a0p\u0159edv\u00e1d\u011bn\u00edm \u0159emesla a farm\u00e1\u0159sk\u00e9 zbo\u017e\u00ed.<\/span><\/p>\n<p><span style=\"font-size: 10pt;\">11) <strong>Organiz\u00e1tor si vyhrazuje pr\u00e1vo posoudit prodejn\u00ed sortiment a nevhodn\u00fd sortiment nebo jeho \u010d\u00e1st z\u00a0prodeje vylou\u010dit<\/strong>.<\/span><\/p>\n<p><span style=\"font-size: 10pt;\">12) Prodejci jsou povinni dodr\u017eovat ustanoven\u00ed z\u00e1kona o \u017eivnostensk\u00e9m podnik\u00e1n\u00ed, pokud se na n\u011b vztahuje. V\u0161ichni prodejci jsou povinni dodr\u017eovat ustanoven\u00ed z\u00e1kona o zem\u011bd\u011blstv\u00ed, hygienick\u00e9 a veterin\u00e1rn\u00ed p\u0159edpisy. Osoby prod\u00e1vaj\u00edc\u00ed potravin\u00e1\u0159sk\u00e9 zbo\u017e\u00ed mus\u00ed m\u00edt u sebe platn\u00fd zdravotn\u00ed pr\u016fkaz, mus\u00ed dodr\u017eovat hygienick\u00e9 p\u0159edpisy a odpov\u00eddaj\u00ed za zdravotn\u00ed nez\u00e1vadnost zbo\u017e\u00ed.<\/span><\/p>\n<p><span style=\"font-size: 10pt;\">13) V\u00a0p\u0159\u00edpad\u011b prodeje alkoholick\u00fdch n\u00e1poj\u016f um\u00edstit na st\u00e1nku tabulku s\u00a0textem z\u00e1kazu jejich prodeje osob\u00e1m mlad\u0161\u00edm 18 let.<\/span><\/p>\n<p><span style=\"font-size: 10pt;\">14) Prodejce nesm\u00ed o zbo\u017e\u00ed uv\u00e1d\u011bt nepravdiv\u00e9 \u00fadaje, ani nesm\u00ed doch\u00e1zet ke klam\u00e1n\u00ed spot\u0159ebitele jin\u00fdm zp\u016fsobem.<\/span><\/p>\n<p><span style=\"font-size: 10pt;\">15) <strong>Prodejce je povinen udr\u017eovat prodejn\u00ed m\u00edsto a jeho okol\u00ed v\u00a0\u010distot\u011b, pr\u016fb\u011b\u017en\u011b odstra\u0148ovat odpad i obaly ze zbo\u017e\u00ed na ur\u010den\u00e9 m\u00edsto podle jednotliv\u00fdch druh\u016f a kategori\u00ed odpad\u016f a zanechat stanovi\u0161t\u011b po skon\u010den\u00ed prodeje \u010dist\u00e9 a uklizen\u00e9. <\/strong><\/span><\/p>\n<p><span style=\"font-size: 10pt;\">16) Prodejce je zodpov\u011bdn\u00fd za v\u0161echny \u0161kody, kter\u00e9 s\u00e1m nebo jeho pomocn\u00edci zavin\u00ed na majetku m\u011bsta Svratky nebo majetku dal\u0161\u00edch dot\u010den\u00fdch subjekt\u016f.<\/span><\/p>\n<p><span style=\"font-size: 10pt;\">17) <strong>P\u0159ihla\u0161ov\u00e1n\u00ed na trhy je mo\u017en\u00e9 pouze e-mailem: <\/strong><strong><a href=\"mailto:mudroch@svratka.cz\">mudroch@svratka.cz<\/a><\/strong><strong> nebo p\u0159es webtr\u017ei\u0161t\u011b<\/strong>. Telefonick\u00e9 p\u0159ihl\u00e1\u0161ky nebudou akceptov\u00e1ny.<\/span><\/p>\n<p><span style=\"font-size: 10pt;\">18) Organiza\u010dn\u00ed poplatek \u010din\u00ed:\u00a0\u00a0\u00a0\u00a0\u00a0\u00a0\u00a0\u00a0\u00a0\u00a0 prodejn\u00ed m\u00edsto do 3 m d\u00e9lky: 100,-K\u010d<\/span><\/p>\n<p><span style=\"font-size: 10pt;\">\u00a0\u00a0\u00a0\u00a0\u00a0\u00a0\u00a0\u00a0\u00a0\u00a0\u00a0\u00a0\u00a0\u00a0\u00a0\u00a0\u00a0\u00a0\u00a0\u00a0\u00a0\u00a0\u00a0\u00a0\u00a0\u00a0\u00a0\u00a0\u00a0\u00a0\u00a0\u00a0\u00a0\u00a0\u00a0\u00a0\u00a0\u00a0\u00a0\u00a0\u00a0\u00a0\u00a0\u00a0\u00a0\u00a0\u00a0\u00a0\u00a0\u00a0\u00a0\u00a0\u00a0\u00a0\u00a0\u00a0\u00a0\u00a0 prodejn\u00ed m\u00edsto nad 3 m d\u00e9lky: 200,-K\u010d<\/span><\/p>\n<p><span style=\"font-size: 10pt;\">\u00a0\u00a0\u00a0\u00a0\u00a0\u00a0\u00a0\u00a0\u00a0\u00a0\u00a0\u00a0\u00a0\u00a0\u00a0\u00a0\u00a0\u00a0\u00a0\u00a0\u00a0\u00a0\u00a0\u00a0\u00a0\u00a0\u00a0\u00a0\u00a0\u00a0\u00a0\u00a0\u00a0\u00a0\u00a0\u00a0\u00a0\u00a0\u00a0\u00a0\u00a0\u00a0\u00a0\u00a0\u00a0\u00a0\u00a0\u00a0\u00a0\u00a0\u00a0\u00a0\u00a0\u00a0\u00a0\u00a0\u00a0\u00a0 prodejce ob\u010derstven\u00ed: 500,-K\u010d<\/span><\/p>\n<p><span style=\"font-size: 10pt;\">\u00a0\u00a0\u00a0\u00a0\u00a0\u00a0\u00a0\u00a0\u00a0\u00a0\u00a0\u00a0\u00a0\u00a0\u00a0\u00a0\u00a0\u00a0\u00a0\u00a0\u00a0\u00a0\u00a0\u00a0\u00a0\u00a0\u00a0\u00a0\u00a0\u00a0\u00a0\u00a0\u00a0\u00a0 \u0159emesln\u00edci, p\u0159edv\u00e1d\u011bj\u00edc\u00ed sv\u00e9 \u0159emeslo: bez organiza\u010dn\u00edho poplatku<\/span><\/p>\n<p><span style=\"font-size: 10pt;\">\u00a0\u00a0\u00a0\u00a0\u00a0\u00a0\u00a0\u00a0\u00a0\u00a0\u00a0\u00a0\u00a0\u00a0\u00a0\u00a0\u00a0\u00a0\u00a0\u00a0\u00a0\u00a0\u00a0\u00a0\u00a0\u00a0\u00a0\u00a0\u00a0\u00a0\u00a0\u00a0\u00a0\u00a0\u00a0\u00a0\u00a0\u00a0\u00a0\u00a0\u00a0\u00a0\u00a0\u00a0\u00a0\u00a0\u00a0\u00a0\u00a0\u00a0\u00a0\u00a0\u00a0\u00a0\u00a0\u00a0\u00a0\u00a0 p\u0159ipojen\u00ed k elektrick\u00e9 s\u00edti: 150,-K\u010d<\/span><\/p>\n<p><span style=\"font-size: 10pt;\">19) Po zasl\u00e1n\u00ed z\u00e1vazn\u00e9 p\u0159ihl\u00e1\u0161ky a jej\u00edm potvrzen\u00ed po\u0159adatelem za\u0161le \u00fa\u010dastn\u00edk organiza\u010dn\u00ed poplatek nejpozd\u011bji do jednoho m\u011bs\u00edce po zasl\u00e1n\u00ed p\u0159ihl\u00e1\u0161ky (\u010d\u00edslo \u00fa\u010dtu V\u00e1m bude zasl\u00e1no po z\u00e1vazn\u00e9 p\u0159ihl\u00e1\u0161ce obratem)<strong>. <\/strong>Po dohod\u011b lze zaplatit organiza\u010dn\u00ed poplatek na m\u00edst\u011b p\u0159ed kon\u00e1n\u00edm trh\u016f. Pokud nebude poplatek ve stanoven\u00e9 dob\u011b uhrazen, bude p\u0159ihl\u00e1\u0161ka pova\u017eov\u00e1na za zru\u0161enou. Po uhrazen\u00ed poplatku bude zasl\u00e1no definitivn\u00ed potvrzen\u00ed \u00fa\u010dasti.<\/span><\/p>\n<p><strong><span style=\"font-size: 10pt;\">V p\u0159\u00edpad\u011b ne\u00fa\u010dasti se poplatek nevrac\u00ed.<\/span><\/strong><\/p>\n<p><span style=\"font-size: 10pt;\"><u>Po\u0159adatel a organiz\u00e1tor Kate\u0159insk\u00fdch trh\u016f<\/u>:<\/span><\/p>\n<p><span style=\"font-size: 10pt;\">M\u011bsto Svratka, Palack\u00e9ho 30, 592 02 Svratka, I\u010cO 00295531<\/span><\/p>\n<p><span style=\"font-size: 10pt;\"><u>Osoba, pov\u011b\u0159en\u00e1 organizov\u00e1n\u00edm Kate\u0159insk\u00fdch trh\u016f<\/u>:<\/span><\/p>\n<p><span style=\"font-size: 10pt;\">Mgr. Martin Mudroch, mudroch@svratka.cz<\/span><\/p>\n","protected":false},"excerpt":{"rendered":"<p>17. Kate\u0159insk\u00e9 trhy ve Svratce se budou konat v sobotu 23.11.2024. P\u0159ihl\u00e1\u0161ky na trhy jsou p\u0159ij\u00edm\u00e1ny pouze e-mailem: mudroch@svratka.cz\u00a0nebo p\u0159es webtr\u017ei\u0161t\u011b. &nbsp; \u0158\u00e1d Kate\u0159insk\u00fdch trh\u016f ve Svratce 1) Prodejn\u00ed (tr\u017en\u00ed m\u00edsto) ur\u010duje z\u00e1stupce provozovatele trh\u016f (organiz\u00e1tor). Rozm\u00edst\u011bn\u00ed st\u00e1nk\u016f je d\u00e1no pl\u00e1nkem, kter\u00fd m\u00e1 organiz\u00e1tor trh\u016f. 2) Prodejn\u00edm m\u00edstem se rozum\u00ed zejm\u00e9na st\u00e1nek, motorov\u00e9 vozidlo, je-li [&hellip;]<\/p>\n","protected":false},"author":2,"featured_media":0,"parent":0,"menu_order":0,"comment_status":"closed","ping_status":"closed","template":"","meta":{"footnotes":""},"class_list":["post-2079","page","type-page","status-publish","hentry"],"_links":{"self":[{"href":"https:\/\/www.svratka.cz\/index.php?rest_route=\/wp\/v2\/pages\/2079","targetHints":{"allow":["GET"]}}],"collection":[{"href":"https:\/\/www.svratka.cz\/index.php?rest_route=\/wp\/v2\/pages"}],"about":[{"href":"https:\/\/www.svratka.cz\/index.php?rest_route=\/wp\/v2\/types\/page"}],"author":[{"embeddable":true,"href":"https:\/\/www.svratka.cz\/index.php?rest_route=\/wp\/v2\/users\/2"}],"replies":[{"embeddable":true,"href":"https:\/\/www.svratka.cz\/index.php?rest_route=%2Fwp%2Fv2%2Fcomments&post=2079"}],"version-history":[{"count":0,"href":"https:\/\/www.svratka.cz\/index.php?rest_route=\/wp\/v2\/pages\/2079\/revisions"}],"wp:attachment":[{"href":"https:\/\/www.svratka.cz\/index.php?rest_route=%2Fwp%2Fv2%2Fmedia&parent=2079"}],"curies":[{"name":"wp","href":"https:\/\/api.w.org\/{rel}","templated":true}]}}