{"id":189,"date":"2015-05-14T11:47:13","date_gmt":"2015-05-14T15:47:13","guid":{"rendered":"http:\/\/demos.volovar.net\/townpress.wp\/demo\/?page_id=189"},"modified":"2015-05-14T11:47:13","modified_gmt":"2015-05-14T15:47:13","slug":"town-council","status":"publish","type":"page","link":"https:\/\/www.svratka.cz\/?page_id=189","title":{"rendered":"Zastupitelstvo m\u011bsta"},"content":{"rendered":"<p><center><\/p>\n<table style=\"width: 59.6119%; height: 432px;\" border=\"1\" cellspacing=\"0\" cellpadding=\"3\" bgcolor=\"#ffffff\">\n<tbody>\n<tr style=\"height: 24px;\">\n<td style=\"width: 22.9097%; height: 24px;\" bgcolor=\"#008000\"><b>Jm\u00e9no<\/b><\/td>\n<td style=\"width: 37.6254%; text-align: center; height: 24px;\" bgcolor=\"#008000\"><b>funkce<\/b><\/td>\n<td style=\"width: 39.1304%; height: 24px;\" bgcolor=\"#008000\"><b>email<\/b><\/td>\n<\/tr>\n<tr style=\"height: 24px;\">\n<td style=\"width: 22.9097%; height: 24px;\">Ing. Petr \u0158\u00e1dek<\/td>\n<td style=\"width: 37.6254%; height: 24px;\">starosta, \u010dlen rady<\/td>\n<td style=\"width: 39.1304%; height: 24px;\"><a href=\"mailto:starosta@svratka.cz\">starosta@svratka.cz<\/a><\/td>\n<\/tr>\n<tr style=\"height: 24px;\">\n<td style=\"width: 22.9097%; height: 24px;\">Franti\u0161ek Ml\u00e1dek<\/td>\n<td style=\"width: 37.6254%; height: 24px;\">m\u00edstostarosta, \u010dlen rady<\/td>\n<td style=\"width: 39.1304%; height: 24px;\"><a href=\"mailto:mistostarosta@svratka.cz\">mistostarosta@svratka.cz<\/a><\/td>\n<\/tr>\n<tr style=\"height: 24px;\">\n<td style=\"width: 22.9097%; height: 24px;\">Mgr. Pavel Makovsk\u00fd<\/td>\n<td style=\"width: 37.6254%; height: 24px;\">\u010dlen rady<\/td>\n<td style=\"width: 39.1304%; height: 24px;\">\u00a0<\/td>\n<\/tr>\n<tr style=\"height: 24px;\">\n<td style=\"width: 22.9097%; height: 24px;\">Zden\u011bk Vojta<\/td>\n<td style=\"width: 37.6254%; height: 24px;\">\u010dlen rady, p\u0159edseda finan\u010dn\u00edho v\u00fdboru<\/td>\n<td style=\"width: 39.1304%; height: 24px;\">\u00a0<\/td>\n<\/tr>\n<tr style=\"height: 48px;\">\n<td style=\"width: 22.9097%; height: 48px;\">Jan Ml\u00e1dek<\/td>\n<td style=\"width: 37.6254%; height: 48px;\">\u010dlen rady, p\u0159edseda komise \u017eivotn\u00edho prost\u0159ed\u00ed<\/td>\n<td style=\"width: 39.1304%; height: 48px;\">\u00a0<\/td>\n<\/tr>\n<tr style=\"height: 24px;\">\n<td style=\"width: 22.9097%; height: 24px;\">Petr Bure\u0161<\/td>\n<td style=\"width: 37.6254%; height: 24px;\">zastupitel<\/td>\n<td style=\"width: 39.1304%; height: 24px;\">\u00a0<\/td>\n<\/tr>\n<tr style=\"height: 24px;\">\n<td style=\"width: 22.9097%; height: 24px;\">V\u00edt Ehrenberger<\/td>\n<td style=\"width: 37.6254%; height: 24px;\">zastupitel<\/td>\n<td style=\"width: 39.1304%; height: 24px;\">\u00a0<\/td>\n<\/tr>\n<tr style=\"height: 24px;\">\n<td style=\"width: 22.9097%; height: 24px;\">Ing. Igor Fiala<\/td>\n<td style=\"width: 37.6254%; height: 24px;\">zastupitel<\/td>\n<td style=\"width: 39.1304%; height: 24px;\">\u00a0<\/td>\n<\/tr>\n<tr style=\"height: 24px;\">\n<td style=\"width: 22.9097%; height: 24px;\">Jan Gregor<\/td>\n<td style=\"width: 37.6254%; height: 24px;\">zastupitel<\/td>\n<td style=\"width: 39.1304%; height: 24px;\">\u00a0<\/td>\n<\/tr>\n<tr style=\"height: 48px;\">\n<td style=\"width: 22.9097%; height: 48px;\">Ludmila Mayerov\u00e1<\/td>\n<td style=\"width: 37.6254%; height: 48px;\">zastupitelka, p\u0159edsedkyn\u011b kontroln\u00edho v\u00fdboru<\/td>\n<td style=\"width: 39.1304%; height: 48px;\">\u00a0<\/td>\n<\/tr>\n<tr style=\"height: 24px;\">\n<td style=\"width: 22.9097%; height: 24px;\">Ing. Michal Mou\u010dka<\/td>\n<td style=\"width: 37.6254%; height: 24px;\">zastupitel<\/td>\n<td style=\"width: 39.1304%; height: 24px;\">\u00a0<\/td>\n<\/tr>\n<tr style=\"height: 24px;\">\n<td style=\"width: 22.9097%; height: 24px;\">Mgr. Martin Mudroch<\/td>\n<td style=\"width: 37.6254%; height: 24px;\">zastupitel, p\u0159edseda kulturn\u00ed komise<\/td>\n<td style=\"width: 39.1304%; height: 24px;\">\u00a0<\/td>\n<\/tr>\n<tr style=\"height: 24px;\">\n<td style=\"width: 22.9097%; height: 24px;\">Irena \u0158\u00e1dkov\u00e1<\/td>\n<td style=\"width: 37.6254%; height: 24px;\">zastupitelka<\/td>\n<td style=\"width: 39.1304%; height: 24px;\">\u00a0<\/td>\n<\/tr>\n<tr style=\"height: 24px;\">\n<td style=\"width: 22.9097%; height: 24px;\">Blanka S\u00e1dovsk\u00e1<\/td>\n<td style=\"width: 37.6254%; height: 24px;\">zastupitelka<\/td>\n<td style=\"width: 39.1304%; height: 24px;\">\u00a0<\/td>\n<\/tr>\n<tr style=\"height: 24px;\">\n<td style=\"width: 22.9097%; height: 24px;\">Ing. Jan V\u00edtek<\/td>\n<td style=\"width: 37.6254%; height: 24px;\">zastupitel<\/td>\n<td style=\"width: 39.1304%; height: 24px;\">\u00a0<\/td>\n<\/tr>\n<\/tbody>\n<\/table>\n<p><\/center><\/p>\n<p>&nbsp;<\/p>\n","protected":false},"excerpt":{"rendered":"<p>Jm\u00e9no funkce email Ing. Petr \u0158\u00e1dek starosta, \u010dlen rady starosta@svratka.cz Franti\u0161ek Ml\u00e1dek m\u00edstostarosta, \u010dlen rady mistostarosta@svratka.cz Mgr. Pavel Makovsk\u00fd \u010dlen rady \u00a0 Zden\u011bk Vojta \u010dlen rady, p\u0159edseda finan\u010dn\u00edho v\u00fdboru \u00a0 Jan Ml\u00e1dek \u010dlen rady, p\u0159edseda komise \u017eivotn\u00edho prost\u0159ed\u00ed \u00a0 Petr Bure\u0161 zastupitel \u00a0 V\u00edt Ehrenberger zastupitel \u00a0 Ing. Igor Fiala zastupitel \u00a0 Jan Gregor zastupitel [&hellip;]<\/p>\n","protected":false},"author":1,"featured_media":0,"parent":0,"menu_order":0,"comment_status":"closed","ping_status":"closed","template":"","meta":{"footnotes":""},"class_list":["post-189","page","type-page","status-publish","hentry"],"_links":{"self":[{"href":"https:\/\/www.svratka.cz\/index.php?rest_route=\/wp\/v2\/pages\/189","targetHints":{"allow":["GET"]}}],"collection":[{"href":"https:\/\/www.svratka.cz\/index.php?rest_route=\/wp\/v2\/pages"}],"about":[{"href":"https:\/\/www.svratka.cz\/index.php?rest_route=\/wp\/v2\/types\/page"}],"author":[{"embeddable":true,"href":"https:\/\/www.svratka.cz\/index.php?rest_route=\/wp\/v2\/users\/1"}],"replies":[{"embeddable":true,"href":"https:\/\/www.svratka.cz\/index.php?rest_route=%2Fwp%2Fv2%2Fcomments&post=189"}],"version-history":[{"count":0,"href":"https:\/\/www.svratka.cz\/index.php?rest_route=\/wp\/v2\/pages\/189\/revisions"}],"wp:attachment":[{"href":"https:\/\/www.svratka.cz\/index.php?rest_route=%2Fwp%2Fv2%2Fmedia&parent=189"}],"curies":[{"name":"wp","href":"https:\/\/api.w.org\/{rel}","templated":true}]}}