{"id":1819,"date":"2016-01-31T12:31:57","date_gmt":"2016-01-31T11:31:57","guid":{"rendered":"http:\/\/www.svratka.cz\/?page_id=1819"},"modified":"2026-03-24T19:12:51","modified_gmt":"2026-03-24T18:12:51","slug":"poplatky","status":"publish","type":"page","link":"https:\/\/www.svratka.cz\/?page_id=1819","title":{"rendered":"Poplatky"},"content":{"rendered":"<div class=\"wpb-content-wrapper\"><p>[vc_row][vc_column][\/vc_column][\/vc_row][vc_row][vc_column][vc_tta_tabs][vc_tta_section title=&#8220;Komun\u00e1ln\u00ed odpad&#8220; tab_id=&#8220;1774289920050-7778ead3-d968&#8243;][vc_column_text css=&#8220;&#8220;]<b><u>Poplatek za provoz a shroma\u017e\u010fov\u00e1n\u00ed komun\u00e1ln\u00edho odpadu (od 1.1.2024):<br \/>\n<\/u><\/b><\/p>\n<p>Sazba poplatku za ob\u010dana s trval\u00fdm pobytem ve Svratce je 1000 K\u010d.<\/p>\n<p>Poplatek m\u016f\u017ee b\u00fdt uhrazen p\u0159evodem na \u00fa\u010det m\u011bsta \u010d. 212510512\/0600, variabiln\u00ed symbol 1340, specifick\u00fd symbol \u2013 \u010d\u00edslo popisn\u00e9.<\/p>\n<p>Sazba poplatku za nemovitost slou\u017e\u00edc\u00ed k rekreaci je 1000 K\u010d.<\/p>\n<p>Poplatek m\u016f\u017ee b\u00fdt uhrazen p\u0159evodem na \u00fa\u010det m\u011bsta \u010d. 212510512\/0600, variabiln\u00ed symbol 1345, specifick\u00fd symbol \u2013 \u010d\u00edslo popisn\u00e9.<\/p>\n<p>Term\u00edn splatnosti poplatku je ke dni\u00a0 31. 5.[\/vc_column_text][\/vc_tta_section][vc_tta_section title=&#8220;Pes&#8220; tab_id=&#8220;1774289920054-500f690f-6d4c&#8220;][vc_column_text css=&#8220;&#8220;]<b><u>Poplatek za psy (platn\u00e9 od 1.1.2020):<\/u><\/b><\/p>\n<p>Poplatek \u010din\u00ed 400,-K\u010d, za ka\u017ed\u00e9ho dal\u0161\u00edho psa t\u00e9ho\u017e dr\u017eitele 600.-K\u010d.<\/p>\n<p>Za psa, jeho\u017e dr\u017eitelem je osoba star\u0161\u00ed 65 let se plat\u00ed 200.-K\u010d, za ka\u017ed\u00e9ho dal\u0161\u00edho psa t\u00e9ho\u017e dr\u017eitele\u00a0 300,-K\u010d.<\/p>\n<p>Poplatek je t\u0159eba uhradit ka\u017edoro\u010dn\u011b do 31.3.<\/p>\n<p>\u010c\u00edslo \u00fa\u010dtu pro poplatky za psy z\u016fst\u00e1v\u00e1 stejn\u00e9: 2227751\/0100.[\/vc_column_text][\/vc_tta_section][vc_tta_section title=&#8220;Hrob&#8220; tab_id=&#8220;1774290141056-5f32cbb8-039a&#8220;][vc_column_text css=&#8220;&#8220;]<u><b>Poplatek za pron\u00e1jem a u\u017e\u00edv\u00e1n\u00ed hrobov\u00fdch m\u00edst: <\/b><\/u>(Na\u0159\u00edzen\u00ed m\u011bsta Svratky \u010d.6\/2011)<\/p>\n<p>\u00dahrada ceny za hrobov\u00e9 m\u00edsto se prov\u00e1d\u00ed p\u0159edem a to na min. 5 let a max. 10 let.<\/p>\n<p>Celkov\u00e1 plocha a cena\u00a0pron\u00e1jmu \u2013 hrob, hrobka: zapo\u010dten\u00e1 pronajat\u00e1 plocha: 2 m2\u00a0\u2013 8.-K\u010d \/rok\/m2<\/p>\n<p>dvouhrob, dvouhrobka: zapo\u010dten\u00e1 pronajat\u00e1 plocha:\u00a0 4 m2 \u2013 16.-K\u010d\/rok\/m2<\/p>\n<p>urnov\u00fd hrob: zapo\u010dten\u00e1 pronajat\u00e1 plocha:\u00a0 1 m2 \u2013 4.-K\u010d \/ rok \/ m2<\/p>\n<p>Maxim\u00e1ln\u00ed cena za slu\u017eby \u010din\u00ed v\u010detn\u011b v\u0161ech dan\u00ed a poplatk\u016f:<\/p>\n<p>hrob, hrobka:\u00a0120.-K\u010d \/ rok<\/p>\n<p>dvouhrob, dvouhrobka:\u00a0 180.-K\u010d\/rok<\/p>\n<p>urnov\u00fd hrob: 60.-K\u010d \/ rok[\/vc_column_text][\/vc_tta_section][vc_tta_section title=&#8220;Pobyt&#8220; tab_id=&#8220;1774290199804-6b7ced73-8a81&#8243;][vc_column_text css=&#8220;&#8220;]<b><u>M\u00edstn\u00ed poplatek z pobytu: <\/u><\/b><\/p>\n<p>OZV 2\/2023 s \u00fa\u010dinnost\u00ed od 1.1.2024 o m\u00edstn\u00edm poplatku z pobytu. Sazba poplatku je 30 K\u010d za ka\u017ed\u00fd zapo\u010dat\u00fd den.[\/vc_column_text][\/vc_tta_section][vc_tta_section title=&#8220;Ve\u0159ejn\u00e9 prostranstv\u00ed&#8220; tab_id=&#8220;1774290251869-a2dfe04f-1c69&#8243;][vc_column_text css=&#8220;&#8220;]<b><u>Poplatek za u\u017e\u00edv\u00e1n\u00ed ve\u0159ejn\u00e9ho prostranstv\u00ed:<\/u><\/b><\/p>\n<p>podrobn\u00fd rozpis je uveden v obecn\u011b z\u00e1vazn\u00e9 vyhl\u00e1\u0161ce m\u011bsta Svratky \u010d.3\/2011 o m\u00edstn\u00edch poplatc\u00edch[\/vc_column_text][\/vc_tta_section][\/vc_tta_tabs][\/vc_column][\/vc_row]\n<\/div>","protected":false},"excerpt":{"rendered":"<p>[vc_row][vc_column][\/vc_column][\/vc_row][vc_row][vc_column][vc_tta_tabs][vc_tta_section title=&#8220;Komun\u00e1ln\u00ed odpad&#8220; tab_id=&#8220;1774289920050-7778ead3-d968&#8243;][vc_column_text css=&#8220;&#8220;]Poplatek za provoz a shroma\u017e\u010fov\u00e1n\u00ed komun\u00e1ln\u00edho odpadu (od 1.1.2024): Sazba poplatku za ob\u010dana s trval\u00fdm pobytem ve Svratce je 1000 K\u010d. Poplatek m\u016f\u017ee b\u00fdt uhrazen p\u0159evodem na \u00fa\u010det m\u011bsta \u010d. 212510512\/0600, variabiln\u00ed symbol 1340, specifick\u00fd symbol \u2013 \u010d\u00edslo popisn\u00e9. Sazba poplatku za nemovitost slou\u017e\u00edc\u00ed k rekreaci je 1000 K\u010d. Poplatek m\u016f\u017ee [&hellip;]<\/p>\n","protected":false},"author":2,"featured_media":0,"parent":0,"menu_order":0,"comment_status":"closed","ping_status":"closed","template":"page-templates\/sidebar-right.php","meta":{"footnotes":""},"class_list":["post-1819","page","type-page","status-publish","hentry"],"_links":{"self":[{"href":"https:\/\/www.svratka.cz\/index.php?rest_route=\/wp\/v2\/pages\/1819","targetHints":{"allow":["GET"]}}],"collection":[{"href":"https:\/\/www.svratka.cz\/index.php?rest_route=\/wp\/v2\/pages"}],"about":[{"href":"https:\/\/www.svratka.cz\/index.php?rest_route=\/wp\/v2\/types\/page"}],"author":[{"embeddable":true,"href":"https:\/\/www.svratka.cz\/index.php?rest_route=\/wp\/v2\/users\/2"}],"replies":[{"embeddable":true,"href":"https:\/\/www.svratka.cz\/index.php?rest_route=%2Fwp%2Fv2%2Fcomments&post=1819"}],"version-history":[{"count":4,"href":"https:\/\/www.svratka.cz\/index.php?rest_route=\/wp\/v2\/pages\/1819\/revisions"}],"predecessor-version":[{"id":9844,"href":"https:\/\/www.svratka.cz\/index.php?rest_route=\/wp\/v2\/pages\/1819\/revisions\/9844"}],"wp:attachment":[{"href":"https:\/\/www.svratka.cz\/index.php?rest_route=%2Fwp%2Fv2%2Fmedia&parent=1819"}],"curies":[{"name":"wp","href":"https:\/\/api.w.org\/{rel}","templated":true}]}}