{"id":1635,"date":"2016-01-26T20:43:20","date_gmt":"2016-01-26T19:43:20","guid":{"rendered":"http:\/\/www.svratka.cz\/?page_id=1635"},"modified":"2026-03-23T19:46:36","modified_gmt":"2026-03-23T18:46:36","slug":"vyhlasky-mesta","status":"publish","type":"page","link":"https:\/\/www.svratka.cz\/?page_id=1635","title":{"rendered":"Vyhl\u00e1\u0161ky m\u011bsta"},"content":{"rendered":"<div class=\"wpb-content-wrapper\"><p>[vc_row][vc_column][vc_tta_tabs][vc_tta_section title=&#8220;OZV 2023,2024&#8243; tab_id=&#8220;1774291445530-25938f9d-b4f2&#8243;][vc_column_text css=&#8220;&#8220;]\n<ul>\n<li><a href=\"https:\/\/www.svratka.cz\/vyhlasky-mesta\/ozv-nocni-klid-2025\/\" rel=\"attachment wp-att-7713\">Obecn\u011b z\u00e1vazn\u00e1 vyhl\u00e1\u0161ka \u2013 no\u010dn\u00ed klid- 3\/2024<\/a><\/li>\n<li><a href=\"https:\/\/www.svratka.cz\/wp-content\/uploads\/2023\/11\/2023_09_13-OZV-poplatek-ze-psu-01-2024-1.pdf\">Obecn\u011b z\u00e1vazn\u00e1 vyhl\u00e1\u0161ka m\u011bsta Svratky o m\u00edstn\u00edm poplatku ze ps\u016f \u2013 1\/2023<\/a><\/li>\n<li><a href=\"https:\/\/www.svratka.cz\/wp-content\/uploads\/2023\/11\/2023_09_13-OZV-poplatek-z-pobytu-01-2024-1.pdf\">Obecn\u011b z\u00e1vazn\u00e1 vyhl\u00e1\u0161ka m\u011bsta Svratky o m\u00edstn\u00edm poplatku z pobytu \u2013 2\/2023<\/a><\/li>\n<li><a href=\"https:\/\/www.svratka.cz\/wp-content\/uploads\/2023\/11\/2023_09_13-OZV-mistniho-koeficientu-pro-vypocet-dane-z-nemovitych-veci-01-2024-1.pdf\">Obecn\u011b z\u00e1vazn\u00e1 vyhl\u00e1\u0161ka, o stanoven\u00ed m\u00edstn\u00edho koeficientu pro v\u00fdpo\u010det dan\u011b z nemovit\u00fdch v\u011bc\u00ed \u2013 4\/2023<\/a><\/li>\n<li><a href=\"https:\/\/www.svratka.cz\/wp-content\/uploads\/2024\/01\/Priloha-c.1-1.pdf\">Obecn\u011b z\u00e1vazn\u00ed vyhl\u00e1\u0161ka \u2013 da\u0148 z nemovit\u00fdch v\u011bc\u00ed \u2013 seznam nemovitost\u00ed \u2013 p\u0159\u00edloha \u010d.1<\/a><\/li>\n<li><a href=\"https:\/\/www.svratka.cz\/vyhlasky-mesta\/pp2024\/\" rel=\"attachment wp-att-7155\">Ozn\u00e1men\u00ed o vyhl\u00e1\u0161en\u00ed pr\u00e1vn\u00edho p\u0159edpisu \u2013 zru\u0161en\u00ed vyhl\u00e1\u0161ky 4\/2023<\/a><\/li>\n<li><a href=\"https:\/\/www.svratka.cz\/wp-content\/uploads\/2023\/11\/2023_09_13-OZV-OSOH-01-2024-1.pdf\">Obecn\u011b z\u00e1vazn\u00e1 vyhl\u00e1\u0161ka m\u011bsta Svratky o m\u00edstn\u00edm poplatku za obecn\u00ed syst\u00e9m odpadov\u00e9ho hospod\u00e1\u0159stv\u00ed \u2013 3\/2023<\/a><\/li>\n<\/ul>\n<p>[\/vc_column_text][\/vc_tta_section][vc_tta_section title=&#8220;OZV 2021&#8243; tab_id=&#8220;1774291445534-0201d587-e57a&#8220;][vc_column_text css=&#8220;&#8220;]\n<ul>\n<li><a href=\"https:\/\/www.svratka.cz\/wp-content\/uploads\/2021\/12\/OZV-2-21-o-stanoven%C3%AD-obecn%C3%ADho-syst%C3%A9mu-odpadov%C3%A9ho-hospod%C3%A1%C5%99stv%C3%AD.pdf\">Obecn\u011b z\u00e1vazn\u00e1 vyhl\u00e1\u0161ka \u010d.2\/2021 o stanoven\u00ed obecn\u00edho syst\u00e9mu odpadov\u00e9ho hospod\u00e1\u0159stv\u00ed (platn\u00e1 od 1.1.2022) <\/a>(.pdf)<\/li>\n<li><a href=\"https:\/\/www.svratka.cz\/wp-content\/uploads\/2021\/11\/OZV-odpady-2022-1.pdf\">Obecn\u011b z\u00e1vazn\u00e1 vyhl\u00e1\u0161ka \u010d. 1\/2021 o m\u00edstn\u00edm poplatku za obecn\u00ed syst\u00e9m odpadov\u00e9ho hospod\u00e1\u0159stv\u00ed (platn\u00e1 od 1.1.2022)<\/a>\u00a0(.pdf)<\/li>\n<\/ul>\n<p>[\/vc_column_text][\/vc_tta_section][vc_tta_section title=&#8220;OZV star\u0161\u00ed&#8220; tab_id=&#8220;1774291524675-a6eae87b-edfa&#8220;][vc_column_text css=&#8220;&#8220;]\n<ul>\n<li><a href=\"https:\/\/www.svratka.cz\/wp-content\/uploads\/2020\/01\/OZV-poplatky-z-pobytu-2020-1.pdf\">Obecn\u011b z\u00e1vazn\u00e1 vyhl\u00e1\u0161ka \u010d.3\/2019 o m\u00edstn\u00edm poplatku z pobytu (platn\u00e1 od 1.1\u00a02020<\/a>)<\/li>\n<li><a href=\"https:\/\/www.svratka.cz\/wp-content\/uploads\/2020\/01\/OZV-psi-2020-1.pdf\">Obecn\u011b z\u00e1vazn\u00e1 vyhl\u00e1\u0161ka \u010d.1\/2019 o m\u00edstn\u00edm poplatku ze ps\u016f\u00a0(platn\u00e1\u00a0od\u00a01.1.2020)<\/a><\/li>\n<li><a href=\"https:\/\/www.svratka.cz\/wp-content\/uploads\/2016\/01\/ru%C5%A1en%C3%AD-no%C4%8Dn%C3%ADho-klidu.pdf\">Obecn\u011b z\u00e1vazn\u00e1 vyhl\u00e1\u0161ka \u010d.1\/2016 o ochran\u011b no\u010dn\u00edho klidu, regulaci hlu\u010dn\u00fdch \u010dinnost\u00ed a u\u017e\u00edv\u00e1n\u00ed z\u00e1bavn\u00ed pyrotechniky<\/a>\u00a0(.pdf)<\/li>\n<li><a href=\"https:\/\/www.svratka.cz\/wp-content\/uploads\/2019\/09\/OZV-%C4%8Distota-obce.pdf\">Obecn\u011b z\u00e1vazn\u00e1 vyhl\u00e1\u0161ka \u010d. 2\/2019 \u2013 k zaji\u0161t\u011bn\u00ed udr\u017eov\u00e1n\u00ed \u010distoty ulic a jin\u00fdch ve\u0159ejn\u00fdch prostranstv\u00ed\u2026<\/a>\u00a0\u00a0 (.pdf)<\/li>\n<li><a class=\"jce_file\" title=\"hrobov\u00e1 m\u00edsta\" href=\"http:\/\/web.svratka.cz\/images\/stories\/hrobov_msta.doc\" target=\"_blank\" rel=\"noopener\">Na\u0159\u00edzen\u00ed m\u011bsta Svratky \u010d. 06\/2011, kter\u00fdm se stanovuj\u00ed maxim\u00e1ln\u00ed ceny za pron\u00e1jem hrobov\u00e9ho m\u00edsta..\u00a0 WORD<\/a><\/li>\n<li><a href=\"https:\/\/www.svratka.cz\/wp-content\/uploads\/2019\/01\/OZV-odpady-3-2018-1.pdf\">Obecn\u011b z\u00e1vazn\u00e1 vyhl\u00e1\u0161ka \u010d. 3\/2018<\/a>\u00a0o m\u00edstn\u00edm poplatku za provoz syst\u00e9mu shroma\u017e\u010fov\u00e1n\u00ed, sb\u011bru, p\u0159epravy, t\u0159\u00edd\u011bn\u00ed, vyu\u017e\u00edv\u00e1n\u00ed a odstra\u0148ov\u00e1n\u00ed komun\u00e1ln\u00edch odpad\u016f \u2013 .pdf<\/li>\n<li><a href=\"https:\/\/www.svratka.cz\/wp-content\/uploads\/2016\/01\/OZV-odpady-syst%C3%A9m-2012.doc\">Obecn\u011b z\u00e1vazn\u00e1 vyhl\u00e1\u0161ka \u010d. 5\/2012 \u2013 syst\u00e9m odstra\u0148ov\u00e1n\u00ed komun\u00e1ln\u00edho odpadu<\/a>\u00a0WORD<\/li>\n<li><a class=\"jce_file\" title=\"vyhl\u00e1\u0161ka_o_mstnch_poplatcch_-_2011\" href=\"http:\/\/web.svratka.cz\/images\/stories\/vyhlka_o_mstnch_poplatcch_-_2011.doc\" target=\"_blank\" rel=\"noopener\">Vyhl\u00e1\u0161ka o m\u00edstn\u00edch poplatc\u00edch -2011<\/a>\u00a0 WORD (neplat\u00ed odd\u00edly II., III., VI., VII. \u2013 viz aktualizovan\u00e9 zn\u011bn\u00ed vyhl\u00e1\u0161ek)<\/li>\n<li><a class=\"jce_file\" title=\"\u00faprava m\u00edstn\u00ed poplatky\" href=\"http:\/\/web.svratka.cz\/images\/stories\/prava_mstn_poplatky.doc\" target=\"_blank\" rel=\"noopener\">Obecn\u011b z\u00e1vazn\u00e1 vyhl\u00e1\u0161ka m\u011bsta Svratky \u010d. 1\/2012, kterou se m\u011bn\u00ed a dopl\u0148uje Obecn\u011b z\u00e1va\u017en\u00e1 vyhl\u00e1\u0161ka m\u011bsta Svratky \u010d.3\/2011 o m\u00edstn\u00edch poplatc\u00edch\u00a0\u00a0 WORD <\/a><\/li>\n<li><a class=\"jce_file\" title=\"Obecn\u011b z\u00e1vazn\u00e1 vyhl\u00e1\u0161ka \u010d.1\/2008-podm\u00ednky pro spalov\u00e1n\u00ed such\u00fdch rostlinn\u00fdch materi\u00e1l\u016f\" href=\"http:\/\/web.svratka.cz\/images\/stories\/2008_1.pdf\" target=\"_blank\" rel=\"noopener\">Obecn\u011b z\u00e1vazn\u00e1 vyhl\u00e1\u0161ka \u010d.1\/2008-podm\u00ednky pro spalov\u00e1n\u00ed such\u00fdch rostlinn\u00fdch materi\u00e1l\u016f<\/a>\u00a0 pdf<\/li>\n<li><a href=\"https:\/\/www.svratka.cz\/wp-content\/uploads\/2020\/03\/%C5%98%C3%A1d-ve%C5%99ejn%C3%A9ho-poh%C5%99ebi%C5%A1t%C4%9B.pdf\">\u0158\u00e1d ve\u0159ejn\u00e9ho poh\u0159ebi\u0161t\u011b<\/a>\u00a0.pdf<\/li>\n<li><a class=\"jce_file\" title=\"trzni_rad\" href=\"http:\/\/web.svratka.cz\/images\/stories\/trzni_rad.pdf\" target=\"_blank\" rel=\"noopener\">Tr\u017en\u00ed \u0159\u00e1d<\/a> (platn\u00fd od 22.8.2013)\u00a0 .pdf<\/li>\n<\/ul>\n<p>[\/vc_column_text][\/vc_tta_section][\/vc_tta_tabs][\/vc_column][\/vc_row]\n<\/div>","protected":false},"excerpt":{"rendered":"<p>[vc_row][vc_column][vc_tta_tabs][vc_tta_section title=&#8220;OZV 2023,2024&#8243; tab_id=&#8220;1774291445530-25938f9d-b4f2&#8243;][vc_column_text css=&#8220;&#8220;] Obecn\u011b z\u00e1vazn\u00e1 vyhl\u00e1\u0161ka \u2013 no\u010dn\u00ed klid- 3\/2024 Obecn\u011b z\u00e1vazn\u00e1 vyhl\u00e1\u0161ka m\u011bsta Svratky o m\u00edstn\u00edm poplatku ze ps\u016f \u2013 1\/2023 Obecn\u011b z\u00e1vazn\u00e1 vyhl\u00e1\u0161ka m\u011bsta Svratky o m\u00edstn\u00edm poplatku z pobytu \u2013 2\/2023 Obecn\u011b z\u00e1vazn\u00e1 vyhl\u00e1\u0161ka, o stanoven\u00ed m\u00edstn\u00edho koeficientu pro v\u00fdpo\u010det dan\u011b z nemovit\u00fdch v\u011bc\u00ed \u2013 4\/2023 Obecn\u011b z\u00e1vazn\u00ed vyhl\u00e1\u0161ka \u2013 [&hellip;]<\/p>\n","protected":false},"author":1,"featured_media":0,"parent":0,"menu_order":0,"comment_status":"closed","ping_status":"closed","template":"page-templates\/sidebar-right.php","meta":{"footnotes":""},"class_list":["post-1635","page","type-page","status-publish","hentry"],"_links":{"self":[{"href":"https:\/\/www.svratka.cz\/index.php?rest_route=\/wp\/v2\/pages\/1635","targetHints":{"allow":["GET"]}}],"collection":[{"href":"https:\/\/www.svratka.cz\/index.php?rest_route=\/wp\/v2\/pages"}],"about":[{"href":"https:\/\/www.svratka.cz\/index.php?rest_route=\/wp\/v2\/types\/page"}],"author":[{"embeddable":true,"href":"https:\/\/www.svratka.cz\/index.php?rest_route=\/wp\/v2\/users\/1"}],"replies":[{"embeddable":true,"href":"https:\/\/www.svratka.cz\/index.php?rest_route=%2Fwp%2Fv2%2Fcomments&post=1635"}],"version-history":[{"count":3,"href":"https:\/\/www.svratka.cz\/index.php?rest_route=\/wp\/v2\/pages\/1635\/revisions"}],"predecessor-version":[{"id":9850,"href":"https:\/\/www.svratka.cz\/index.php?rest_route=\/wp\/v2\/pages\/1635\/revisions\/9850"}],"wp:attachment":[{"href":"https:\/\/www.svratka.cz\/index.php?rest_route=%2Fwp%2Fv2%2Fmedia&parent=1635"}],"curies":[{"name":"wp","href":"https:\/\/api.w.org\/{rel}","templated":true}]}}