{"id":1593,"date":"2016-01-25T22:01:41","date_gmt":"2016-01-25T21:01:41","guid":{"rendered":"http:\/\/www.svratka.cz\/?page_id=1593"},"modified":"2026-04-06T21:47:52","modified_gmt":"2026-04-06T19:47:52","slug":"mesicnik-novinky","status":"publish","type":"page","link":"https:\/\/www.svratka.cz\/?page_id=1593","title":{"rendered":"M\u011bs\u00ed\u010dn\u00edk Novinky"},"content":{"rendered":"<div class=\"wpb-content-wrapper\"><p>[vc_row][vc_column][vc_column_text css=&#8220;&#8220;]<strong>2026<\/strong><\/p>\n<p>Prosinec &#8211; Listopad &#8211; \u0158\u00edjen &#8211; Z\u00e1\u0159\u00ed &#8211; Srpen &#8211; \u010cervenec &#8211; \u010cerven &#8211; Kv\u011bten &#8211; Duben &#8211; <a href=\"https:\/\/www.svratka.cz\/wp-content\/uploads\/2026\/04\/Brezen.pdf&quot; title=&quot;B\u0159ezen\">B\u0159ezen<\/a> &#8211; <a href=\"https:\/\/www.svratka.cz\/wp-content\/uploads\/2026\/02\/novinky-2-26-1.pdf\">\u00danor<\/a> &#8211; <a href=\"https:\/\/www.svratka.cz\/wp-content\/uploads\/2026\/02\/novinky-1-26-1.pdf\">Leden<\/a><\/p>\n<p><strong>2025<\/strong><\/p>\n<p><a href=\"https:\/\/www.svratka.cz\/wp-content\/uploads\/2025\/12\/novinky-12-25-1.pdf\">Prosinec<\/a> &#8211; <a href=\"https:\/\/www.svratka.cz\/wp-content\/uploads\/2025\/12\/novinky-11-25-1.pdf\">Listopad<\/a> &#8211; <a href=\"https:\/\/www.svratka.cz\/wp-content\/uploads\/2025\/11\/novinky-10-25-1.pdf\">\u0158\u00edjen<\/a> &#8211; <a href=\"https:\/\/www.svratka.cz\/wp-content\/uploads\/2025\/11\/novinky-9-25-1.pdf\">Z\u00e1\u0159\u00ed<\/a> &#8211; <a href=\"https:\/\/www.svratka.cz\/wp-content\/uploads\/2025\/08\/novinky-8-25-1.pdf\">Srpen<\/a> &#8211; <a href=\"https:\/\/www.svratka.cz\/wp-content\/uploads\/2025\/07\/novinky-7-25-1.pdf\">\u010cervenec<\/a> &#8211; <a href=\"https:\/\/www.svratka.cz\/wp-content\/uploads\/2025\/07\/novinky-6-25-1.pdf\">\u010cerven<\/a> &#8211; <a href=\"https:\/\/www.svratka.cz\/wp-content\/uploads\/2025\/05\/novinky-5-25-1.pdf\">Kv\u011bten<\/a> &#8211; <a href=\"https:\/\/www.svratka.cz\/wp-content\/uploads\/2025\/05\/novinky-4-25-1.pdf\">Duben<\/a> &#8211; <a href=\"https:\/\/www.svratka.cz\/wp-content\/uploads\/2025\/03\/brezen-2025-1.pdf\">B\u0159ezen<\/a> &#8211; <a href=\"https:\/\/www.svratka.cz\/wp-content\/uploads\/2025\/02\/novinky-2-25-1.pdf\">\u00danor<\/a> &#8211; <a href=\"https:\/\/www.svratka.cz\/wp-content\/uploads\/2025\/02\/novinky-1-25-1.pdf\">Leden<\/a><\/p>\n<p><strong>2024<\/strong><\/p>\n<p><a href=\"https:\/\/www.svratka.cz\/wp-content\/uploads\/2024\/12\/novinky-12-24-1.pdf\">Prosinec<\/a> &#8211; <a href=\"https:\/\/www.svratka.cz\/wp-content\/uploads\/2024\/11\/novinky-listopad-2024-1.pdf\">Listopad<\/a> &#8211; <a href=\"https:\/\/www.svratka.cz\/wp-content\/uploads\/2024\/10\/novinky-rijen-24-1.pdf\">\u0158\u00edjen<\/a> &#8211; <a href=\"https:\/\/www.svratka.cz\/wp-content\/uploads\/2024\/09\/novinky-zari-24-1.pdf\">Z\u00e1\u0159\u00ed<\/a> &#8211; <a href=\"https:\/\/www.svratka.cz\/wp-content\/uploads\/2024\/08\/Svratka-8-24-1.pdf\">Srpen<\/a> &#8211; <a href=\"https:\/\/www.svratka.cz\/wp-content\/uploads\/2024\/07\/novinky-7-24-1.pdf\">\u010cervenec<\/a> &#8211; <a href=\"https:\/\/www.svratka.cz\/wp-content\/uploads\/2024\/07\/cerven-2024-1.pdf\">\u010cerven<\/a> &#8211; <a href=\"https:\/\/www.svratka.cz\/wp-content\/uploads\/2024\/07\/novinky-5-24-1.pdf\">Kv\u011bten<\/a> &#8211; <a href=\"https:\/\/www.svratka.cz\/wp-content\/uploads\/2024\/04\/novinky-4-24-1.pdf\">Duben<\/a> &#8211; <a href=\"https:\/\/www.svratka.cz\/wp-content\/uploads\/2024\/04\/Svratka_03-24-1.pdf\">B\u0159ezen<\/a> &#8211; <a href=\"https:\/\/www.svratka.cz\/wp-content\/uploads\/2024\/02\/novinky-2-24-1.pdf\">\u00danor<\/a> &#8211; <a href=\"https:\/\/www.svratka.cz\/wp-content\/uploads\/2024\/02\/novinky-1-24-1.pdf\">Leden<\/a>[\/vc_column_text][\/vc_column][\/vc_row][vc_row][vc_column][vc_tta_tabs active_section=&#8220;1&#8243;][vc_tta_section title=&#8220;2023&#8243; tab_id=&#8220;1774351974830-a4a467a3-43a5&#8243;][vc_column_text css=&#8220;&#8220;]<strong>2023<\/strong><\/p>\n<p><a href=\"https:\/\/www.svratka.cz\/wp-content\/uploads\/2023\/12\/novinky-12-23-1.pdf\">Prosinec<\/a> &#8211; <a href=\"https:\/\/www.svratka.cz\/wp-content\/uploads\/2023\/11\/novinky-11-23-1-1.pdf\">Listopad<\/a> &#8211; <a href=\"https:\/\/www.svratka.cz\/wp-content\/uploads\/2023\/11\/novinky-11-23-2.pdf\">\u0158\u00edjen<\/a> &#8211; <a href=\"https:\/\/www.svratka.cz\/wp-content\/uploads\/2023\/10\/novinky-zari-23-1.pdf\">Z\u00e1\u0159\u00ed<\/a> &#8211; <a href=\"https:\/\/www.svratka.cz\/wp-content\/uploads\/2023\/09\/novinky-8-23-1.pdf\">Srpen<\/a> &#8211; <a href=\"https:\/\/www.svratka.cz\/wp-content\/uploads\/2023\/07\/novinky-7-23-1.pdf\">\u010cervenec<\/a> &#8211; <a href=\"https:\/\/www.svratka.cz\/wp-content\/uploads\/2023\/06\/novinky-6-23-1.pdf\">\u010cerven<\/a> &#8211; <a href=\"https:\/\/www.svratka.cz\/wp-content\/uploads\/2023\/06\/novinky-5-23-1.pdf\">Kv\u011bten<\/a> &#8211; <a href=\"https:\/\/www.svratka.cz\/wp-content\/uploads\/2023\/05\/novinky-4-23-1.pdf\">Duben<\/a> &#8211; <a href=\"https:\/\/www.svratka.cz\/wp-content\/uploads\/2023\/03\/novinky-3-23-1.pdf\">B\u0159ezen<\/a> &#8211; <a href=\"https:\/\/www.svratka.cz\/wp-content\/uploads\/2023\/02\/novinky-2-23-1.pdf\">\u00danor<\/a> &#8211; <a href=\"https:\/\/www.svratka.cz\/wp-content\/uploads\/2023\/02\/novinky-1-23-1.pdf\">Leden<\/a>[\/vc_column_text][\/vc_tta_section][vc_tta_section title=&#8220;2022&#8243; tab_id=&#8220;1774351974835-9ec625cf-2f34&#8243;][vc_column_text css=&#8220;&#8220;]<strong>2022<\/strong><\/p>\n<p><a href=\"https:\/\/www.svratka.cz\/wp-content\/uploads\/2022\/12\/novinky-12-22-1.pdf\">Prosinec<\/a> &#8211; <a href=\"https:\/\/www.svratka.cz\/wp-content\/uploads\/2022\/11\/novinky-11-22-1.pdf\">Listopad<\/a> &#8211; <a href=\"https:\/\/www.svratka.cz\/wp-content\/uploads\/2022\/11\/novinky-10-22-1.pdf\">\u0158\u00edjen<\/a> &#8211; <a href=\"https:\/\/www.svratka.cz\/wp-content\/uploads\/2022\/09\/novinky-9-22-1.pdf\">Z\u00e1\u0159\u00ed<\/a> &#8211; <a href=\"https:\/\/www.svratka.cz\/wp-content\/uploads\/2022\/09\/novinky-8-22-1.pdf\">Srpen<\/a> &#8211; <a href=\"https:\/\/www.svratka.cz\/wp-content\/uploads\/2022\/08\/cervenec-22-1.pdf\">\u010cervenec<\/a> &#8211; <a href=\"https:\/\/www.svratka.cz\/wp-content\/uploads\/2022\/08\/cerven-22-1.pdf\">\u010cerven<\/a> &#8211; <a href=\"https:\/\/www.svratka.cz\/wp-content\/uploads\/2022\/08\/kveten-22-1.pdf\">Kv\u011bten<\/a> &#8211; <a href=\"https:\/\/www.svratka.cz\/wp-content\/uploads\/2022\/04\/novinky-4-21-1.pdf\">Duben<\/a> &#8211; <a href=\"https:\/\/www.svratka.cz\/wp-content\/uploads\/2022\/03\/Svratka-1.pdf\">B\u0159ezen<\/a> &#8211; <a href=\"https:\/\/www.svratka.cz\/wp-content\/uploads\/2022\/03\/novinky-2-22-1.pdf\">\u00danor<\/a> &#8211; <a href=\"https:\/\/www.svratka.cz\/wp-content\/uploads\/2022\/03\/novinky-1-22-1.pdf\">Leden<\/a>[\/vc_column_text][\/vc_tta_section][vc_tta_section title=&#8220;2021&#8243; tab_id=&#8220;1774351995228-56252361-ac18&#8243;][vc_column_text css=&#8220;&#8220;]<strong>2021<\/strong><\/p>\n<p><a href=\"https:\/\/www.svratka.cz\/wp-content\/uploads\/2021\/12\/Svratka1-1.pdf\">Prosinec<\/a> &#8211; <a href=\"https:\/\/www.svratka.cz\/wp-content\/uploads\/2021\/11\/novinky-11-21-1.pdf\">Listopad<\/a> &#8211; <a href=\"https:\/\/www.svratka.cz\/wp-content\/uploads\/2021\/11\/Svratka-1.pdf\">\u0158\u00edjen<\/a> &#8211; <a href=\"https:\/\/www.svratka.cz\/wp-content\/uploads\/2021\/09\/novinky-9-21-1.pdf\">Z\u00e1\u0159\u00ed<\/a> &#8211; <a href=\"https:\/\/www.svratka.cz\/wp-content\/uploads\/2021\/09\/novinky-8-21-1.pdf\">Srpen<\/a> &#8211; <a href=\"https:\/\/www.svratka.cz\/wp-content\/uploads\/2021\/08\/novinky-7-21-1.pdf\">\u010cervenec<\/a> &#8211; <a href=\"https:\/\/www.svratka.cz\/wp-content\/uploads\/2021\/07\/novinky-6-21-1.pdf\">\u010cerven<\/a> &#8211; <a href=\"https:\/\/www.svratka.cz\/wp-content\/uploads\/2021\/07\/novinky-5-21-1.pdf\">Kv\u011bten<\/a> &#8211; <a href=\"https:\/\/www.svratka.cz\/wp-content\/uploads\/2021\/04\/novinky-duben-21-1.pdf\">Duben<\/a> &#8211; <a href=\"https:\/\/www.svratka.cz\/wp-content\/uploads\/2021\/03\/novinky-3-21-1.pdf\">B\u0159ezen<\/a> &#8211; <a href=\"https:\/\/www.svratka.cz\/wp-content\/uploads\/2021\/03\/novinky-2-21-1.pdf\">\u00danor<\/a> &#8211; <a href=\"https:\/\/www.svratka.cz\/wp-content\/uploads\/2021\/03\/novinky-1-21-1.pdf\">Leden<\/a>[\/vc_column_text][\/vc_tta_section][vc_tta_section title=&#8220;2020&#8243; tab_id=&#8220;1774351995994-2f4e993a-f649&#8243;][vc_column_text css=&#8220;&#8220;]<strong>2020<\/strong><\/p>\n<p><a href=\"https:\/\/www.svratka.cz\/wp-content\/uploads\/2020\/12\/svratka_prosinec_opt-1.pdf\">Prosinec<\/a>&#8211; <a href=\"https:\/\/www.svratka.cz\/wp-content\/uploads\/2020\/12\/novinky-11-20-1.pdf\">Listopad<\/a> &#8211; <a href=\"https:\/\/www.svratka.cz\/wp-content\/uploads\/2020\/12\/novinky-10-20-1.pdf\">\u0158\u00edjen<\/a> &#8211; <a href=\"https:\/\/www.svratka.cz\/wp-content\/uploads\/2020\/12\/novinky-9-20-1-1.pdf\">Z\u00e1\u0159\u00ed<\/a> &#8211; <a href=\"https:\/\/www.svratka.cz\/wp-content\/uploads\/2020\/12\/novinky-8-20-1.pdf\">Srpen<\/a> &#8211; <a href=\"https:\/\/www.svratka.cz\/wp-content\/uploads\/2020\/07\/novinky-7-20-1.pdf\">\u010cervenec<\/a> &#8211; <a href=\"https:\/\/www.svratka.cz\/wp-content\/uploads\/2020\/07\/novinky-6-20-1.pdf\">\u010cerven<\/a> &#8211; <a href=\"https:\/\/www.svratka.cz\/wp-content\/uploads\/2020\/07\/novinky-5-20-1.pdf\">Kv\u011bten<\/a> &#8211; <a href=\"https:\/\/www.svratka.cz\/wp-content\/uploads\/2020\/04\/novinky-4-20-1.pdf\">Duben<\/a> &#8211; <a href=\"https:\/\/www.svratka.cz\/wp-content\/uploads\/2020\/04\/novinky-3-20-1.pdf\">B\u0159ezen<\/a> &#8211; <a href=\"https:\/\/www.svratka.cz\/wp-content\/uploads\/2020\/02\/novinky-2-20-1.pdf\">\u00danor<\/a>\u00a0&#8211; <a href=\"https:\/\/www.svratka.cz\/wp-content\/uploads\/2020\/02\/novinky-leden-20-1.pdf\">Leden<\/a>[\/vc_column_text][\/vc_tta_section][vc_tta_section title=&#8220;2019&#8243; tab_id=&#8220;1774351996628-c6c90ce2-f8c0&#8243;][vc_column_text css=&#8220;&#8220;]<strong>2019<\/strong><\/p>\n<p><a href=\"https:\/\/www.svratka.cz\/wp-content\/uploads\/2020\/02\/novinyk-prosinec-19-1.pdf\">Prosinec<\/a> &#8211; <a href=\"https:\/\/www.svratka.cz\/wp-content\/uploads\/2019\/12\/novinky-listopad-19-1.pdf\">Listopad<\/a> &#8211; <a href=\"https:\/\/www.svratka.cz\/wp-content\/uploads\/2019\/12\/novinky-%C5%99%C3%ADjen-19.pdf\">\u0158\u00edjen<\/a> &#8211; <a href=\"https:\/\/www.svratka.cz\/wp-content\/uploads\/2019\/12\/novinky-z%C3%A1%C5%99%C3%AD-19.pdf\">Z\u00e1\u0159\u00ed<\/a> &#8211; <a href=\"https:\/\/www.svratka.cz\/wp-content\/uploads\/2019\/08\/novinky-8-19-1.pdf\">Srpen<\/a> &#8211; <a href=\"https:\/\/www.svratka.cz\/wp-content\/uploads\/2019\/07\/novinky-7-19-1.pdf\">\u010cervenec<\/a> &#8211; <a href=\"https:\/\/www.svratka.cz\/wp-content\/uploads\/2019\/07\/novinky-6-19-1.pdf\">\u010cerven<\/a> &#8211; <a href=\"https:\/\/www.svratka.cz\/wp-content\/uploads\/2019\/05\/novinky-5-19-1.pdf\">Kv\u011bten<\/a> &#8211; <a href=\"https:\/\/www.svratka.cz\/wp-content\/uploads\/2019\/05\/novinky-4-19-1.pdf\">Duben<\/a> &#8211; <a href=\"https:\/\/www.svratka.cz\/wp-content\/uploads\/2019\/05\/novinky-3-19-1.pdf\">B\u0159ezen<\/a> &#8211; <a href=\"https:\/\/www.svratka.cz\/wp-content\/uploads\/2019\/02\/novinky-2-19-1.pdf\">\u00danor<\/a> &#8211; <a href=\"https:\/\/www.svratka.cz\/wp-content\/uploads\/2019\/02\/novinky-1-19-2-1.pdf\">Leden<\/a><\/p>\n<p>[\/vc_column_text][\/vc_tta_section][vc_tta_section title=&#8220;2018&#8243; tab_id=&#8220;1774351997242-9683b1c9-e048&#8243;][vc_column_text css=&#8220;&#8220;]<strong>2018<\/strong><\/p>\n<p><a href=\"https:\/\/www.svratka.cz\/wp-content\/uploads\/2018\/12\/novinky-12-18-1.pdf\">Prosinec<\/a> &#8211; <a href=\"https:\/\/www.svratka.cz\/wp-content\/uploads\/2018\/12\/novinky-11-18-1.pdf\">Listopad<\/a> &#8211; <a href=\"https:\/\/www.svratka.cz\/wp-content\/uploads\/2018\/12\/novinky-10-18-1.pdf\">\u0158\u00edjen<\/a> &#8211; <a href=\"https:\/\/www.svratka.cz\/wp-content\/uploads\/2018\/12\/novinky-9-18-1.pdf\">Z\u00e1\u0159\u00ed<\/a> &#8211; <a href=\"https:\/\/www.svratka.cz\/wp-content\/uploads\/2018\/09\/novinky-8-18-1.pdf\">Srpen<\/a> &#8211; <a href=\"https:\/\/www.svratka.cz\/wp-content\/uploads\/2018\/09\/novinky-7-18-1.pdf\">\u010cervenec<\/a> &#8211; <a href=\"https:\/\/www.svratka.cz\/wp-content\/uploads\/2018\/09\/novinky-6-18-1.pdf\">\u010cerven<\/a> &#8211; <a href=\"https:\/\/www.svratka.cz\/wp-content\/uploads\/2018\/06\/novinky-5-18-1.pdf\">Kv\u011bten<\/a> &#8211; <a href=\"https:\/\/www.svratka.cz\/wp-content\/uploads\/2018\/04\/novinky-4-18-1.pdf\">Duben<\/a> &#8211; <a href=\"https:\/\/www.svratka.cz\/wp-content\/uploads\/2018\/04\/novinky-3-18-1.pdf\">B\u0159ezen<\/a> &#8211; <a href=\"https:\/\/www.svratka.cz\/wp-content\/uploads\/2016\/01\/novinky-2-18-1.pdf\">\u00danor<\/a> &#8211; <a href=\"https:\/\/www.svratka.cz\/wp-content\/uploads\/2016\/01\/Novinky-1-18-1.pdf\">Leden<\/a><\/p>\n<p>[\/vc_column_text][\/vc_tta_section][vc_tta_section title=&#8220;2017&#8243; tab_id=&#8220;1774351997878-98db3c92-1bac&#8220;][vc_column_text css=&#8220;&#8220;]<strong>2017<\/strong><\/p>\n<p><a href=\"https:\/\/www.svratka.cz\/wp-content\/uploads\/2016\/01\/novinky-12-17-1.pdf\">Prosinec<\/a> &#8211; <a href=\"https:\/\/www.svratka.cz\/wp-content\/uploads\/2016\/01\/novinky-11-17-1.pdf\">Listopad<\/a> &#8211; <a href=\"https:\/\/www.svratka.cz\/wp-content\/uploads\/2016\/01\/novinky-10-17-1.pdf\">\u0158\u00edjen<\/a> &#8211; <a href=\"https:\/\/www.svratka.cz\/wp-content\/uploads\/2016\/01\/novinky-9-17-1.pdf\">Z\u00e1\u0159\u00ed<\/a> &#8211; <a href=\"https:\/\/www.svratka.cz\/wp-content\/uploads\/2016\/01\/novinky-8-17-1.pdf\">Srpen<\/a> &#8211; <a href=\"https:\/\/www.svratka.cz\/wp-content\/uploads\/2016\/01\/novinky-7-17-1.pdf\">\u010cervenec<\/a> &#8211; <a href=\"https:\/\/www.svratka.cz\/wp-content\/uploads\/2016\/01\/novinky-6-17-1.pdf\">\u010cerven<\/a> &#8211; <a href=\"https:\/\/www.svratka.cz\/wp-content\/uploads\/2016\/01\/novinky-5-17-1.pdf\">Kv\u011bten<\/a> &#8211; <a href=\"https:\/\/www.svratka.cz\/wp-content\/uploads\/2016\/01\/novinky-4-17-1.pdf\">Duben<\/a> &#8211; <a href=\"https:\/\/www.svratka.cz\/wp-content\/uploads\/2016\/01\/novinky-3-17-1.pdf\">B\u0159ezen<\/a> &#8211; <a href=\"https:\/\/www.svratka.cz\/wp-content\/uploads\/2016\/01\/novinky-2-17-1.pdf\">\u00danor<\/a> &#8211; <a href=\"https:\/\/www.svratka.cz\/wp-content\/uploads\/2016\/01\/novinky-1-17-1.pdf\">Leden<\/a>[\/vc_column_text][\/vc_tta_section][vc_tta_section title=&#8220;2016&#8243; tab_id=&#8220;1774351998559-470ee767-032a&#8220;][vc_column_text css=&#8220;&#8220;]<strong>2016<\/strong><\/p>\n<p><a href=\"https:\/\/www.svratka.cz\/wp-content\/uploads\/2016\/01\/novinky-12-16-1.pdf\">Prosinec<\/a> &#8211; <a href=\"https:\/\/www.svratka.cz\/wp-content\/uploads\/2016\/01\/novinky-11-16-1.pdf\">Listopad<\/a> &#8211; <a href=\"https:\/\/www.svratka.cz\/wp-content\/uploads\/2016\/01\/novinky-10-16-1.pdf\">\u0158\u00edjen<\/a> &#8211; <a href=\"https:\/\/www.svratka.cz\/wp-content\/uploads\/2016\/01\/novinky-9-16-1.pdf\">Z\u00e1\u0159\u00ed<\/a> &#8211; <a href=\"https:\/\/www.svratka.cz\/wp-content\/uploads\/2016\/01\/novinky-8-16-1.pdf\">Srpen<\/a> &#8211; <a href=\"https:\/\/www.svratka.cz\/wp-content\/uploads\/2016\/01\/novinky-7-16-1.pdf\">\u010cervenec<\/a> &#8211; <a href=\"https:\/\/www.svratka.cz\/wp-content\/uploads\/2016\/01\/novinky-6-16-1.pdf\">\u010cerven<\/a> &#8211; <a href=\"https:\/\/www.svratka.cz\/wp-content\/uploads\/2016\/01\/novinky-kv%C4%9Bten-16.pdf\">Kv\u011bten\u00a0<\/a> &#8211; <a href=\"https:\/\/www.svratka.cz\/wp-content\/uploads\/2016\/01\/novinky-4-16-1.pdf\" rel=\"\">Duben<\/a> &#8211; <a href=\"https:\/\/www.svratka.cz\/wp-content\/uploads\/2016\/01\/novinky-3-16-1.pdf\" rel=\"\">B\u0159ezen<\/a> &#8211; <a href=\"https:\/\/www.svratka.cz\/wp-content\/uploads\/2016\/01\/novinky-2-16-1.pdf\" target=\"_blank\" rel=\"noopener\">\u00danor<\/a> &#8211; <a href=\"https:\/\/www.svratka.cz\/wp-content\/uploads\/2016\/01\/novinky-1-16-1.pdf\" rel=\"\">Leden<\/a><\/p>\n<p>[\/vc_column_text][\/vc_tta_section][\/vc_tta_tabs][\/vc_column][\/vc_row][vc_row][vc_column][vc_column_text css=&#8220;&#8220;]\n<hr \/>\n<p><b>Redak\u010dn\u00ed rada magaz\u00ednu Novinky:<br \/>\n<\/b>Ludmila Mayerov\u00e1 &#8211; \u0161\u00e9fredaktor<br \/>\nFranti\u0161ek Ml\u00e1dek<br \/>\nMartin Mudroch<\/p>\n<p>emailov\u00fd kontakt: mesto@svratka.cz[\/vc_column_text][\/vc_column][\/vc_row]\n<\/div>","protected":false},"excerpt":{"rendered":"<p>[vc_row][vc_column][vc_column_text css=&#8220;&#8220;]2026 Prosinec &#8211; Listopad &#8211; \u0158\u00edjen &#8211; Z\u00e1\u0159\u00ed &#8211; Srpen &#8211; \u010cervenec &#8211; \u010cerven &#8211; Kv\u011bten &#8211; Duben &#8211; B\u0159ezen &#8211; \u00danor &#8211; Leden 2025 Prosinec &#8211; Listopad &#8211; \u0158\u00edjen &#8211; Z\u00e1\u0159\u00ed &#8211; Srpen &#8211; \u010cervenec &#8211; \u010cerven &#8211; Kv\u011bten &#8211; Duben &#8211; B\u0159ezen &#8211; \u00danor &#8211; Leden 2024 Prosinec &#8211; Listopad &#8211; \u0158\u00edjen [&hellip;]<\/p>\n","protected":false},"author":1,"featured_media":0,"parent":0,"menu_order":0,"comment_status":"closed","ping_status":"closed","template":"page-templates\/sidebar-right.php","meta":{"footnotes":""},"class_list":["post-1593","page","type-page","status-publish","hentry"],"_links":{"self":[{"href":"https:\/\/www.svratka.cz\/index.php?rest_route=\/wp\/v2\/pages\/1593","targetHints":{"allow":["GET"]}}],"collection":[{"href":"https:\/\/www.svratka.cz\/index.php?rest_route=\/wp\/v2\/pages"}],"about":[{"href":"https:\/\/www.svratka.cz\/index.php?rest_route=\/wp\/v2\/types\/page"}],"author":[{"embeddable":true,"href":"https:\/\/www.svratka.cz\/index.php?rest_route=\/wp\/v2\/users\/1"}],"replies":[{"embeddable":true,"href":"https:\/\/www.svratka.cz\/index.php?rest_route=%2Fwp%2Fv2%2Fcomments&post=1593"}],"version-history":[{"count":7,"href":"https:\/\/www.svratka.cz\/index.php?rest_route=\/wp\/v2\/pages\/1593\/revisions"}],"predecessor-version":[{"id":10165,"href":"https:\/\/www.svratka.cz\/index.php?rest_route=\/wp\/v2\/pages\/1593\/revisions\/10165"}],"wp:attachment":[{"href":"https:\/\/www.svratka.cz\/index.php?rest_route=%2Fwp%2Fv2%2Fmedia&parent=1593"}],"curies":[{"name":"wp","href":"https:\/\/api.w.org\/{rel}","templated":true}]}}