{"id":1507,"date":"2016-01-12T21:11:50","date_gmt":"2016-01-12T20:11:50","guid":{"rendered":"http:\/\/w2.svratka.cz\/?page_id=1507"},"modified":"2016-01-12T21:11:50","modified_gmt":"2016-01-12T20:11:50","slug":"dopravni-spojeni","status":"publish","type":"page","link":"https:\/\/www.svratka.cz\/?page_id=1507","title":{"rendered":"Dopravn\u00ed spojen\u00ed"},"content":{"rendered":"<p><b><u>P\u0159\u00edm\u00e9 autobusov\u00e9 spojen\u00ed<\/u><\/b> m\u00e1 Svratka na t\u011bchto link\u00e1ch:<\/p>\n<p>Svratka &#8211; \u017d\u010f\u00e1r nad S\u00e1zavou (p\u0159es Her\u00e1lec, Cikh\u00e1j, Sv\u011btnov, Str\u017eanov)<\/p>\n<p>Hlinsko-Svratka-Krouna (p\u0159es Jen\u00edkov, Kameni\u010dky, Chlum\u011bt\u00edn do Svratouchu a Krouny a zp\u011bt)<\/p>\n<p>Svratka &#8211; Nov\u00e9 M\u011bsto na Morav\u011b (p\u0159es K\u0159i\u017e\u00e1nky, Milovy, Sn\u011b\u017en\u00e9, Kukl\u00edk, Rokytno, Mar\u0161ovice)<\/p>\n<p>Svratka &#8211; Pust\u00e1 Rybn\u00e1 &#8211; Poli\u010dka (p\u0159es K\u0159i\u017e\u00e1nky, \u010cesk\u00e9 Milovy, B\u0159eziny, Pustou Rybnou, Telec\u00ed, La\u010dnov, S\u00e1dek, Kamenec)<\/p>\n<p>Svratka &#8211; Nov\u00e9 M\u011bsto na Morav\u011b &#8211; Brno (z Nov\u00e9ho M\u011bsta p\u0159es\u00a0 Zvoli, Doln\u00ed Ro\u017e\u00ednku,\u00a0 Nedv\u011bdici, Doubravn\u00edk a Ti\u0161nov) &#8211; od 1.1.2018 jen o v\u00edkendech<\/p>\n<p>&nbsp;<\/p>\n<p><u><b>\u017delezni\u010dn\u00ed spojen\u00ed<\/b><\/u> Svratka nem\u00e1.<\/p>\n<p>Nejbli\u017e\u0161\u00ed \u017eelezni\u010dn\u00ed stanice je <u>\u010cachnov<\/u> (6 km) na \u017eelezni\u010dn\u00ed trase \u017d\u010f\u00e1rec u Skut\u010de-Skute\u010d-\u010cachnov-Poli\u010dka-Svitavy (osobn\u00ed doprava na trase Skute\u010d-\u010cachnov omezena), d\u00e1le <u>Hlinsko v \u010cech\u00e1ch<\/u> (13 km) na trase Havl\u00ed\u010dk\u016fv Brod-Hlinsko-Chrudim-Pardubice nebo <u>\u017d\u010f\u00e1r nad S\u00e1zavou<\/u> (22 km) na trase Havl\u00ed\u010dk\u016fv Brod-\u017d\u010f\u00e1r n.S.-Brno.<\/p>\n<p>&nbsp;<\/p>\n<p>Spojen\u00ed lze nal\u00e9zt na adrese <a href=\"https:\/\/www.jizdnirady.cz\/\" target=\"_blank\" rel=\"noopener\">www.jizdnirady.cz<\/a><\/p>\n","protected":false},"excerpt":{"rendered":"<p>P\u0159\u00edm\u00e9 autobusov\u00e9 spojen\u00ed m\u00e1 Svratka na t\u011bchto link\u00e1ch: Svratka &#8211; \u017d\u010f\u00e1r nad S\u00e1zavou (p\u0159es Her\u00e1lec, Cikh\u00e1j, Sv\u011btnov, Str\u017eanov) Hlinsko-Svratka-Krouna (p\u0159es Jen\u00edkov, Kameni\u010dky, Chlum\u011bt\u00edn do Svratouchu a Krouny a zp\u011bt) Svratka &#8211; Nov\u00e9 M\u011bsto na Morav\u011b (p\u0159es K\u0159i\u017e\u00e1nky, Milovy, Sn\u011b\u017en\u00e9, Kukl\u00edk, Rokytno, Mar\u0161ovice) Svratka &#8211; Pust\u00e1 Rybn\u00e1 &#8211; Poli\u010dka (p\u0159es K\u0159i\u017e\u00e1nky, \u010cesk\u00e9 Milovy, B\u0159eziny, Pustou Rybnou, [&hellip;]<\/p>\n","protected":false},"author":1,"featured_media":0,"parent":0,"menu_order":0,"comment_status":"closed","ping_status":"closed","template":"","meta":{"footnotes":""},"class_list":["post-1507","page","type-page","status-publish","hentry"],"_links":{"self":[{"href":"https:\/\/www.svratka.cz\/index.php?rest_route=\/wp\/v2\/pages\/1507","targetHints":{"allow":["GET"]}}],"collection":[{"href":"https:\/\/www.svratka.cz\/index.php?rest_route=\/wp\/v2\/pages"}],"about":[{"href":"https:\/\/www.svratka.cz\/index.php?rest_route=\/wp\/v2\/types\/page"}],"author":[{"embeddable":true,"href":"https:\/\/www.svratka.cz\/index.php?rest_route=\/wp\/v2\/users\/1"}],"replies":[{"embeddable":true,"href":"https:\/\/www.svratka.cz\/index.php?rest_route=%2Fwp%2Fv2%2Fcomments&post=1507"}],"version-history":[{"count":0,"href":"https:\/\/www.svratka.cz\/index.php?rest_route=\/wp\/v2\/pages\/1507\/revisions"}],"wp:attachment":[{"href":"https:\/\/www.svratka.cz\/index.php?rest_route=%2Fwp%2Fv2%2Fmedia&parent=1507"}],"curies":[{"name":"wp","href":"https:\/\/api.w.org\/{rel}","templated":true}]}}