{"id":1499,"date":"2016-01-12T21:06:27","date_gmt":"2016-01-12T20:06:27","guid":{"rendered":"http:\/\/w2.svratka.cz\/?page_id=1499"},"modified":"2016-01-12T21:06:27","modified_gmt":"2016-01-12T20:06:27","slug":"tipy-na-vylet","status":"publish","type":"page","link":"https:\/\/www.svratka.cz\/?page_id=1499","title":{"rendered":"Tipy na v\u00fdlet"},"content":{"rendered":"<p><span style=\"font-size: 14pt;\"><strong>K<\/strong><\/span><b><span style=\"font-size: 14pt;\">arl\u0161tejn (2.5 km z centra m\u011bsta)<\/span><br \/>\n<\/b><\/p>\n<p style=\"text-align: justify;\">Na kopci nad Svratkou a Svratouchem, ve v\u00fd\u0161i 783 m.n.m.,\u00a0 p\u016fvodn\u011b st\u00e1la kaple sv.Jilj\u00ed. Olt\u00e1\u0159 pro tuto kapli byl vysv\u011bcen opatem hradi\u0161\u0165sk\u00e9ho kl\u00e1\u0161tera 20.9.1708, kaple byla tedy nejsp\u00ed\u0161e stav\u011bna v\u00a0t\u00e9m\u017ee roce. <em>\u201eNa tumb\u011b byly um\u00edst\u011bny d\u0159ev\u011bn\u00e9 so\u0161ky sv.Jilj\u00ed, sv.Huberta a sv.Eustacha v\u00a0malebn\u00e9m uspo\u0159\u00e1d\u00e1n\u00ed, nad nimi obraz, p\u0159edstavuj\u00edc\u00ed Pannu Marii jako\u017eto orodovnici, jak bere pod pl\u00e1\u0161\u0165 Adama a Evu, v\u00a0pozad\u00ed lesn\u00ed krajina\u201c. (K.Chytil, Soupis pam\u00e1tek v\u00a0politick\u00e9m okrese Chrudimsk\u00e9m, Praha, 1900).<img loading=\"lazy\" decoding=\"async\" class=\" wp-image-2037 alignleft\" src=\"https:\/\/www.svratka.cz\/wp-content\/uploads\/2016\/01\/nejstar%C5%A1%C3%AD-vyobrazen%C3%AD-Karl%C5%A1tejna-480x286.jpg\" alt=\"nejstar\u0161\u00ed vyobrazen\u00ed Karl\u0161tejna\" width=\"354\" height=\"211\" \/><\/em><\/p>\n<p style=\"text-align: justify;\">P\u0159i kapli sv. Jilj\u00ed za\u010dal v\u00a0roce 1776 Filip Kinsk\u00fd budovat rokokov\u00fd loveck\u00fd z\u00e1me\u010dek. Stavba trvala p\u0159es 10 let a poprv\u00e9 zde hrab\u011b pob\u00fdval v\u00a0roce 1787. Kolem z\u00e1me\u010dku byla z\u0159\u00edzena obora a st\u0159elnice. U\u017e v\u00a0roce 1789 je poprv\u00e9 p\u0159ipom\u00edn\u00e1na i vesni\u010dka, kter\u00e1 vznikla v\u00a0okol\u00ed z\u00e1me\u010dku. Z\u00e1mek m\u011bl v prvn\u00edm pat\u0159e hodovn\u00ed s\u00ed\u0148, v p\u0159\u00edzem\u00ed obytn\u00e9 m\u00edstnosti, v lev\u00e9m p\u0159\u00edzemn\u00edm pavilonu pak byla zm\u00edn\u011bn\u00e1 kaple, pr\u00fd jednoho tohoto stavebn\u00edho slohu v kraji. Byla zasv\u011bcena, jak jinak, k\u0159es\u0165ansk\u00fdm patron\u016fm myslivc\u016f. Olt\u00e1\u0159 svat\u00e9ho z Jilj\u00ed, jeho postrann\u00ed sochy zobrazovaly sv. Eustacha a sv. Huberta.<\/p>\n<p style=\"text-align: justify;\">V\u00a0roce 1823 kupuje panstv\u00ed i z\u00e1me\u010dek Karel Alexandr z\u00a0Thurn-Taxis\u016f, oboru zru\u0161il a z\u00e1me\u010dek v\u00a0roce 1825 zm\u011bnil na myslivnu. Postrann\u00ed stavby b\u00fdvaly kon\u00edrnami, d\u00edlnami a myslivna, v n\u00ed\u017e ve 30. l\u00e9tech 19. stolet\u00ed p\u016fsobil vzd\u011blan\u00fd lesn\u00edk Petr Jind\u0159ich z Luseku, zemsk\u00fd m\u011b\u0159i\u010d a \u0159editel dolov\u00e1n\u00ed na \u010deskomoravsk\u00fdch hor\u00e1ch.<img loading=\"lazy\" decoding=\"async\" class=\" wp-image-2038 alignleft\" src=\"https:\/\/www.svratka.cz\/wp-content\/uploads\/2016\/01\/Karl%C5%A1tejn-velikonoce-1900--480x312.jpg\" alt=\"Karl\u0161tejn, velikonoce 1900-\" width=\"348\" height=\"226\" \/><\/p>\n<p style=\"text-align: justify;\">Po zest\u00e1tn\u011bn\u00ed ve\u0161ker\u00e9ho majetku Thurn-Taxis\u016f v r. 1945, se majitel\u00e9 z\u00e1mku st\u0159\u00eddali, majitelem b\u00fdval Klub \u010desk\u00fdch turist\u016f, pot\u00e9 v letech 1950-52\u00a0\u010ceskoslovensk\u00e1 obec sokolsk\u00e1, , 1952-1956 tak\u00e9 TJ Spartak Svratka, kter\u00e1 zde z\u0159\u00eddila obraz\u00e1rnu. Z\u00e1mek za jejich vlastnictv\u00ed z\u00edskal novou st\u0159echu, ale na dal\u0161\u00ed \u00fadr\u017ebu nem\u011bla jednota pen\u00edze a z\u00e1mek byl prod\u00e1n firm\u011b \u010cKD Sokolovo n.p. Svrateck\u00e1 kronika v\u00a0roce 1955 p\u00ed\u0161e: \u201e<em>Lov\u010d\u00ed z\u00e1mek, zvan\u00fd t\u00e9\u017e K<\/em><em>arl\u0161tejn, propad\u00e1 posledn\u00ed dobou zk\u00e1ze a hroz\u00ed nebezpe\u010d\u00ed jeho sesut\u00ed. P\u0159ilehl\u00e9 hospod\u00e1\u0159sk\u00e9 budovy bude asi nutno bu\u010f zbo\u0159it nebo p\u0159estav\u011bt. St\u0159echa budovy z\u00e1mku je skoro rozpadl\u00e1 a do cel\u00e9ho prvn\u00edho poschod\u00ed zat\u00e9k\u00e1. Okna se rozpad\u00e1vaj\u00ed a nedaj\u00ed se otev\u0159\u00edt. Bylo by tedy n<\/em><em>utno vym\u011b<\/em><em>nit v\u0161echny okenn\u00ed r\u00e1my\u201c.<\/em> Eviden\u010dn\u00ed list nemovit\u00e9 pam\u00e1tky Karl\u0161tejn Pam\u00e1tkov\u00e9ho \u00fa\u0159adu v\u00a0Pardubic\u00edch z\u00a0roku 1975 p\u00ed\u0161e: <em>\u201eD\u016fkladn\u00e1 oprava je t\u0159eba, stav velmi \u0161patn\u00fd. Krovy prohnil\u00e9, p\u016fdy \u010d\u00e1ste\u010dn\u011b z\u0159\u00edcen\u00e9, okna m\u00edsty vytlu\u010dena, atd. Zejm\u00e9na kon\u00edrny a kolny, kter\u00e9 lze snadno p\u0159estav\u011bt na obytn\u00e9 m\u00edstnosti, jsou v\u00a0desol\u00e1tn\u00edm stavu. Z\u00e1mky ol\u00e1m\u00e1ny a \u0161amotov\u00e1 socha Turka v\u00a01. pat\u0159e bez hlavy\u2026\u201c<\/em><\/p>\n<p style=\"text-align: justify;\">V roce 1961 z\u00e1me\u010dek z\u00edskal podnik Restaurace a j\u00eddelny \u017d\u010f\u00e1r n.S., 1963 Kras Brno. A\u017e po roce 1974 posledn\u00ed vlastn\u00edk a pak jeho pr\u00e1vn\u00ed n\u00e1stupce \u2013 OP Prost\u011bjov, a.s., z\u00e1mek zrestauroval a uvnit\u0159 p\u0159estav\u011bl na \u0161kol\u00edc\u00ed a rekrea\u010dn\u00ed za\u0159\u00edzen\u00ed.<img loading=\"lazy\" decoding=\"async\" class=\" wp-image-1644 alignleft\" src=\"https:\/\/www.svratka.cz\/wp-content\/uploads\/2015\/05\/Karl%C5%A1tejn-1970-480x337.jpg\" alt=\"Karl\u0161tejn, 1970\" width=\"340\" height=\"239\" \/><\/p>\n<p style=\"text-align: justify;\">Je\u0161t\u011b zaj\u00edmavost &#8211; v roce 1950 z\u00e1mek s okol\u00edm poslou\u017eil pro nat\u00e1\u010den\u00ed \u010d\u00e1sti filmu podle Jir\u00e1skova rom\u00e1nu Temno. V roce 2001 pak zde bylo nat\u00e1\u010deno n\u011bkolik d\u00edl\u016f seri\u00e1lu \u010cetnick\u00e9 humoresky.<\/p>\n<p style=\"text-align: justify;\">Jm\u00e9no z\u00e1mku \u2013 Karl\u0161tejn nen\u00ed p\u0159evzato z jedine\u010dn\u00e9 stavby hradu Otce vlasti Karla IV. Jm\u00e9no m\u00e1 p\u016fvod v p\u0159enesen\u00e9m pojmenov\u00e1n\u00ed z nedalek\u00e9ho Zkamen\u011bl\u00e9ho z\u00e1mku, kdysi ozna\u010dovan\u00e9ho jako Star\u00fd Karl\u0161tejn, jeho\u017e skalisko naz\u00fdval tehdej\u0161\u00ed n\u011bmeck\u00fd lesn\u00ed person\u00e1l \u201eKahlstein\u201c, t.j. hol\u00fd k\u00e1men, co\u017e si zdej\u0161\u00ed obyvatel\u00e9 p\u0159evedli do pojmenov\u00e1n\u00ed Karl\u0161tejn.<\/p>\n<p><img loading=\"lazy\" decoding=\"async\" class=\"size-medium wp-image-2039\" src=\"https:\/\/www.svratka.cz\/wp-content\/uploads\/2016\/01\/Karl%C5%A1tejn-480x360.jpg\" alt=\"OLYMPUS DIGITAL CAMERA\" width=\"480\" height=\"360\" \/><\/p>\n<p align=\"left\"><span style=\"font-size: 14pt;\"><strong>P<\/strong><\/span><b><span style=\"font-size: 14pt;\">am\u00e1tn\u00ed\u010dek sv. Jilj\u00ed p\u0159i cest\u011b ze Svratouchu na Karl\u0161tejn (2 km z centra m\u011bsta)<\/span><br \/>\n<\/b><\/p>\n<p style=\"text-align: justify;\" align=\"left\">Stavba \u010di pam\u00e1tn\u00ed\u010dek s obr\u00e1zkem sv. Jilj\u00ed byla vystav\u011bna proto, aby p\u0159ipomn\u011bla a nahradila zaniklou pam\u00e1tku na v\u00fdznamnou sou\u010d\u00e1st Karl\u0161tejna a nab\u00eddla kolemjdouc\u00edm p\u0159\u00edle\u017eitost k zastaven\u00ed, n\u011bkomu k zamy\u0161len\u00ed nad histori\u00ed tohoto kraje a p\u0159im\u011bla k rozhl\u00e9dnut\u00ed po krajin\u011b \u017d\u010f\u00e1rsk\u00fdch vrch\u016f, t\u00e9to \u010d\u00e1sti \u010ceskomoravsk\u00e9 vrchoviny.<\/p>\n<p align=\"left\"><a href=\"https:\/\/www.svratka.cz\/images\/stories\/www\/jilji.jpg\" target=\"_blank\" rel=\"noopener\">\u00a0 <\/a><\/p>\n<p align=\"left\"><span style=\"font-size: 14pt;\"><strong>Kl<\/strong><\/span><b><span style=\"font-size: 14pt;\">adsk\u00e1 louka za Cik\u00e1nkou (2 km z centra m\u011bsta)<\/span><br \/>\n<\/b><\/p>\n<p style=\"text-align: justify;\" align=\"left\">Kdy\u017e projdete Cikaneckou ulic\u00ed a\u017e k are\u00e1lu \u010dist\u00edrny odpadn\u00edch vod, a budete-li pokra\u010dovat lesn\u00ed cestou cca 300 metr\u016f, dojdete na paseku, oded\u00e1vna naz\u00fdvanou Kladsk\u00e1 louka.<\/p>\n<p style=\"text-align: justify;\" align=\"left\">V minulosti sem forman\u00e9 sv\u00e1\u017eeli z okoln\u00edch les\u016f d\u0159evo, aby se odtud sv\u00e1\u017eelo d\u00e1l ke zpracov\u00e1n\u00ed na okoln\u00ed pily. N\u011bkolik krok\u016f od cesty, schovan\u00fd mezi stromy u kraje lesa, se kr\u010d\u00ed mal\u00fd kamenn\u00fd pam\u00e1tn\u00edk, kter\u00fd upom\u00edn\u00e1 na ud\u00e1lost, kter\u00e1 se zde p\u0159ed lety stala.<\/p>\n<p style=\"text-align: justify;\" align=\"left\">Dne 4. z\u00e1\u0159\u00ed 1873 v podve\u010der zde byl zast\u0159elen pytl\u00e1kem \u0160inkorou z Filipova rev\u00edrn\u00edk Augustin Gernoth z \u010cesk\u00fdch Milov. Podle pod\u00e1n\u00ed rev\u00edrn\u00edk Gernoth p\u0159i obch\u016fzce narazil na nebezpe\u010dn\u00e9ho pytl\u00e1ka \u0160inkoru, po vz\u00e1jemn\u00fdch slovn\u00edch v\u00fdhru\u017ek\u00e1ch do\u0161lo k p\u0159est\u0159elce, p\u0159i kter\u00e9 \u0160inkora trefil rev\u00edrn\u00edka Gernotha, a ten je\u0161t\u011b z posledn\u00edch sil st\u0159elil na pytl\u00e1ka, kter\u00e9ho tak\u00e9 trefil a smrteln\u011b zranil. Podle jin\u00fdch \u00fadaj\u016f rev\u00edrn\u00edk zast\u0159elil pytl\u00e1ka a s\u00e1m rev\u00edrn\u00edk byl zast\u0159elen druh\u00fdm pytl\u00e1kem z Kameni\u010dek, kter\u00fd tady \u00fadajn\u011b byl. Dodnes z\u016fstaly jen domn\u011bnky, jak se v\u0161e seb\u011bhlo.<\/p>\n<p><img loading=\"lazy\" decoding=\"async\" class=\" wp-image-1651\" src=\"https:\/\/www.svratka.cz\/wp-content\/uploads\/2016\/01\/kladsk-12-1-480x360.jpg\" alt=\"OLYMPUS DIGITAL CAMERA\" width=\"392\" height=\"294\" \/><\/p>\n<p><img loading=\"lazy\" decoding=\"async\" class=\" wp-image-1650\" src=\"https:\/\/www.svratka.cz\/wp-content\/uploads\/2016\/01\/kladsk-1-480x360.jpg\" alt=\"OLYMPUS DIGITAL CAMERA\" width=\"395\" height=\"296\" \/><\/p>\n<p align=\"left\">Augustin Gernoth byl poh\u0159ben na evangelick\u00e9m h\u0159bitov\u011b ve Svratouchu, stejn\u011b jako jeho man\u017eelka. Dnes je hrob ji\u017e zapomenut, litinov\u00fd k\u0159\u00ed\u017e z hrobu je nyn\u00ed ve vlastnictv\u00ed M\u011bstsk\u00e9ho muzea ve Svratce.<\/p>\n<p align=\"left\"><b><span style=\"font-size: 14pt;\">Zkamen\u011bl\u00fd z\u00e1mek (3.5 km z centra m\u011bsta)<\/span><br \/>\n<\/b><\/p>\n<p style=\"text-align: justify;\" align=\"left\">\u00a0\u00a0 Asi 3.5 km od Svratky le\u017e\u00ed v les\u00edch skaliska nazvan\u00e1 Zkamen\u011bl\u00fd z\u00e1mek. Zachovan\u00e9 valy sv\u011bd\u010d\u00ed o tom, \u017ee zde b\u00fdvalo v d\u00e1vn\u00fdch dob\u00e1ch hradi\u0161t\u011b. V roce 1868 zde prov\u00e1d\u011bl pr\u016fzkum Franti\u0161ek Z\u00e1krejs a zpr\u00e1vu o n\u011bm pak podal v Pam\u00e1tk\u00e1ch archeologick\u00fdch a m\u00edstopisn\u00fdch.\u00a0 V letech 1887-1890 zde prov\u00e1d\u011bli pr\u016fzkum hline\u010dt\u00ed Ad\u00e1mkov\u00e9, a tak\u00e9 sv\u00e9 v\u00fdzkumy uve\u0159ejnili. P\u0159i vykop\u00e1vk\u00e1ch byly nalezeny \u00falomky keramiky, hlin\u011bn\u00e1 ozdobn\u00e1 hlava b\u00fd\u010dka, kamenn\u00fd mlat, \u017eelezn\u00e9 \u0161ipky a ostruhy, apod. Nejvy\u0161\u0161\u00ed sk\u00e1la m\u00e1 nadmo\u0159skou v\u00fd\u0161ku 762 m.n.m., p\u0159ipom\u00edn\u00e1 v\u011b\u017e, mezi n\u00ed a druh\u00fdm skaliskem je okno, u \u010dtvrt\u00e9 sk\u00e1ly jsou schody, u p\u00e1t\u00e9 sk\u00e1ly je pak p\u0159iklopen velk\u00fd ploch\u00fd k\u00e1men, kter\u00fd tvo\u0159\u00ed skr\u00fd\u0161.\u00a0 Hradi\u0161t\u011b b\u00fdvalo asi 85 m dlouh\u00e9 a 55 m \u0161irok\u00e9, obehnan\u00e9 dvoj\u00edmi valy a os\u00eddleno bylo nejsp\u00ed\u0161e od 7. stolet\u00ed a tak\u00e9 pozd\u011bji ve st\u0159edov\u011bku-mohlo t\u00e9\u017e slou\u017eit jako str\u00e1\u017en\u00ed hradi\u0161t\u011b.<\/p>\n<p style=\"text-align: justify;\" align=\"left\"><img loading=\"lazy\" decoding=\"async\" class=\"alignnone wp-image-1657\" src=\"https:\/\/www.svratka.cz\/wp-content\/uploads\/2016\/01\/Zkamen%C4%9Bl%C3%BD___z%C3%A1mek_1-480x305.jpg\" alt=\"Zkamen\u011bl\u00fd___z\u00e1mek_1\" width=\"346\" height=\"220\" \/><\/p>\n<p><img loading=\"lazy\" decoding=\"async\" class=\" wp-image-1653\" src=\"https:\/\/www.svratka.cz\/wp-content\/uploads\/2016\/01\/zkamenl_zmek_10_3_2008-1-480x360.jpg\" alt=\"OLYMPUS DIGITAL CAMERA\" width=\"347\" height=\"260\" \/><\/p>\n<p align=\"left\">Text a foto: \u00a9 M\u011bsto Svratka<\/p>\n","protected":false},"excerpt":{"rendered":"<p>Karl\u0161tejn (2.5 km z centra m\u011bsta) Na kopci nad Svratkou a Svratouchem, ve v\u00fd\u0161i 783 m.n.m.,\u00a0 p\u016fvodn\u011b st\u00e1la kaple sv.Jilj\u00ed. Olt\u00e1\u0159 pro tuto kapli byl vysv\u011bcen opatem hradi\u0161\u0165sk\u00e9ho kl\u00e1\u0161tera 20.9.1708, kaple byla tedy nejsp\u00ed\u0161e stav\u011bna v\u00a0t\u00e9m\u017ee roce. \u201eNa tumb\u011b byly um\u00edst\u011bny d\u0159ev\u011bn\u00e9 so\u0161ky sv.Jilj\u00ed, sv.Huberta a sv.Eustacha v\u00a0malebn\u00e9m uspo\u0159\u00e1d\u00e1n\u00ed, nad nimi obraz, p\u0159edstavuj\u00edc\u00ed Pannu Marii [&hellip;]<\/p>\n","protected":false},"author":1,"featured_media":0,"parent":0,"menu_order":0,"comment_status":"closed","ping_status":"closed","template":"","meta":{"footnotes":""},"class_list":["post-1499","page","type-page","status-publish","hentry"],"_links":{"self":[{"href":"https:\/\/www.svratka.cz\/index.php?rest_route=\/wp\/v2\/pages\/1499","targetHints":{"allow":["GET"]}}],"collection":[{"href":"https:\/\/www.svratka.cz\/index.php?rest_route=\/wp\/v2\/pages"}],"about":[{"href":"https:\/\/www.svratka.cz\/index.php?rest_route=\/wp\/v2\/types\/page"}],"author":[{"embeddable":true,"href":"https:\/\/www.svratka.cz\/index.php?rest_route=\/wp\/v2\/users\/1"}],"replies":[{"embeddable":true,"href":"https:\/\/www.svratka.cz\/index.php?rest_route=%2Fwp%2Fv2%2Fcomments&post=1499"}],"version-history":[{"count":0,"href":"https:\/\/www.svratka.cz\/index.php?rest_route=\/wp\/v2\/pages\/1499\/revisions"}],"wp:attachment":[{"href":"https:\/\/www.svratka.cz\/index.php?rest_route=%2Fwp%2Fv2%2Fmedia&parent=1499"}],"curies":[{"name":"wp","href":"https:\/\/api.w.org\/{rel}","templated":true}]}}