{"id":1497,"date":"2016-01-12T21:05:48","date_gmt":"2016-01-12T20:05:48","guid":{"rendered":"http:\/\/w2.svratka.cz\/?page_id=1497"},"modified":"2016-01-12T21:05:48","modified_gmt":"2016-01-12T20:05:48","slug":"koupani","status":"publish","type":"page","link":"https:\/\/www.svratka.cz\/?page_id=1497","title":{"rendered":"Koup\u00e1n\u00ed"},"content":{"rendered":"<table border=\"0\" cellspacing=\"2\" cellpadding=\"2\" align=\"center\">\n<tbody>\n<tr>\n<td valign=\"top\" width=\"130\">\n<p><b>Koupali\u0161t\u011b Svratka<\/b><\/p>\n<p>&nbsp;<\/p>\n<p>&nbsp;<\/p>\n<p>&nbsp;<\/p>\n<p><b>Kryt\u00fd baz\u00e9n hotelu Svratka<\/b><\/td>\n<td><\/td>\n<td><b>Svratka<\/b><br \/>\nKoupali\u0161t\u011b se nach\u00e1z\u00ed na jihoz\u00e1padn\u00edm okraji Svratky. Um\u011bl\u00e1 n\u00e1dr\u017e m\u00e1 rozm\u011bry 50&#215;12,5 metr\u016f, hloubka dosahuje a\u017e 4 metry. Travnat\u00fd b\u0159eh. K dispozici je ob\u010derstven\u00ed. Sportovn\u00ed vy\u017eit\u00ed: volejbal, skokansk\u00e9 prkno nebo v\u011b\u017e. V sou\u010dasnosti je koupali\u0161t\u011b vedeno jako ve\u0159ejn\u00e1 vodn\u00ed plocha bez placen\u00ed vstupn\u00e9ho.<\/p>\n<p>V are\u00e1lu hotelu Svratka &#8211; <a href=\"https:\/\/www.hotel-svratka.cz\/\" target=\"_blank\" rel=\"noopener\">www.hotel-svratka.cz<\/a><\/td>\n<\/tr>\n<tr>\n<td valign=\"top\" width=\"130\"><b>Rybn\u00edk Chochol<\/b><\/td>\n<td><\/td>\n<td><b>Svratouch<\/b><br \/>\nRekrea\u010dn\u00ed rybn\u00edk o rozloze 4 ha le\u017e\u00ed v nadmo\u0159sk\u00e9 v\u00fd\u0161ce 645 metr\u016f nedaleko obce Svratouch. V bl\u00edzkosti je turistick\u00e1 z\u00e1kladna.<\/td>\n<\/tr>\n<tr>\n<td valign=\"top\" width=\"130\"><b>Ky\u0161persk\u00fd rybn\u00edk<\/b><\/td>\n<td><\/td>\n<td><b>K\u0159i\u017e\u00e1nky<\/b><br \/>\nRekrea\u010dn\u00ed rybn\u00edk (6 ha), na z\u00e1padn\u00edm b\u0159ehu na louce je Penzion Buk\u00e1\u010dek. Z v\u00fdchodn\u00edho b\u0159ehu rybn\u00edka je p\u011bkn\u00fd v\u00fdhled na nejvy\u0161\u0161\u00ed vrchol \u017d\u010f\u00e1rsk\u00fdch vrch\u016f &#8211; Dev\u011bt skal ( 836 m n.m.).<\/td>\n<\/tr>\n<tr>\n<td valign=\"top\" width=\"130\"><b>rybn\u00edk \u0158\u00e1sn\u00edk<br \/>\n<\/b><\/td>\n<td><\/td>\n<td><b>K\u0159i\u017e\u00e1nky<\/b><\/td>\n<\/tr>\n<tr>\n<td valign=\"top\" width=\"130\"><b>Milovsk\u00fd rybn\u00edk<\/b><\/td>\n<td><\/td>\n<td><b>Milovy<\/b><br \/>\nRybn\u00edk zalo\u017een\u00fd v roce 1610, le\u017e\u00ed v nadmo\u0159sk\u00e9 v\u00fd\u0161ce 593 metr\u016f. U rybn\u00edka je rekrea\u010dn\u00ed st\u0159edisko, t\u00e1bo\u0159i\u0161t\u011b. Rybn\u00edk je v\u00fdchoz\u00edm bodem na okoln\u00ed skalnat\u00e9 vrcholy &#8211; Dr\u00e1ten\u00ed\u010dky, \u010cty\u0159i palice, Mal\u00ednsk\u00e1 sk\u00e1la, Dev\u011bt skal.<\/td>\n<\/tr>\n<tr>\n<td valign=\"top\" width=\"130\"><b>Plaveck\u00fd baz\u00e9n hotelu Dev\u011bt skal<\/b><\/td>\n<td><\/td>\n<td><b>Milovy<\/b><br \/>\nBaz\u00e9n o rozm\u011brech 14 x 7 x 1,35 m. P\u0159ednost maj\u00ed hotelov\u00ed host\u00e9.<\/td>\n<\/tr>\n<tr>\n<td valign=\"top\" width=\"130\">\n<p><b>Kryt\u00fd plaveck\u00fd baz\u00e9n m\u011bsta Hlinska<\/b><\/p>\n<p><b>Rybn\u00edk Janu\u0161<\/b><\/td>\n<td><\/td>\n<td>\n<p><b>Hlinsko<\/b>, ul. Smetanova, viz <a href=\"https:\/\/www.hlinsko.cz\/\" target=\"_blank\" rel=\"noopener\">www.hlinsko.cz<\/a><\/p>\n<p>&nbsp;<\/p>\n<p>Rekrea\u010dn\u00ed rybn\u00edk le\u017e\u00ed 5 km jihoz\u00e1padn\u011b od m\u011bsta Hlinska, vedle \u017eelezni\u010dn\u00ed trati. Rozloha: 13,5 ha. Travnat\u00fd b\u0159eh, les, bahnit\u00e9 dno. Mo\u017enost koup\u00e1n\u00ed.<\/td>\n<\/tr>\n<tr>\n<td valign=\"top\" width=\"130\"><b>Rybn\u00edk Krejcar<\/b><\/td>\n<td><\/td>\n<td><b>Kameni\u010dky<\/b><br \/>\nRekrea\u010dn\u00ed rybn\u00edk Krejcar le\u017e\u00ed 1 km od obce Kameni\u010dky, 7 km jihov\u00fdchodn\u011b od Hlinska. Jeho rozloha je 13 ha, hloubka dosahuje a\u017e 3 metry. Dno je bahnit\u00e9. Mo\u017enost koup\u00e1n\u00ed.<\/td>\n<\/tr>\n<tr>\n<td valign=\"top\" width=\"130\"><b>Relaxa\u010dn\u00ed centrum \u017d\u010f\u00e1r nad S\u00e1zavou<\/b><\/td>\n<td><\/td>\n<td><b>\u017d\u010f\u00e1r nad S\u00e1zavou, ul. \u0160vermova<\/b><br \/>\nviz <a href=\"https:\/\/www.bazen-zdar.cz\/\" target=\"_blank\" rel=\"noopener\">www.bazen-zdar.cz<\/a><\/td>\n<\/tr>\n<\/tbody>\n<\/table>\n<p><\/p>\n","protected":false},"excerpt":{"rendered":"<p>Koupali\u0161t\u011b Svratka &nbsp; &nbsp; &nbsp; Kryt\u00fd baz\u00e9n hotelu Svratka Svratka Koupali\u0161t\u011b se nach\u00e1z\u00ed na jihoz\u00e1padn\u00edm okraji Svratky. Um\u011bl\u00e1 n\u00e1dr\u017e m\u00e1 rozm\u011bry 50&#215;12,5 metr\u016f, hloubka dosahuje a\u017e 4 metry. Travnat\u00fd b\u0159eh. K dispozici je ob\u010derstven\u00ed. Sportovn\u00ed vy\u017eit\u00ed: volejbal, skokansk\u00e9 prkno nebo v\u011b\u017e. V sou\u010dasnosti je koupali\u0161t\u011b vedeno jako ve\u0159ejn\u00e1 vodn\u00ed plocha bez placen\u00ed vstupn\u00e9ho. V are\u00e1lu [&hellip;]<\/p>\n","protected":false},"author":1,"featured_media":0,"parent":0,"menu_order":0,"comment_status":"closed","ping_status":"closed","template":"","meta":{"footnotes":""},"class_list":["post-1497","page","type-page","status-publish","hentry"],"_links":{"self":[{"href":"https:\/\/www.svratka.cz\/index.php?rest_route=\/wp\/v2\/pages\/1497","targetHints":{"allow":["GET"]}}],"collection":[{"href":"https:\/\/www.svratka.cz\/index.php?rest_route=\/wp\/v2\/pages"}],"about":[{"href":"https:\/\/www.svratka.cz\/index.php?rest_route=\/wp\/v2\/types\/page"}],"author":[{"embeddable":true,"href":"https:\/\/www.svratka.cz\/index.php?rest_route=\/wp\/v2\/users\/1"}],"replies":[{"embeddable":true,"href":"https:\/\/www.svratka.cz\/index.php?rest_route=%2Fwp%2Fv2%2Fcomments&post=1497"}],"version-history":[{"count":0,"href":"https:\/\/www.svratka.cz\/index.php?rest_route=\/wp\/v2\/pages\/1497\/revisions"}],"wp:attachment":[{"href":"https:\/\/www.svratka.cz\/index.php?rest_route=%2Fwp%2Fv2%2Fmedia&parent=1497"}],"curies":[{"name":"wp","href":"https:\/\/api.w.org\/{rel}","templated":true}]}}