{"id":1446,"date":"2016-01-12T19:43:25","date_gmt":"2016-01-12T18:43:25","guid":{"rendered":"http:\/\/w2.svratka.cz\/?page_id=1446"},"modified":"2026-03-23T11:22:11","modified_gmt":"2026-03-23T10:22:11","slug":"cestni-obcane","status":"publish","type":"page","link":"https:\/\/www.svratka.cz\/?page_id=1446","title":{"rendered":"\u010cestn\u00ed ob\u010dan\u00e9"},"content":{"rendered":"<div class=\"wpb-content-wrapper\"><p>[vc_row][vc_column][vc_column_text css=&#8220;&#8220;]Seznam \u010destn\u00fdch ob\u010dan\u016f nemus\u00ed b\u00fdt \u00fapln\u00fd. Jsou zde uvedeni jen ti, jejich\u017e jmenov\u00e1n\u00ed se poda\u0159ilo dohledat v archivn\u00edch pramenech.<\/p>\n<ul>\n<li><strong>Karel Ad\u00e1mek<\/strong>, starosta hlineck\u00e9ho okresu, jmenov\u00e1n 5.11.1882<\/li>\n<li><strong>Petr Mat\u011bj Fischer<\/strong>, starosta Sm\u00edchova, zakladatel Slav\u00edna, zdej\u0161\u00ed rod\u00e1k a mecen\u00e1\u0161, jmenov\u00e1n 1884<\/li>\n<li><strong>\u010cen\u011bk Gregor<\/strong>, prim\u00e1tor Prahy v letech 1893-96, zdej\u0161\u00ed rod\u00e1k, jmenov\u00e1n 17.8.1917<\/li>\n<li><strong>Josef H\u00e1jek<\/strong>, \u0159\u00edd\u00edc\u00ed u\u010ditel ve Svratce, jmenov\u00e1n 18.5.1891<\/li>\n<li><strong>Franti\u0161ek Henych<\/strong>, \u0159\u00edd\u00edc\u00ed u\u010ditel ve Svratce, jmenov\u00e1n 1932<\/li>\n<li><strong>V\u00e1clav Ku\u010dera<\/strong>, zdej\u0161\u00ed far\u00e1\u0159, jmenov\u00e1n 2.8.1883<\/li>\n<li><strong>Bohumil Lau\u0161man<\/strong>, soci\u00e1ln\u011b-demokratick\u00fd politik, jmenov\u00e1n 1945, \u010destn\u00e9ho ob\u010danstv\u00ed zbaven 2.12.1950 za &#8222;jeho zradu na pracuj\u00edc\u00ed t\u0159\u00edd\u011b a \u00fat\u011bk do ciziny&#8220;.<\/li>\n<li><strong>Ji\u0159\u00ed, kn\u00ed\u017ee z Lobkovic,<\/strong> nejvy\u0161\u0161\u00ed mar\u0161\u00e1lek kr\u00e1lovstv\u00ed \u010desk\u00e9ho, jmenov\u00e1n 7.5.1905<\/li>\n<li><strong>Tom\u00e1\u0161 Garrigue Masaryk<\/strong>, prezident \u010cSR, jmenov\u00e1n 7.3.1919<\/li>\n<li><strong>Nikolaj Melni\u010duk-Orel<\/strong>, velitel partyz\u00e1nsk\u00e9 skupiny Vp\u0159ed, jmenov\u00e1n 14.11.1945<\/li>\n<li><strong>He\u0159man Mr\u00e1zek<\/strong>, \u0159\u00edd\u00edc\u00ed u\u010ditel ve Svratce, jmenov\u00e1n 1932<\/li>\n<li><strong>Anton\u00edn Odehnal<\/strong>, socha\u0159 a medail\u00e9r, zdej\u0161\u00ed rod\u00e1k, jmenov\u00e1n 22.6.1936<\/li>\n<li><strong>Bed\u0159ich Tu\u010dek<\/strong>, nakladatel, mecen\u00e1\u0161 Svratky, jmenov\u00e1n 27.2.1936<\/li>\n<li>\u010dlenov\u00e9 partyz\u00e1nsk\u00e9 skupiny Vp\u0159ed-Anatolij Polikarpovi\u010d Chmel z Moskvy, Pavel Osipovi\u010d Jonikov z Leningradu, Michail Jakovlevi\u010d Ignat\u011bnko z \u010cernigovsk\u00e9 oblasti, Vladimir Fjodorovi\u010d Jacuk z Ostrogu, Tamara St\u011bpanovna Rybakovov\u00e1 z Kijeva, Anatolij Valerijevi\u010d Kurjato z Kijeva, Pavel Valerijevi\u010d Kurjato z Kijeva a Alexandr Pavlovi\u010d Bykov z Od\u011bssy &#8212; v\u0161ichni jmenov\u00e1ni 19.3.1965<\/li>\n<li><strong>Jan Vel\u00edk<\/strong>, \u010dlen odbojov\u00e9 partyz\u00e1nsk\u00e9 skupiny STAS, \u00fa\u010dastnil se osvobozovac\u00edch boj\u016f v roce 1945, od t\u00e9ho\u017e roku svrateck\u00fdm ob\u010danem, jmenov\u00e1n 26.8.2010<\/li>\n<\/ul>\n<p>[\/vc_column_text][\/vc_column][\/vc_row]\n<\/div>","protected":false},"excerpt":{"rendered":"<p>[vc_row][vc_column][vc_column_text css=&#8220;&#8220;]Seznam \u010destn\u00fdch ob\u010dan\u016f nemus\u00ed b\u00fdt \u00fapln\u00fd. Jsou zde uvedeni jen ti, jejich\u017e jmenov\u00e1n\u00ed se poda\u0159ilo dohledat v archivn\u00edch pramenech. Karel Ad\u00e1mek, starosta hlineck\u00e9ho okresu, jmenov\u00e1n 5.11.1882 Petr Mat\u011bj Fischer, starosta Sm\u00edchova, zakladatel Slav\u00edna, zdej\u0161\u00ed rod\u00e1k a mecen\u00e1\u0161, jmenov\u00e1n 1884 \u010cen\u011bk Gregor, prim\u00e1tor Prahy v letech 1893-96, zdej\u0161\u00ed rod\u00e1k, jmenov\u00e1n 17.8.1917 Josef H\u00e1jek, \u0159\u00edd\u00edc\u00ed u\u010ditel [&hellip;]<\/p>\n","protected":false},"author":1,"featured_media":0,"parent":0,"menu_order":0,"comment_status":"closed","ping_status":"closed","template":"page-templates\/sidebar-right.php","meta":{"footnotes":""},"class_list":["post-1446","page","type-page","status-publish","hentry"],"_links":{"self":[{"href":"https:\/\/www.svratka.cz\/index.php?rest_route=\/wp\/v2\/pages\/1446","targetHints":{"allow":["GET"]}}],"collection":[{"href":"https:\/\/www.svratka.cz\/index.php?rest_route=\/wp\/v2\/pages"}],"about":[{"href":"https:\/\/www.svratka.cz\/index.php?rest_route=\/wp\/v2\/types\/page"}],"author":[{"embeddable":true,"href":"https:\/\/www.svratka.cz\/index.php?rest_route=\/wp\/v2\/users\/1"}],"replies":[{"embeddable":true,"href":"https:\/\/www.svratka.cz\/index.php?rest_route=%2Fwp%2Fv2%2Fcomments&post=1446"}],"version-history":[{"count":2,"href":"https:\/\/www.svratka.cz\/index.php?rest_route=\/wp\/v2\/pages\/1446\/revisions"}],"predecessor-version":[{"id":9804,"href":"https:\/\/www.svratka.cz\/index.php?rest_route=\/wp\/v2\/pages\/1446\/revisions\/9804"}],"wp:attachment":[{"href":"https:\/\/www.svratka.cz\/index.php?rest_route=%2Fwp%2Fv2%2Fmedia&parent=1446"}],"curies":[{"name":"wp","href":"https:\/\/api.w.org\/{rel}","templated":true}]}}