{"id":1441,"date":"2016-01-12T19:37:39","date_gmt":"2016-01-12T18:37:39","guid":{"rendered":"http:\/\/w2.svratka.cz\/?page_id=1441"},"modified":"2026-03-25T11:46:01","modified_gmt":"2026-03-25T10:46:01","slug":"zakladni-udaje","status":"publish","type":"page","link":"https:\/\/www.svratka.cz\/?page_id=1441","title":{"rendered":"Z\u00e1kladn\u00ed \u00fadaje"},"content":{"rendered":"<div class=\"wpb-content-wrapper\"><p>[vc_row][vc_column width=&#8220;2\/3&#8243;][vc_column_text]M\u011bsto Svratka le\u017e\u00ed v kraji Vyso\u010dina, b\u00fdv.okrese \u017d\u010f\u00e1r nad S\u00e1zavou, pov\u011b\u0159en\u00fdm m\u011bstem je pro Svratku \u017d\u010f\u00e1r nad S\u00e1zavou.<\/p>\n<p><b>rozloha katastru:<\/b> 14.51 km<sup>2<\/sup><\/p>\n<p><b>po\u010det obyvatel (k 31.12.2025)<\/b>: 1305<\/p>\n<p><b>PS\u010c<\/b>: 592 02 (po\u0161ta v m\u00edst\u011b)<\/p>\n<p>Svratka se skl\u00e1d\u00e1 ze \u010dty\u0159 katastr\u00e1ln\u00edch \u00fazem\u00ed: Svratka, Moravsk\u00e1 Svratka, \u010cesk\u00e1 Cik\u00e1nka a Moravsk\u00e1 Cik\u00e1nka.<\/p>\n<p>Katastr\u00e1ln\u011b soused\u00edme s obcemi Chlum\u011bt\u00edn, Her\u00e1lec a K\u0159i\u017e\u00e1nky v kraji Vyso\u010dina a s obcemi Svratouch, B\u0159eziny a Pust\u00e1 Rybn\u00e1, kter\u00e9 jsou ji\u017e v Pardubick\u00e9m kraji.<\/p>\n<p>M\u011bsto le\u017e\u00ed na k\u0159i\u017eovatce <b>silnic<\/b> 2.t\u0159\u00edd \u010d.354 (Slati\u0148any-Chrast-Skute\u010d-Svratka-Nov\u00e9 M\u011bsto na Morav\u011b-K\u0159i\u017eanov), \u010d.350 (P\u0159ibyslav-Svratka) a 343 (Se\u010d-Trhov\u00e1 Kamenice-Hlinsko-Svratka). Od d\u00e1lnice D1 jsme vzd\u00e1leni cca 50 km.<\/p>\n<p><b>\u017delezni\u010dn\u00ed spojen\u00ed<\/b> nen\u00ed, nejbli\u017e\u0161\u00ed je tra\u0165 \u017d\u010f\u00e1rec u Skut\u010de-Skute\u010d-\u010cachnov-Poli\u010dka-Svitavy\u00a0 (stanice \u010cachnov-6 km, tra\u0165 Havl\u00ed\u010dk\u016fv Brod-Hlinsko-Chrudim-Pardubice (stanice Hlinsko-13 km) a tra\u0165 Havl\u00ed\u010dk\u016fvBrod-\u017d\u010f\u00e1r n.S.-Brno (stanice \u017d\u010f\u00e1r n.S.-22 km).<\/p>\n<p><b>M\u011bsto m\u00e1 <\/b>z\u00e1kladn\u00ed obchodn\u00ed s\u00ed\u0165 a slu\u017eby, praktick\u00e9ho, d\u011btsk\u00e9ho, zubn\u00edho l\u00e9ka\u0159e a gynekologa, zv\u011brol\u00e9ka\u0159e, \u00faplnou z\u00e1kladn\u00ed \u0161kolu (1.-9.ro\u010dn\u00edk), matri\u010dn\u00ed \u00fa\u0159ad.<\/p>\n<p>Ostatn\u00ed \u00fa\u0159ady jsou pro Svratku ve \u017d\u010f\u00e1ru n.S. (22 km)[\/vc_column_text][\/vc_column][vc_column width=&#8220;1\/3&#8243;][vc_single_image image=&#8220;9886&#8243; img_size=&#8220;large&#8220; css=&#8220;&#8220;][vc_video link=&#8220;https:\/\/youtu.be\/gbe_AheSy_4?si=U_gtq_GlJWl6se16&#8243; title=&#8220;Video o m\u011bst\u011b&#8220;][\/vc_column][\/vc_row]\n<\/div>","protected":false},"excerpt":{"rendered":"<p>[vc_row][vc_column width=&#8220;2\/3&#8243;][vc_column_text]M\u011bsto Svratka le\u017e\u00ed v kraji Vyso\u010dina, b\u00fdv.okrese \u017d\u010f\u00e1r nad S\u00e1zavou, pov\u011b\u0159en\u00fdm m\u011bstem je pro Svratku \u017d\u010f\u00e1r nad S\u00e1zavou. rozloha katastru: 14.51 km2 po\u010det obyvatel (k 31.12.2025): 1305 PS\u010c: 592 02 (po\u0161ta v m\u00edst\u011b) Svratka se skl\u00e1d\u00e1 ze \u010dty\u0159 katastr\u00e1ln\u00edch \u00fazem\u00ed: Svratka, Moravsk\u00e1 Svratka, \u010cesk\u00e1 Cik\u00e1nka a Moravsk\u00e1 Cik\u00e1nka. Katastr\u00e1ln\u011b soused\u00edme s obcemi Chlum\u011bt\u00edn, Her\u00e1lec [&hellip;]<\/p>\n","protected":false},"author":1,"featured_media":0,"parent":0,"menu_order":0,"comment_status":"closed","ping_status":"closed","template":"","meta":{"footnotes":""},"class_list":["post-1441","page","type-page","status-publish","hentry"],"_links":{"self":[{"href":"https:\/\/www.svratka.cz\/index.php?rest_route=\/wp\/v2\/pages\/1441","targetHints":{"allow":["GET"]}}],"collection":[{"href":"https:\/\/www.svratka.cz\/index.php?rest_route=\/wp\/v2\/pages"}],"about":[{"href":"https:\/\/www.svratka.cz\/index.php?rest_route=\/wp\/v2\/types\/page"}],"author":[{"embeddable":true,"href":"https:\/\/www.svratka.cz\/index.php?rest_route=\/wp\/v2\/users\/1"}],"replies":[{"embeddable":true,"href":"https:\/\/www.svratka.cz\/index.php?rest_route=%2Fwp%2Fv2%2Fcomments&post=1441"}],"version-history":[{"count":5,"href":"https:\/\/www.svratka.cz\/index.php?rest_route=\/wp\/v2\/pages\/1441\/revisions"}],"predecessor-version":[{"id":10029,"href":"https:\/\/www.svratka.cz\/index.php?rest_route=\/wp\/v2\/pages\/1441\/revisions\/10029"}],"wp:attachment":[{"href":"https:\/\/www.svratka.cz\/index.php?rest_route=%2Fwp%2Fv2%2Fmedia&parent=1441"}],"curies":[{"name":"wp","href":"https:\/\/api.w.org\/{rel}","templated":true}]}}