{"id":1062,"date":"2015-11-13T14:27:30","date_gmt":"2015-11-13T13:27:30","guid":{"rendered":"http:\/\/w2.svratouch.cz\/?page_id=1062"},"modified":"2015-11-13T14:27:30","modified_gmt":"2015-11-13T13:27:30","slug":"golfove-hriste","status":"publish","type":"page","link":"https:\/\/www.svratka.cz\/?page_id=1062","title":{"rendered":"Golfov\u00e9 h\u0159i\u0161t\u011b"},"content":{"rendered":"<p style=\"text-align: justify;\">\u00a0\u00a0\u00a0\u00a0 H\u0159i\u0161t\u011b nad Svratkou a Svratouchem\u00a0 bylo vytvo\u0159eno v letech 1945-49 podle n\u00e1vrhu svrateck\u00e9ho v\u00fdtvarn\u00edka Aloise Chochol\u00e1\u010de a projektu ing. J. Charv\u00e1ta a zprovozn\u011bno za p\u0159isp\u011bn\u00ed Golf klubu um\u011blc\u016f 17, jeho\u017e \u010dleny byli nap\u0159. Ji\u0159\u00ed Trnka nebo Adolf Hoffmeister. Rozkl\u00e1d\u00e1 se v kr\u00e1sn\u00e9 krajin\u011b \u010ceskomoravsk\u00e9 vyso\u010diny.<\/p>\n<p style=\"text-align: justify;\">\u00a0\u00a0\u00a0\u00a0 V\u00a0roce 1949 bylo ji\u017e hotov\u00e9 a p\u0159ipraven\u00e9 pro hran\u00ed. M\u011blo 9 drah a 6 green\u016f. T\u0159i dr\u00e1hy m\u011bly spole\u010dn\u00fd green. Za 4 roky bylo vys\u00e1zeno p\u0159es 3000 stromk\u016f, upraveno 9 hrac\u00edch ploch o celkov\u00e9 d\u00e9lce 2376 m, z\u0159\u00edzeny dohr\u00e1vac\u00ed plochy, odrazi\u0161t\u011b, postaveny 4 rybn\u00ed\u010dky, 15 lavi\u010dek, upravena cesta pro auta v\u00a0d\u00e9lce 500 m, opraveny budovy budouc\u00ed klubovny (Gr\u00fcner\u016fv statek) a na \u00fapravu bylo vyd\u00e1no p\u0159es 700\u00a0000 K\u010ds, co\u017e bylo z\u00edsk\u00e1v\u00e1no prodejem obraz\u016f um\u011blc\u016f Golf klubu. B\u011bhem z\u00e1\u0159\u00ed a \u0159\u00edjna 1949 se zde vyst\u0159\u00eddalo 155 hr\u00e1\u010d\u016f. Prvn\u00ed, kdo zde hr\u00e1l golf, byl profesor MUDr. Nov\u00e1k z\u00a0Brna, Dr.Mach s\u00a0pan\u00ed a ing.arch. Dvo\u0159\u00e1k.<\/p>\n<p style=\"text-align: justify;\">\u00a0\u00a0\u00a0\u00a0 Kdy\u017e se v\u00a0roce 1950 p\u0159ijeli na h\u0159i\u0161t\u011b pod\u00edvat hr\u00e1\u010di z\u00a0Kl\u00e1novic, jejich posudek zn\u011bl: \u201eNa oko lehk\u00e9, ale setsakramentsky z\u00e1ludn\u00e9\u201c. Golfov\u00fd odd\u00edl vedl v\u00a0Sokole Svratka Alois Chochol\u00e1\u010d, v\u00a0roce 1950 z\u00edskal 22 nov\u00fdch \u010dlen\u016f. Hr\u00e1lo se pod veden\u00edm tren\u00e9ra Zde\u0148ka \u0160ulce z\u00a0Prahy, golfu se u\u010dili \u010dlenov\u00e9 Josef V\u00ed\u0161ek, Josef Lodin, Miloslav Halamka a Josef Cach. \u00dadr\u017eba h\u0159i\u0161t\u011b st\u00e1la 32 850 K\u010ds, hr\u00e1\u010di b\u00fdvali ubytov\u00e1ni v\u00a0M\u00e1nesu nebo v\u00a0provizorn\u00ed nocleh\u00e1rn\u011b na h\u0159i\u0161ti (Gr\u00fcner\u016fv statek), nov\u011b bylo vys\u00e1zeno 130 stromk\u016f.<\/p>\n<p style=\"text-align: justify;\">\u00a0\u00a0\u00a0\u00a0 Je\u0161t\u011b v\u00a0roce 1954 fungoval pod Spartakem Svratka odd\u00edl golfu, pod veden\u00edm Josefa V\u00ed\u0161ka a Josefa Lodina. Ve dnech 28.-29.8.1954 se zde je\u0161t\u011b konala Sout\u011b\u017e Vyso\u010diny, kter\u00e9 se z\u00fa\u010dastnili golfist\u00e9 z\u00a0Karlov\u00fdch Var\u016f a Brna. Av\u0161ak po roce 1955 p\u0159estalo b\u00fdt h\u0159i\u0161t\u011b udr\u017eov\u00e1no a pustlo. Nav\u00edc JZD Svratouch, na jeho\u017e katastru pozemky h\u0159i\u0161t\u011b jsou, tla\u010dil na likvidaci golfov\u00e9ho h\u0159i\u0161t\u011b, nebo\u0165 cht\u011bl pozemky vyu\u017e\u00edt pro zem\u011bd\u011blsk\u00e9 \u00fa\u010dely.<\/p>\n<p style=\"text-align: justify;\">\u00a0\u00a0\u00a0\u00a0 V prvn\u00ed polovin\u011b 60. let h\u0159i\u0161t\u011b nebylo udr\u017eov\u00e1no a upadlo v zapomn\u011bn\u00ed. V roce 1963 se zde konal celost\u00e1tn\u00ed sraz turist\u016f, koncem 60.let pak srazy automobil\u016f Renault, Fiat nebo \u0160koda Felicia. Kdy\u017e byl v roce 1967 byl ustaven golfov\u00fd odd\u00edl p\u0159i TJ Lokomotiva Ingstav Brno-Kom\u00e1rov, poda\u0159ilo se pozd\u011bji\u00a0 jeho funkcion\u00e1\u0159\u016fm se poda\u0159ilo dohodnout s\u00a0nov\u00fdmi u\u017eivateli a majiteli pozemk\u016f, firmou \u017d\u010fas o jejich u\u017e\u00edv\u00e1n\u00ed. \u010clenov\u00e9 TJ brig\u00e1dnicky h\u0159i\u0161t\u011b upravili a slavnostn\u011b otev\u0159eli celost\u00e1tn\u00edm turnajem ve dnech 23.-24.6.1973. V\u00a080. letech byly obnoveny jamky 8 a 9.<\/p>\n<p style=\"text-align: justify;\">Text: \u00a9 M\u011bsto Svratka<\/p>\n<p>V sou\u010dasn\u00e9 dob\u011b h\u0159ist\u011b provozuje Golf\u00a0Club Svratka 1932 &#8211; <a href=\"https:\/\/www.gcsvr1932.cz\/\">www.gcsvr1932.cz<\/a><\/p>\n<p>Adresa klubu:<br \/>\nGolf Club Brno1932<br \/>\n\u0160tef\u00e1nikova 10<br \/>\n602 00, Brno<br \/>\nTel.-klubovna: 728771303; 566662322<br \/>\nE-mail: <a href=\"mailto:info@gcsvr1932.cz\">info@gcsvr1932.cz<\/a><\/p>\n<p>&nbsp;<\/p>\n<p><a href=\"https:\/\/w2.svratouch.cz\/wp-content\/uploads\/2015\/11\/hri\u0161t\u011b-01.jpg\"><img loading=\"lazy\" decoding=\"async\" class=\"size-medium wp-image-1063 aligncenter\" src=\"https:\/\/w2.svratouch.cz\/wp-content\/uploads\/2015\/11\/hri\u0161t\u011b-01-480x389.jpg\" alt=\"hri\u0161t\u011b-01\" width=\"480\" height=\"389\" \/><\/a><\/p>\n[lsvr_gmap address=&#8220;Golf Club 1932, Svratka&#8220; type=&#8220;satellite&#8220; zoom=&#8220;18&#8243; height=&#8220;400&#8243;]\n","protected":false},"excerpt":{"rendered":"<p>\u00a0\u00a0\u00a0\u00a0 H\u0159i\u0161t\u011b nad Svratkou a Svratouchem\u00a0 bylo vytvo\u0159eno v letech 1945-49 podle n\u00e1vrhu svrateck\u00e9ho v\u00fdtvarn\u00edka Aloise Chochol\u00e1\u010de a projektu ing. J. Charv\u00e1ta a zprovozn\u011bno za p\u0159isp\u011bn\u00ed Golf klubu um\u011blc\u016f 17, jeho\u017e \u010dleny byli nap\u0159. Ji\u0159\u00ed Trnka nebo Adolf Hoffmeister. Rozkl\u00e1d\u00e1 se v kr\u00e1sn\u00e9 krajin\u011b \u010ceskomoravsk\u00e9 vyso\u010diny. \u00a0\u00a0\u00a0\u00a0 V\u00a0roce 1949 bylo ji\u017e hotov\u00e9 a p\u0159ipraven\u00e9 pro [&hellip;]<\/p>\n","protected":false},"author":1,"featured_media":0,"parent":0,"menu_order":0,"comment_status":"closed","ping_status":"closed","template":"","meta":{"footnotes":""},"class_list":["post-1062","page","type-page","status-publish","hentry"],"_links":{"self":[{"href":"https:\/\/www.svratka.cz\/index.php?rest_route=\/wp\/v2\/pages\/1062","targetHints":{"allow":["GET"]}}],"collection":[{"href":"https:\/\/www.svratka.cz\/index.php?rest_route=\/wp\/v2\/pages"}],"about":[{"href":"https:\/\/www.svratka.cz\/index.php?rest_route=\/wp\/v2\/types\/page"}],"author":[{"embeddable":true,"href":"https:\/\/www.svratka.cz\/index.php?rest_route=\/wp\/v2\/users\/1"}],"replies":[{"embeddable":true,"href":"https:\/\/www.svratka.cz\/index.php?rest_route=%2Fwp%2Fv2%2Fcomments&post=1062"}],"version-history":[{"count":0,"href":"https:\/\/www.svratka.cz\/index.php?rest_route=\/wp\/v2\/pages\/1062\/revisions"}],"wp:attachment":[{"href":"https:\/\/www.svratka.cz\/index.php?rest_route=%2Fwp%2Fv2%2Fmedia&parent=1062"}],"curies":[{"name":"wp","href":"https:\/\/api.w.org\/{rel}","templated":true}]}}