{"id":1051,"date":"2015-11-13T14:09:03","date_gmt":"2015-11-13T13:09:03","guid":{"rendered":"http:\/\/w2.svratouch.cz\/?page_id=1051"},"modified":"2026-03-23T17:20:09","modified_gmt":"2026-03-23T16:20:09","slug":"czech-point","status":"publish","type":"page","link":"https:\/\/www.svratka.cz\/?page_id=1051","title":{"rendered":"Czech point"},"content":{"rendered":"<div class=\"wpb-content-wrapper\"><p>[vc_row][vc_column][vc_column_text css=&#8220;&#8220;]<span style=\"font-family: Verdana; font-size: small;\"><strong>CO JE MO\u017dN\u00c9 VY\u0158\u00cdDIT<\/strong><\/span><\/p>\n<p><span style=\"font-size: small;\"><span style=\"font-family: Verdana;\"><strong>\u010c<\/strong>esk\u00fd <strong>P<\/strong>odac\u00ed <strong>O<\/strong>v\u011b\u0159ovac\u00ed <strong>I<\/strong>nforma\u010dn\u00ed <strong>N<\/strong>\u00e1rodn\u00ed <strong>T<\/strong>ermin\u00e1l, tedy Czech POINT je projektem, kter\u00fd by m\u011bl zredukovat p\u0159\u00edli\u0161nou byrokracii ve vztahu ob\u010dan &#8211; ve\u0159ejn\u00e1 spr\u00e1va.<br \/>\nV sou\u010dasnosti mus\u00ed ob\u010dan nav\u0161t\u00edvit n\u011bkolik \u00fa\u0159ad\u016f k vy\u0159\u00edzen\u00ed jednoho probl\u00e9mu. Czech POINT bude slou\u017eit jako asistovan\u00e9 m\u00edsto v\u00fdkonu ve\u0159ejn\u00e9 spr\u00e1vy, umo\u017e\u0148uj\u00edc\u00ed komunikaci se st\u00e1tem prost\u0159ednictv\u00edm jednoho m\u00edsta tak, aby &#8222;ob\u00edhala data ne ob\u010dan&#8220;.<br \/>\nC\u00edlem projektu Czech POINT je vytvo\u0159it garantovanou slu\u017ebu pro komunikaci se st\u00e1tem prost\u0159ednictv\u00edm jednoho univers\u00e1ln\u00edho m\u00edsta, kde bude mo\u017en\u00e9 z\u00edskat a ov\u011b\u0159it data z ve\u0159ejn\u00fdch i neve\u0159ejn\u00fdch informa\u010dn\u00edch syst\u00e9m\u016f. Jde tedy o maxim\u00e1ln\u00ed vyu\u017eit\u00ed \u00fadaj\u016f ve vlastnictv\u00ed st\u00e1tu tak, aby byly minimalizov\u00e1ny po\u017eadavky na ob\u010dany.<br \/>\nProjekt Czech POINT p\u0159in\u00e1\u0161\u00ed zna\u010dn\u00e9 uleh\u010den\u00ed komunikace se st\u00e1tem. V n\u011bkter\u00fdch situac\u00edch bude sta\u010dit doj\u00edt pouze na jeden \u00fa\u0159ad. V kone\u010dn\u00e9 f\u00e1zi projektu by ob\u010dan mohl sv\u00e9 z\u00e1le\u017eitosti vy\u0159izovat i z domova prost\u0159ednictv\u00edm internetu.<br \/>\n<strong>V\u00edce informac\u00ed naleznete na <\/strong><a class=\"wrsthumb\" title=\"\" href=\"https:\/\/www.czechpoint.cz\/\"><span style=\"color: #330099; font-family: Verdana; font-size: small;\"><strong>str\u00e1nk\u00e1ch projektu Czech POINT<\/strong><\/span><\/a><\/span><\/span><\/p>\n<div align=\"justify\"><\/div>\n<div align=\"justify\"><span style=\"font-family: Verdana; font-size: small;\">Za poplatek v hotovosti si m\u016f\u017eete\u00a0v\u00a0m\u00edst\u011b O\u00da vy\u0159\u00eddit na po\u010dk\u00e1n\u00ed:<\/span><\/div>\n<ol>\n<li>\n<div align=\"justify\"><span style=\"font-family: Verdana; font-size: small;\">V\u00fdpis z\u00a0Katastru nemovitost\u00ed.<\/span><\/div>\n<\/li>\n<li>\n<div align=\"justify\"><span style=\"font-family: Verdana; font-size: small;\">V\u00fdpis z\u00a0Obchodn\u00edho rejst\u0159\u00edku.<\/span><\/div>\n<\/li>\n<li>\n<div align=\"justify\"><span style=\"font-family: Verdana; font-size: small;\">V\u00fdpis z\u00a0\u017divnostensk\u00e9ho rejst\u0159\u00edku.<\/span><\/div>\n<\/li>\n<li>\n<div align=\"justify\"><span style=\"font-family: Verdana; font-size: small;\">V\u00fdpis z\u00a0Rejst\u0159\u00edku trest\u016f.<\/span><\/div>\n<\/li>\n<li>\n<div align=\"justify\"><span style=\"font-family: Verdana; font-size: small;\">V\u00fdpis z bodov\u00e9ho hodnocen\u00ed \u0159idi\u010de.<\/span><\/div>\n<\/li>\n<li>\n<div align=\"justify\"><span style=\"font-family: Verdana;\"><span style=\"font-size: small;\">V\u00fdpis z insolven\u010dn\u00edho rejst\u0159\u00edku<\/span>.<\/span><\/div>\n<\/li>\n<\/ol>\n<p>[\/vc_column_text][\/vc_column][\/vc_row][vc_row][vc_column][vc_tta_tabs][vc_tta_section title=&#8220;Ad 1. V\u00fdpis z Katastru nemovitost\u00ed.&#8220; tab_id=&#8220;1774280551343-62a7f302-a038&#8243;][vc_column_text css=&#8220;&#8220;]\n<div align=\"justify\"><strong>V\u00fdpis z Katastru nemovitost\u00ed<\/strong><\/div>\n<p>O v\u00fdpis z Katastru nemovitost\u00ed \u010cesk\u00e9 republiky m\u016f\u017ee po\u017e\u00e1dat anonymn\u00ed \u017eadatel. V\u00fdpis lze po\u017eadovat na z\u00e1klad\u011b listu vlastnictv\u00ed nebo podle seznamu nemovitost\u00ed. Pokud \u017eadatel \u017e\u00e1d\u00e1 v\u00fdpis podle listu vlastnictv\u00ed, mus\u00ed zn\u00e1t katastr\u00e1ln\u00ed \u00fazem\u00ed a \u010d\u00edslo listu vlastnictv\u00ed. Vyd\u00e1n\u00ed prvn\u00ed strany v\u00fdpisu je zpoplatn\u011bno \u010d\u00e1stkou, jej\u00ed\u017e maxim\u00e1ln\u00ed v\u00fd\u0161e je z\u00e1konem omezena na 100 K\u010d; ka\u017ed\u00e1 dal\u0161\u00ed strana v\u00fdpisu je zpoplatn\u011bna \u010d\u00e1stkou, jej\u00ed\u017e maxim\u00e1ln\u00ed v\u00fd\u0161e je z\u00e1konem omezena na 50 K\u010d. Pokud \u017eadatel \u017e\u00e1d\u00e1 o v\u00fdpis podle seznamu nemovitost\u00ed, m\u011bl by zn\u00e1t katastr\u00e1ln\u00ed \u00fazem\u00ed a d\u00e1le bu\u010f parceln\u00ed \u010d\u00edslo po\u017eadovan\u00e9 nemovitosti, jedn\u00e1-li se o pozemek, nebo stavebn\u00ed parcelu nebo \u010d\u00edslo popisn\u00e9, jedn\u00e1-li se o stavbu. I v tomto p\u0159\u00edpad\u011b je ov\u011b\u0159en\u00fd v\u00fdstup zpoplatn\u011bn stejn\u011b. O v\u00fdpis lze za\u017e\u00e1dat i podle seznamu jednotek, v p\u0159\u00edpad\u011b, \u017ee budova je d\u011blena na jednotky, co\u017e je typick\u00e9 u v\u011bt\u0161\u00edch staveb, d\u011bl\u00edc\u00edch se na jednotliv\u00e9 byty, gar\u00e1\u017ee atd. V tomto p\u0159\u00edpad\u011b pochopiteln\u011b mus\u00ed \u017eadatel zn\u00e1t nejen popisn\u00e9 \u010d\u00edslo domu, ale i p\u0159esn\u00e9 \u010d\u00edslo bytu v dom\u011b.[\/vc_column_text][\/vc_tta_section][vc_tta_section title=&#8220;Ad 2. V\u00fdpis z Obchodn\u00edho rejst\u0159\u00edku.&#8220; tab_id=&#8220;1774280551348-5ec19ff5-29a2&#8243;][vc_column_text css=&#8220;&#8220;]<strong>V\u00fdpis z\u00a0Obchodn\u00edho rejst\u0159\u00edku<\/strong><\/p>\n<p>O v\u00fdpis z Obchodn\u00edho rejst\u0159\u00edku \u010cesk\u00e9 republiky op\u011bt m\u016f\u017ee po\u017e\u00e1dat anonymn\u00ed \u017eadatel. V\u00fdpis lze po\u017eadovat na z\u00e1klad\u011b znalosti I\u010c obchodn\u00ed organizace. I zde je vyd\u00e1n\u00ed prvn\u00ed strany v\u00fdpisu zpoplatn\u011bno \u010d\u00e1stkou, jej\u00ed\u017e maxim\u00e1ln\u00ed v\u00fd\u0161e je z\u00e1konem omezena na 100 K\u010d; ka\u017ed\u00e1 dal\u0161\u00ed strana v\u00fdpisu je zpoplatn\u011bna \u010d\u00e1stkou, jej\u00ed\u017e maxim\u00e1ln\u00ed v\u00fd\u0161e je z\u00e1konem omezena na 50 K\u010d.[\/vc_column_text][\/vc_tta_section][vc_tta_section title=&#8220;Ad 3. V\u00fdpis z \u017divnostensk\u00e9ho rejst\u0159\u00edku.&#8220; tab_id=&#8220;1774280621874-f3263d0b-0de6&#8243;][vc_column_text css=&#8220;&#8220;]<strong>V\u00fdpis z\u00a0\u017divnostensk\u00e9ho rejst\u0159\u00edku<\/strong><\/p>\n<p>I v tomto p\u0159\u00edpad\u011b m\u016f\u017ee o v\u00fdpis z \u017divnostensk\u00e9ho rejst\u0159\u00edku \u010cesk\u00e9 republiky po\u017e\u00e1dat anonymn\u00ed \u017eadatel. V\u00fdpis lze po\u017eadovat na z\u00e1klad\u011b znalosti I\u010c obchodn\u00ed organizace. I v tomto p\u0159\u00edpad\u011b je vyd\u00e1n\u00ed prvn\u00ed strany v\u00fdpisu zpoplatn\u011bno \u010d\u00e1stkou, jej\u00ed\u017e maxim\u00e1ln\u00ed v\u00fd\u0161e je z\u00e1konem omezena na 100 K\u010d; ka\u017ed\u00e1 dal\u0161\u00ed strana v\u00fdpisu je zpoplatn\u011bna \u010d\u00e1stkou, jej\u00ed\u017e maxim\u00e1ln\u00ed v\u00fd\u0161e je z\u00e1konem omezena na 50 K\u010d.[\/vc_column_text][\/vc_tta_section][vc_tta_section title=&#8220;Ad 4. V\u00fdpis z Rejst\u0159\u00edku trest\u016f.&#8220; tab_id=&#8220;1774280638475-a9264d6b-4a8c&#8220;][vc_column_text css=&#8220;&#8220;]\n<div align=\"justify\"><strong>V\u00fdpis z\u00a0Rejst\u0159\u00edku trest\u016f<\/strong><\/div>\n<div align=\"justify\">Podle \u00a711a odst. 1 z\u00e1kona \u010d. 269\/1994 Sb. o Rejst\u0159\u00edku trest\u016f v platn\u00e9m zn\u011bn\u00ed, lze vydat v\u00fdpis z evidence Rejst\u0159\u00edku trest\u016f osob\u011b, kter\u00e9 se v\u00fdpis t\u00fdk\u00e1, pouze na z\u00e1klad\u011b p\u00edsemn\u00e9 \u017e\u00e1dosti. Tuto \u017e\u00e1dost nen\u00ed t\u0159eba ru\u010dn\u011b vypl\u0148ovat, klient ji obdr\u017e\u00ed vypln\u011bnou k podpisu p\u0159edt\u00edm, ne\u017e mu je v\u00fdpis z Rejst\u0159\u00edku trest\u016f vyd\u00e1n; tuto \u017e\u00e1dost \u00fa\u0159ad archivuje dle z\u00e1kona. Osoba, kter\u00e9 lze na pracovi\u0161ti Czech POINT v\u00fdpis vydat, mus\u00ed m\u00edt platn\u00fd doklad toto\u017enosti a mus\u00ed m\u00edt p\u0159id\u011bleno rodn\u00e9 \u010d\u00edslo. To znamen\u00e1, \u017ee v\u00fdpis se m\u016f\u017ee vydat i cizinc\u016fm, kte\u0159\u00ed maj\u00ed nap\u0159\u00edklad trval\u00e9 bydli\u0161t\u011b v \u010cesk\u00e9 republice.\u00a0Na pracovi\u0161t\u00edch Czech POINT lze vyd\u00e1vat v\u00fdpisy i\u00a0zplnomocn\u011bnc\u016fm, kte\u0159\u00ed \u017e\u00e1daj\u00ed o v\u00fdpis z Rejst\u0159\u00edku trest\u016f na z\u00e1klad\u011b\u00a0\u00fa\u0159edn\u011b ov\u011b\u0159en\u00e9 pln\u00e9 moci.<\/div>\n<div align=\"justify\">V p\u0159\u00edpad\u011b, \u017ee je mo\u017en\u00e9 vy\u0159\u00eddit \u017e\u00e1dost o v\u00fdpis z Rejst\u0159\u00edku trest\u016f elektronicky, zaplat\u00ed klient podle z\u00e1kona za tento v\u00fdpis 100 K\u010d jako spr\u00e1vn\u00ed poplatek \u00fa\u0159adu za p\u0159ijet\u00ed \u017e\u00e1dosti o vyd\u00e1n\u00ed v\u00fdpisu z evidence Rejst\u0159\u00edku trest\u016f. Na tento v\u00fdpis se nevylepuje \u017e\u00e1dn\u00fd kolek.<\/div>\n<div align=\"justify\">\n<p>V p\u0159\u00edpad\u011b, \u017ee \u017e\u00e1dost nemohla b\u00fdt vy\u0159\u00edzena elektronicky a mus\u00ed b\u00fdt manu\u00e1ln\u011b zpracov\u00e1na na pracovi\u0161ti Rejst\u0159\u00edku trest\u016f, mus\u00ed \u017eadatel o v\u00fdpis po\u017e\u00e1dat zp\u016fsobem podle \u00a711 odst. 1 z\u00e1kona \u010d. 269\/1994S. o Rejst\u0159\u00edku trest\u016f v platn\u00e9m zn\u011bn\u00ed \u2013 tedy formou pap\u00edrov\u00e9 \u017e\u00e1dosti. Syst\u00e9m Czech POINT umo\u017e\u0148uje vytisknout \u017eadateli tuto pap\u00edrovou \u017e\u00e1dost ji\u017e p\u0159edvypln\u011bnou jeho osobn\u00edmi \u00fadaji, kter\u00e9 sd\u011blil obsluze pracovi\u0161t\u011b Czech POINT. V tomto p\u0159\u00edpad\u011b se neplat\u00ed spr\u00e1vn\u00ed poplatek \u00fa\u0159adu, ale vylep\u00ed se kolek v hodnot\u011b 100 K\u010d a \u017e\u00e1dost \u00fa\u0159ad po\u0161le ke zpracov\u00e1n\u00ed na Rejst\u0159\u00edk trest\u016f.<\/p>\n<\/div>\n<p>[\/vc_column_text][\/vc_tta_section][vc_tta_section title=&#8220;Ad 5. V\u00fdpis z bodov\u00e9ho hodnocen\u00ed \u0159idi\u010de.&#8220; tab_id=&#8220;1774280676706-97ef6fea-28cf&#8220;][vc_column_text css=&#8220;&#8220;]<strong>V\u00fdpis z bodov\u00e9ho hodnocen\u00ed \u0159idi\u010de<\/strong><\/p>\n<p>Nov\u00e1 slu\u017eba Czech POINTu V\u00fdpis bodov\u00e9ho hodnocen\u00ed \u0159idi\u010de, umo\u017e\u0148uje ob\u010dan\u016fm na kontaktn\u00edm m\u00edst\u011b ve\u0159ejn\u00e9 spr\u00e1vy zjistit stav trestn\u00fdch bod\u016f (bez bod\u016f ve spr\u00e1vn\u00edm \u0159\u00edzen\u00ed). V\u00fdpis je poskytov\u00e1n z Centr\u00e1ln\u00edho registru \u0159idi\u010d\u016f veden\u00e9ho Ministerstvem dopravy, jeho\u017e sou\u010d\u00e1st\u00ed je pr\u00e1v\u011b i evidence bodov\u00e9ho hodnocen\u00ed. Tento v\u00fdpis m\u00e1 pouze informativn\u00ed charakter pro ob\u010dany, nenahrazuje v\u00fdpis z karty \u0159idi\u010de pro styk s \u00fa\u0159ady.<br \/>\nVyd\u00e1v\u00e1n\u00ed v\u00fdpis\u016f o trestn\u00fdch bodech \u0159idi\u010d\u016f kontaktn\u00edmi m\u00edsty ve\u0159ejn\u00e9 spr\u00e1vy je upraveno z\u00e1konem \u010d. 480\/2008 Sb.<br \/>\nO v\u00fdpis m\u016f\u017ee za\u017e\u00e1dat pouze \u017eadatel s\u00e1m, nebo j\u00edm ur\u010den\u00fd zmocn\u011bnec. Osoba, kter\u00e1 na pracovi\u0161ti Czech POINT o v\u00fdpis \u017e\u00e1d\u00e1, mus\u00ed m\u00edt platn\u00fd doklad toto\u017enosti (ob\u010dansk\u00fd pr\u016fkaz, cestovn\u00ed pas) a mus\u00ed m\u00edt p\u0159id\u011bleno rodn\u00e9 \u010d\u00edslo. Nepovinn\u011b je mo\u017en\u00e9 v \u017e\u00e1dosti i ud\u00e1vat \u010d\u00edslo \u0159idi\u010dsk\u00e9ho pr\u016fkazu. V\u00fdpis lze vydat i cizinc\u016fm, kte\u0159\u00ed maj\u00ed nap\u0159\u00edklad trval\u00e9 bydli\u0161t\u011b v \u010cesk\u00e9 republice. Na pracovi\u0161t\u00edch Czech POINT lze vyd\u00e1vat v\u00fdpisy i zplnomocn\u011bnc\u016fm, kte\u0159\u00ed \u017e\u00e1daj\u00ed o v\u00fdpis na z\u00e1klad\u011b \u00fa\u0159edn\u011b ov\u011b\u0159en\u00e9 pln\u00e9 moci.<br \/>\nSpr\u00e1vn\u00ed poplatek, kter\u00fd \u017eadatel zaplat\u00ed na samospr\u00e1vn\u00edch \u00fa\u0159adech je za prvn\u00ed str\u00e1nku max. 100 K\u010d a za ka\u017edou dal\u0161\u00ed max. 50 K\u010d. U ostatn\u00edch provozovatel\u016f kontaktn\u00edch m\u00edst (\u010cesk\u00e1 po\u0161ta, Hospod\u00e1\u0159sk\u00e1 komora, not\u00e1\u0159stv\u00ed) se poplatek \u0159\u00edd\u00ed vnit\u0159n\u00edmi sazebn\u00edky jednotliv\u00fdch organizac\u00ed \u2013 nap\u0159. v\u00fdpis z\u00edskan\u00fd na Czech POINTu \u010cesk\u00e9 po\u0161ty stoj\u00ed 69 K\u010d.[\/vc_column_text][\/vc_tta_section][vc_tta_section title=&#8220;Ad 6. V\u00fdpis z insolven\u010dn\u00edho rejst\u0159\u00edku&#8220; tab_id=&#8220;1774280754320-31cc995c-9109&#8243;][vc_column_text css=&#8220;&#8220;]<strong>V\u00fdpis z insolven\u010dn\u00edho rejst\u0159\u00edku<\/strong><\/p>\n<p>Insolven\u010dn\u00ed rejst\u0159\u00edk je dal\u0161\u00edm informa\u010dn\u00edm syst\u00e9mem ve\u0159ejn\u00e9 spr\u00e1vy, kter\u00fd je spravov\u00e1n <a href=\"https:\/\/portal.justice.cz\/ms\/ms.aspx?o=23&amp;j=33\">Ministerstvem spravedlnosti \u010cR<\/a>.<br \/>\nJedn\u00e1 se o ve\u0159ejn\u011b p\u0159\u00edstupn\u00fd rejst\u0159\u00edk, nen\u00ed tedy nutn\u00e9 ov\u011b\u0159ovat toto\u017enost \u017eadatele. V rejst\u0159\u00edku je mo\u017en\u00e9 vyhled\u00e1vat na z\u00e1klad\u011b dvou ukazatel\u016f \u2013 identifika\u010dn\u00edho \u010d\u00edsla organizace (hled\u00e1n\u00ed p\u0159\u00edslu\u0161n\u00e9 organizace) a podle osobn\u00edch \u00fadaj\u016f (konkr\u00e9tn\u00ed osoba). Poplatek za ov\u011b\u0159en\u00fd v\u00fdpis se \u0159\u00edd\u00ed z\u00e1konem o spr\u00e1vn\u00edch poplatc\u00edch, tzn. za prvn\u00ed stranu 100 K\u010d, za ka\u017edou n\u00e1sleduj\u00edc\u00ed 50 K\u010d.<br \/>\n<em>Co je to insolven\u010dn\u00ed rejst\u0159\u00edk?<\/em><br \/>\nInsolven\u010dn\u00ed rejst\u0159\u00edk je nov\u00fdm informa\u010dn\u00edm syst\u00e9mem ve\u0159ejn\u00e9 spr\u00e1vy. Jeho z\u00e1kladn\u00ed \u00falohou je zajistit maxim\u00e1ln\u00ed m\u00edru publicity o insolven\u010dn\u00edch \u0159\u00edzen\u00edch a umo\u017enit sledov\u00e1n\u00ed jejich pr\u016fb\u011bhu. Prost\u0159ednictv\u00edm insolven\u010dn\u00edho rejst\u0159\u00edku jsou zve\u0159ej\u0148ov\u00e1ny ve\u0161ker\u00e9 relevantn\u00ed informace t\u00fdkaj\u00edc\u00ed se insolven\u010dn\u00edch spr\u00e1vc\u016f, dokumenty z insolven\u010dn\u00edch spis\u016f i z\u00e1konem stanoven\u00e9 informace t\u00fdkaj\u00edc\u00ed se dlu\u017en\u00edk\u016f. V\u00edce informac\u00ed o insolven\u010dn\u00edm rejst\u0159\u00edku naleznete na p\u0159\u00edslu\u0161n\u00fdch str\u00e1nk\u00e1ch ministerstva spravedlnosti.[\/vc_column_text][\/vc_tta_section][\/vc_tta_tabs][\/vc_column][\/vc_row]\n<\/div>","protected":false},"excerpt":{"rendered":"<p>[vc_row][vc_column][vc_column_text css=&#8220;&#8220;]CO JE MO\u017dN\u00c9 VY\u0158\u00cdDIT \u010cesk\u00fd Podac\u00ed Ov\u011b\u0159ovac\u00ed Informa\u010dn\u00ed N\u00e1rodn\u00ed Termin\u00e1l, tedy Czech POINT je projektem, kter\u00fd by m\u011bl zredukovat p\u0159\u00edli\u0161nou byrokracii ve vztahu ob\u010dan &#8211; ve\u0159ejn\u00e1 spr\u00e1va. V sou\u010dasnosti mus\u00ed ob\u010dan nav\u0161t\u00edvit n\u011bkolik \u00fa\u0159ad\u016f k vy\u0159\u00edzen\u00ed jednoho probl\u00e9mu. Czech POINT bude slou\u017eit jako asistovan\u00e9 m\u00edsto v\u00fdkonu ve\u0159ejn\u00e9 spr\u00e1vy, umo\u017e\u0148uj\u00edc\u00ed komunikaci se st\u00e1tem prost\u0159ednictv\u00edm jednoho [&hellip;]<\/p>\n","protected":false},"author":1,"featured_media":0,"parent":0,"menu_order":0,"comment_status":"closed","ping_status":"closed","template":"page-templates\/sidebar-right.php","meta":{"footnotes":""},"class_list":["post-1051","page","type-page","status-publish","hentry"],"_links":{"self":[{"href":"https:\/\/www.svratka.cz\/index.php?rest_route=\/wp\/v2\/pages\/1051","targetHints":{"allow":["GET"]}}],"collection":[{"href":"https:\/\/www.svratka.cz\/index.php?rest_route=\/wp\/v2\/pages"}],"about":[{"href":"https:\/\/www.svratka.cz\/index.php?rest_route=\/wp\/v2\/types\/page"}],"author":[{"embeddable":true,"href":"https:\/\/www.svratka.cz\/index.php?rest_route=\/wp\/v2\/users\/1"}],"replies":[{"embeddable":true,"href":"https:\/\/www.svratka.cz\/index.php?rest_route=%2Fwp%2Fv2%2Fcomments&post=1051"}],"version-history":[{"count":4,"href":"https:\/\/www.svratka.cz\/index.php?rest_route=\/wp\/v2\/pages\/1051\/revisions"}],"predecessor-version":[{"id":9832,"href":"https:\/\/www.svratka.cz\/index.php?rest_route=\/wp\/v2\/pages\/1051\/revisions\/9832"}],"wp:attachment":[{"href":"https:\/\/www.svratka.cz\/index.php?rest_route=%2Fwp%2Fv2%2Fmedia&parent=1051"}],"curies":[{"name":"wp","href":"https:\/\/api.w.org\/{rel}","templated":true}]}}