{"id":1041,"date":"2015-11-13T13:27:37","date_gmt":"2015-11-13T12:27:37","guid":{"rendered":"http:\/\/w2.svratouch.cz\/?page_id=1041"},"modified":"2026-03-21T12:51:23","modified_gmt":"2026-03-21T11:51:23","slug":"cykloturistika","status":"publish","type":"page","link":"https:\/\/www.svratka.cz\/?page_id=1041","title":{"rendered":"Cykloturistika"},"content":{"rendered":"<div class=\"wpb-content-wrapper\"><p>[vc_row][vc_column][vc_tta_tabs active_section=&#8220;1&#8243; title=&#8220;Cyklov\u00fdlety&#8220;][vc_tta_section title=&#8220;Krajem mal\u00ed\u0159\u016f Vyso\u010diny&#8220; tab_id=&#8220;1774092995155-14bf3706-3cd7&#8243;][vc_column_text css=&#8220;&#8220;]\n<table class=\"contentpaneopen\">\n<tbody>\n<tr>\n<td colspan=\"2\" valign=\"top\">d\u00e9lka trasy: 38,0 km<\/td>\n<\/tr>\n<\/tbody>\n<\/table>\n<table id=\"table1\" border=\"0\" cellspacing=\"4\" cellpadding=\"6\">\n<tbody>\n<tr>\n<td align=\"center\"><\/td>\n<td align=\"center\">zast\u00e1vka \u2013 zaj\u00edmavost<\/td>\n<\/tr>\n<tr>\n<td rowspan=\"7\" valign=\"top\" width=\"160\"><\/td>\n<td valign=\"top\"><strong>Karl\u0161tejn<\/strong><br \/>\nRokokov\u00fd loveck\u00fd z\u00e1me\u010dek, postaven\u00fd rodem Kinsk\u00fdch v letech 1767-76 (ve\u0159ejnosti nep\u0159\u00edstupn\u00fd), mezi Svratkou a Karl\u0161tejnem golfov\u00e9 h\u0159i\u0161t\u011b.<\/td>\n<\/tr>\n<tr>\n<td valign=\"top\"><strong>\u010cty\u0159i palice<\/strong><br \/>\nRulov\u00e9 skaln\u00ed \u00fatesy.<\/td>\n<\/tr>\n<tr>\n<td valign=\"top\"><strong>Moravsk\u00e9 K\u0159i\u017e\u00e1nky<\/strong><br \/>\nPam\u00e1tkov\u00e1 rezervace lidov\u00e9 architektury.<\/td>\n<\/tr>\n<tr>\n<td><strong>Milovy<\/strong><br \/>\nV 18. a 19. stolet\u00ed hu\u0165, ubytov\u00e1n\u00ed, restaurace, koupali\u0161t\u011b, kemp.<\/td>\n<\/tr>\n<tr>\n<td valign=\"top\"><strong>Svratka<\/strong><br \/>\nSt\u0159edisko oblasti, ubytov\u00e1n\u00ed, restaurace, zast\u00e1vka bus, lidov\u00e1 architektura, d\u0159\u00edve hrn\u010d\u00ed\u0159stv\u00ed a kamn\u00e1\u0159stv\u00ed, p\u016fsobi\u0161t\u011b mnoha mal\u00ed\u0159\u016f, muzeum a galerie (expozice 1. republiky a obchodu Jednota)<\/td>\n<\/tr>\n<tr>\n<td valign=\"top\"><strong>Vojt\u011bch\u016fv kopec<\/strong><br \/>\n(rezervace) Lu\u010dn\u00ed spole\u010denstva.<\/td>\n<\/tr>\n<tr>\n<td valign=\"top\"><strong>Kameni\u010dky<\/strong><br \/>\nP\u016fsobi\u0161t\u011b mal\u00ed\u0159e A. Slav\u00ed\u010dka v obdob\u00ed 1901-1905, proslaveny rom\u00e1nem K.V.Raise \u201eZ\u00e1pad\u201c,\u00a0 hor\u00e1ck\u00e9 lidov\u00e9 chalupy.<\/td>\n<\/tr>\n<\/tbody>\n<\/table>\n<p>[\/vc_column_text][\/vc_tta_section][vc_tta_section title=&#8220;Do srdce \u017d\u010f\u00e1rsk\u00fdch vrch\u016f&#8220; tab_id=&#8220;1774092995160-12009be7-c8ce&#8220;][vc_column_text css=&#8220;&#8220;]d\u00e9lka trasy: 31,5 km<\/p>\n<p>&nbsp;<\/p>\n<table id=\"table1\" border=\"0\" cellspacing=\"4\" cellpadding=\"6\">\n<tbody>\n<tr>\n<td align=\"center\"><\/td>\n<td align=\"center\">zast\u00e1vka \u2013 zaj\u00edmavost<\/td>\n<\/tr>\n<tr>\n<td rowspan=\"11\" valign=\"top\" width=\"160\"><\/td>\n<td valign=\"top\"><strong>Mar\u0161ovice<\/strong><br \/>\nHotel a restaurace, upraven\u00e9 z barokn\u00ed rychty<\/td>\n<\/tr>\n<tr>\n<td valign=\"top\"><strong>Studnice<\/strong><br \/>\nNejv\u00fd\u0161e polo\u017een\u00e1 obec \u017d\u010f\u00e1rsk\u00fdch vrch\u016f (784 m.n.m.), chalupy hor\u00e1ck\u00e9ho stylu, turistick\u00e1 chata \u2013 ubytov\u00e1n\u00ed, restaurace.<\/td>\n<\/tr>\n<tr>\n<td valign=\"top\"><strong>Kukl\u00edk<\/strong><br \/>\nLidov\u00e1 architektura.<\/td>\n<\/tr>\n<tr>\n<td valign=\"top\"><strong>Kr\u00e1tk\u00e1<\/strong><br \/>\nPam\u00e1tkov\u00e1 rezervace lidov\u00e9 architektury. Infocentrum CHKO \u017d\u010f\u00e1rsk\u00e9 vrchy.<\/td>\n<\/tr>\n<tr>\n<td valign=\"top\"><strong>Blatiny<\/strong><br \/>\nHorsk\u00e1 obec s roztrou\u0161enou z\u00e1stavbou, chr\u00e1n\u011bn\u00e1 l\u00edpa.<\/td>\n<\/tr>\n<tr>\n<td valign=\"top\"><strong>Milovy<\/strong><br \/>\nV 18. a 19. stolet\u00ed hu\u0165, ubytov\u00e1n\u00ed, restaurace, koupali\u0161t\u011b, kemp.<\/td>\n<\/tr>\n<tr>\n<td valign=\"top\"><strong>Samot\u00edn<\/strong><br \/>\nPasek\u00e1\u0159sk\u00e1 z\u00e1stavba, rouben\u00e9 chalupy hor\u00e1ck\u00e9ho stylu.<\/td>\n<\/tr>\n<tr>\n<td valign=\"top\"><strong>Kadov<\/strong><br \/>\nD\u0159\u00edve \u017eelez\u00e1\u0159sk\u00e1 hu\u0165, v 19. stolet\u00ed nejv\u011bt\u0161\u00ed na Morav\u011b.<\/td>\n<\/tr>\n<tr>\n<td valign=\"top\"><strong>Fry\u0161ava <\/strong><br \/>\nV 16. stolet\u00ed skl\u00e1rna, zde byl pravd\u011bpodobn\u011b vyroben nejstar\u0161\u00ed skl\u00e1\u0159sk\u00fd v\u00fdrobek na Morav\u011b \u2013 v\u00edtac\u00ed \u010d\u00ed\u0161e Vladislava z Pern\u0161tejna.<\/td>\n<\/tr>\n<tr>\n<td valign=\"top\"><strong>Medlov<\/strong><br \/>\nUbytov\u00e1n\u00ed, restaurace, koup\u00e1n\u00ed, kemp.<\/td>\n<\/tr>\n<tr>\n<td valign=\"top\"><strong>Rokytno<\/strong><br \/>\nRychta ze 17.stolet\u00ed, ubytov\u00e1n\u00ed, restaurace<\/td>\n<\/tr>\n<\/tbody>\n<\/table>\n<p>[\/vc_column_text][\/vc_tta_section][vc_tta_section title=&#8220;Okol\u00ed Dev\u00edti skal&#8220; tab_id=&#8220;1774093641694-4c3f04c1-82fc&#8220;][vc_column_text css=&#8220;&#8220;]d\u00e9lka trasy: 47 km<\/p>\n<p>&nbsp;<\/p>\n<table id=\"table1\" border=\"0\" cellspacing=\"4\" cellpadding=\"6\">\n<tbody>\n<tr>\n<td align=\"center\"><\/td>\n<td align=\"center\">zast\u00e1vka \u2013 zaj\u00edmavost<\/td>\n<\/tr>\n<tr>\n<td rowspan=\"8\" valign=\"top\" width=\"160\"><\/td>\n<td valign=\"top\"><strong>\u017d\u010f\u00e1r nad S\u00e1zavou<\/strong><br \/>\nOkresn\u00ed m\u011bsto, centrum \u017d\u010f\u00e1rsk\u00fdch vrch\u016f, ubytov\u00e1n\u00ed, restaurace, zast\u00e1vka bus a vlak.<br \/>\nz\u00e1mek Dr.Kinsk\u00e9ho s muzeem , poutn\u00ed kostel sv.Jana Nepomuck\u00e9ho na Zelen\u00e9 ho\u0159e (pam\u00e1tka UNESCO).<\/td>\n<\/tr>\n<tr>\n<td valign=\"top\"><strong>Lhotka<\/strong><br \/>\nPam\u00e1tn\u00fd buk.<\/td>\n<\/tr>\n<tr>\n<td valign=\"top\"><strong>Ochoza<\/strong><br \/>\nly\u017ea\u0159sk\u00fd are\u00e1l Vyso\u010dina Ar\u00e9na, d\u011bji\u0161t\u011b z\u00e1vodu Zlat\u00e1 ly\u017ee, Skihotel<\/td>\n<\/tr>\n<tr>\n<td valign=\"top\"><strong>Vlachovice<\/strong><br \/>\nHorsk\u00e1 obec.<\/td>\n<\/tr>\n<tr>\n<td valign=\"top\"><strong>Sykovec<\/strong><br \/>\nNejv\u00fd\u0161e polo\u017een\u00fd rybn\u00edk na \u010ceskomoravsk\u00e9 vrchovin\u011b, hotely, penziony, kemp.<\/td>\n<\/tr>\n<tr>\n<td valign=\"top\"><strong>Her\u00e1lec<\/strong><br \/>\nV minulosti d\u011blen na \u010deskou a moravskou \u010d\u00e1st, alej 40 javor\u016f sm\u011br Kadov, ubytov\u00e1n\u00ed.<\/td>\n<\/tr>\n<tr>\n<td valign=\"top\"><strong>Cikh\u00e1j<\/strong><br \/>\nZvoni\u010dka z roku 1867, kolem vsi ra\u0161elinn\u00e9 louky.<\/td>\n<\/tr>\n<tr>\n<td valign=\"top\"><strong>Polni\u010dka<\/strong><br \/>\nV 17. \u2013 19. stolet\u00ed v\u00fdznamn\u00e9 \u017eelez\u00e1\u0159sk\u00e9 hu\u0165\u011b, v\u00fdroba kolejnic pro celou monarchii.<\/td>\n<\/tr>\n<\/tbody>\n<\/table>\n<p>[\/vc_column_text][\/vc_tta_section][vc_tta_section title=&#8220;Okolo Poli\u010dky&#8220; tab_id=&#8220;1774093725766-cb46ad3d-ea5d&#8220;][vc_column_text css=&#8220;&#8220;]d\u00e9lka trasy: 39 km<\/p>\n<p>&nbsp;<\/p>\n<table id=\"table1\" border=\"0\" cellspacing=\"4\" cellpadding=\"6\">\n<tbody>\n<tr>\n<td align=\"center\"><\/td>\n<td align=\"center\">zast\u00e1vka \u2013 zaj\u00edmavost<\/td>\n<\/tr>\n<tr>\n<td rowspan=\"9\" valign=\"top\" width=\"160\"><\/td>\n<td valign=\"top\"><strong>Poli\u010dka<\/strong><br \/>\nHistorick\u00e9 m\u011bsto, m\u011bstsk\u00e1 pam\u00e1tkov\u00e1 z\u00f3na s t\u00e9m\u011b\u0159 zachoval\u00fdmi hradbami, rodi\u0161t\u011b B. Martin\u016f. Ubytov\u00e1n\u00ed,restaurace, kemp, zast\u00e1vka bus, koupali\u0161t\u011b, vyhl\u00eddkov\u00e9 lety.<\/td>\n<\/tr>\n<tr>\n<td valign=\"top\"><strong>Korouhev<\/strong><br \/>\nGotick\u00fd kostel sv. Petra a Pavla, rouben\u00e9 dvorce poli\u010dsk\u00e9ho typu.<\/td>\n<\/tr>\n<tr>\n<td valign=\"top\"><strong>Borovnice<\/strong><br \/>\nT\u0159\u00edkr\u00e1lov\u00fd k\u00e1men s reli\u00e9fem mistra Jana Husa (uprost\u0159ed obce).<\/td>\n<\/tr>\n<tr>\n<td valign=\"top\"><strong>Da\u0148kovice<\/strong><br \/>\nb\u00fdval\u00e9 evangelick\u00e9 st\u0159edisko, pam\u00e1tn\u00e9 l\u00edpy.<\/td>\n<\/tr>\n<tr>\n<td valign=\"top\"><strong>Sn\u011b\u017en\u00e9<\/strong><br \/>\nBarokn\u00ed kostel z 18. stolet\u00ed, u n\u011bj litinov\u00fd k\u0159\u00ed\u017e z kadovsk\u00e9 hut\u011b z 19.stolet\u00ed, ubytov\u00e1n\u00ed, restaurace, zast\u00e1vka bus.<\/td>\n<\/tr>\n<tr>\n<td valign=\"top\"><strong>Milovy<\/strong><br \/>\nV 18. a 19. stolet\u00ed hu\u0165, ubytov\u00e1n\u00ed, restaurace, koupali\u0161t\u011b, kemp.<\/td>\n<\/tr>\n<tr>\n<td valign=\"top\"><strong>B\u0159eziny<\/strong><br \/>\nV 17. stolet\u00ed skl\u00e1\u0159sk\u00e1 hu\u0165 a hamry na \u017eelezo.<\/td>\n<\/tr>\n<tr>\n<td valign=\"top\"><strong>Pust\u00e1 Rybn\u00e1<\/strong><br \/>\nV obci dva kostely \u2013 evangelick\u00fd a katolick\u00fd, restaurace.<\/td>\n<\/tr>\n<tr>\n<td valign=\"top\"><strong>Ve \u017elebin\u011b<\/strong><br \/>\n(rez.) ra\u0161elinn\u00e9 louky.<\/td>\n<\/tr>\n<\/tbody>\n<\/table>\n<p>[\/vc_column_text][\/vc_tta_section][\/vc_tta_tabs][\/vc_column][\/vc_row]\n<\/div>","protected":false},"excerpt":{"rendered":"<p>[vc_row][vc_column][vc_tta_tabs active_section=&#8220;1&#8243; title=&#8220;Cyklov\u00fdlety&#8220;][vc_tta_section title=&#8220;Krajem mal\u00ed\u0159\u016f Vyso\u010diny&#8220; tab_id=&#8220;1774092995155-14bf3706-3cd7&#8243;][vc_column_text css=&#8220;&#8220;] d\u00e9lka trasy: 38,0 km zast\u00e1vka \u2013 zaj\u00edmavost Karl\u0161tejn Rokokov\u00fd loveck\u00fd z\u00e1me\u010dek, postaven\u00fd rodem Kinsk\u00fdch v letech 1767-76 (ve\u0159ejnosti nep\u0159\u00edstupn\u00fd), mezi Svratkou a Karl\u0161tejnem golfov\u00e9 h\u0159i\u0161t\u011b. \u010cty\u0159i palice Rulov\u00e9 skaln\u00ed \u00fatesy. Moravsk\u00e9 K\u0159i\u017e\u00e1nky Pam\u00e1tkov\u00e1 rezervace lidov\u00e9 architektury. Milovy V 18. a 19. stolet\u00ed hu\u0165, ubytov\u00e1n\u00ed, restaurace, koupali\u0161t\u011b, kemp. [&hellip;]<\/p>\n","protected":false},"author":1,"featured_media":0,"parent":0,"menu_order":0,"comment_status":"closed","ping_status":"closed","template":"","meta":{"footnotes":""},"class_list":["post-1041","page","type-page","status-publish","hentry"],"_links":{"self":[{"href":"https:\/\/www.svratka.cz\/index.php?rest_route=\/wp\/v2\/pages\/1041","targetHints":{"allow":["GET"]}}],"collection":[{"href":"https:\/\/www.svratka.cz\/index.php?rest_route=\/wp\/v2\/pages"}],"about":[{"href":"https:\/\/www.svratka.cz\/index.php?rest_route=\/wp\/v2\/types\/page"}],"author":[{"embeddable":true,"href":"https:\/\/www.svratka.cz\/index.php?rest_route=\/wp\/v2\/users\/1"}],"replies":[{"embeddable":true,"href":"https:\/\/www.svratka.cz\/index.php?rest_route=%2Fwp%2Fv2%2Fcomments&post=1041"}],"version-history":[{"count":3,"href":"https:\/\/www.svratka.cz\/index.php?rest_route=\/wp\/v2\/pages\/1041\/revisions"}],"predecessor-version":[{"id":9758,"href":"https:\/\/www.svratka.cz\/index.php?rest_route=\/wp\/v2\/pages\/1041\/revisions\/9758"}],"wp:attachment":[{"href":"https:\/\/www.svratka.cz\/index.php?rest_route=%2Fwp%2Fv2%2Fmedia&parent=1041"}],"curies":[{"name":"wp","href":"https:\/\/api.w.org\/{rel}","templated":true}]}}